{"id":13525,"date":"2017-03-16T13:22:47","date_gmt":"2017-03-16T13:22:47","guid":{"rendered":"http:\/\/www.globallistings.info\/cs\/monitoring-medii\/"},"modified":"2017-04-10T17:17:36","modified_gmt":"2017-04-10T17:17:36","slug":"monitoring-medii","status":"publish","type":"page","link":"https:\/\/www.globallistings.info\/cs\/monitoring-medii\/","title":{"rendered":"Monitoring\u00a0m\u00e9di\u00ed"},"content":{"rendered":"<div class=\"col-4\">\n<p><img decoding=\"async\" class=\"img-circle img-responsive\" src=\"http:\/\/www.globallistings.info\/app\/uploads\/2017\/01\/gl.png\" \/><\/p>\n<p class=\"content\">MONITORING M\u00c9DI\u00cd<\/p>\n<\/div>\n<div class=\"col-8\">\n<div class=\"content\">\n<p>S pomoc\u00ed na\u0161eho partnera monitorujeme soci\u00e1ln\u00ed s\u00edt\u011b, internetov\u00e1 zpravodajstv\u00ed a hlavn\u00ed zdroje zpr\u00e1v, abychom pomohli na\u0161im klient\u016fm sledovat, jak\u00e9 maj\u00ed pokryt\u00ed v glob\u00e1ln\u00edch m\u00e9di\u00edch<\/p>\n<p>Nab\u00edz\u00edme plnohodnotn\u00fd monitoring m\u00e9dii, kter\u00fd zaji\u0161\u0165uje klient\u016fm p\u0159ehled o medi\u00e1ln\u00edm pokryt\u00ed jak\u00e9koliv jejich tiskov\u00e9 nebo marketingov\u00e9 aktivity &#8211; nap\u0159\u00ed\u010d ti\u0161t\u011bn\u00fdmi medii, online sv\u011btem a soci\u00e1ln\u00edmi s\u00edt\u011bmi<\/p>\n<p>Tato slu\u017eba \u010derp\u00e1 z\u00a0400 000 mezin\u00e1rodn\u00edch zpravodajsk\u00fdch zdroj\u016f a milion\u016f \u00fa\u010dt\u016f na soci\u00e1ln\u00edch s\u00edt\u00edch v\u010detn\u011b Twitteru<\/p>\n<p>Centr\u00e1ln\u00ed datab\u00e1ze je pr\u016fb\u011b\u017en\u011b aktualizov\u00e1na d\u00edky t\u00fdmu 75 re\u0161er\u0161\u00e9r\u016f z cel\u00e9ho sv\u011bta, a na\u0161i klienti si tak mohou b\u00fdt jist\u00ed, \u017ee dost\u00e1vaj\u00ed ta nep\u0159esn\u011bj\u0161\u00ed mo\u017en\u00e1 data<\/p>\n<p>Monitoringov\u00e9 zpr\u00e1vy mohou b\u00fdt generov\u00e1ny na z\u00e1klad\u011b spu\u0161t\u011bn\u00ed ur\u010dit\u00e9ho programu, uveden\u00ed nov\u00e9 \u0159ady seri\u00e1lu, speci\u00e1ln\u00ed ud\u00e1losti \u010di premi\u00e9ry a lze je upravit podle specifick\u00fdch po\u017eadavk\u016f, nap\u0159\u00edklad spu\u0161t\u011bn\u00ed stanice na nov\u00e9m \u00fazem\u00ed, tematick\u00e9ho vys\u00edl\u00e1n\u00ed speci\u00e1ln\u00edch po\u0159ad\u016f, nebo dokonce podle jm\u00e9na konkr\u00e9tn\u00edho moder\u00e1tora<\/p>\n<\/div>\n<\/div>\n","protected":false},"excerpt":{"rendered":"<p>MONITORING M\u00c9DI\u00cd S pomoc\u00ed na\u0161eho partnera monitorujeme soci\u00e1ln\u00ed s\u00edt\u011b, internetov\u00e1 zpravodajstv\u00ed a hlavn\u00ed zdroje zpr\u00e1v, abychom pomohli na\u0161im klient\u016fm sledovat, jak\u00e9 maj\u00ed pokryt\u00ed v glob\u00e1ln\u00edch m\u00e9di\u00edch Nab\u00edz\u00edme plnohodnotn\u00fd monitoring m\u00e9dii, kter\u00fd zaji\u0161\u0165uje klient\u016fm p\u0159ehled o medi\u00e1ln\u00edm pokryt\u00ed jak\u00e9koliv jejich tiskov\u00e9 nebo marketingov\u00e9 aktivity &#8211; nap\u0159\u00ed\u010d ti\u0161t\u011bn\u00fdmi medii, online sv\u011btem a soci\u00e1ln\u00edmi s\u00edt\u011bmi Tato slu\u017eba \u010derp\u00e1 [&hellip;]<\/p>\n","protected":false},"author":1,"featured_media":0,"parent":0,"menu_order":316,"comment_status":"closed","ping_status":"closed","template":"page-mediamonitoring.php","meta":{"_acf_changed":false,"cybocfi_hide_featured_image":"","footnotes":""},"class_list":["post-13525","page","type-page","status-publish","hentry"],"acf":[],"aioseo_notices":[],"yoast_head":"<!-- This site is optimized with the Yoast SEO plugin v27.5 - https:\/\/yoast.com\/product\/yoast-seo-wordpress\/ -->\n<title>Monitoring\u00a0m\u00e9di\u00ed - Global Listings<\/title>\n<meta name=\"robots\" content=\"index, follow, max-snippet:-1, max-image-preview:large, max-video-preview:-1\" \/>\n<link rel=\"canonical\" href=\"https:\/\/www.globallistings.info\/cs\/monitoring-medii\/\" \/>\n<meta property=\"og:locale\" content=\"cs_CZ\" \/>\n<meta property=\"og:type\" content=\"article\" \/>\n<meta property=\"og:title\" content=\"Monitoring\u00a0m\u00e9di\u00ed - Global Listings\" \/>\n<meta property=\"og:description\" content=\"MONITORING M\u00c9DI\u00cd S pomoc\u00ed na\u0161eho partnera monitorujeme soci\u00e1ln\u00ed s\u00edt\u011b, internetov\u00e1 zpravodajstv\u00ed a hlavn\u00ed zdroje zpr\u00e1v, abychom pomohli na\u0161im klient\u016fm sledovat, jak\u00e9 maj\u00ed pokryt\u00ed v glob\u00e1ln\u00edch m\u00e9di\u00edch Nab\u00edz\u00edme plnohodnotn\u00fd monitoring m\u00e9dii, kter\u00fd zaji\u0161\u0165uje klient\u016fm p\u0159ehled o medi\u00e1ln\u00edm pokryt\u00ed jak\u00e9koliv jejich tiskov\u00e9 nebo marketingov\u00e9 aktivity &#8211; nap\u0159\u00ed\u010d ti\u0161t\u011bn\u00fdmi medii, online sv\u011btem a soci\u00e1ln\u00edmi s\u00edt\u011bmi Tato slu\u017eba \u010derp\u00e1 [&hellip;]\" \/>\n<meta property=\"og:url\" content=\"https:\/\/www.globallistings.info\/cs\/monitoring-medii\/\" \/>\n<meta property=\"og:site_name\" content=\"Global Listings\" \/>\n<meta property=\"article:modified_time\" content=\"2017-04-10T17:17:36+00:00\" \/>\n<meta property=\"og:image\" content=\"http:\/\/www.globallistings.info\/app\/uploads\/2017\/01\/gl.png\" \/>\n<meta name=\"twitter:card\" content=\"summary_large_image\" \/>\n<meta name=\"twitter:label1\" content=\"Est. reading time\" \/>\n\t<meta name=\"twitter:data1\" content=\"1 minute\" \/>\n<script type=\"application\/ld+json\" class=\"yoast-schema-graph\">{\"@context\":\"https:\\\/\\\/schema.org\",\"@graph\":[{\"@type\":\"WebPage\",\"@id\":\"https:\\\/\\\/www.globallistings.info\\\/cs\\\/monitoring-medii\\\/\",\"url\":\"https:\\\/\\\/www.globallistings.info\\\/cs\\\/monitoring-medii\\\/\",\"name\":\"Monitoring\u00a0m\u00e9di\u00ed - Global Listings\",\"isPartOf\":{\"@id\":\"https:\\\/\\\/www.globallistings.info\\\/ar\\\/#website\"},\"primaryImageOfPage\":{\"@id\":\"https:\\\/\\\/www.globallistings.info\\\/cs\\\/monitoring-medii\\\/#primaryimage\"},\"image\":{\"@id\":\"https:\\\/\\\/www.globallistings.info\\\/cs\\\/monitoring-medii\\\/#primaryimage\"},\"thumbnailUrl\":\"http:\\\/\\\/www.globallistings.info\\\/app\\\/uploads\\\/2017\\\/01\\\/gl.png\",\"datePublished\":\"2017-03-16T13:22:47+00:00\",\"dateModified\":\"2017-04-10T17:17:36+00:00\",\"breadcrumb\":{\"@id\":\"https:\\\/\\\/www.globallistings.info\\\/cs\\\/monitoring-medii\\\/#breadcrumb\"},\"inLanguage\":\"cs-CZ\",\"potentialAction\":[{\"@type\":\"ReadAction\",\"target\":[\"https:\\\/\\\/www.globallistings.info\\\/cs\\\/monitoring-medii\\\/\"]}]},{\"@type\":\"ImageObject\",\"inLanguage\":\"cs-CZ\",\"@id\":\"https:\\\/\\\/www.globallistings.info\\\/cs\\\/monitoring-medii\\\/#primaryimage\",\"url\":\"http:\\\/\\\/www.globallistings.info\\\/app\\\/uploads\\\/2017\\\/01\\\/gl.png\",\"contentUrl\":\"http:\\\/\\\/www.globallistings.info\\\/app\\\/uploads\\\/2017\\\/01\\\/gl.png\"},{\"@type\":\"BreadcrumbList\",\"@id\":\"https:\\\/\\\/www.globallistings.info\\\/cs\\\/monitoring-medii\\\/#breadcrumb\",\"itemListElement\":[{\"@type\":\"ListItem\",\"position\":1,\"name\":\"Home\",\"item\":\"https:\\\/\\\/www.globallistings.info\\\/cs\\\/\"},{\"@type\":\"ListItem\",\"position\":2,\"name\":\"Monitoring\u00a0m\u00e9di\u00ed\"}]},{\"@type\":\"WebSite\",\"@id\":\"https:\\\/\\\/www.globallistings.info\\\/ar\\\/#website\",\"url\":\"https:\\\/\\\/www.globallistings.info\\\/ar\\\/\",\"name\":\"Global Listings\",\"description\":\"\",\"potentialAction\":[{\"@type\":\"SearchAction\",\"target\":{\"@type\":\"EntryPoint\",\"urlTemplate\":\"https:\\\/\\\/www.globallistings.info\\\/ar\\\/?s={search_term_string}\"},\"query-input\":{\"@type\":\"PropertyValueSpecification\",\"valueRequired\":true,\"valueName\":\"search_term_string\"}}],\"inLanguage\":\"cs-CZ\"}]}<\/script>\n<!-- \/ Yoast SEO plugin. -->","yoast_head_json":{"title":"Monitoring\u00a0m\u00e9di\u00ed - Global Listings","robots":{"index":"index","follow":"follow","max-snippet":"max-snippet:-1","max-image-preview":"max-image-preview:large","max-video-preview":"max-video-preview:-1"},"canonical":"https:\/\/www.globallistings.info\/cs\/monitoring-medii\/","og_locale":"cs_CZ","og_type":"article","og_title":"Monitoring\u00a0m\u00e9di\u00ed - Global Listings","og_description":"MONITORING M\u00c9DI\u00cd S pomoc\u00ed na\u0161eho partnera monitorujeme soci\u00e1ln\u00ed s\u00edt\u011b, internetov\u00e1 zpravodajstv\u00ed a hlavn\u00ed zdroje zpr\u00e1v, abychom pomohli na\u0161im klient\u016fm sledovat, jak\u00e9 maj\u00ed pokryt\u00ed v glob\u00e1ln\u00edch m\u00e9di\u00edch Nab\u00edz\u00edme plnohodnotn\u00fd monitoring m\u00e9dii, kter\u00fd zaji\u0161\u0165uje klient\u016fm p\u0159ehled o medi\u00e1ln\u00edm pokryt\u00ed jak\u00e9koliv jejich tiskov\u00e9 nebo marketingov\u00e9 aktivity &#8211; nap\u0159\u00ed\u010d ti\u0161t\u011bn\u00fdmi medii, online sv\u011btem a soci\u00e1ln\u00edmi s\u00edt\u011bmi Tato slu\u017eba \u010derp\u00e1 [&hellip;]","og_url":"https:\/\/www.globallistings.info\/cs\/monitoring-medii\/","og_site_name":"Global Listings","article_modified_time":"2017-04-10T17:17:36+00:00","og_image":[{"url":"http:\/\/www.globallistings.info\/app\/uploads\/2017\/01\/gl.png","type":"","width":"","height":""}],"twitter_card":"summary_large_image","twitter_misc":{"Est. reading time":"1 minute"},"schema":{"@context":"https:\/\/schema.org","@graph":[{"@type":"WebPage","@id":"https:\/\/www.globallistings.info\/cs\/monitoring-medii\/","url":"https:\/\/www.globallistings.info\/cs\/monitoring-medii\/","name":"Monitoring\u00a0m\u00e9di\u00ed - Global Listings","isPartOf":{"@id":"https:\/\/www.globallistings.info\/ar\/#website"},"primaryImageOfPage":{"@id":"https:\/\/www.globallistings.info\/cs\/monitoring-medii\/#primaryimage"},"image":{"@id":"https:\/\/www.globallistings.info\/cs\/monitoring-medii\/#primaryimage"},"thumbnailUrl":"http:\/\/www.globallistings.info\/app\/uploads\/2017\/01\/gl.png","datePublished":"2017-03-16T13:22:47+00:00","dateModified":"2017-04-10T17:17:36+00:00","breadcrumb":{"@id":"https:\/\/www.globallistings.info\/cs\/monitoring-medii\/#breadcrumb"},"inLanguage":"cs-CZ","potentialAction":[{"@type":"ReadAction","target":["https:\/\/www.globallistings.info\/cs\/monitoring-medii\/"]}]},{"@type":"ImageObject","inLanguage":"cs-CZ","@id":"https:\/\/www.globallistings.info\/cs\/monitoring-medii\/#primaryimage","url":"http:\/\/www.globallistings.info\/app\/uploads\/2017\/01\/gl.png","contentUrl":"http:\/\/www.globallistings.info\/app\/uploads\/2017\/01\/gl.png"},{"@type":"BreadcrumbList","@id":"https:\/\/www.globallistings.info\/cs\/monitoring-medii\/#breadcrumb","itemListElement":[{"@type":"ListItem","position":1,"name":"Home","item":"https:\/\/www.globallistings.info\/cs\/"},{"@type":"ListItem","position":2,"name":"Monitoring\u00a0m\u00e9di\u00ed"}]},{"@type":"WebSite","@id":"https:\/\/www.globallistings.info\/ar\/#website","url":"https:\/\/www.globallistings.info\/ar\/","name":"Global Listings","description":"","potentialAction":[{"@type":"SearchAction","target":{"@type":"EntryPoint","urlTemplate":"https:\/\/www.globallistings.info\/ar\/?s={search_term_string}"},"query-input":{"@type":"PropertyValueSpecification","valueRequired":true,"valueName":"search_term_string"}}],"inLanguage":"cs-CZ"}]}},"_links":{"self":[{"href":"https:\/\/www.globallistings.info\/cs\/wp-json\/wp\/v2\/pages\/13525","targetHints":{"allow":["GET"]}}],"collection":[{"href":"https:\/\/www.globallistings.info\/cs\/wp-json\/wp\/v2\/pages"}],"about":[{"href":"https:\/\/www.globallistings.info\/cs\/wp-json\/wp\/v2\/types\/page"}],"author":[{"embeddable":true,"href":"https:\/\/www.globallistings.info\/cs\/wp-json\/wp\/v2\/users\/1"}],"replies":[{"embeddable":true,"href":"https:\/\/www.globallistings.info\/cs\/wp-json\/wp\/v2\/comments?post=13525"}],"version-history":[{"count":0,"href":"https:\/\/www.globallistings.info\/cs\/wp-json\/wp\/v2\/pages\/13525\/revisions"}],"wp:attachment":[{"href":"https:\/\/www.globallistings.info\/cs\/wp-json\/wp\/v2\/media?parent=13525"}],"curies":[{"name":"wp","href":"https:\/\/api.w.org\/{rel}","templated":true}]}}