{"id":13871,"date":"2017-03-16T15:12:45","date_gmt":"2017-03-16T15:12:45","guid":{"rendered":"http:\/\/www.globallistings.info\/cs\/preklady\/"},"modified":"2017-11-27T13:01:51","modified_gmt":"2017-11-27T13:01:51","slug":"preklady","status":"publish","type":"page","link":"https:\/\/www.globallistings.info\/cs\/preklady\/","title":{"rendered":"P\u0159eklady"},"content":{"rendered":"<div class=\"col-4\">\n<p><img decoding=\"async\" class=\"img-circle img-responsive\" src=\"http:\/\/www.globallistings.info\/app\/uploads\/2017\/01\/tr.png\" alt=\"\" \/><\/p>\n<p class=\"content\">P\u0158EKLADY<\/p>\n<\/div>\n<div class=\"col-8\">\n<div class=\"content\">\n<p>Global Translations je l\u00eddr na trhu s p\u0159eklady. Fungujeme ve 145 zem\u00edch a v 76 jazykov\u00fdch kombinac\u00edch ka\u017ed\u00fd den<\/p>\n<p>Vyu\u017e\u00edv\u00e1me talent a zku\u0161enosti na\u0161ich v\u00edce ne\u017e 17 000 profesion\u00e1ln\u00edch p\u0159ekladatel\u016f, kte\u0159\u00ed s\u00eddl\u00ed po cel\u00e9m sv\u011bt\u011b<\/p>\n<p>N\u00e1\u0161 jedine\u010dn\u00fd syst\u00e9m zaji\u0161\u0165uje, \u017ee sp\u00e1rujeme vhodn\u00e9ho p\u0159ekladatele podle jazyka, oboru a c\u00edlov\u00e9ho trhu, d\u00edky \u010demu\u017e klient\u016fm nab\u00edz\u00edme p\u0159ekladatelsk\u00e1 \u0159e\u0161en\u00ed p\u0159\u00edmo na m\u00edru<\/p>\n<p>N\u00e1\u0161 mezin\u00e1rodn\u00ed t\u00fdm p\u0159ekladatel\u016f nab\u00edz\u00ed p\u0159eklady ve\u0161ker\u00e9ho televizn\u00edho obsahu, od kr\u00e1tk\u00fdch popis\u016f po\u0159ad\u016f po del\u0161\u00ed programov\u00e9 tipy a samoz\u0159ejm\u011b tak\u00e9 n\u00e1zvy po\u0159ad\u016f a epizod<\/p>\n<p>N\u00e1\u0161 speci\u00e1ln\u00ed zp\u016fsob stanovov\u00e1n\u00ed ceny a unik\u00e1tn\u00ed pracovn\u00ed postupy zaji\u0161\u0165uj\u00ed, \u017ee klienti v\u017edy zaplat\u00ed jen za p\u0159elo\u017een\u00e1 slova a nikdy dvakr\u00e1t za stejn\u00fd text<\/p>\n<p>Dal\u0161\u00ed informace z\u00edsk\u00e1te na str\u00e1nk\u00e1ch na\u0161\u00ed sestersk\u00e9 spole\u010dnosti, <strong><a href=\"http:\/\/www.globaltranslations.info\/cs\/\">Global Translations<\/a><\/strong><\/p>\n<\/div>\n<\/div>\n","protected":false},"excerpt":{"rendered":"<p>P\u0158EKLADY Global Translations je l\u00eddr na trhu s p\u0159eklady. Fungujeme ve 145 zem\u00edch a v 76 jazykov\u00fdch kombinac\u00edch ka\u017ed\u00fd den Vyu\u017e\u00edv\u00e1me talent a zku\u0161enosti na\u0161ich v\u00edce ne\u017e 17 000 profesion\u00e1ln\u00edch p\u0159ekladatel\u016f, kte\u0159\u00ed s\u00eddl\u00ed po cel\u00e9m sv\u011bt\u011b N\u00e1\u0161 jedine\u010dn\u00fd syst\u00e9m zaji\u0161\u0165uje, \u017ee sp\u00e1rujeme vhodn\u00e9ho p\u0159ekladatele podle jazyka, oboru a c\u00edlov\u00e9ho trhu, d\u00edky \u010demu\u017e klient\u016fm nab\u00edz\u00edme p\u0159ekladatelsk\u00e1 [&hellip;]<\/p>\n","protected":false},"author":1,"featured_media":0,"parent":0,"menu_order":513,"comment_status":"closed","ping_status":"closed","template":"page-epgs.php","meta":{"_acf_changed":false,"cybocfi_hide_featured_image":"","footnotes":""},"class_list":["post-13871","page","type-page","status-publish","hentry"],"acf":[],"aioseo_notices":[],"yoast_head":"<!-- This site is optimized with the Yoast SEO plugin v27.3 - https:\/\/yoast.com\/product\/yoast-seo-wordpress\/ -->\n<title>P\u0159eklady - Global Listings<\/title>\n<meta name=\"robots\" content=\"index, follow, max-snippet:-1, max-image-preview:large, max-video-preview:-1\" \/>\n<link rel=\"canonical\" href=\"https:\/\/www.globallistings.info\/cs\/preklady\/\" \/>\n<meta property=\"og:locale\" content=\"cs_CZ\" \/>\n<meta property=\"og:type\" content=\"article\" \/>\n<meta property=\"og:title\" content=\"P\u0159eklady - Global Listings\" \/>\n<meta property=\"og:description\" content=\"P\u0158EKLADY Global Translations je l\u00eddr na trhu s p\u0159eklady. Fungujeme ve 145 zem\u00edch a v 76 jazykov\u00fdch kombinac\u00edch ka\u017ed\u00fd den Vyu\u017e\u00edv\u00e1me talent a zku\u0161enosti na\u0161ich v\u00edce ne\u017e 17 000 profesion\u00e1ln\u00edch p\u0159ekladatel\u016f, kte\u0159\u00ed s\u00eddl\u00ed po cel\u00e9m sv\u011bt\u011b N\u00e1\u0161 jedine\u010dn\u00fd syst\u00e9m zaji\u0161\u0165uje, \u017ee sp\u00e1rujeme vhodn\u00e9ho p\u0159ekladatele podle jazyka, oboru a c\u00edlov\u00e9ho trhu, d\u00edky \u010demu\u017e klient\u016fm nab\u00edz\u00edme p\u0159ekladatelsk\u00e1 [&hellip;]\" \/>\n<meta property=\"og:url\" content=\"https:\/\/www.globallistings.info\/cs\/preklady\/\" \/>\n<meta property=\"og:site_name\" content=\"Global Listings\" \/>\n<meta property=\"article:modified_time\" content=\"2017-11-27T13:01:51+00:00\" \/>\n<meta property=\"og:image\" content=\"http:\/\/www.globallistings.info\/app\/uploads\/2017\/01\/tr.png\" \/>\n<meta name=\"twitter:card\" content=\"summary_large_image\" \/>\n<meta name=\"twitter:label1\" content=\"Est. reading time\" \/>\n\t<meta name=\"twitter:data1\" content=\"1 minute\" \/>\n<script type=\"application\/ld+json\" class=\"yoast-schema-graph\">{\"@context\":\"https:\\\/\\\/schema.org\",\"@graph\":[{\"@type\":\"WebPage\",\"@id\":\"https:\\\/\\\/www.globallistings.info\\\/cs\\\/preklady\\\/\",\"url\":\"https:\\\/\\\/www.globallistings.info\\\/cs\\\/preklady\\\/\",\"name\":\"P\u0159eklady - Global Listings\",\"isPartOf\":{\"@id\":\"https:\\\/\\\/www.globallistings.info\\\/ar\\\/#website\"},\"primaryImageOfPage\":{\"@id\":\"https:\\\/\\\/www.globallistings.info\\\/cs\\\/preklady\\\/#primaryimage\"},\"image\":{\"@id\":\"https:\\\/\\\/www.globallistings.info\\\/cs\\\/preklady\\\/#primaryimage\"},\"thumbnailUrl\":\"http:\\\/\\\/www.globallistings.info\\\/app\\\/uploads\\\/2017\\\/01\\\/tr.png\",\"datePublished\":\"2017-03-16T15:12:45+00:00\",\"dateModified\":\"2017-11-27T13:01:51+00:00\",\"breadcrumb\":{\"@id\":\"https:\\\/\\\/www.globallistings.info\\\/cs\\\/preklady\\\/#breadcrumb\"},\"inLanguage\":\"cs-CZ\",\"potentialAction\":[{\"@type\":\"ReadAction\",\"target\":[\"https:\\\/\\\/www.globallistings.info\\\/cs\\\/preklady\\\/\"]}]},{\"@type\":\"ImageObject\",\"inLanguage\":\"cs-CZ\",\"@id\":\"https:\\\/\\\/www.globallistings.info\\\/cs\\\/preklady\\\/#primaryimage\",\"url\":\"http:\\\/\\\/www.globallistings.info\\\/app\\\/uploads\\\/2017\\\/01\\\/tr.png\",\"contentUrl\":\"http:\\\/\\\/www.globallistings.info\\\/app\\\/uploads\\\/2017\\\/01\\\/tr.png\"},{\"@type\":\"BreadcrumbList\",\"@id\":\"https:\\\/\\\/www.globallistings.info\\\/cs\\\/preklady\\\/#breadcrumb\",\"itemListElement\":[{\"@type\":\"ListItem\",\"position\":1,\"name\":\"Home\",\"item\":\"https:\\\/\\\/www.globallistings.info\\\/cs\\\/\"},{\"@type\":\"ListItem\",\"position\":2,\"name\":\"P\u0159eklady\"}]},{\"@type\":\"WebSite\",\"@id\":\"https:\\\/\\\/www.globallistings.info\\\/ar\\\/#website\",\"url\":\"https:\\\/\\\/www.globallistings.info\\\/ar\\\/\",\"name\":\"Global Listings\",\"description\":\"\",\"potentialAction\":[{\"@type\":\"SearchAction\",\"target\":{\"@type\":\"EntryPoint\",\"urlTemplate\":\"https:\\\/\\\/www.globallistings.info\\\/ar\\\/?s={search_term_string}\"},\"query-input\":{\"@type\":\"PropertyValueSpecification\",\"valueRequired\":true,\"valueName\":\"search_term_string\"}}],\"inLanguage\":\"cs-CZ\"}]}<\/script>\n<!-- \/ Yoast SEO plugin. -->","yoast_head_json":{"title":"P\u0159eklady - Global Listings","robots":{"index":"index","follow":"follow","max-snippet":"max-snippet:-1","max-image-preview":"max-image-preview:large","max-video-preview":"max-video-preview:-1"},"canonical":"https:\/\/www.globallistings.info\/cs\/preklady\/","og_locale":"cs_CZ","og_type":"article","og_title":"P\u0159eklady - Global Listings","og_description":"P\u0158EKLADY Global Translations je l\u00eddr na trhu s p\u0159eklady. Fungujeme ve 145 zem\u00edch a v 76 jazykov\u00fdch kombinac\u00edch ka\u017ed\u00fd den Vyu\u017e\u00edv\u00e1me talent a zku\u0161enosti na\u0161ich v\u00edce ne\u017e 17 000 profesion\u00e1ln\u00edch p\u0159ekladatel\u016f, kte\u0159\u00ed s\u00eddl\u00ed po cel\u00e9m sv\u011bt\u011b N\u00e1\u0161 jedine\u010dn\u00fd syst\u00e9m zaji\u0161\u0165uje, \u017ee sp\u00e1rujeme vhodn\u00e9ho p\u0159ekladatele podle jazyka, oboru a c\u00edlov\u00e9ho trhu, d\u00edky \u010demu\u017e klient\u016fm nab\u00edz\u00edme p\u0159ekladatelsk\u00e1 [&hellip;]","og_url":"https:\/\/www.globallistings.info\/cs\/preklady\/","og_site_name":"Global Listings","article_modified_time":"2017-11-27T13:01:51+00:00","og_image":[{"url":"http:\/\/www.globallistings.info\/app\/uploads\/2017\/01\/tr.png","type":"","width":"","height":""}],"twitter_card":"summary_large_image","twitter_misc":{"Est. reading time":"1 minute"},"schema":{"@context":"https:\/\/schema.org","@graph":[{"@type":"WebPage","@id":"https:\/\/www.globallistings.info\/cs\/preklady\/","url":"https:\/\/www.globallistings.info\/cs\/preklady\/","name":"P\u0159eklady - Global Listings","isPartOf":{"@id":"https:\/\/www.globallistings.info\/ar\/#website"},"primaryImageOfPage":{"@id":"https:\/\/www.globallistings.info\/cs\/preklady\/#primaryimage"},"image":{"@id":"https:\/\/www.globallistings.info\/cs\/preklady\/#primaryimage"},"thumbnailUrl":"http:\/\/www.globallistings.info\/app\/uploads\/2017\/01\/tr.png","datePublished":"2017-03-16T15:12:45+00:00","dateModified":"2017-11-27T13:01:51+00:00","breadcrumb":{"@id":"https:\/\/www.globallistings.info\/cs\/preklady\/#breadcrumb"},"inLanguage":"cs-CZ","potentialAction":[{"@type":"ReadAction","target":["https:\/\/www.globallistings.info\/cs\/preklady\/"]}]},{"@type":"ImageObject","inLanguage":"cs-CZ","@id":"https:\/\/www.globallistings.info\/cs\/preklady\/#primaryimage","url":"http:\/\/www.globallistings.info\/app\/uploads\/2017\/01\/tr.png","contentUrl":"http:\/\/www.globallistings.info\/app\/uploads\/2017\/01\/tr.png"},{"@type":"BreadcrumbList","@id":"https:\/\/www.globallistings.info\/cs\/preklady\/#breadcrumb","itemListElement":[{"@type":"ListItem","position":1,"name":"Home","item":"https:\/\/www.globallistings.info\/cs\/"},{"@type":"ListItem","position":2,"name":"P\u0159eklady"}]},{"@type":"WebSite","@id":"https:\/\/www.globallistings.info\/ar\/#website","url":"https:\/\/www.globallistings.info\/ar\/","name":"Global Listings","description":"","potentialAction":[{"@type":"SearchAction","target":{"@type":"EntryPoint","urlTemplate":"https:\/\/www.globallistings.info\/ar\/?s={search_term_string}"},"query-input":{"@type":"PropertyValueSpecification","valueRequired":true,"valueName":"search_term_string"}}],"inLanguage":"cs-CZ"}]}},"_links":{"self":[{"href":"https:\/\/www.globallistings.info\/cs\/wp-json\/wp\/v2\/pages\/13871","targetHints":{"allow":["GET"]}}],"collection":[{"href":"https:\/\/www.globallistings.info\/cs\/wp-json\/wp\/v2\/pages"}],"about":[{"href":"https:\/\/www.globallistings.info\/cs\/wp-json\/wp\/v2\/types\/page"}],"author":[{"embeddable":true,"href":"https:\/\/www.globallistings.info\/cs\/wp-json\/wp\/v2\/users\/1"}],"replies":[{"embeddable":true,"href":"https:\/\/www.globallistings.info\/cs\/wp-json\/wp\/v2\/comments?post=13871"}],"version-history":[{"count":0,"href":"https:\/\/www.globallistings.info\/cs\/wp-json\/wp\/v2\/pages\/13871\/revisions"}],"wp:attachment":[{"href":"https:\/\/www.globallistings.info\/cs\/wp-json\/wp\/v2\/media?parent=13871"}],"curies":[{"name":"wp","href":"https:\/\/api.w.org\/{rel}","templated":true}]}}