{"id":13952,"date":"2017-03-16T15:38:07","date_gmt":"2017-03-16T15:38:07","guid":{"rendered":"http:\/\/www.globallistings.info\/cs\/epg\/"},"modified":"2017-11-27T12:59:17","modified_gmt":"2017-11-27T12:59:17","slug":"epg","status":"publish","type":"page","link":"https:\/\/www.globallistings.info\/cs\/epg\/","title":{"rendered":"EPG"},"content":{"rendered":"<div class=\"col-4\">\n<p><img decoding=\"async\" class=\"img-circle img-responsive\" src=\"http:\/\/www.globallistings.info\/app\/uploads\/2017\/01\/epgscircbig.png\" alt=\"content_photo\" \/><\/p>\n<p class=\"content\">EPG<\/p>\n<\/div>\n<div class=\"col-8\">\n<div class=\"content\">\n<p>Global Listings spolupracuje s v\u00edce ne\u017e 100 televizn\u00edch platforem po cel\u00e9m sv\u011bt\u011b a dod\u00e1v\u00e1 nejaktu\u00e1ln\u011bj\u0161\u00ed EPG data v n\u011bkolika jazyc\u00edch pro line\u00e1rn\u00ed i neline\u00e1rn\u00ed m\u00e9dia<\/p>\n<p>Spolupracujeme s p\u0159edplacen\u00fdmi i voln\u011b dostupn\u00fdmi stanicemi a s IPTV a OTT oper\u00e1tory, d\u00edky \u010demu\u017e dr\u017e\u00edme krok s nejmodern\u011bj\u0161\u00edmi technologick\u00fdmi zm\u011bnami a pokroky<\/p>\n<p>Jsme odborn\u00edci na EPG soubory. Zaji\u0161\u0165ujeme, aby byla metadata t\u00e9 nejvy\u0161\u0161\u00ed kvality a zahrnovala takov\u00e9 prvky, jako jsou informace pro nesly\u0161\u00edc\u00ed, mo\u017enosti nahr\u00e1v\u00e1n\u00ed po\u0159ad\u016f, informace pro rodi\u010de, informace o stahov\u00e1n\u00ed a obsahov\u00e9 k\u00f3dy<\/p>\n<p>Na\u0161e t\u00fdmy profesion\u00e1ln\u00edch EPG redaktor\u016f p\u00ed\u0161\u00ed a edituj\u00ed data tak, aby sed\u011bla na po\u017eadovan\u00fd styl, jazyk a po\u010det znak\u016f, kter\u00fd se m\u016f\u017ee li\u0161it podle dan\u00e9 platformy<\/p>\n<p>N\u00e1\u0161 vysoce modern\u00ed syst\u00e9m nab\u00edz\u00ed tak\u00e9 archiv obr\u00e1zk\u016f k r\u016fzn\u00fdm \u00farovn\u00edm programu (k po\u0159adu, \u0159ad\u011b i epizod\u011b). Tyto obr\u00e1zky mohou b\u00fdt exportov\u00e1ny televizn\u00edm platform\u00e1m (a pokud je t\u0159eba, tak tak\u00e9 na webov\u00e9 str\u00e1nky na\u0161ich klient\u016f nebo t\u0159et\u00edm stran\u00e1m)<\/p>\n<p><a href=\"http:\/\/www.globalepgs.info\/cs\/\" target=\"_blank\" rel=\"noopener\">Pro v\u00edce informac\u00ed pros\u00edm nav\u0161tivte str\u00e1nky na\u0161\u00ed sestersk\u00e9 spole\u010dnosti Global EPGs<\/a><\/p>\n<\/div>\n<\/div>\n","protected":false},"excerpt":{"rendered":"<p>EPG Global Listings spolupracuje s v\u00edce ne\u017e 100 televizn\u00edch platforem po cel\u00e9m sv\u011bt\u011b a dod\u00e1v\u00e1 nejaktu\u00e1ln\u011bj\u0161\u00ed EPG data v n\u011bkolika jazyc\u00edch pro line\u00e1rn\u00ed i neline\u00e1rn\u00ed m\u00e9dia Spolupracujeme s p\u0159edplacen\u00fdmi i voln\u011b dostupn\u00fdmi stanicemi a s IPTV a OTT oper\u00e1tory, d\u00edky \u010demu\u017e dr\u017e\u00edme krok s nejmodern\u011bj\u0161\u00edmi technologick\u00fdmi zm\u011bnami a pokroky Jsme odborn\u00edci na EPG soubory. Zaji\u0161\u0165ujeme, [&hellip;]<\/p>\n","protected":false},"author":1,"featured_media":0,"parent":0,"menu_order":204,"comment_status":"closed","ping_status":"closed","template":"page-epgs.php","meta":{"_acf_changed":false,"cybocfi_hide_featured_image":"","footnotes":""},"class_list":["post-13952","page","type-page","status-publish","hentry"],"acf":[],"aioseo_notices":[],"yoast_head":"<!-- This site is optimized with the Yoast SEO plugin v27.5 - https:\/\/yoast.com\/product\/yoast-seo-wordpress\/ -->\n<title>EPG - Global Listings<\/title>\n<meta name=\"robots\" content=\"index, follow, max-snippet:-1, max-image-preview:large, max-video-preview:-1\" \/>\n<link rel=\"canonical\" href=\"https:\/\/www.globallistings.info\/cs\/epg\/\" \/>\n<meta property=\"og:locale\" content=\"cs_CZ\" \/>\n<meta property=\"og:type\" content=\"article\" \/>\n<meta property=\"og:title\" content=\"EPG - Global Listings\" \/>\n<meta property=\"og:description\" content=\"EPG Global Listings spolupracuje s v\u00edce ne\u017e 100 televizn\u00edch platforem po cel\u00e9m sv\u011bt\u011b a dod\u00e1v\u00e1 nejaktu\u00e1ln\u011bj\u0161\u00ed EPG data v n\u011bkolika jazyc\u00edch pro line\u00e1rn\u00ed i neline\u00e1rn\u00ed m\u00e9dia Spolupracujeme s p\u0159edplacen\u00fdmi i voln\u011b dostupn\u00fdmi stanicemi a s IPTV a OTT oper\u00e1tory, d\u00edky \u010demu\u017e dr\u017e\u00edme krok s nejmodern\u011bj\u0161\u00edmi technologick\u00fdmi zm\u011bnami a pokroky Jsme odborn\u00edci na EPG soubory. Zaji\u0161\u0165ujeme, [&hellip;]\" \/>\n<meta property=\"og:url\" content=\"https:\/\/www.globallistings.info\/cs\/epg\/\" \/>\n<meta property=\"og:site_name\" content=\"Global Listings\" \/>\n<meta property=\"article:modified_time\" content=\"2017-11-27T12:59:17+00:00\" \/>\n<meta property=\"og:image\" content=\"http:\/\/www.globallistings.info\/app\/uploads\/2017\/01\/epgscircbig.png\" \/>\n<meta name=\"twitter:card\" content=\"summary_large_image\" \/>\n<meta name=\"twitter:label1\" content=\"Est. reading time\" \/>\n\t<meta name=\"twitter:data1\" content=\"1 minute\" \/>\n<script type=\"application\/ld+json\" class=\"yoast-schema-graph\">{\"@context\":\"https:\\\/\\\/schema.org\",\"@graph\":[{\"@type\":\"WebPage\",\"@id\":\"https:\\\/\\\/www.globallistings.info\\\/cs\\\/epg\\\/\",\"url\":\"https:\\\/\\\/www.globallistings.info\\\/cs\\\/epg\\\/\",\"name\":\"EPG - Global Listings\",\"isPartOf\":{\"@id\":\"https:\\\/\\\/www.globallistings.info\\\/ar\\\/#website\"},\"primaryImageOfPage\":{\"@id\":\"https:\\\/\\\/www.globallistings.info\\\/cs\\\/epg\\\/#primaryimage\"},\"image\":{\"@id\":\"https:\\\/\\\/www.globallistings.info\\\/cs\\\/epg\\\/#primaryimage\"},\"thumbnailUrl\":\"http:\\\/\\\/www.globallistings.info\\\/app\\\/uploads\\\/2017\\\/01\\\/epgscircbig.png\",\"datePublished\":\"2017-03-16T15:38:07+00:00\",\"dateModified\":\"2017-11-27T12:59:17+00:00\",\"breadcrumb\":{\"@id\":\"https:\\\/\\\/www.globallistings.info\\\/cs\\\/epg\\\/#breadcrumb\"},\"inLanguage\":\"cs-CZ\",\"potentialAction\":[{\"@type\":\"ReadAction\",\"target\":[\"https:\\\/\\\/www.globallistings.info\\\/cs\\\/epg\\\/\"]}]},{\"@type\":\"ImageObject\",\"inLanguage\":\"cs-CZ\",\"@id\":\"https:\\\/\\\/www.globallistings.info\\\/cs\\\/epg\\\/#primaryimage\",\"url\":\"http:\\\/\\\/www.globallistings.info\\\/app\\\/uploads\\\/2017\\\/01\\\/epgscircbig.png\",\"contentUrl\":\"http:\\\/\\\/www.globallistings.info\\\/app\\\/uploads\\\/2017\\\/01\\\/epgscircbig.png\"},{\"@type\":\"BreadcrumbList\",\"@id\":\"https:\\\/\\\/www.globallistings.info\\\/cs\\\/epg\\\/#breadcrumb\",\"itemListElement\":[{\"@type\":\"ListItem\",\"position\":1,\"name\":\"Home\",\"item\":\"https:\\\/\\\/www.globallistings.info\\\/cs\\\/\"},{\"@type\":\"ListItem\",\"position\":2,\"name\":\"EPG\"}]},{\"@type\":\"WebSite\",\"@id\":\"https:\\\/\\\/www.globallistings.info\\\/ar\\\/#website\",\"url\":\"https:\\\/\\\/www.globallistings.info\\\/ar\\\/\",\"name\":\"Global Listings\",\"description\":\"\",\"potentialAction\":[{\"@type\":\"SearchAction\",\"target\":{\"@type\":\"EntryPoint\",\"urlTemplate\":\"https:\\\/\\\/www.globallistings.info\\\/ar\\\/?s={search_term_string}\"},\"query-input\":{\"@type\":\"PropertyValueSpecification\",\"valueRequired\":true,\"valueName\":\"search_term_string\"}}],\"inLanguage\":\"cs-CZ\"}]}<\/script>\n<!-- \/ Yoast SEO plugin. -->","yoast_head_json":{"title":"EPG - Global Listings","robots":{"index":"index","follow":"follow","max-snippet":"max-snippet:-1","max-image-preview":"max-image-preview:large","max-video-preview":"max-video-preview:-1"},"canonical":"https:\/\/www.globallistings.info\/cs\/epg\/","og_locale":"cs_CZ","og_type":"article","og_title":"EPG - Global Listings","og_description":"EPG Global Listings spolupracuje s v\u00edce ne\u017e 100 televizn\u00edch platforem po cel\u00e9m sv\u011bt\u011b a dod\u00e1v\u00e1 nejaktu\u00e1ln\u011bj\u0161\u00ed EPG data v n\u011bkolika jazyc\u00edch pro line\u00e1rn\u00ed i neline\u00e1rn\u00ed m\u00e9dia Spolupracujeme s p\u0159edplacen\u00fdmi i voln\u011b dostupn\u00fdmi stanicemi a s IPTV a OTT oper\u00e1tory, d\u00edky \u010demu\u017e dr\u017e\u00edme krok s nejmodern\u011bj\u0161\u00edmi technologick\u00fdmi zm\u011bnami a pokroky Jsme odborn\u00edci na EPG soubory. Zaji\u0161\u0165ujeme, [&hellip;]","og_url":"https:\/\/www.globallistings.info\/cs\/epg\/","og_site_name":"Global Listings","article_modified_time":"2017-11-27T12:59:17+00:00","og_image":[{"url":"http:\/\/www.globallistings.info\/app\/uploads\/2017\/01\/epgscircbig.png","type":"","width":"","height":""}],"twitter_card":"summary_large_image","twitter_misc":{"Est. reading time":"1 minute"},"schema":{"@context":"https:\/\/schema.org","@graph":[{"@type":"WebPage","@id":"https:\/\/www.globallistings.info\/cs\/epg\/","url":"https:\/\/www.globallistings.info\/cs\/epg\/","name":"EPG - Global Listings","isPartOf":{"@id":"https:\/\/www.globallistings.info\/ar\/#website"},"primaryImageOfPage":{"@id":"https:\/\/www.globallistings.info\/cs\/epg\/#primaryimage"},"image":{"@id":"https:\/\/www.globallistings.info\/cs\/epg\/#primaryimage"},"thumbnailUrl":"http:\/\/www.globallistings.info\/app\/uploads\/2017\/01\/epgscircbig.png","datePublished":"2017-03-16T15:38:07+00:00","dateModified":"2017-11-27T12:59:17+00:00","breadcrumb":{"@id":"https:\/\/www.globallistings.info\/cs\/epg\/#breadcrumb"},"inLanguage":"cs-CZ","potentialAction":[{"@type":"ReadAction","target":["https:\/\/www.globallistings.info\/cs\/epg\/"]}]},{"@type":"ImageObject","inLanguage":"cs-CZ","@id":"https:\/\/www.globallistings.info\/cs\/epg\/#primaryimage","url":"http:\/\/www.globallistings.info\/app\/uploads\/2017\/01\/epgscircbig.png","contentUrl":"http:\/\/www.globallistings.info\/app\/uploads\/2017\/01\/epgscircbig.png"},{"@type":"BreadcrumbList","@id":"https:\/\/www.globallistings.info\/cs\/epg\/#breadcrumb","itemListElement":[{"@type":"ListItem","position":1,"name":"Home","item":"https:\/\/www.globallistings.info\/cs\/"},{"@type":"ListItem","position":2,"name":"EPG"}]},{"@type":"WebSite","@id":"https:\/\/www.globallistings.info\/ar\/#website","url":"https:\/\/www.globallistings.info\/ar\/","name":"Global Listings","description":"","potentialAction":[{"@type":"SearchAction","target":{"@type":"EntryPoint","urlTemplate":"https:\/\/www.globallistings.info\/ar\/?s={search_term_string}"},"query-input":{"@type":"PropertyValueSpecification","valueRequired":true,"valueName":"search_term_string"}}],"inLanguage":"cs-CZ"}]}},"_links":{"self":[{"href":"https:\/\/www.globallistings.info\/cs\/wp-json\/wp\/v2\/pages\/13952","targetHints":{"allow":["GET"]}}],"collection":[{"href":"https:\/\/www.globallistings.info\/cs\/wp-json\/wp\/v2\/pages"}],"about":[{"href":"https:\/\/www.globallistings.info\/cs\/wp-json\/wp\/v2\/types\/page"}],"author":[{"embeddable":true,"href":"https:\/\/www.globallistings.info\/cs\/wp-json\/wp\/v2\/users\/1"}],"replies":[{"embeddable":true,"href":"https:\/\/www.globallistings.info\/cs\/wp-json\/wp\/v2\/comments?post=13952"}],"version-history":[{"count":0,"href":"https:\/\/www.globallistings.info\/cs\/wp-json\/wp\/v2\/pages\/13952\/revisions"}],"wp:attachment":[{"href":"https:\/\/www.globallistings.info\/cs\/wp-json\/wp\/v2\/media?parent=13952"}],"curies":[{"name":"wp","href":"https:\/\/api.w.org\/{rel}","templated":true}]}}