{"id":14533,"date":"2017-03-16T17:48:32","date_gmt":"2017-03-16T17:48:32","guid":{"rendered":"http:\/\/www.globallistings.info\/cs\/o-nas\/"},"modified":"2017-11-27T12:56:27","modified_gmt":"2017-11-27T12:56:27","slug":"o-nas","status":"publish","type":"page","link":"https:\/\/www.globallistings.info\/cs\/o-nas\/","title":{"rendered":"O n\u00e1s"},"content":{"rendered":"<div class=\"col-4\">\n<p><img decoding=\"async\" class=\"img-circle img-responsive\" src=\"http:\/\/www.globallistings.info\/app\/uploads\/2017\/01\/T.jpg\" alt=\"\" \/><\/p>\n<p class=\"content\">Thalia Droussioti<br \/>\n<mark class=\"sub-content\">V\u00fdkonn\u00e1 \u0159editelka<\/mark><\/p>\n<p class=\"description\">Thalia Droussioti je dr\u017eitelka mezin\u00e1rodn\u00edho ocen\u011bn\u00ed Women in Business a zakladatelka a v\u00fdkonn\u00e1 \u0159editelka Global Listings. Thalia je b\u00fdvalou autorkou a redaktorkou televizn\u00edch text\u016f, kter\u00e1 stvo\u0159ila Global Listings d\u00edky v\u00edce ne\u017e 25 let\u016fm zku\u0161enost\u00ed z oboru televizn\u00ed z\u00e1bavy. Global Listings je postaveno nejen na v\u00e1\u0161ni pro dokonalost a skute\u010dn\u00e9 l\u00e1sce k televizi, ale tak\u00e9 na hlubok\u00e9m porozum\u011bn\u00ed bran\u017ei a tomu, co stanice pot\u0159ebuj\u00ed p\u0159edat div\u00e1kovi.<br \/>\n<a href=\"https:\/\/www.linkedin.com\/feed\/update\/urn:li:activity:6338337579074748416\"><u>Dr\u017eitelka ocen\u011bn\u00ed STEVIE\u00ae AWARD PRO \u017dENY PODNIKATELKY<\/u><\/a><\/p>\n<p><a href=\"https:\/\/stevieawards.com\/women\"><img loading=\"lazy\" decoding=\"async\" class=\"alignnone size-full wp-image-29156\" src=\"http:\/\/www.globallistings.info\/wp-content\/uploads\/2016\/12\/sawib17_silver_winner-21.jpg\" alt=\"\" width=\"400\" height=\"212\" srcset=\"https:\/\/www.globallistings.info\/wp-content\/uploads\/2016\/12\/sawib17_silver_winner-21.jpg 400w, https:\/\/www.globallistings.info\/wp-content\/uploads\/2016\/12\/sawib17_silver_winner-21-300x159.jpg 300w\" sizes=\"auto, (max-width: 400px) 100vw, 400px\" \/><\/a><\/p>\n<\/div>\n<div class=\"col-8\">\n<div class=\"content\">\n<p>Global Listings je sv\u011btov\u00fd l\u00eddr v nab\u00eddce celostn\u00edho \u0159e\u0161en\u00ed obsahov\u00fdch po\u017eadavk\u016f televizn\u00edch stanic<\/p>\n<p>Pomoc\u00ed modern\u00edho syst\u00e9mu a d\u00edky zku\u0161enostem s redakc\u00ed a p\u0159eklady text\u016f vytv\u00e1\u0159\u00edme a dod\u00e1v\u00e1me vylep\u0161en\u00e1 redak\u010dn\u00ed metadata a obr\u00e1zky jm\u00e9nem televizn\u00edch kan\u00e1l\u016f<\/p>\n<p>Fungujeme ve 145 zem\u00edch a v 36 jazyc\u00edch ka\u017ed\u00fd den. Na\u0161e pr\u00e1ce se dot\u00fdk\u00e1 v\u00edce ne\u017e 6,6 milion\u016f televizn\u00edch div\u00e1k\u016f<\/p>\n<p>Nab\u00edz\u00edme \u0159e\u0161en\u00ed na m\u00edru a spolupr\u00e1ci s klienty, tak abychom p\u0159esn\u011b splnili jejich po\u017eadavky<\/p>\n<p>Jsme pr\u016fkopn\u00edky v na\u0161em oboru a d\u00edky skv\u011bl\u00e9mu portfoliu jsme v\u017edy jeden krok p\u0159ed konkurenc\u00ed<\/p>\n<p>Nezastav\u00edme se p\u0159ed ni\u010d\u00edm a v\u017edy ud\u011bl\u00e1me v\u0161e pro to, abychom p\u0159ed\u010dili o\u010dek\u00e1v\u00e1n\u00ed na\u0161ich klient\u016f ve v\u0161em, co d\u011bl\u00e1me<\/p>\n<p>Na\u0161e oddan\u00e9 t\u00fdmy jsou skute\u010dn\u00fdmi odborn\u00edky v oblasti redakce, jazyka i techniky, kte\u0159\u00ed jsou p\u0159ipraveni splnit jak\u00e9koliv po\u017eadavky klient\u016f a dodat p\u0159esn\u00fd obsah p\u0159esn\u011b na m\u00edru dle zadan\u00fdch specifikac\u00ed<\/p>\n<p>Televize je na\u0161\u00ed skute\u010dnou v\u00e1\u0161n\u00ed, a proto se py\u0161n\u00edme \u0161irok\u00fdmi znalostmi v mnoha \u017e\u00e1nrech. Spolupracujeme se stanicemi po cel\u00e9m sv\u011bt\u011b a dod\u00e1v\u00e1me p\u0159esn\u00e9 informace v\u017edy v\u010das a v jak\u00e9mkoliv jazyce<\/p>\n<\/div>\n<\/div>\n","protected":false},"excerpt":{"rendered":"<p>Thalia Droussioti V\u00fdkonn\u00e1 \u0159editelka Thalia Droussioti je dr\u017eitelka mezin\u00e1rodn\u00edho ocen\u011bn\u00ed Women in Business a zakladatelka a v\u00fdkonn\u00e1 \u0159editelka Global Listings. Thalia je b\u00fdvalou autorkou a redaktorkou televizn\u00edch text\u016f, kter\u00e1 stvo\u0159ila Global Listings d\u00edky v\u00edce ne\u017e 25 let\u016fm zku\u0161enost\u00ed z oboru televizn\u00ed z\u00e1bavy. Global Listings je postaveno nejen na v\u00e1\u0161ni pro dokonalost a skute\u010dn\u00e9 l\u00e1sce k [&hellip;]<\/p>\n","protected":false},"author":1,"featured_media":0,"parent":0,"menu_order":93,"comment_status":"closed","ping_status":"closed","template":"page-aboutus.php","meta":{"_acf_changed":false,"cybocfi_hide_featured_image":"","footnotes":""},"class_list":["post-14533","page","type-page","status-publish","hentry"],"acf":[],"aioseo_notices":[],"yoast_head":"<!-- This site is optimized with the Yoast SEO plugin v27.4 - https:\/\/yoast.com\/product\/yoast-seo-wordpress\/ -->\n<title>O n\u00e1s - Global Listings<\/title>\n<meta name=\"robots\" content=\"index, follow, max-snippet:-1, max-image-preview:large, max-video-preview:-1\" \/>\n<link rel=\"canonical\" href=\"https:\/\/www.globallistings.info\/cs\/o-nas\/\" \/>\n<meta property=\"og:locale\" content=\"cs_CZ\" \/>\n<meta property=\"og:type\" content=\"article\" \/>\n<meta property=\"og:title\" content=\"O n\u00e1s - Global Listings\" \/>\n<meta property=\"og:description\" content=\"Thalia Droussioti V\u00fdkonn\u00e1 \u0159editelka Thalia Droussioti je dr\u017eitelka mezin\u00e1rodn\u00edho ocen\u011bn\u00ed Women in Business a zakladatelka a v\u00fdkonn\u00e1 \u0159editelka Global Listings. Thalia je b\u00fdvalou autorkou a redaktorkou televizn\u00edch text\u016f, kter\u00e1 stvo\u0159ila Global Listings d\u00edky v\u00edce ne\u017e 25 let\u016fm zku\u0161enost\u00ed z oboru televizn\u00ed z\u00e1bavy. Global Listings je postaveno nejen na v\u00e1\u0161ni pro dokonalost a skute\u010dn\u00e9 l\u00e1sce k [&hellip;]\" \/>\n<meta property=\"og:url\" content=\"https:\/\/www.globallistings.info\/cs\/o-nas\/\" \/>\n<meta property=\"og:site_name\" content=\"Global Listings\" \/>\n<meta property=\"article:modified_time\" content=\"2017-11-27T12:56:27+00:00\" \/>\n<meta property=\"og:image\" content=\"http:\/\/www.globallistings.info\/app\/uploads\/2017\/01\/T.jpg\" \/>\n<meta name=\"twitter:card\" content=\"summary_large_image\" \/>\n<meta name=\"twitter:label1\" content=\"Est. reading time\" \/>\n\t<meta name=\"twitter:data1\" content=\"2 minutes\" \/>\n<script type=\"application\/ld+json\" class=\"yoast-schema-graph\">{\"@context\":\"https:\\\/\\\/schema.org\",\"@graph\":[{\"@type\":\"WebPage\",\"@id\":\"https:\\\/\\\/www.globallistings.info\\\/cs\\\/o-nas\\\/\",\"url\":\"https:\\\/\\\/www.globallistings.info\\\/cs\\\/o-nas\\\/\",\"name\":\"O n\u00e1s - Global Listings\",\"isPartOf\":{\"@id\":\"https:\\\/\\\/www.globallistings.info\\\/ar\\\/#website\"},\"primaryImageOfPage\":{\"@id\":\"https:\\\/\\\/www.globallistings.info\\\/cs\\\/o-nas\\\/#primaryimage\"},\"image\":{\"@id\":\"https:\\\/\\\/www.globallistings.info\\\/cs\\\/o-nas\\\/#primaryimage\"},\"thumbnailUrl\":\"http:\\\/\\\/www.globallistings.info\\\/app\\\/uploads\\\/2017\\\/01\\\/T.jpg\",\"datePublished\":\"2017-03-16T17:48:32+00:00\",\"dateModified\":\"2017-11-27T12:56:27+00:00\",\"breadcrumb\":{\"@id\":\"https:\\\/\\\/www.globallistings.info\\\/cs\\\/o-nas\\\/#breadcrumb\"},\"inLanguage\":\"cs-CZ\",\"potentialAction\":[{\"@type\":\"ReadAction\",\"target\":[\"https:\\\/\\\/www.globallistings.info\\\/cs\\\/o-nas\\\/\"]}]},{\"@type\":\"ImageObject\",\"inLanguage\":\"cs-CZ\",\"@id\":\"https:\\\/\\\/www.globallistings.info\\\/cs\\\/o-nas\\\/#primaryimage\",\"url\":\"http:\\\/\\\/www.globallistings.info\\\/app\\\/uploads\\\/2017\\\/01\\\/T.jpg\",\"contentUrl\":\"http:\\\/\\\/www.globallistings.info\\\/app\\\/uploads\\\/2017\\\/01\\\/T.jpg\"},{\"@type\":\"BreadcrumbList\",\"@id\":\"https:\\\/\\\/www.globallistings.info\\\/cs\\\/o-nas\\\/#breadcrumb\",\"itemListElement\":[{\"@type\":\"ListItem\",\"position\":1,\"name\":\"Home\",\"item\":\"https:\\\/\\\/www.globallistings.info\\\/cs\\\/\"},{\"@type\":\"ListItem\",\"position\":2,\"name\":\"O n\u00e1s\"}]},{\"@type\":\"WebSite\",\"@id\":\"https:\\\/\\\/www.globallistings.info\\\/ar\\\/#website\",\"url\":\"https:\\\/\\\/www.globallistings.info\\\/ar\\\/\",\"name\":\"Global Listings\",\"description\":\"\",\"potentialAction\":[{\"@type\":\"SearchAction\",\"target\":{\"@type\":\"EntryPoint\",\"urlTemplate\":\"https:\\\/\\\/www.globallistings.info\\\/ar\\\/?s={search_term_string}\"},\"query-input\":{\"@type\":\"PropertyValueSpecification\",\"valueRequired\":true,\"valueName\":\"search_term_string\"}}],\"inLanguage\":\"cs-CZ\"}]}<\/script>\n<!-- \/ Yoast SEO plugin. -->","yoast_head_json":{"title":"O n\u00e1s - Global Listings","robots":{"index":"index","follow":"follow","max-snippet":"max-snippet:-1","max-image-preview":"max-image-preview:large","max-video-preview":"max-video-preview:-1"},"canonical":"https:\/\/www.globallistings.info\/cs\/o-nas\/","og_locale":"cs_CZ","og_type":"article","og_title":"O n\u00e1s - Global Listings","og_description":"Thalia Droussioti V\u00fdkonn\u00e1 \u0159editelka Thalia Droussioti je dr\u017eitelka mezin\u00e1rodn\u00edho ocen\u011bn\u00ed Women in Business a zakladatelka a v\u00fdkonn\u00e1 \u0159editelka Global Listings. Thalia je b\u00fdvalou autorkou a redaktorkou televizn\u00edch text\u016f, kter\u00e1 stvo\u0159ila Global Listings d\u00edky v\u00edce ne\u017e 25 let\u016fm zku\u0161enost\u00ed z oboru televizn\u00ed z\u00e1bavy. Global Listings je postaveno nejen na v\u00e1\u0161ni pro dokonalost a skute\u010dn\u00e9 l\u00e1sce k [&hellip;]","og_url":"https:\/\/www.globallistings.info\/cs\/o-nas\/","og_site_name":"Global Listings","article_modified_time":"2017-11-27T12:56:27+00:00","og_image":[{"url":"http:\/\/www.globallistings.info\/app\/uploads\/2017\/01\/T.jpg","type":"","width":"","height":""}],"twitter_card":"summary_large_image","twitter_misc":{"Est. reading time":"2 minutes"},"schema":{"@context":"https:\/\/schema.org","@graph":[{"@type":"WebPage","@id":"https:\/\/www.globallistings.info\/cs\/o-nas\/","url":"https:\/\/www.globallistings.info\/cs\/o-nas\/","name":"O n\u00e1s - Global Listings","isPartOf":{"@id":"https:\/\/www.globallistings.info\/ar\/#website"},"primaryImageOfPage":{"@id":"https:\/\/www.globallistings.info\/cs\/o-nas\/#primaryimage"},"image":{"@id":"https:\/\/www.globallistings.info\/cs\/o-nas\/#primaryimage"},"thumbnailUrl":"http:\/\/www.globallistings.info\/app\/uploads\/2017\/01\/T.jpg","datePublished":"2017-03-16T17:48:32+00:00","dateModified":"2017-11-27T12:56:27+00:00","breadcrumb":{"@id":"https:\/\/www.globallistings.info\/cs\/o-nas\/#breadcrumb"},"inLanguage":"cs-CZ","potentialAction":[{"@type":"ReadAction","target":["https:\/\/www.globallistings.info\/cs\/o-nas\/"]}]},{"@type":"ImageObject","inLanguage":"cs-CZ","@id":"https:\/\/www.globallistings.info\/cs\/o-nas\/#primaryimage","url":"http:\/\/www.globallistings.info\/app\/uploads\/2017\/01\/T.jpg","contentUrl":"http:\/\/www.globallistings.info\/app\/uploads\/2017\/01\/T.jpg"},{"@type":"BreadcrumbList","@id":"https:\/\/www.globallistings.info\/cs\/o-nas\/#breadcrumb","itemListElement":[{"@type":"ListItem","position":1,"name":"Home","item":"https:\/\/www.globallistings.info\/cs\/"},{"@type":"ListItem","position":2,"name":"O n\u00e1s"}]},{"@type":"WebSite","@id":"https:\/\/www.globallistings.info\/ar\/#website","url":"https:\/\/www.globallistings.info\/ar\/","name":"Global Listings","description":"","potentialAction":[{"@type":"SearchAction","target":{"@type":"EntryPoint","urlTemplate":"https:\/\/www.globallistings.info\/ar\/?s={search_term_string}"},"query-input":{"@type":"PropertyValueSpecification","valueRequired":true,"valueName":"search_term_string"}}],"inLanguage":"cs-CZ"}]}},"_links":{"self":[{"href":"https:\/\/www.globallistings.info\/cs\/wp-json\/wp\/v2\/pages\/14533","targetHints":{"allow":["GET"]}}],"collection":[{"href":"https:\/\/www.globallistings.info\/cs\/wp-json\/wp\/v2\/pages"}],"about":[{"href":"https:\/\/www.globallistings.info\/cs\/wp-json\/wp\/v2\/types\/page"}],"author":[{"embeddable":true,"href":"https:\/\/www.globallistings.info\/cs\/wp-json\/wp\/v2\/users\/1"}],"replies":[{"embeddable":true,"href":"https:\/\/www.globallistings.info\/cs\/wp-json\/wp\/v2\/comments?post=14533"}],"version-history":[{"count":0,"href":"https:\/\/www.globallistings.info\/cs\/wp-json\/wp\/v2\/pages\/14533\/revisions"}],"wp:attachment":[{"href":"https:\/\/www.globallistings.info\/cs\/wp-json\/wp\/v2\/media?parent=14533"}],"curies":[{"name":"wp","href":"https:\/\/api.w.org\/{rel}","templated":true}]}}