{"id":27078,"date":"2017-10-27T19:43:35","date_gmt":"2017-10-27T19:43:35","guid":{"rendered":"http:\/\/www.globallistings.info\/da\/tidsplaner-til-pressen\/"},"modified":"2017-11-30T21:23:04","modified_gmt":"2017-11-30T21:23:04","slug":"tidsplaner-til-pressen","status":"publish","type":"page","link":"https:\/\/www.globallistings.info\/da\/tidsplaner-til-pressen\/","title":{"rendered":"Tidsplaner til pressen"},"content":{"rendered":"<div class=\"col-4\">\n<p><img decoding=\"async\" class=\"img-circle img-responsive\" src=\"http:\/\/www.globallistings.info\/wp-content\/uploads\/2017\/10\/tuxpi.com_.1509101210-e1509101294249.jpg\" alt=\"\" \/><\/p>\n<p class=\"content\">TIDSPLANER TIL PRESSEN<\/p>\n<\/div>\n<div class=\"col-8\">\n<div class=\"content\">\n<p>Global Listings&#8217; <strong>leveringer til pressen<\/strong> i et gennemtestet og brugervenligt format, indeholder al relevant information og leveres altid til de rette kontakter, til rette tid! <\/p>\n<p>TV-journaliser og redakt\u00f8rer \u2013 b\u00e5de print og online \u2013 har travlt og holder altid fokus p\u00e5 deadlines<\/p>\n<p>Det betyder, at de altid er p\u00e5 udkig efter l\u00f8sninger, der g\u00f8r livet lettere \u2013 og broadcastere, som leverer pr\u00e6cis, hvad de har brug for<\/p>\n<p>Hvorvidt et program eller en kanal bliver pr\u00e6senteret i et magasin eller en online tv-guide, afh\u00e6nger af:<\/p>\n<p>\u2022 <strong>HVORDAN<\/strong> informationen bliver leveret?<br \/>\n\u2022 <strong>HVAD<\/strong> indholdet er?<br \/>\n\u2022 <strong>HVORN\u00c5R<\/strong> materialet ankommer?<\/p>\n<p><strong>Global Listings\u2019 tidsplaner til pressen fungerer, fordi:<\/strong><\/p>\n<p>1. De er let tilg\u00e6ngelige i et simpelt, visuelt og brugervenligt format<br \/>\n2. De er lette at l\u00e6se &#8211; klart sprog<br \/>\n3. De indeholder de rette informationer<br \/>\n4. De kan tilpasses, s\u00e5 de kan anvendes af forskellige afdelinger i enhver organisation &#8211; for eksempel nyheder, programoversigter, VOD osv.<\/p>\n<p>Hvis under pres, vil tv-journalister altid v\u00e6lge den hurtigste l\u00f8sning: Hvis de ved, at de kan f\u00e5 let og hurtig adgang til relevante informationer, er de mere tilb\u00f8jelige til at v\u00e6lge din kanal<\/p>\n<p>Global Listings forst\u00e5r den globale presse og de online mediers krav, samt hvilket indhold broadcastere har behov for at formidle til seerne <\/p>\n<\/div>\n<\/div>\n","protected":false},"excerpt":{"rendered":"<p>TIDSPLANER TIL PRESSEN Global Listings&#8217; leveringer til pressen i et gennemtestet og brugervenligt format, indeholder al relevant information og leveres altid til de rette kontakter, til rette tid! TV-journaliser og redakt\u00f8rer \u2013 b\u00e5de print og online \u2013 har travlt og holder altid fokus p\u00e5 deadlines Det betyder, at de altid er p\u00e5 udkig efter l\u00f8sninger, [&hellip;]<\/p>\n","protected":false},"author":1,"featured_media":0,"parent":0,"menu_order":465,"comment_status":"closed","ping_status":"closed","template":"page-epgs.php","meta":{"_acf_changed":false,"cybocfi_hide_featured_image":"","footnotes":""},"class_list":["post-27078","page","type-page","status-publish","hentry"],"acf":[],"aioseo_notices":[],"yoast_head":"<!-- This site is optimized with the Yoast SEO plugin v27.3 - https:\/\/yoast.com\/product\/yoast-seo-wordpress\/ -->\n<title>Tidsplaner til pressen - Global Listings<\/title>\n<meta name=\"robots\" content=\"index, follow, max-snippet:-1, max-image-preview:large, max-video-preview:-1\" \/>\n<link rel=\"canonical\" href=\"https:\/\/www.globallistings.info\/da\/tidsplaner-til-pressen\/\" \/>\n<meta property=\"og:locale\" content=\"da_DK\" \/>\n<meta property=\"og:type\" content=\"article\" \/>\n<meta property=\"og:title\" content=\"Tidsplaner til pressen - Global Listings\" \/>\n<meta property=\"og:description\" content=\"TIDSPLANER TIL PRESSEN Global Listings&#8217; leveringer til pressen i et gennemtestet og brugervenligt format, indeholder al relevant information og leveres altid til de rette kontakter, til rette tid! TV-journaliser og redakt\u00f8rer \u2013 b\u00e5de print og online \u2013 har travlt og holder altid fokus p\u00e5 deadlines Det betyder, at de altid er p\u00e5 udkig efter l\u00f8sninger, [&hellip;]\" \/>\n<meta property=\"og:url\" content=\"https:\/\/www.globallistings.info\/da\/tidsplaner-til-pressen\/\" \/>\n<meta property=\"og:site_name\" content=\"Global Listings\" \/>\n<meta property=\"article:modified_time\" content=\"2017-11-30T21:23:04+00:00\" \/>\n<meta property=\"og:image\" content=\"http:\/\/www.globallistings.info\/wp-content\/uploads\/2017\/10\/tuxpi.com_.1509101210-e1509101294249.jpg\" \/>\n<meta name=\"twitter:card\" content=\"summary_large_image\" \/>\n<meta name=\"twitter:label1\" content=\"Est. reading time\" \/>\n\t<meta name=\"twitter:data1\" content=\"1 minute\" \/>\n<script type=\"application\/ld+json\" class=\"yoast-schema-graph\">{\"@context\":\"https:\\\/\\\/schema.org\",\"@graph\":[{\"@type\":\"WebPage\",\"@id\":\"https:\\\/\\\/www.globallistings.info\\\/da\\\/tidsplaner-til-pressen\\\/\",\"url\":\"https:\\\/\\\/www.globallistings.info\\\/da\\\/tidsplaner-til-pressen\\\/\",\"name\":\"Tidsplaner til pressen - Global Listings\",\"isPartOf\":{\"@id\":\"https:\\\/\\\/www.globallistings.info\\\/ar\\\/#website\"},\"primaryImageOfPage\":{\"@id\":\"https:\\\/\\\/www.globallistings.info\\\/da\\\/tidsplaner-til-pressen\\\/#primaryimage\"},\"image\":{\"@id\":\"https:\\\/\\\/www.globallistings.info\\\/da\\\/tidsplaner-til-pressen\\\/#primaryimage\"},\"thumbnailUrl\":\"http:\\\/\\\/www.globallistings.info\\\/wp-content\\\/uploads\\\/2017\\\/10\\\/tuxpi.com_.1509101210-e1509101294249.jpg\",\"datePublished\":\"2017-10-27T19:43:35+00:00\",\"dateModified\":\"2017-11-30T21:23:04+00:00\",\"breadcrumb\":{\"@id\":\"https:\\\/\\\/www.globallistings.info\\\/da\\\/tidsplaner-til-pressen\\\/#breadcrumb\"},\"inLanguage\":\"da-DK\",\"potentialAction\":[{\"@type\":\"ReadAction\",\"target\":[\"https:\\\/\\\/www.globallistings.info\\\/da\\\/tidsplaner-til-pressen\\\/\"]}]},{\"@type\":\"ImageObject\",\"inLanguage\":\"da-DK\",\"@id\":\"https:\\\/\\\/www.globallistings.info\\\/da\\\/tidsplaner-til-pressen\\\/#primaryimage\",\"url\":\"http:\\\/\\\/www.globallistings.info\\\/wp-content\\\/uploads\\\/2017\\\/10\\\/tuxpi.com_.1509101210-e1509101294249.jpg\",\"contentUrl\":\"http:\\\/\\\/www.globallistings.info\\\/wp-content\\\/uploads\\\/2017\\\/10\\\/tuxpi.com_.1509101210-e1509101294249.jpg\"},{\"@type\":\"BreadcrumbList\",\"@id\":\"https:\\\/\\\/www.globallistings.info\\\/da\\\/tidsplaner-til-pressen\\\/#breadcrumb\",\"itemListElement\":[{\"@type\":\"ListItem\",\"position\":1,\"name\":\"Home\",\"item\":\"https:\\\/\\\/www.globallistings.info\\\/da\\\/\"},{\"@type\":\"ListItem\",\"position\":2,\"name\":\"Tidsplaner til pressen\"}]},{\"@type\":\"WebSite\",\"@id\":\"https:\\\/\\\/www.globallistings.info\\\/ar\\\/#website\",\"url\":\"https:\\\/\\\/www.globallistings.info\\\/ar\\\/\",\"name\":\"Global Listings\",\"description\":\"\",\"potentialAction\":[{\"@type\":\"SearchAction\",\"target\":{\"@type\":\"EntryPoint\",\"urlTemplate\":\"https:\\\/\\\/www.globallistings.info\\\/ar\\\/?s={search_term_string}\"},\"query-input\":{\"@type\":\"PropertyValueSpecification\",\"valueRequired\":true,\"valueName\":\"search_term_string\"}}],\"inLanguage\":\"da-DK\"}]}<\/script>\n<!-- \/ Yoast SEO plugin. -->","yoast_head_json":{"title":"Tidsplaner til pressen - Global Listings","robots":{"index":"index","follow":"follow","max-snippet":"max-snippet:-1","max-image-preview":"max-image-preview:large","max-video-preview":"max-video-preview:-1"},"canonical":"https:\/\/www.globallistings.info\/da\/tidsplaner-til-pressen\/","og_locale":"da_DK","og_type":"article","og_title":"Tidsplaner til pressen - Global Listings","og_description":"TIDSPLANER TIL PRESSEN Global Listings&#8217; leveringer til pressen i et gennemtestet og brugervenligt format, indeholder al relevant information og leveres altid til de rette kontakter, til rette tid! TV-journaliser og redakt\u00f8rer \u2013 b\u00e5de print og online \u2013 har travlt og holder altid fokus p\u00e5 deadlines Det betyder, at de altid er p\u00e5 udkig efter l\u00f8sninger, [&hellip;]","og_url":"https:\/\/www.globallistings.info\/da\/tidsplaner-til-pressen\/","og_site_name":"Global Listings","article_modified_time":"2017-11-30T21:23:04+00:00","og_image":[{"url":"http:\/\/www.globallistings.info\/wp-content\/uploads\/2017\/10\/tuxpi.com_.1509101210-e1509101294249.jpg","type":"","width":"","height":""}],"twitter_card":"summary_large_image","twitter_misc":{"Est. reading time":"1 minute"},"schema":{"@context":"https:\/\/schema.org","@graph":[{"@type":"WebPage","@id":"https:\/\/www.globallistings.info\/da\/tidsplaner-til-pressen\/","url":"https:\/\/www.globallistings.info\/da\/tidsplaner-til-pressen\/","name":"Tidsplaner til pressen - Global Listings","isPartOf":{"@id":"https:\/\/www.globallistings.info\/ar\/#website"},"primaryImageOfPage":{"@id":"https:\/\/www.globallistings.info\/da\/tidsplaner-til-pressen\/#primaryimage"},"image":{"@id":"https:\/\/www.globallistings.info\/da\/tidsplaner-til-pressen\/#primaryimage"},"thumbnailUrl":"http:\/\/www.globallistings.info\/wp-content\/uploads\/2017\/10\/tuxpi.com_.1509101210-e1509101294249.jpg","datePublished":"2017-10-27T19:43:35+00:00","dateModified":"2017-11-30T21:23:04+00:00","breadcrumb":{"@id":"https:\/\/www.globallistings.info\/da\/tidsplaner-til-pressen\/#breadcrumb"},"inLanguage":"da-DK","potentialAction":[{"@type":"ReadAction","target":["https:\/\/www.globallistings.info\/da\/tidsplaner-til-pressen\/"]}]},{"@type":"ImageObject","inLanguage":"da-DK","@id":"https:\/\/www.globallistings.info\/da\/tidsplaner-til-pressen\/#primaryimage","url":"http:\/\/www.globallistings.info\/wp-content\/uploads\/2017\/10\/tuxpi.com_.1509101210-e1509101294249.jpg","contentUrl":"http:\/\/www.globallistings.info\/wp-content\/uploads\/2017\/10\/tuxpi.com_.1509101210-e1509101294249.jpg"},{"@type":"BreadcrumbList","@id":"https:\/\/www.globallistings.info\/da\/tidsplaner-til-pressen\/#breadcrumb","itemListElement":[{"@type":"ListItem","position":1,"name":"Home","item":"https:\/\/www.globallistings.info\/da\/"},{"@type":"ListItem","position":2,"name":"Tidsplaner til pressen"}]},{"@type":"WebSite","@id":"https:\/\/www.globallistings.info\/ar\/#website","url":"https:\/\/www.globallistings.info\/ar\/","name":"Global Listings","description":"","potentialAction":[{"@type":"SearchAction","target":{"@type":"EntryPoint","urlTemplate":"https:\/\/www.globallistings.info\/ar\/?s={search_term_string}"},"query-input":{"@type":"PropertyValueSpecification","valueRequired":true,"valueName":"search_term_string"}}],"inLanguage":"da-DK"}]}},"_links":{"self":[{"href":"https:\/\/www.globallistings.info\/da\/wp-json\/wp\/v2\/pages\/27078","targetHints":{"allow":["GET"]}}],"collection":[{"href":"https:\/\/www.globallistings.info\/da\/wp-json\/wp\/v2\/pages"}],"about":[{"href":"https:\/\/www.globallistings.info\/da\/wp-json\/wp\/v2\/types\/page"}],"author":[{"embeddable":true,"href":"https:\/\/www.globallistings.info\/da\/wp-json\/wp\/v2\/users\/1"}],"replies":[{"embeddable":true,"href":"https:\/\/www.globallistings.info\/da\/wp-json\/wp\/v2\/comments?post=27078"}],"version-history":[{"count":0,"href":"https:\/\/www.globallistings.info\/da\/wp-json\/wp\/v2\/pages\/27078\/revisions"}],"wp:attachment":[{"href":"https:\/\/www.globallistings.info\/da\/wp-json\/wp\/v2\/media?parent=27078"}],"curies":[{"name":"wp","href":"https:\/\/api.w.org\/{rel}","templated":true}]}}