{"id":7817,"date":"2017-03-10T05:13:59","date_gmt":"2017-03-10T05:13:59","guid":{"rendered":"http:\/\/www.globallistings.info\/da\/highlights\/"},"modified":"2017-04-10T18:03:25","modified_gmt":"2017-04-10T18:03:25","slug":"highlights","status":"publish","type":"page","link":"https:\/\/www.globallistings.info\/da\/highlights\/","title":{"rendered":"Highlights"},"content":{"rendered":"<div class=\"col-4\">\n<p><img decoding=\"async\" class=\"img-circle img-responsive\" src=\"http:\/\/www.globallistings.info\/app\/uploads\/2016\/11\/services-3.png\" alt=\"content_photo\" \/><\/p>\n<p class=\"content\">HIGHLIGHTS<\/p>\n<\/div>\n<div class=\"col-8\">\n<div class=\"content\">\n<p>Global Listings skaber opsigtsv\u00e6kkende og m\u00e5lrettede highlightdokumenter p\u00e5 vegne af dets kunder p\u00e5 globalt plan, som distribueres til medierne i hvert land eller region, ugentligt eller m\u00e5nedligt. Vi g\u00f8r dette p\u00e5 36 forskellige sprog i flere end 145 lande<\/p>\n<p>Vores skribenter, lingvister, redakt\u00f8rer og designere skaber tekster som indkapsler hver TV-kanals essens. Dette kombineres med flotte billeder, som promoverer en kanals nye serier, s\u00e6soner og events<\/p>\n<p>Global Listings\u2019 highlightsdokumenter garanterer, at en kanals programmateriale bliver leveret til tiden og med al relevant information til de rigtige kontakter &#8211; og, m\u00e5ske allervigtigst med henblik p\u00e5 den h\u00e5rde konkurrence p\u00e5 TV-markedet, p\u00e5 en m\u00e5de s\u00e5 de skiller sig ud og sikrer maksimal d\u00e6kning b\u00e5de online og p\u00e5 print<\/p>\n<\/div>\n<\/div>\n","protected":false},"excerpt":{"rendered":"<p>HIGHLIGHTS Global Listings skaber opsigtsv\u00e6kkende og m\u00e5lrettede highlightdokumenter p\u00e5 vegne af dets kunder p\u00e5 globalt plan, som distribueres til medierne i hvert land eller region, ugentligt eller m\u00e5nedligt. Vi g\u00f8r dette p\u00e5 36 forskellige sprog i flere end 145 lande Vores skribenter, lingvister, redakt\u00f8rer og designere skaber tekster som indkapsler hver TV-kanals essens. Dette kombineres [&hellip;]<\/p>\n","protected":false},"author":1,"featured_media":0,"parent":0,"menu_order":281,"comment_status":"closed","ping_status":"closed","template":"page-highlights.php","meta":{"_acf_changed":false,"cybocfi_hide_featured_image":"","footnotes":""},"class_list":["post-7817","page","type-page","status-publish","hentry"],"acf":[],"aioseo_notices":[],"yoast_head":"<!-- This site is optimized with the Yoast SEO plugin v27.5 - https:\/\/yoast.com\/product\/yoast-seo-wordpress\/ -->\n<title>Highlights - Global Listings<\/title>\n<meta name=\"robots\" content=\"index, follow, max-snippet:-1, max-image-preview:large, max-video-preview:-1\" \/>\n<link rel=\"canonical\" href=\"https:\/\/www.globallistings.info\/da\/highlights\/\" \/>\n<meta property=\"og:locale\" content=\"da_DK\" \/>\n<meta property=\"og:type\" content=\"article\" \/>\n<meta property=\"og:title\" content=\"Highlights - Global Listings\" \/>\n<meta property=\"og:description\" content=\"HIGHLIGHTS Global Listings skaber opsigtsv\u00e6kkende og m\u00e5lrettede highlightdokumenter p\u00e5 vegne af dets kunder p\u00e5 globalt plan, som distribueres til medierne i hvert land eller region, ugentligt eller m\u00e5nedligt. Vi g\u00f8r dette p\u00e5 36 forskellige sprog i flere end 145 lande Vores skribenter, lingvister, redakt\u00f8rer og designere skaber tekster som indkapsler hver TV-kanals essens. Dette kombineres [&hellip;]\" \/>\n<meta property=\"og:url\" content=\"https:\/\/www.globallistings.info\/da\/highlights\/\" \/>\n<meta property=\"og:site_name\" content=\"Global Listings\" \/>\n<meta property=\"article:modified_time\" content=\"2017-04-10T18:03:25+00:00\" \/>\n<meta property=\"og:image\" content=\"http:\/\/www.globallistings.info\/app\/uploads\/2016\/11\/services-3.png\" \/>\n<meta name=\"twitter:card\" content=\"summary_large_image\" \/>\n<meta name=\"twitter:label1\" content=\"Est. reading time\" \/>\n\t<meta name=\"twitter:data1\" content=\"1 minute\" \/>\n<script type=\"application\/ld+json\" class=\"yoast-schema-graph\">{\"@context\":\"https:\\\/\\\/schema.org\",\"@graph\":[{\"@type\":\"WebPage\",\"@id\":\"https:\\\/\\\/www.globallistings.info\\\/da\\\/highlights\\\/\",\"url\":\"https:\\\/\\\/www.globallistings.info\\\/da\\\/highlights\\\/\",\"name\":\"Highlights - Global Listings\",\"isPartOf\":{\"@id\":\"https:\\\/\\\/www.globallistings.info\\\/ar\\\/#website\"},\"primaryImageOfPage\":{\"@id\":\"https:\\\/\\\/www.globallistings.info\\\/da\\\/highlights\\\/#primaryimage\"},\"image\":{\"@id\":\"https:\\\/\\\/www.globallistings.info\\\/da\\\/highlights\\\/#primaryimage\"},\"thumbnailUrl\":\"http:\\\/\\\/www.globallistings.info\\\/app\\\/uploads\\\/2016\\\/11\\\/services-3.png\",\"datePublished\":\"2017-03-10T05:13:59+00:00\",\"dateModified\":\"2017-04-10T18:03:25+00:00\",\"breadcrumb\":{\"@id\":\"https:\\\/\\\/www.globallistings.info\\\/da\\\/highlights\\\/#breadcrumb\"},\"inLanguage\":\"da-DK\",\"potentialAction\":[{\"@type\":\"ReadAction\",\"target\":[\"https:\\\/\\\/www.globallistings.info\\\/da\\\/highlights\\\/\"]}]},{\"@type\":\"ImageObject\",\"inLanguage\":\"da-DK\",\"@id\":\"https:\\\/\\\/www.globallistings.info\\\/da\\\/highlights\\\/#primaryimage\",\"url\":\"http:\\\/\\\/www.globallistings.info\\\/app\\\/uploads\\\/2016\\\/11\\\/services-3.png\",\"contentUrl\":\"http:\\\/\\\/www.globallistings.info\\\/app\\\/uploads\\\/2016\\\/11\\\/services-3.png\"},{\"@type\":\"BreadcrumbList\",\"@id\":\"https:\\\/\\\/www.globallistings.info\\\/da\\\/highlights\\\/#breadcrumb\",\"itemListElement\":[{\"@type\":\"ListItem\",\"position\":1,\"name\":\"Home\",\"item\":\"https:\\\/\\\/www.globallistings.info\\\/da\\\/\"},{\"@type\":\"ListItem\",\"position\":2,\"name\":\"Highlights\"}]},{\"@type\":\"WebSite\",\"@id\":\"https:\\\/\\\/www.globallistings.info\\\/ar\\\/#website\",\"url\":\"https:\\\/\\\/www.globallistings.info\\\/ar\\\/\",\"name\":\"Global Listings\",\"description\":\"\",\"potentialAction\":[{\"@type\":\"SearchAction\",\"target\":{\"@type\":\"EntryPoint\",\"urlTemplate\":\"https:\\\/\\\/www.globallistings.info\\\/ar\\\/?s={search_term_string}\"},\"query-input\":{\"@type\":\"PropertyValueSpecification\",\"valueRequired\":true,\"valueName\":\"search_term_string\"}}],\"inLanguage\":\"da-DK\"}]}<\/script>\n<!-- \/ Yoast SEO plugin. -->","yoast_head_json":{"title":"Highlights - Global Listings","robots":{"index":"index","follow":"follow","max-snippet":"max-snippet:-1","max-image-preview":"max-image-preview:large","max-video-preview":"max-video-preview:-1"},"canonical":"https:\/\/www.globallistings.info\/da\/highlights\/","og_locale":"da_DK","og_type":"article","og_title":"Highlights - Global Listings","og_description":"HIGHLIGHTS Global Listings skaber opsigtsv\u00e6kkende og m\u00e5lrettede highlightdokumenter p\u00e5 vegne af dets kunder p\u00e5 globalt plan, som distribueres til medierne i hvert land eller region, ugentligt eller m\u00e5nedligt. Vi g\u00f8r dette p\u00e5 36 forskellige sprog i flere end 145 lande Vores skribenter, lingvister, redakt\u00f8rer og designere skaber tekster som indkapsler hver TV-kanals essens. Dette kombineres [&hellip;]","og_url":"https:\/\/www.globallistings.info\/da\/highlights\/","og_site_name":"Global Listings","article_modified_time":"2017-04-10T18:03:25+00:00","og_image":[{"url":"http:\/\/www.globallistings.info\/app\/uploads\/2016\/11\/services-3.png","type":"","width":"","height":""}],"twitter_card":"summary_large_image","twitter_misc":{"Est. reading time":"1 minute"},"schema":{"@context":"https:\/\/schema.org","@graph":[{"@type":"WebPage","@id":"https:\/\/www.globallistings.info\/da\/highlights\/","url":"https:\/\/www.globallistings.info\/da\/highlights\/","name":"Highlights - Global Listings","isPartOf":{"@id":"https:\/\/www.globallistings.info\/ar\/#website"},"primaryImageOfPage":{"@id":"https:\/\/www.globallistings.info\/da\/highlights\/#primaryimage"},"image":{"@id":"https:\/\/www.globallistings.info\/da\/highlights\/#primaryimage"},"thumbnailUrl":"http:\/\/www.globallistings.info\/app\/uploads\/2016\/11\/services-3.png","datePublished":"2017-03-10T05:13:59+00:00","dateModified":"2017-04-10T18:03:25+00:00","breadcrumb":{"@id":"https:\/\/www.globallistings.info\/da\/highlights\/#breadcrumb"},"inLanguage":"da-DK","potentialAction":[{"@type":"ReadAction","target":["https:\/\/www.globallistings.info\/da\/highlights\/"]}]},{"@type":"ImageObject","inLanguage":"da-DK","@id":"https:\/\/www.globallistings.info\/da\/highlights\/#primaryimage","url":"http:\/\/www.globallistings.info\/app\/uploads\/2016\/11\/services-3.png","contentUrl":"http:\/\/www.globallistings.info\/app\/uploads\/2016\/11\/services-3.png"},{"@type":"BreadcrumbList","@id":"https:\/\/www.globallistings.info\/da\/highlights\/#breadcrumb","itemListElement":[{"@type":"ListItem","position":1,"name":"Home","item":"https:\/\/www.globallistings.info\/da\/"},{"@type":"ListItem","position":2,"name":"Highlights"}]},{"@type":"WebSite","@id":"https:\/\/www.globallistings.info\/ar\/#website","url":"https:\/\/www.globallistings.info\/ar\/","name":"Global Listings","description":"","potentialAction":[{"@type":"SearchAction","target":{"@type":"EntryPoint","urlTemplate":"https:\/\/www.globallistings.info\/ar\/?s={search_term_string}"},"query-input":{"@type":"PropertyValueSpecification","valueRequired":true,"valueName":"search_term_string"}}],"inLanguage":"da-DK"}]}},"_links":{"self":[{"href":"https:\/\/www.globallistings.info\/da\/wp-json\/wp\/v2\/pages\/7817","targetHints":{"allow":["GET"]}}],"collection":[{"href":"https:\/\/www.globallistings.info\/da\/wp-json\/wp\/v2\/pages"}],"about":[{"href":"https:\/\/www.globallistings.info\/da\/wp-json\/wp\/v2\/types\/page"}],"author":[{"embeddable":true,"href":"https:\/\/www.globallistings.info\/da\/wp-json\/wp\/v2\/users\/1"}],"replies":[{"embeddable":true,"href":"https:\/\/www.globallistings.info\/da\/wp-json\/wp\/v2\/comments?post=7817"}],"version-history":[{"count":0,"href":"https:\/\/www.globallistings.info\/da\/wp-json\/wp\/v2\/pages\/7817\/revisions"}],"wp:attachment":[{"href":"https:\/\/www.globallistings.info\/da\/wp-json\/wp\/v2\/media?parent=7817"}],"curies":[{"name":"wp","href":"https:\/\/api.w.org\/{rel}","templated":true}]}}