{"id":7834,"date":"2017-03-10T05:21:49","date_gmt":"2017-03-10T05:21:49","guid":{"rendered":"http:\/\/www.globallistings.info\/da\/oversaettelser\/"},"modified":"2017-11-30T20:46:07","modified_gmt":"2017-11-30T20:46:07","slug":"oversaettelser","status":"publish","type":"page","link":"https:\/\/www.globallistings.info\/da\/oversaettelser\/","title":{"rendered":"Overs\u00e6ttelser"},"content":{"rendered":"<div class=\"col-4\">\n<p><img decoding=\"async\" class=\"img-circle img-responsive\" src=\"http:\/\/www.globallistings.info\/app\/uploads\/2017\/01\/tr.png\" alt=\"\" \/><\/p>\n<p class=\"content\">OVERS\u00c6TTELSER<\/p>\n<\/div>\n<div class=\"col-8\">\n<div class=\"content\">\n<p>Global Listings er markedsledende i TV-overs\u00e6ttelser med en tilstedev\u00e6relse i 145 lande p\u00e5 74 forskellige sprog<\/p>\n<p>Vi udnytter vores 17.000 internationale sprogredakt\u00f8rers erfaring og ekspertise hver dag &#8211; de er alle baseret lokalt over hele verden<\/p>\n<p>Vores unikke tilgang betyder, at vi er i stand til at matche en overs\u00e6tter med ikke bare et sprog, men ogs\u00e5 med en TV-kanal og specifik m\u00e5lgruppe, s\u00e5 vores kunder f\u00e5r en skr\u00e6ddersyet l\u00f8sning<\/p>\n<p>Vores internationale sprogredakt\u00f8rer tilbyder overs\u00e6ttelse af alt TV-materiale, fra korte programbeskrivelser til l\u00e6ngere tekster, og selvf\u00f8lgelig de yderst vigtige programtitler<\/p>\n<p>Vores konkurrencedygtige priser og unikke workflows betyder, at vores kunder kun betaler per oversat ord, og aldrig for den samme overs\u00e6ttelse mere end \u00e9n gang<\/p>\n<p>Bes\u00f8g vores website, <strong><a href=\"http:\/\/www.globaltranslations.info\/da\/\">Global Translations<\/a><\/strong>, for yderligere information<\/p>\n<\/div>\n<\/div>\n","protected":false},"excerpt":{"rendered":"<p>OVERS\u00c6TTELSER Global Listings er markedsledende i TV-overs\u00e6ttelser med en tilstedev\u00e6relse i 145 lande p\u00e5 74 forskellige sprog Vi udnytter vores 17.000 internationale sprogredakt\u00f8rers erfaring og ekspertise hver dag &#8211; de er alle baseret lokalt over hele verden Vores unikke tilgang betyder, at vi er i stand til at matche en overs\u00e6tter med ikke bare et [&hellip;]<\/p>\n","protected":false},"author":1,"featured_media":0,"parent":0,"menu_order":503,"comment_status":"closed","ping_status":"closed","template":"page-epgs.php","meta":{"_acf_changed":false,"cybocfi_hide_featured_image":"","footnotes":""},"class_list":["post-7834","page","type-page","status-publish","hentry"],"acf":[],"aioseo_notices":[],"yoast_head":"<!-- This site is optimized with the Yoast SEO plugin v27.3 - https:\/\/yoast.com\/product\/yoast-seo-wordpress\/ -->\n<title>Overs\u00e6ttelser - Global Listings<\/title>\n<meta name=\"robots\" content=\"index, follow, max-snippet:-1, max-image-preview:large, max-video-preview:-1\" \/>\n<link rel=\"canonical\" href=\"https:\/\/www.globallistings.info\/da\/oversaettelser\/\" \/>\n<meta property=\"og:locale\" content=\"da_DK\" \/>\n<meta property=\"og:type\" content=\"article\" \/>\n<meta property=\"og:title\" content=\"Overs\u00e6ttelser - Global Listings\" \/>\n<meta property=\"og:description\" content=\"OVERS\u00c6TTELSER Global Listings er markedsledende i TV-overs\u00e6ttelser med en tilstedev\u00e6relse i 145 lande p\u00e5 74 forskellige sprog Vi udnytter vores 17.000 internationale sprogredakt\u00f8rers erfaring og ekspertise hver dag &#8211; de er alle baseret lokalt over hele verden Vores unikke tilgang betyder, at vi er i stand til at matche en overs\u00e6tter med ikke bare et [&hellip;]\" \/>\n<meta property=\"og:url\" content=\"https:\/\/www.globallistings.info\/da\/oversaettelser\/\" \/>\n<meta property=\"og:site_name\" content=\"Global Listings\" \/>\n<meta property=\"article:modified_time\" content=\"2017-11-30T20:46:07+00:00\" \/>\n<meta property=\"og:image\" content=\"http:\/\/www.globallistings.info\/app\/uploads\/2017\/01\/tr.png\" \/>\n<meta name=\"twitter:card\" content=\"summary_large_image\" \/>\n<meta name=\"twitter:label1\" content=\"Est. reading time\" \/>\n\t<meta name=\"twitter:data1\" content=\"1 minute\" \/>\n<script type=\"application\/ld+json\" class=\"yoast-schema-graph\">{\"@context\":\"https:\\\/\\\/schema.org\",\"@graph\":[{\"@type\":\"WebPage\",\"@id\":\"https:\\\/\\\/www.globallistings.info\\\/da\\\/oversaettelser\\\/\",\"url\":\"https:\\\/\\\/www.globallistings.info\\\/da\\\/oversaettelser\\\/\",\"name\":\"Overs\u00e6ttelser - Global Listings\",\"isPartOf\":{\"@id\":\"https:\\\/\\\/www.globallistings.info\\\/ar\\\/#website\"},\"primaryImageOfPage\":{\"@id\":\"https:\\\/\\\/www.globallistings.info\\\/da\\\/oversaettelser\\\/#primaryimage\"},\"image\":{\"@id\":\"https:\\\/\\\/www.globallistings.info\\\/da\\\/oversaettelser\\\/#primaryimage\"},\"thumbnailUrl\":\"http:\\\/\\\/www.globallistings.info\\\/app\\\/uploads\\\/2017\\\/01\\\/tr.png\",\"datePublished\":\"2017-03-10T05:21:49+00:00\",\"dateModified\":\"2017-11-30T20:46:07+00:00\",\"breadcrumb\":{\"@id\":\"https:\\\/\\\/www.globallistings.info\\\/da\\\/oversaettelser\\\/#breadcrumb\"},\"inLanguage\":\"da-DK\",\"potentialAction\":[{\"@type\":\"ReadAction\",\"target\":[\"https:\\\/\\\/www.globallistings.info\\\/da\\\/oversaettelser\\\/\"]}]},{\"@type\":\"ImageObject\",\"inLanguage\":\"da-DK\",\"@id\":\"https:\\\/\\\/www.globallistings.info\\\/da\\\/oversaettelser\\\/#primaryimage\",\"url\":\"http:\\\/\\\/www.globallistings.info\\\/app\\\/uploads\\\/2017\\\/01\\\/tr.png\",\"contentUrl\":\"http:\\\/\\\/www.globallistings.info\\\/app\\\/uploads\\\/2017\\\/01\\\/tr.png\"},{\"@type\":\"BreadcrumbList\",\"@id\":\"https:\\\/\\\/www.globallistings.info\\\/da\\\/oversaettelser\\\/#breadcrumb\",\"itemListElement\":[{\"@type\":\"ListItem\",\"position\":1,\"name\":\"Home\",\"item\":\"https:\\\/\\\/www.globallistings.info\\\/da\\\/\"},{\"@type\":\"ListItem\",\"position\":2,\"name\":\"Overs\u00e6ttelser\"}]},{\"@type\":\"WebSite\",\"@id\":\"https:\\\/\\\/www.globallistings.info\\\/ar\\\/#website\",\"url\":\"https:\\\/\\\/www.globallistings.info\\\/ar\\\/\",\"name\":\"Global Listings\",\"description\":\"\",\"potentialAction\":[{\"@type\":\"SearchAction\",\"target\":{\"@type\":\"EntryPoint\",\"urlTemplate\":\"https:\\\/\\\/www.globallistings.info\\\/ar\\\/?s={search_term_string}\"},\"query-input\":{\"@type\":\"PropertyValueSpecification\",\"valueRequired\":true,\"valueName\":\"search_term_string\"}}],\"inLanguage\":\"da-DK\"}]}<\/script>\n<!-- \/ Yoast SEO plugin. -->","yoast_head_json":{"title":"Overs\u00e6ttelser - Global Listings","robots":{"index":"index","follow":"follow","max-snippet":"max-snippet:-1","max-image-preview":"max-image-preview:large","max-video-preview":"max-video-preview:-1"},"canonical":"https:\/\/www.globallistings.info\/da\/oversaettelser\/","og_locale":"da_DK","og_type":"article","og_title":"Overs\u00e6ttelser - Global Listings","og_description":"OVERS\u00c6TTELSER Global Listings er markedsledende i TV-overs\u00e6ttelser med en tilstedev\u00e6relse i 145 lande p\u00e5 74 forskellige sprog Vi udnytter vores 17.000 internationale sprogredakt\u00f8rers erfaring og ekspertise hver dag &#8211; de er alle baseret lokalt over hele verden Vores unikke tilgang betyder, at vi er i stand til at matche en overs\u00e6tter med ikke bare et [&hellip;]","og_url":"https:\/\/www.globallistings.info\/da\/oversaettelser\/","og_site_name":"Global Listings","article_modified_time":"2017-11-30T20:46:07+00:00","og_image":[{"url":"http:\/\/www.globallistings.info\/app\/uploads\/2017\/01\/tr.png","type":"","width":"","height":""}],"twitter_card":"summary_large_image","twitter_misc":{"Est. reading time":"1 minute"},"schema":{"@context":"https:\/\/schema.org","@graph":[{"@type":"WebPage","@id":"https:\/\/www.globallistings.info\/da\/oversaettelser\/","url":"https:\/\/www.globallistings.info\/da\/oversaettelser\/","name":"Overs\u00e6ttelser - Global Listings","isPartOf":{"@id":"https:\/\/www.globallistings.info\/ar\/#website"},"primaryImageOfPage":{"@id":"https:\/\/www.globallistings.info\/da\/oversaettelser\/#primaryimage"},"image":{"@id":"https:\/\/www.globallistings.info\/da\/oversaettelser\/#primaryimage"},"thumbnailUrl":"http:\/\/www.globallistings.info\/app\/uploads\/2017\/01\/tr.png","datePublished":"2017-03-10T05:21:49+00:00","dateModified":"2017-11-30T20:46:07+00:00","breadcrumb":{"@id":"https:\/\/www.globallistings.info\/da\/oversaettelser\/#breadcrumb"},"inLanguage":"da-DK","potentialAction":[{"@type":"ReadAction","target":["https:\/\/www.globallistings.info\/da\/oversaettelser\/"]}]},{"@type":"ImageObject","inLanguage":"da-DK","@id":"https:\/\/www.globallistings.info\/da\/oversaettelser\/#primaryimage","url":"http:\/\/www.globallistings.info\/app\/uploads\/2017\/01\/tr.png","contentUrl":"http:\/\/www.globallistings.info\/app\/uploads\/2017\/01\/tr.png"},{"@type":"BreadcrumbList","@id":"https:\/\/www.globallistings.info\/da\/oversaettelser\/#breadcrumb","itemListElement":[{"@type":"ListItem","position":1,"name":"Home","item":"https:\/\/www.globallistings.info\/da\/"},{"@type":"ListItem","position":2,"name":"Overs\u00e6ttelser"}]},{"@type":"WebSite","@id":"https:\/\/www.globallistings.info\/ar\/#website","url":"https:\/\/www.globallistings.info\/ar\/","name":"Global Listings","description":"","potentialAction":[{"@type":"SearchAction","target":{"@type":"EntryPoint","urlTemplate":"https:\/\/www.globallistings.info\/ar\/?s={search_term_string}"},"query-input":{"@type":"PropertyValueSpecification","valueRequired":true,"valueName":"search_term_string"}}],"inLanguage":"da-DK"}]}},"_links":{"self":[{"href":"https:\/\/www.globallistings.info\/da\/wp-json\/wp\/v2\/pages\/7834","targetHints":{"allow":["GET"]}}],"collection":[{"href":"https:\/\/www.globallistings.info\/da\/wp-json\/wp\/v2\/pages"}],"about":[{"href":"https:\/\/www.globallistings.info\/da\/wp-json\/wp\/v2\/types\/page"}],"author":[{"embeddable":true,"href":"https:\/\/www.globallistings.info\/da\/wp-json\/wp\/v2\/users\/1"}],"replies":[{"embeddable":true,"href":"https:\/\/www.globallistings.info\/da\/wp-json\/wp\/v2\/comments?post=7834"}],"version-history":[{"count":0,"href":"https:\/\/www.globallistings.info\/da\/wp-json\/wp\/v2\/pages\/7834\/revisions"}],"wp:attachment":[{"href":"https:\/\/www.globallistings.info\/da\/wp-json\/wp\/v2\/media?parent=7834"}],"curies":[{"name":"wp","href":"https:\/\/api.w.org\/{rel}","templated":true}]}}