{"id":7836,"date":"2017-03-10T05:52:52","date_gmt":"2017-03-10T05:52:52","guid":{"rendered":"http:\/\/www.globallistings.info\/da\/epg-opdateringer-hele-doegnet\/"},"modified":"2017-04-10T17:37:23","modified_gmt":"2017-04-10T17:37:23","slug":"epg-opdateringer-hele-doegnet","status":"publish","type":"page","link":"https:\/\/www.globallistings.info\/da\/epg-opdateringer-hele-doegnet\/","title":{"rendered":"EPG opdateringer hele d\u00f8gnet"},"content":{"rendered":"<div class=\"col-4\">\n<p><img decoding=\"async\" class=\"img-circle img-responsive\" src=\"http:\/\/www.globallistings.info\/app\/uploads\/2017\/01\/274-copy.png\" alt=\"\" \/><\/p>\n<p class=\"content\">EPG OPDATERINGER HELE D\u00d8GNET<\/p>\n<\/div>\n<div class=\"col-8\">\n<div class=\"content\">\n<p>Global Listings&#8217; EPG service g\u00f8r, at EPG&#8217;er kan opdateres hele d\u00f8gnet, syv dage om ugen <\/p>\n<p>Via vores specialdesignede <strong>AGiLE*<\/strong> web interface, kan broadcastere se deres kanalers live-sendeplaner, foretage haste\u00e6ndringer og sende nye EPG-data til flere forskellige TV-platforme blot ved at trykke p\u00e5 en knap <\/p>\n<p>Dette kan g\u00f8res p\u00e5 en smartphone eller tablet via vores unikke Global Listings app, eller p\u00e5 en Mac eller PC hvor som helst via internettet <\/p>\n<p>Denne service g\u00f8r ogs\u00e5 Global Listings i stand til at levere en komplet og live EPG- monitoreringsservie til liveevents, n\u00e5r og hvor som helst de sker i verden, med garanti for at en kanals EPG altid leverer fuldst\u00e6ndig korrekt information til seeren<\/p>\n<div style=\"padding-bottom: 15px\"><\/div>\n<p>*(Access Global Listings Everywhere)<\/p>\n<\/div>\n<\/div>\n","protected":false},"excerpt":{"rendered":"<p>EPG OPDATERINGER HELE D\u00d8GNET Global Listings&#8217; EPG service g\u00f8r, at EPG&#8217;er kan opdateres hele d\u00f8gnet, syv dage om ugen Via vores specialdesignede AGiLE* web interface, kan broadcastere se deres kanalers live-sendeplaner, foretage haste\u00e6ndringer og sende nye EPG-data til flere forskellige TV-platforme blot ved at trykke p\u00e5 en knap Dette kan g\u00f8res p\u00e5 en smartphone eller [&hellip;]<\/p>\n","protected":false},"author":1,"featured_media":0,"parent":0,"menu_order":17,"comment_status":"closed","ping_status":"closed","template":"page-247updates.php","meta":{"_acf_changed":false,"cybocfi_hide_featured_image":"","footnotes":""},"class_list":["post-7836","page","type-page","status-publish","hentry"],"acf":[],"aioseo_notices":[],"yoast_head":"<!-- This site is optimized with the Yoast SEO plugin v27.3 - https:\/\/yoast.com\/product\/yoast-seo-wordpress\/ -->\n<title>EPG opdateringer hele d\u00f8gnet - Global Listings<\/title>\n<meta name=\"robots\" content=\"index, follow, max-snippet:-1, max-image-preview:large, max-video-preview:-1\" \/>\n<link rel=\"canonical\" href=\"https:\/\/www.globallistings.info\/da\/epg-opdateringer-hele-doegnet\/\" \/>\n<meta property=\"og:locale\" content=\"da_DK\" \/>\n<meta property=\"og:type\" content=\"article\" \/>\n<meta property=\"og:title\" content=\"EPG opdateringer hele d\u00f8gnet - Global Listings\" \/>\n<meta property=\"og:description\" content=\"EPG OPDATERINGER HELE D\u00d8GNET Global Listings&#8217; EPG service g\u00f8r, at EPG&#8217;er kan opdateres hele d\u00f8gnet, syv dage om ugen Via vores specialdesignede AGiLE* web interface, kan broadcastere se deres kanalers live-sendeplaner, foretage haste\u00e6ndringer og sende nye EPG-data til flere forskellige TV-platforme blot ved at trykke p\u00e5 en knap Dette kan g\u00f8res p\u00e5 en smartphone eller [&hellip;]\" \/>\n<meta property=\"og:url\" content=\"https:\/\/www.globallistings.info\/da\/epg-opdateringer-hele-doegnet\/\" \/>\n<meta property=\"og:site_name\" content=\"Global Listings\" \/>\n<meta property=\"article:modified_time\" content=\"2017-04-10T17:37:23+00:00\" \/>\n<meta property=\"og:image\" content=\"http:\/\/www.globallistings.info\/app\/uploads\/2017\/01\/274-copy.png\" \/>\n<meta name=\"twitter:card\" content=\"summary_large_image\" \/>\n<meta name=\"twitter:label1\" content=\"Est. reading time\" \/>\n\t<meta name=\"twitter:data1\" content=\"1 minute\" \/>\n<script type=\"application\/ld+json\" class=\"yoast-schema-graph\">{\"@context\":\"https:\\\/\\\/schema.org\",\"@graph\":[{\"@type\":\"WebPage\",\"@id\":\"https:\\\/\\\/www.globallistings.info\\\/da\\\/epg-opdateringer-hele-doegnet\\\/\",\"url\":\"https:\\\/\\\/www.globallistings.info\\\/da\\\/epg-opdateringer-hele-doegnet\\\/\",\"name\":\"EPG opdateringer hele d\u00f8gnet - Global Listings\",\"isPartOf\":{\"@id\":\"https:\\\/\\\/www.globallistings.info\\\/ar\\\/#website\"},\"primaryImageOfPage\":{\"@id\":\"https:\\\/\\\/www.globallistings.info\\\/da\\\/epg-opdateringer-hele-doegnet\\\/#primaryimage\"},\"image\":{\"@id\":\"https:\\\/\\\/www.globallistings.info\\\/da\\\/epg-opdateringer-hele-doegnet\\\/#primaryimage\"},\"thumbnailUrl\":\"http:\\\/\\\/www.globallistings.info\\\/app\\\/uploads\\\/2017\\\/01\\\/274-copy.png\",\"datePublished\":\"2017-03-10T05:52:52+00:00\",\"dateModified\":\"2017-04-10T17:37:23+00:00\",\"breadcrumb\":{\"@id\":\"https:\\\/\\\/www.globallistings.info\\\/da\\\/epg-opdateringer-hele-doegnet\\\/#breadcrumb\"},\"inLanguage\":\"da-DK\",\"potentialAction\":[{\"@type\":\"ReadAction\",\"target\":[\"https:\\\/\\\/www.globallistings.info\\\/da\\\/epg-opdateringer-hele-doegnet\\\/\"]}]},{\"@type\":\"ImageObject\",\"inLanguage\":\"da-DK\",\"@id\":\"https:\\\/\\\/www.globallistings.info\\\/da\\\/epg-opdateringer-hele-doegnet\\\/#primaryimage\",\"url\":\"http:\\\/\\\/www.globallistings.info\\\/app\\\/uploads\\\/2017\\\/01\\\/274-copy.png\",\"contentUrl\":\"http:\\\/\\\/www.globallistings.info\\\/app\\\/uploads\\\/2017\\\/01\\\/274-copy.png\"},{\"@type\":\"BreadcrumbList\",\"@id\":\"https:\\\/\\\/www.globallistings.info\\\/da\\\/epg-opdateringer-hele-doegnet\\\/#breadcrumb\",\"itemListElement\":[{\"@type\":\"ListItem\",\"position\":1,\"name\":\"Home\",\"item\":\"https:\\\/\\\/www.globallistings.info\\\/da\\\/\"},{\"@type\":\"ListItem\",\"position\":2,\"name\":\"EPG opdateringer hele d\u00f8gnet\"}]},{\"@type\":\"WebSite\",\"@id\":\"https:\\\/\\\/www.globallistings.info\\\/ar\\\/#website\",\"url\":\"https:\\\/\\\/www.globallistings.info\\\/ar\\\/\",\"name\":\"Global Listings\",\"description\":\"\",\"potentialAction\":[{\"@type\":\"SearchAction\",\"target\":{\"@type\":\"EntryPoint\",\"urlTemplate\":\"https:\\\/\\\/www.globallistings.info\\\/ar\\\/?s={search_term_string}\"},\"query-input\":{\"@type\":\"PropertyValueSpecification\",\"valueRequired\":true,\"valueName\":\"search_term_string\"}}],\"inLanguage\":\"da-DK\"}]}<\/script>\n<!-- \/ Yoast SEO plugin. -->","yoast_head_json":{"title":"EPG opdateringer hele d\u00f8gnet - Global Listings","robots":{"index":"index","follow":"follow","max-snippet":"max-snippet:-1","max-image-preview":"max-image-preview:large","max-video-preview":"max-video-preview:-1"},"canonical":"https:\/\/www.globallistings.info\/da\/epg-opdateringer-hele-doegnet\/","og_locale":"da_DK","og_type":"article","og_title":"EPG opdateringer hele d\u00f8gnet - Global Listings","og_description":"EPG OPDATERINGER HELE D\u00d8GNET Global Listings&#8217; EPG service g\u00f8r, at EPG&#8217;er kan opdateres hele d\u00f8gnet, syv dage om ugen Via vores specialdesignede AGiLE* web interface, kan broadcastere se deres kanalers live-sendeplaner, foretage haste\u00e6ndringer og sende nye EPG-data til flere forskellige TV-platforme blot ved at trykke p\u00e5 en knap Dette kan g\u00f8res p\u00e5 en smartphone eller [&hellip;]","og_url":"https:\/\/www.globallistings.info\/da\/epg-opdateringer-hele-doegnet\/","og_site_name":"Global Listings","article_modified_time":"2017-04-10T17:37:23+00:00","og_image":[{"url":"http:\/\/www.globallistings.info\/app\/uploads\/2017\/01\/274-copy.png","type":"","width":"","height":""}],"twitter_card":"summary_large_image","twitter_misc":{"Est. reading time":"1 minute"},"schema":{"@context":"https:\/\/schema.org","@graph":[{"@type":"WebPage","@id":"https:\/\/www.globallistings.info\/da\/epg-opdateringer-hele-doegnet\/","url":"https:\/\/www.globallistings.info\/da\/epg-opdateringer-hele-doegnet\/","name":"EPG opdateringer hele d\u00f8gnet - Global Listings","isPartOf":{"@id":"https:\/\/www.globallistings.info\/ar\/#website"},"primaryImageOfPage":{"@id":"https:\/\/www.globallistings.info\/da\/epg-opdateringer-hele-doegnet\/#primaryimage"},"image":{"@id":"https:\/\/www.globallistings.info\/da\/epg-opdateringer-hele-doegnet\/#primaryimage"},"thumbnailUrl":"http:\/\/www.globallistings.info\/app\/uploads\/2017\/01\/274-copy.png","datePublished":"2017-03-10T05:52:52+00:00","dateModified":"2017-04-10T17:37:23+00:00","breadcrumb":{"@id":"https:\/\/www.globallistings.info\/da\/epg-opdateringer-hele-doegnet\/#breadcrumb"},"inLanguage":"da-DK","potentialAction":[{"@type":"ReadAction","target":["https:\/\/www.globallistings.info\/da\/epg-opdateringer-hele-doegnet\/"]}]},{"@type":"ImageObject","inLanguage":"da-DK","@id":"https:\/\/www.globallistings.info\/da\/epg-opdateringer-hele-doegnet\/#primaryimage","url":"http:\/\/www.globallistings.info\/app\/uploads\/2017\/01\/274-copy.png","contentUrl":"http:\/\/www.globallistings.info\/app\/uploads\/2017\/01\/274-copy.png"},{"@type":"BreadcrumbList","@id":"https:\/\/www.globallistings.info\/da\/epg-opdateringer-hele-doegnet\/#breadcrumb","itemListElement":[{"@type":"ListItem","position":1,"name":"Home","item":"https:\/\/www.globallistings.info\/da\/"},{"@type":"ListItem","position":2,"name":"EPG opdateringer hele d\u00f8gnet"}]},{"@type":"WebSite","@id":"https:\/\/www.globallistings.info\/ar\/#website","url":"https:\/\/www.globallistings.info\/ar\/","name":"Global Listings","description":"","potentialAction":[{"@type":"SearchAction","target":{"@type":"EntryPoint","urlTemplate":"https:\/\/www.globallistings.info\/ar\/?s={search_term_string}"},"query-input":{"@type":"PropertyValueSpecification","valueRequired":true,"valueName":"search_term_string"}}],"inLanguage":"da-DK"}]}},"_links":{"self":[{"href":"https:\/\/www.globallistings.info\/da\/wp-json\/wp\/v2\/pages\/7836","targetHints":{"allow":["GET"]}}],"collection":[{"href":"https:\/\/www.globallistings.info\/da\/wp-json\/wp\/v2\/pages"}],"about":[{"href":"https:\/\/www.globallistings.info\/da\/wp-json\/wp\/v2\/types\/page"}],"author":[{"embeddable":true,"href":"https:\/\/www.globallistings.info\/da\/wp-json\/wp\/v2\/users\/1"}],"replies":[{"embeddable":true,"href":"https:\/\/www.globallistings.info\/da\/wp-json\/wp\/v2\/comments?post=7836"}],"version-history":[{"count":0,"href":"https:\/\/www.globallistings.info\/da\/wp-json\/wp\/v2\/pages\/7836\/revisions"}],"wp:attachment":[{"href":"https:\/\/www.globallistings.info\/da\/wp-json\/wp\/v2\/media?parent=7836"}],"curies":[{"name":"wp","href":"https:\/\/api.w.org\/{rel}","templated":true}]}}