{"id":8510,"date":"2017-03-10T18:25:22","date_gmt":"2017-03-10T18:25:22","guid":{"rendered":"http:\/\/www.globallistings.info\/da\/global-distribution\/"},"modified":"2017-11-30T21:27:47","modified_gmt":"2017-11-30T21:27:47","slug":"global-distribution","status":"publish","type":"page","link":"https:\/\/www.globallistings.info\/da\/global-distribution\/","title":{"rendered":"Global distribution"},"content":{"rendered":"<div class=\"col-4\">\n<p><img decoding=\"async\" class=\"img-circle img-responsive\" src=\"http:\/\/www.globallistings.info\/app\/uploads\/2017\/02\/hand.png\" alt=\"content-photo\" \/><\/p>\n<p class=\"content\">GLOBAL DISTRIBUTION<\/p>\n<\/div>\n<div class=\"col-8\">\n<div class=\"content\">\n<p>Hos Global Listings ved vi, at det ikke nytter noget at have verdens bedste indhold, hvis du ikke kommunikerer det til de rette modtagere p\u00e5 det rette tidspunkt &#8211; for s\u00e5 f\u00e5r du ikke den medied\u00e6kning, dine programmer fortjener<\/p>\n<p>Vi kan kreere m\u00e5lrettede distributionslister i realtid, per land, for at distribuere dit programindhold til de rette kontakter, til tiden hver eneste gang<\/p>\n<p>Vores ekstensive erfaring, i kombination med vores adgang til de vigtigste mediekontakter i verden, betyder at vi kan tilbyde vore kunder en uforlignelig distributionsservice<\/p>\n<p>Ved hj\u00e6lp af vores centrale database samt viden om mediedeadlines for TV-data p\u00e5 verdensplan, leverer vi materiale s\u00e5 let som ved et tryk p\u00e5 en knap, og sender det direkte til de relevante kontakter, altid p\u00e5 rette tidspunkt<\/p>\n<p>Vi ikke bare skaber en m\u00e5lrettet email distributionsliste fra bunden, vi kan ogs\u00e5 tilbyde en komplet analyseservice af vore kunders eksisterende mailinglister for at sikre os, at de indeholder alle relevante mediekontakter og modtagere i deres specifikke land<\/p>\n<p>Og n\u00e5r listen er f\u00e6rdig, s\u00f8rger vi naturligvis for, at den altid er fuldt opdateret via hyppige gennemgange og opdateringer efter behov<\/p>\n<\/div>\n<\/div>\n","protected":false},"excerpt":{"rendered":"<p>GLOBAL DISTRIBUTION Hos Global Listings ved vi, at det ikke nytter noget at have verdens bedste indhold, hvis du ikke kommunikerer det til de rette modtagere p\u00e5 det rette tidspunkt &#8211; for s\u00e5 f\u00e5r du ikke den medied\u00e6kning, dine programmer fortjener Vi kan kreere m\u00e5lrettede distributionslister i realtid, per land, for at distribuere dit programindhold [&hellip;]<\/p>\n","protected":false},"author":1,"featured_media":0,"parent":0,"menu_order":229,"comment_status":"closed","ping_status":"closed","template":"page-globaldistribution.php","meta":{"_acf_changed":false,"cybocfi_hide_featured_image":"","footnotes":""},"class_list":["post-8510","page","type-page","status-publish","hentry"],"acf":[],"aioseo_notices":[],"yoast_head":"<!-- This site is optimized with the Yoast SEO plugin v27.4 - https:\/\/yoast.com\/product\/yoast-seo-wordpress\/ -->\n<title>Global distribution - Global Listings<\/title>\n<meta name=\"robots\" content=\"index, follow, max-snippet:-1, max-image-preview:large, max-video-preview:-1\" \/>\n<link rel=\"canonical\" href=\"https:\/\/www.globallistings.info\/da\/global-distribution\/\" \/>\n<meta property=\"og:locale\" content=\"da_DK\" \/>\n<meta property=\"og:type\" content=\"article\" \/>\n<meta property=\"og:title\" content=\"Global distribution - Global Listings\" \/>\n<meta property=\"og:description\" content=\"GLOBAL DISTRIBUTION Hos Global Listings ved vi, at det ikke nytter noget at have verdens bedste indhold, hvis du ikke kommunikerer det til de rette modtagere p\u00e5 det rette tidspunkt &#8211; for s\u00e5 f\u00e5r du ikke den medied\u00e6kning, dine programmer fortjener Vi kan kreere m\u00e5lrettede distributionslister i realtid, per land, for at distribuere dit programindhold [&hellip;]\" \/>\n<meta property=\"og:url\" content=\"https:\/\/www.globallistings.info\/da\/global-distribution\/\" \/>\n<meta property=\"og:site_name\" content=\"Global Listings\" \/>\n<meta property=\"article:modified_time\" content=\"2017-11-30T21:27:47+00:00\" \/>\n<meta property=\"og:image\" content=\"http:\/\/www.globallistings.info\/app\/uploads\/2017\/02\/hand.png\" \/>\n<meta name=\"twitter:card\" content=\"summary_large_image\" \/>\n<meta name=\"twitter:label1\" content=\"Est. reading time\" \/>\n\t<meta name=\"twitter:data1\" content=\"1 minute\" \/>\n<script type=\"application\/ld+json\" class=\"yoast-schema-graph\">{\"@context\":\"https:\\\/\\\/schema.org\",\"@graph\":[{\"@type\":\"WebPage\",\"@id\":\"https:\\\/\\\/www.globallistings.info\\\/da\\\/global-distribution\\\/\",\"url\":\"https:\\\/\\\/www.globallistings.info\\\/da\\\/global-distribution\\\/\",\"name\":\"Global distribution - Global Listings\",\"isPartOf\":{\"@id\":\"https:\\\/\\\/www.globallistings.info\\\/ar\\\/#website\"},\"primaryImageOfPage\":{\"@id\":\"https:\\\/\\\/www.globallistings.info\\\/da\\\/global-distribution\\\/#primaryimage\"},\"image\":{\"@id\":\"https:\\\/\\\/www.globallistings.info\\\/da\\\/global-distribution\\\/#primaryimage\"},\"thumbnailUrl\":\"http:\\\/\\\/www.globallistings.info\\\/app\\\/uploads\\\/2017\\\/02\\\/hand.png\",\"datePublished\":\"2017-03-10T18:25:22+00:00\",\"dateModified\":\"2017-11-30T21:27:47+00:00\",\"breadcrumb\":{\"@id\":\"https:\\\/\\\/www.globallistings.info\\\/da\\\/global-distribution\\\/#breadcrumb\"},\"inLanguage\":\"da-DK\",\"potentialAction\":[{\"@type\":\"ReadAction\",\"target\":[\"https:\\\/\\\/www.globallistings.info\\\/da\\\/global-distribution\\\/\"]}]},{\"@type\":\"ImageObject\",\"inLanguage\":\"da-DK\",\"@id\":\"https:\\\/\\\/www.globallistings.info\\\/da\\\/global-distribution\\\/#primaryimage\",\"url\":\"http:\\\/\\\/www.globallistings.info\\\/app\\\/uploads\\\/2017\\\/02\\\/hand.png\",\"contentUrl\":\"http:\\\/\\\/www.globallistings.info\\\/app\\\/uploads\\\/2017\\\/02\\\/hand.png\"},{\"@type\":\"BreadcrumbList\",\"@id\":\"https:\\\/\\\/www.globallistings.info\\\/da\\\/global-distribution\\\/#breadcrumb\",\"itemListElement\":[{\"@type\":\"ListItem\",\"position\":1,\"name\":\"Home\",\"item\":\"https:\\\/\\\/www.globallistings.info\\\/da\\\/\"},{\"@type\":\"ListItem\",\"position\":2,\"name\":\"Global distribution\"}]},{\"@type\":\"WebSite\",\"@id\":\"https:\\\/\\\/www.globallistings.info\\\/ar\\\/#website\",\"url\":\"https:\\\/\\\/www.globallistings.info\\\/ar\\\/\",\"name\":\"Global Listings\",\"description\":\"\",\"potentialAction\":[{\"@type\":\"SearchAction\",\"target\":{\"@type\":\"EntryPoint\",\"urlTemplate\":\"https:\\\/\\\/www.globallistings.info\\\/ar\\\/?s={search_term_string}\"},\"query-input\":{\"@type\":\"PropertyValueSpecification\",\"valueRequired\":true,\"valueName\":\"search_term_string\"}}],\"inLanguage\":\"da-DK\"}]}<\/script>\n<!-- \/ Yoast SEO plugin. -->","yoast_head_json":{"title":"Global distribution - Global Listings","robots":{"index":"index","follow":"follow","max-snippet":"max-snippet:-1","max-image-preview":"max-image-preview:large","max-video-preview":"max-video-preview:-1"},"canonical":"https:\/\/www.globallistings.info\/da\/global-distribution\/","og_locale":"da_DK","og_type":"article","og_title":"Global distribution - Global Listings","og_description":"GLOBAL DISTRIBUTION Hos Global Listings ved vi, at det ikke nytter noget at have verdens bedste indhold, hvis du ikke kommunikerer det til de rette modtagere p\u00e5 det rette tidspunkt &#8211; for s\u00e5 f\u00e5r du ikke den medied\u00e6kning, dine programmer fortjener Vi kan kreere m\u00e5lrettede distributionslister i realtid, per land, for at distribuere dit programindhold [&hellip;]","og_url":"https:\/\/www.globallistings.info\/da\/global-distribution\/","og_site_name":"Global Listings","article_modified_time":"2017-11-30T21:27:47+00:00","og_image":[{"url":"http:\/\/www.globallistings.info\/app\/uploads\/2017\/02\/hand.png","type":"","width":"","height":""}],"twitter_card":"summary_large_image","twitter_misc":{"Est. reading time":"1 minute"},"schema":{"@context":"https:\/\/schema.org","@graph":[{"@type":"WebPage","@id":"https:\/\/www.globallistings.info\/da\/global-distribution\/","url":"https:\/\/www.globallistings.info\/da\/global-distribution\/","name":"Global distribution - Global Listings","isPartOf":{"@id":"https:\/\/www.globallistings.info\/ar\/#website"},"primaryImageOfPage":{"@id":"https:\/\/www.globallistings.info\/da\/global-distribution\/#primaryimage"},"image":{"@id":"https:\/\/www.globallistings.info\/da\/global-distribution\/#primaryimage"},"thumbnailUrl":"http:\/\/www.globallistings.info\/app\/uploads\/2017\/02\/hand.png","datePublished":"2017-03-10T18:25:22+00:00","dateModified":"2017-11-30T21:27:47+00:00","breadcrumb":{"@id":"https:\/\/www.globallistings.info\/da\/global-distribution\/#breadcrumb"},"inLanguage":"da-DK","potentialAction":[{"@type":"ReadAction","target":["https:\/\/www.globallistings.info\/da\/global-distribution\/"]}]},{"@type":"ImageObject","inLanguage":"da-DK","@id":"https:\/\/www.globallistings.info\/da\/global-distribution\/#primaryimage","url":"http:\/\/www.globallistings.info\/app\/uploads\/2017\/02\/hand.png","contentUrl":"http:\/\/www.globallistings.info\/app\/uploads\/2017\/02\/hand.png"},{"@type":"BreadcrumbList","@id":"https:\/\/www.globallistings.info\/da\/global-distribution\/#breadcrumb","itemListElement":[{"@type":"ListItem","position":1,"name":"Home","item":"https:\/\/www.globallistings.info\/da\/"},{"@type":"ListItem","position":2,"name":"Global distribution"}]},{"@type":"WebSite","@id":"https:\/\/www.globallistings.info\/ar\/#website","url":"https:\/\/www.globallistings.info\/ar\/","name":"Global Listings","description":"","potentialAction":[{"@type":"SearchAction","target":{"@type":"EntryPoint","urlTemplate":"https:\/\/www.globallistings.info\/ar\/?s={search_term_string}"},"query-input":{"@type":"PropertyValueSpecification","valueRequired":true,"valueName":"search_term_string"}}],"inLanguage":"da-DK"}]}},"_links":{"self":[{"href":"https:\/\/www.globallistings.info\/da\/wp-json\/wp\/v2\/pages\/8510","targetHints":{"allow":["GET"]}}],"collection":[{"href":"https:\/\/www.globallistings.info\/da\/wp-json\/wp\/v2\/pages"}],"about":[{"href":"https:\/\/www.globallistings.info\/da\/wp-json\/wp\/v2\/types\/page"}],"author":[{"embeddable":true,"href":"https:\/\/www.globallistings.info\/da\/wp-json\/wp\/v2\/users\/1"}],"replies":[{"embeddable":true,"href":"https:\/\/www.globallistings.info\/da\/wp-json\/wp\/v2\/comments?post=8510"}],"version-history":[{"count":0,"href":"https:\/\/www.globallistings.info\/da\/wp-json\/wp\/v2\/pages\/8510\/revisions"}],"wp:attachment":[{"href":"https:\/\/www.globallistings.info\/da\/wp-json\/wp\/v2\/media?parent=8510"}],"curies":[{"name":"wp","href":"https:\/\/api.w.org\/{rel}","templated":true}]}}