{"id":16320,"date":"2017-03-18T17:25:15","date_gmt":"2017-03-18T17:25:15","guid":{"rendered":"http:\/\/www.globallistings.info\/de\/soziale-medien-social-media\/"},"modified":"2017-12-28T17:45:22","modified_gmt":"2017-12-28T17:45:22","slug":"soziale-medien-social-media","status":"publish","type":"page","link":"https:\/\/www.globallistings.info\/de\/soziale-medien-social-media\/","title":{"rendered":"Soziale Medien &#8211; Social Media"},"content":{"rendered":"<div class=\"col-4\">\n<p><img decoding=\"async\" class=\"img-circle img-responsive\" src=\"http:\/\/www.globallistings.info\/app\/uploads\/2017\/01\/sm.png\" alt=\"\" \/><\/p>\n<p class=\"content\">SOZIALE MEDIEN <\/p>\n<\/div>\n<div class=\"col-8\">\n<div class=\"content\">\n<p>Unsere fachlich kompetenten Redakteure auf der ganzen Welt sind Experten darin, Metadaten f\u00fcr die Unterhaltungsindustrie zu generieren, die dann den Fernsehzuschauern weltweit zug\u00e4nglich gemacht werden <\/p>\n<p>Unser COPE-System (Create Once, Publish Everywhere) bietet den Sendeanstalten die M\u00f6glichkeit, die Metadaten und Bilder, die wir in ihrem Auftrag erstellen und verfeinern, mit h\u00f6chstm\u00f6glicher Effizienz zu verwenden<\/p>\n<p>Dank COPE ist es Global Listings m\u00f6glich, die Daten und Bilder auf mehreren Plattformen und bei unterschiedlichen Endkunden (von Webseiten bis VOD) zu verwenden. Dabei gelingt es uns, ein \u00fcberraschendes Ma\u00df an Konsistenz und Qualit\u00e4t beizubehalten<\/p>\n<p>Das bedeutet auch, dass wir den Social Media-Streams unserer Kunden einen Mehrwert bieten k\u00f6nnen. Ob Facebook, Twitter, Instagram oder Snapchat: Markentreue Meldungen und Bilder und die aktuellen Programmdetails erm\u00f6glichen es den Sendeanstalten, die von uns erstellten Daten bestm\u00f6glich einzusetzen<\/p>\n<\/div>\n<\/div>\n","protected":false},"excerpt":{"rendered":"<p>SOZIALE MEDIEN Unsere fachlich kompetenten Redakteure auf der ganzen Welt sind Experten darin, Metadaten f\u00fcr die Unterhaltungsindustrie zu generieren, die dann den Fernsehzuschauern weltweit zug\u00e4nglich gemacht werden Unser COPE-System (Create Once, Publish Everywhere) bietet den Sendeanstalten die M\u00f6glichkeit, die Metadaten und Bilder, die wir in ihrem Auftrag erstellen und verfeinern, mit h\u00f6chstm\u00f6glicher Effizienz zu verwenden [&hellip;]<\/p>\n","protected":false},"author":1,"featured_media":0,"parent":0,"menu_order":453,"comment_status":"closed","ping_status":"closed","template":"page-epgs.php","meta":{"_acf_changed":false,"cybocfi_hide_featured_image":"","footnotes":""},"class_list":["post-16320","page","type-page","status-publish","hentry"],"acf":[],"aioseo_notices":[],"yoast_head":"<!-- This site is optimized with the Yoast SEO plugin v27.3 - https:\/\/yoast.com\/product\/yoast-seo-wordpress\/ -->\n<title>Soziale Medien - Social Media - Global Listings<\/title>\n<meta name=\"robots\" content=\"index, follow, max-snippet:-1, max-image-preview:large, max-video-preview:-1\" \/>\n<link rel=\"canonical\" href=\"https:\/\/www.globallistings.info\/de\/soziale-medien-social-media\/\" \/>\n<meta property=\"og:locale\" content=\"de_DE\" \/>\n<meta property=\"og:type\" content=\"article\" \/>\n<meta property=\"og:title\" content=\"Soziale Medien - Social Media - Global Listings\" \/>\n<meta property=\"og:description\" content=\"SOZIALE MEDIEN Unsere fachlich kompetenten Redakteure auf der ganzen Welt sind Experten darin, Metadaten f\u00fcr die Unterhaltungsindustrie zu generieren, die dann den Fernsehzuschauern weltweit zug\u00e4nglich gemacht werden Unser COPE-System (Create Once, Publish Everywhere) bietet den Sendeanstalten die M\u00f6glichkeit, die Metadaten und Bilder, die wir in ihrem Auftrag erstellen und verfeinern, mit h\u00f6chstm\u00f6glicher Effizienz zu verwenden [&hellip;]\" \/>\n<meta property=\"og:url\" content=\"https:\/\/www.globallistings.info\/de\/soziale-medien-social-media\/\" \/>\n<meta property=\"og:site_name\" content=\"Global Listings\" \/>\n<meta property=\"article:modified_time\" content=\"2017-12-28T17:45:22+00:00\" \/>\n<meta property=\"og:image\" content=\"http:\/\/www.globallistings.info\/app\/uploads\/2017\/01\/sm.png\" \/>\n<meta name=\"twitter:card\" content=\"summary_large_image\" \/>\n<meta name=\"twitter:label1\" content=\"Gesch\u00e4tzte Lesezeit\" \/>\n\t<meta name=\"twitter:data1\" content=\"1 minute\" \/>\n<script type=\"application\/ld+json\" class=\"yoast-schema-graph\">{\"@context\":\"https:\\\/\\\/schema.org\",\"@graph\":[{\"@type\":\"WebPage\",\"@id\":\"https:\\\/\\\/www.globallistings.info\\\/de\\\/soziale-medien-social-media\\\/\",\"url\":\"https:\\\/\\\/www.globallistings.info\\\/de\\\/soziale-medien-social-media\\\/\",\"name\":\"Soziale Medien - Social Media - Global Listings\",\"isPartOf\":{\"@id\":\"https:\\\/\\\/www.globallistings.info\\\/ar\\\/#website\"},\"primaryImageOfPage\":{\"@id\":\"https:\\\/\\\/www.globallistings.info\\\/de\\\/soziale-medien-social-media\\\/#primaryimage\"},\"image\":{\"@id\":\"https:\\\/\\\/www.globallistings.info\\\/de\\\/soziale-medien-social-media\\\/#primaryimage\"},\"thumbnailUrl\":\"http:\\\/\\\/www.globallistings.info\\\/app\\\/uploads\\\/2017\\\/01\\\/sm.png\",\"datePublished\":\"2017-03-18T17:25:15+00:00\",\"dateModified\":\"2017-12-28T17:45:22+00:00\",\"breadcrumb\":{\"@id\":\"https:\\\/\\\/www.globallistings.info\\\/de\\\/soziale-medien-social-media\\\/#breadcrumb\"},\"inLanguage\":\"de-DE\",\"potentialAction\":[{\"@type\":\"ReadAction\",\"target\":[\"https:\\\/\\\/www.globallistings.info\\\/de\\\/soziale-medien-social-media\\\/\"]}]},{\"@type\":\"ImageObject\",\"inLanguage\":\"de-DE\",\"@id\":\"https:\\\/\\\/www.globallistings.info\\\/de\\\/soziale-medien-social-media\\\/#primaryimage\",\"url\":\"http:\\\/\\\/www.globallistings.info\\\/app\\\/uploads\\\/2017\\\/01\\\/sm.png\",\"contentUrl\":\"http:\\\/\\\/www.globallistings.info\\\/app\\\/uploads\\\/2017\\\/01\\\/sm.png\"},{\"@type\":\"BreadcrumbList\",\"@id\":\"https:\\\/\\\/www.globallistings.info\\\/de\\\/soziale-medien-social-media\\\/#breadcrumb\",\"itemListElement\":[{\"@type\":\"ListItem\",\"position\":1,\"name\":\"Home\",\"item\":\"https:\\\/\\\/www.globallistings.info\\\/de\\\/\"},{\"@type\":\"ListItem\",\"position\":2,\"name\":\"Soziale Medien &#8211; Social Media\"}]},{\"@type\":\"WebSite\",\"@id\":\"https:\\\/\\\/www.globallistings.info\\\/ar\\\/#website\",\"url\":\"https:\\\/\\\/www.globallistings.info\\\/ar\\\/\",\"name\":\"Global Listings\",\"description\":\"\",\"potentialAction\":[{\"@type\":\"SearchAction\",\"target\":{\"@type\":\"EntryPoint\",\"urlTemplate\":\"https:\\\/\\\/www.globallistings.info\\\/ar\\\/?s={search_term_string}\"},\"query-input\":{\"@type\":\"PropertyValueSpecification\",\"valueRequired\":true,\"valueName\":\"search_term_string\"}}],\"inLanguage\":\"de-DE\"}]}<\/script>\n<!-- \/ Yoast SEO plugin. -->","yoast_head_json":{"title":"Soziale Medien - Social Media - Global Listings","robots":{"index":"index","follow":"follow","max-snippet":"max-snippet:-1","max-image-preview":"max-image-preview:large","max-video-preview":"max-video-preview:-1"},"canonical":"https:\/\/www.globallistings.info\/de\/soziale-medien-social-media\/","og_locale":"de_DE","og_type":"article","og_title":"Soziale Medien - Social Media - Global Listings","og_description":"SOZIALE MEDIEN Unsere fachlich kompetenten Redakteure auf der ganzen Welt sind Experten darin, Metadaten f\u00fcr die Unterhaltungsindustrie zu generieren, die dann den Fernsehzuschauern weltweit zug\u00e4nglich gemacht werden Unser COPE-System (Create Once, Publish Everywhere) bietet den Sendeanstalten die M\u00f6glichkeit, die Metadaten und Bilder, die wir in ihrem Auftrag erstellen und verfeinern, mit h\u00f6chstm\u00f6glicher Effizienz zu verwenden [&hellip;]","og_url":"https:\/\/www.globallistings.info\/de\/soziale-medien-social-media\/","og_site_name":"Global Listings","article_modified_time":"2017-12-28T17:45:22+00:00","og_image":[{"url":"http:\/\/www.globallistings.info\/app\/uploads\/2017\/01\/sm.png","type":"","width":"","height":""}],"twitter_card":"summary_large_image","twitter_misc":{"Gesch\u00e4tzte Lesezeit":"1 minute"},"schema":{"@context":"https:\/\/schema.org","@graph":[{"@type":"WebPage","@id":"https:\/\/www.globallistings.info\/de\/soziale-medien-social-media\/","url":"https:\/\/www.globallistings.info\/de\/soziale-medien-social-media\/","name":"Soziale Medien - Social Media - Global Listings","isPartOf":{"@id":"https:\/\/www.globallistings.info\/ar\/#website"},"primaryImageOfPage":{"@id":"https:\/\/www.globallistings.info\/de\/soziale-medien-social-media\/#primaryimage"},"image":{"@id":"https:\/\/www.globallistings.info\/de\/soziale-medien-social-media\/#primaryimage"},"thumbnailUrl":"http:\/\/www.globallistings.info\/app\/uploads\/2017\/01\/sm.png","datePublished":"2017-03-18T17:25:15+00:00","dateModified":"2017-12-28T17:45:22+00:00","breadcrumb":{"@id":"https:\/\/www.globallistings.info\/de\/soziale-medien-social-media\/#breadcrumb"},"inLanguage":"de-DE","potentialAction":[{"@type":"ReadAction","target":["https:\/\/www.globallistings.info\/de\/soziale-medien-social-media\/"]}]},{"@type":"ImageObject","inLanguage":"de-DE","@id":"https:\/\/www.globallistings.info\/de\/soziale-medien-social-media\/#primaryimage","url":"http:\/\/www.globallistings.info\/app\/uploads\/2017\/01\/sm.png","contentUrl":"http:\/\/www.globallistings.info\/app\/uploads\/2017\/01\/sm.png"},{"@type":"BreadcrumbList","@id":"https:\/\/www.globallistings.info\/de\/soziale-medien-social-media\/#breadcrumb","itemListElement":[{"@type":"ListItem","position":1,"name":"Home","item":"https:\/\/www.globallistings.info\/de\/"},{"@type":"ListItem","position":2,"name":"Soziale Medien &#8211; Social Media"}]},{"@type":"WebSite","@id":"https:\/\/www.globallistings.info\/ar\/#website","url":"https:\/\/www.globallistings.info\/ar\/","name":"Global Listings","description":"","potentialAction":[{"@type":"SearchAction","target":{"@type":"EntryPoint","urlTemplate":"https:\/\/www.globallistings.info\/ar\/?s={search_term_string}"},"query-input":{"@type":"PropertyValueSpecification","valueRequired":true,"valueName":"search_term_string"}}],"inLanguage":"de-DE"}]}},"_links":{"self":[{"href":"https:\/\/www.globallistings.info\/de\/wp-json\/wp\/v2\/pages\/16320","targetHints":{"allow":["GET"]}}],"collection":[{"href":"https:\/\/www.globallistings.info\/de\/wp-json\/wp\/v2\/pages"}],"about":[{"href":"https:\/\/www.globallistings.info\/de\/wp-json\/wp\/v2\/types\/page"}],"author":[{"embeddable":true,"href":"https:\/\/www.globallistings.info\/de\/wp-json\/wp\/v2\/users\/1"}],"replies":[{"embeddable":true,"href":"https:\/\/www.globallistings.info\/de\/wp-json\/wp\/v2\/comments?post=16320"}],"version-history":[{"count":0,"href":"https:\/\/www.globallistings.info\/de\/wp-json\/wp\/v2\/pages\/16320\/revisions"}],"wp:attachment":[{"href":"https:\/\/www.globallistings.info\/de\/wp-json\/wp\/v2\/media?parent=16320"}],"curies":[{"name":"wp","href":"https:\/\/api.w.org\/{rel}","templated":true}]}}