{"id":27491,"date":"2017-10-30T15:09:58","date_gmt":"2017-10-30T15:09:58","guid":{"rendered":"http:\/\/www.globallistings.info\/de\/programme\/"},"modified":"2017-12-28T17:43:11","modified_gmt":"2017-12-28T17:43:11","slug":"programme","status":"publish","type":"page","link":"https:\/\/www.globallistings.info\/de\/programme\/","title":{"rendered":"Programme"},"content":{"rendered":"<div class=\"col-4\">\n<p><img decoding=\"async\" class=\"img-circle img-responsive\" src=\"http:\/\/www.globallistings.info\/wp-content\/uploads\/2017\/10\/tuxpi.com_.1509101210-e1509101294249.jpg\" alt=\"\" \/><\/p>\n<p class=\"content\">PROGRAMME<\/p>\n<\/div>\n<div class=\"col-8\">\n<div class=\"content\">\n<p>Die <strong>Programmvorschau f\u00fcr die Presse<\/strong> von Global Listings ist ausgesprochen benutzerfreundlich und wird in einem bew\u00e4hrten Format bereitgestellt. Sie enth\u00e4lt alle relevanten Informationen und wird allen zugewiesenen Kontakten genau zum richtigen Zeitpunkt zugestellt.<\/p>\n<p>Fernsehjournalisten und Redakteure in den Verlagsh\u00e4usern und den Online-Medien sind vielbesch\u00e4ftigte Menschen und immer an einen straffen Zeitplan gebunden  <\/p>\n<p>Das bedeutet, dass sie immer wieder nach L\u00f6sungen suchen m\u00fcssen, die ihnen die Arbeit erleichtern und sie werden mit Sicherheit einen Anbieter bevorzugen, der ihnen genau das liefert, was sie genau in dem Moment ben\u00f6tigen   <\/p>\n<p>Um festzulegen, ob ein Programm oder ein Sender in einer Fernsehzeitschrift oder in einem Online-TV-Programm ver\u00f6ffentlicht wird, m\u00fcssen diese Fragen vorher beantwortet werden:<\/p>\n<p>\u2022 <strong>WIE<\/strong> wird die Information vermittelt?<br \/>\n\u2022 <strong>WAS<\/strong> ist das Thema?<br \/>\n\u2022 <strong>WANN<\/strong> steht das Programm oder der Sender zur Verf\u00fcgung? <\/p>\n<p><strong>Die Programmvorschau von Global Listings ist genau die richtige L\u00f6sung:<\/strong><\/p>\n<p>1. Der Zugang ist benutzerfreundlich und visuell gestaltet<br \/>\n2. Sie ist einfach zu lesen und klar verst\u00e4ndlich dargestellt<br \/>\n3. Die wichtigsten Daten sind eindeutig hervorgehoben<br \/>\n4. Die Information kann angepasst werden und damit in mehreren Abteilungen eingesetzt werden, z. B. f\u00fcr ein Feature, die Nachrichten, ein Programm oder VOD   <\/p>\n<p>Fernsehjournalisten werden, wenn sie unter Druck stehen, immer den schnellsten Weg w\u00e4hlen: Wenn sie wissen, dass sie die gew\u00fcnschte Information schnell und problemlos abrufen k\u00f6nnen, dann erh\u00f6hen sich die Chancen, dass sie sich f\u00fcr Ihren Sender entscheiden  <\/p>\n<p>Global Listings wei\u00df, wie die Presse und die Online-Medien weltweit arbeiten und welche Inhalte die Sendeanstalten den Zuschauern \u00fcbermitteln m\u00f6chten   <\/p>\n<\/div>\n<\/div>\n","protected":false},"excerpt":{"rendered":"<p>PROGRAMME Die Programmvorschau f\u00fcr die Presse von Global Listings ist ausgesprochen benutzerfreundlich und wird in einem bew\u00e4hrten Format bereitgestellt. Sie enth\u00e4lt alle relevanten Informationen und wird allen zugewiesenen Kontakten genau zum richtigen Zeitpunkt zugestellt. Fernsehjournalisten und Redakteure in den Verlagsh\u00e4usern und den Online-Medien sind vielbesch\u00e4ftigte Menschen und immer an einen straffen Zeitplan gebunden Das bedeutet, [&hellip;]<\/p>\n","protected":false},"author":1,"featured_media":0,"parent":0,"menu_order":469,"comment_status":"closed","ping_status":"closed","template":"page-epgs.php","meta":{"_acf_changed":false,"cybocfi_hide_featured_image":"","footnotes":""},"class_list":["post-27491","page","type-page","status-publish","hentry"],"acf":[],"aioseo_notices":[],"yoast_head":"<!-- This site is optimized with the Yoast SEO plugin v27.5 - https:\/\/yoast.com\/product\/yoast-seo-wordpress\/ -->\n<title>Programme - Global Listings<\/title>\n<meta name=\"robots\" content=\"index, follow, max-snippet:-1, max-image-preview:large, max-video-preview:-1\" \/>\n<link rel=\"canonical\" href=\"https:\/\/www.globallistings.info\/de\/programme\/\" \/>\n<meta property=\"og:locale\" content=\"de_DE\" \/>\n<meta property=\"og:type\" content=\"article\" \/>\n<meta property=\"og:title\" content=\"Programme - Global Listings\" \/>\n<meta property=\"og:description\" content=\"PROGRAMME Die Programmvorschau f\u00fcr die Presse von Global Listings ist ausgesprochen benutzerfreundlich und wird in einem bew\u00e4hrten Format bereitgestellt. Sie enth\u00e4lt alle relevanten Informationen und wird allen zugewiesenen Kontakten genau zum richtigen Zeitpunkt zugestellt. Fernsehjournalisten und Redakteure in den Verlagsh\u00e4usern und den Online-Medien sind vielbesch\u00e4ftigte Menschen und immer an einen straffen Zeitplan gebunden Das bedeutet, [&hellip;]\" \/>\n<meta property=\"og:url\" content=\"https:\/\/www.globallistings.info\/de\/programme\/\" \/>\n<meta property=\"og:site_name\" content=\"Global Listings\" \/>\n<meta property=\"article:modified_time\" content=\"2017-12-28T17:43:11+00:00\" \/>\n<meta property=\"og:image\" content=\"http:\/\/www.globallistings.info\/wp-content\/uploads\/2017\/10\/tuxpi.com_.1509101210-e1509101294249.jpg\" \/>\n<meta name=\"twitter:card\" content=\"summary_large_image\" \/>\n<meta name=\"twitter:label1\" content=\"Gesch\u00e4tzte Lesezeit\" \/>\n\t<meta name=\"twitter:data1\" content=\"1 minute\" \/>\n<script type=\"application\/ld+json\" class=\"yoast-schema-graph\">{\"@context\":\"https:\\\/\\\/schema.org\",\"@graph\":[{\"@type\":\"WebPage\",\"@id\":\"https:\\\/\\\/www.globallistings.info\\\/de\\\/programme\\\/\",\"url\":\"https:\\\/\\\/www.globallistings.info\\\/de\\\/programme\\\/\",\"name\":\"Programme - Global Listings\",\"isPartOf\":{\"@id\":\"https:\\\/\\\/www.globallistings.info\\\/ar\\\/#website\"},\"primaryImageOfPage\":{\"@id\":\"https:\\\/\\\/www.globallistings.info\\\/de\\\/programme\\\/#primaryimage\"},\"image\":{\"@id\":\"https:\\\/\\\/www.globallistings.info\\\/de\\\/programme\\\/#primaryimage\"},\"thumbnailUrl\":\"http:\\\/\\\/www.globallistings.info\\\/wp-content\\\/uploads\\\/2017\\\/10\\\/tuxpi.com_.1509101210-e1509101294249.jpg\",\"datePublished\":\"2017-10-30T15:09:58+00:00\",\"dateModified\":\"2017-12-28T17:43:11+00:00\",\"breadcrumb\":{\"@id\":\"https:\\\/\\\/www.globallistings.info\\\/de\\\/programme\\\/#breadcrumb\"},\"inLanguage\":\"de-DE\",\"potentialAction\":[{\"@type\":\"ReadAction\",\"target\":[\"https:\\\/\\\/www.globallistings.info\\\/de\\\/programme\\\/\"]}]},{\"@type\":\"ImageObject\",\"inLanguage\":\"de-DE\",\"@id\":\"https:\\\/\\\/www.globallistings.info\\\/de\\\/programme\\\/#primaryimage\",\"url\":\"http:\\\/\\\/www.globallistings.info\\\/wp-content\\\/uploads\\\/2017\\\/10\\\/tuxpi.com_.1509101210-e1509101294249.jpg\",\"contentUrl\":\"http:\\\/\\\/www.globallistings.info\\\/wp-content\\\/uploads\\\/2017\\\/10\\\/tuxpi.com_.1509101210-e1509101294249.jpg\"},{\"@type\":\"BreadcrumbList\",\"@id\":\"https:\\\/\\\/www.globallistings.info\\\/de\\\/programme\\\/#breadcrumb\",\"itemListElement\":[{\"@type\":\"ListItem\",\"position\":1,\"name\":\"Home\",\"item\":\"https:\\\/\\\/www.globallistings.info\\\/de\\\/\"},{\"@type\":\"ListItem\",\"position\":2,\"name\":\"Programme\"}]},{\"@type\":\"WebSite\",\"@id\":\"https:\\\/\\\/www.globallistings.info\\\/ar\\\/#website\",\"url\":\"https:\\\/\\\/www.globallistings.info\\\/ar\\\/\",\"name\":\"Global Listings\",\"description\":\"\",\"potentialAction\":[{\"@type\":\"SearchAction\",\"target\":{\"@type\":\"EntryPoint\",\"urlTemplate\":\"https:\\\/\\\/www.globallistings.info\\\/ar\\\/?s={search_term_string}\"},\"query-input\":{\"@type\":\"PropertyValueSpecification\",\"valueRequired\":true,\"valueName\":\"search_term_string\"}}],\"inLanguage\":\"de-DE\"}]}<\/script>\n<!-- \/ Yoast SEO plugin. -->","yoast_head_json":{"title":"Programme - Global Listings","robots":{"index":"index","follow":"follow","max-snippet":"max-snippet:-1","max-image-preview":"max-image-preview:large","max-video-preview":"max-video-preview:-1"},"canonical":"https:\/\/www.globallistings.info\/de\/programme\/","og_locale":"de_DE","og_type":"article","og_title":"Programme - Global Listings","og_description":"PROGRAMME Die Programmvorschau f\u00fcr die Presse von Global Listings ist ausgesprochen benutzerfreundlich und wird in einem bew\u00e4hrten Format bereitgestellt. Sie enth\u00e4lt alle relevanten Informationen und wird allen zugewiesenen Kontakten genau zum richtigen Zeitpunkt zugestellt. Fernsehjournalisten und Redakteure in den Verlagsh\u00e4usern und den Online-Medien sind vielbesch\u00e4ftigte Menschen und immer an einen straffen Zeitplan gebunden Das bedeutet, [&hellip;]","og_url":"https:\/\/www.globallistings.info\/de\/programme\/","og_site_name":"Global Listings","article_modified_time":"2017-12-28T17:43:11+00:00","og_image":[{"url":"http:\/\/www.globallistings.info\/wp-content\/uploads\/2017\/10\/tuxpi.com_.1509101210-e1509101294249.jpg","type":"","width":"","height":""}],"twitter_card":"summary_large_image","twitter_misc":{"Gesch\u00e4tzte Lesezeit":"1 minute"},"schema":{"@context":"https:\/\/schema.org","@graph":[{"@type":"WebPage","@id":"https:\/\/www.globallistings.info\/de\/programme\/","url":"https:\/\/www.globallistings.info\/de\/programme\/","name":"Programme - Global Listings","isPartOf":{"@id":"https:\/\/www.globallistings.info\/ar\/#website"},"primaryImageOfPage":{"@id":"https:\/\/www.globallistings.info\/de\/programme\/#primaryimage"},"image":{"@id":"https:\/\/www.globallistings.info\/de\/programme\/#primaryimage"},"thumbnailUrl":"http:\/\/www.globallistings.info\/wp-content\/uploads\/2017\/10\/tuxpi.com_.1509101210-e1509101294249.jpg","datePublished":"2017-10-30T15:09:58+00:00","dateModified":"2017-12-28T17:43:11+00:00","breadcrumb":{"@id":"https:\/\/www.globallistings.info\/de\/programme\/#breadcrumb"},"inLanguage":"de-DE","potentialAction":[{"@type":"ReadAction","target":["https:\/\/www.globallistings.info\/de\/programme\/"]}]},{"@type":"ImageObject","inLanguage":"de-DE","@id":"https:\/\/www.globallistings.info\/de\/programme\/#primaryimage","url":"http:\/\/www.globallistings.info\/wp-content\/uploads\/2017\/10\/tuxpi.com_.1509101210-e1509101294249.jpg","contentUrl":"http:\/\/www.globallistings.info\/wp-content\/uploads\/2017\/10\/tuxpi.com_.1509101210-e1509101294249.jpg"},{"@type":"BreadcrumbList","@id":"https:\/\/www.globallistings.info\/de\/programme\/#breadcrumb","itemListElement":[{"@type":"ListItem","position":1,"name":"Home","item":"https:\/\/www.globallistings.info\/de\/"},{"@type":"ListItem","position":2,"name":"Programme"}]},{"@type":"WebSite","@id":"https:\/\/www.globallistings.info\/ar\/#website","url":"https:\/\/www.globallistings.info\/ar\/","name":"Global Listings","description":"","potentialAction":[{"@type":"SearchAction","target":{"@type":"EntryPoint","urlTemplate":"https:\/\/www.globallistings.info\/ar\/?s={search_term_string}"},"query-input":{"@type":"PropertyValueSpecification","valueRequired":true,"valueName":"search_term_string"}}],"inLanguage":"de-DE"}]}},"_links":{"self":[{"href":"https:\/\/www.globallistings.info\/de\/wp-json\/wp\/v2\/pages\/27491","targetHints":{"allow":["GET"]}}],"collection":[{"href":"https:\/\/www.globallistings.info\/de\/wp-json\/wp\/v2\/pages"}],"about":[{"href":"https:\/\/www.globallistings.info\/de\/wp-json\/wp\/v2\/types\/page"}],"author":[{"embeddable":true,"href":"https:\/\/www.globallistings.info\/de\/wp-json\/wp\/v2\/users\/1"}],"replies":[{"embeddable":true,"href":"https:\/\/www.globallistings.info\/de\/wp-json\/wp\/v2\/comments?post=27491"}],"version-history":[{"count":0,"href":"https:\/\/www.globallistings.info\/de\/wp-json\/wp\/v2\/pages\/27491\/revisions"}],"wp:attachment":[{"href":"https:\/\/www.globallistings.info\/de\/wp-json\/wp\/v2\/media?parent=27491"}],"curies":[{"name":"wp","href":"https:\/\/api.w.org\/{rel}","templated":true}]}}