{"id":851,"date":"2017-01-01T17:43:13","date_gmt":"2017-01-01T17:43:13","guid":{"rendered":"http:\/\/www.globallistings.info\/de\/?page_id=851"},"modified":"2017-12-28T17:41:51","modified_gmt":"2017-12-28T17:41:51","slug":"247-epg-updates","status":"publish","type":"page","link":"https:\/\/www.globallistings.info\/de\/247-epg-updates\/","title":{"rendered":"24-7 EPG-Aktualisierungen"},"content":{"rendered":"<div class=\"col-4\"><img decoding=\"async\" class=\"img-circle img-responsive\" src=\"http:\/\/www.globallistings.info\/app\/uploads\/2017\/01\/274-copy.png\" alt=\"\" \/><\/p>\n<p class=\"content\">24-7 EPG-AKTUALISIERUNGEN<\/p>\n<\/div>\n<div class=\"col-8\">\n<div class=\"content\">\n<p>Mit dem Global Listings EPG-Service k\u00f6nnen EPGs rund um die Uhr und sieben Tage in der Woche \u00fcber unsere ma\u00dfgeschneiderte <strong>AGiLE*<\/strong>-Webschnittstelle aktualisiert werden. Den Sendern ist es so m\u00f6glich, die aktuellen Sendepl\u00e4ne live zu verfolgen, dringende Aktualisierungen vorzunehmen und mit nur einem Klick neue EPG-Daten an mehrere TV-Plattformen zu senden. Das geht auch mit dem Tablet oder dem Smartphone \u00fcber die einzigartige Global Listings App oder auf einem PC oder Apple-Computer mit Internetverbindung. Dieser Service gestattet es Global Listings auch, einen live EPG-Beobachtungsdienst f\u00fcr Sport- und andere Live-Events bereitzustellen, unabh\u00e4ngig davon, wo in der Welt diese gerade stattfinden. So wird sichergestellt, dass der EPG jedes Kanals dem Zuschauer 100% akkurate Informationen zur Verf\u00fcgung stellt.<\/p>\n<div style=\"padding-bottom: 15px;\"><\/div>\n<p>* (Access Global Listings Everywhere)<\/p>\n<\/div>\n<\/div>\n","protected":false},"excerpt":{"rendered":"<p>24-7 EPG-AKTUALISIERUNGEN Mit dem Global Listings EPG-Service k\u00f6nnen EPGs rund um die Uhr und sieben Tage in der Woche \u00fcber unsere ma\u00dfgeschneiderte AGiLE*-Webschnittstelle aktualisiert werden. Den Sendern ist es so m\u00f6glich, die aktuellen Sendepl\u00e4ne live zu verfolgen, dringende Aktualisierungen vorzunehmen und mit nur einem Klick neue EPG-Daten an mehrere TV-Plattformen zu senden. Das geht auch [&hellip;]<\/p>\n","protected":false},"author":1,"featured_media":0,"parent":0,"menu_order":22,"comment_status":"closed","ping_status":"closed","template":"page-247updates.php","meta":{"_acf_changed":false,"cybocfi_hide_featured_image":"","footnotes":""},"class_list":["post-851","page","type-page","status-publish","hentry"],"acf":[],"aioseo_notices":[],"yoast_head":"<!-- This site is optimized with the Yoast SEO plugin v27.4 - https:\/\/yoast.com\/product\/yoast-seo-wordpress\/ -->\n<title>24-7 EPG-Aktualisierungen - Global Listings<\/title>\n<meta name=\"robots\" content=\"index, follow, max-snippet:-1, max-image-preview:large, max-video-preview:-1\" \/>\n<link rel=\"canonical\" href=\"https:\/\/www.globallistings.info\/de\/247-epg-updates\/\" \/>\n<meta property=\"og:locale\" content=\"de_DE\" \/>\n<meta property=\"og:type\" content=\"article\" \/>\n<meta property=\"og:title\" content=\"24-7 EPG-Aktualisierungen - Global Listings\" \/>\n<meta property=\"og:description\" content=\"24-7 EPG-AKTUALISIERUNGEN Mit dem Global Listings EPG-Service k\u00f6nnen EPGs rund um die Uhr und sieben Tage in der Woche \u00fcber unsere ma\u00dfgeschneiderte AGiLE*-Webschnittstelle aktualisiert werden. Den Sendern ist es so m\u00f6glich, die aktuellen Sendepl\u00e4ne live zu verfolgen, dringende Aktualisierungen vorzunehmen und mit nur einem Klick neue EPG-Daten an mehrere TV-Plattformen zu senden. Das geht auch [&hellip;]\" \/>\n<meta property=\"og:url\" content=\"https:\/\/www.globallistings.info\/de\/247-epg-updates\/\" \/>\n<meta property=\"og:site_name\" content=\"Global Listings\" \/>\n<meta property=\"article:modified_time\" content=\"2017-12-28T17:41:51+00:00\" \/>\n<meta property=\"og:image\" content=\"http:\/\/www.globallistings.info\/app\/uploads\/2017\/01\/274-copy.png\" \/>\n<meta name=\"twitter:card\" content=\"summary_large_image\" \/>\n<meta name=\"twitter:label1\" content=\"Gesch\u00e4tzte Lesezeit\" \/>\n\t<meta name=\"twitter:data1\" content=\"1 minute\" \/>\n<script type=\"application\/ld+json\" class=\"yoast-schema-graph\">{\"@context\":\"https:\\\/\\\/schema.org\",\"@graph\":[{\"@type\":\"WebPage\",\"@id\":\"https:\\\/\\\/www.globallistings.info\\\/de\\\/247-epg-updates\\\/\",\"url\":\"https:\\\/\\\/www.globallistings.info\\\/de\\\/247-epg-updates\\\/\",\"name\":\"24-7 EPG-Aktualisierungen - Global Listings\",\"isPartOf\":{\"@id\":\"https:\\\/\\\/www.globallistings.info\\\/ar\\\/#website\"},\"primaryImageOfPage\":{\"@id\":\"https:\\\/\\\/www.globallistings.info\\\/de\\\/247-epg-updates\\\/#primaryimage\"},\"image\":{\"@id\":\"https:\\\/\\\/www.globallistings.info\\\/de\\\/247-epg-updates\\\/#primaryimage\"},\"thumbnailUrl\":\"http:\\\/\\\/www.globallistings.info\\\/app\\\/uploads\\\/2017\\\/01\\\/274-copy.png\",\"datePublished\":\"2017-01-01T17:43:13+00:00\",\"dateModified\":\"2017-12-28T17:41:51+00:00\",\"breadcrumb\":{\"@id\":\"https:\\\/\\\/www.globallistings.info\\\/de\\\/247-epg-updates\\\/#breadcrumb\"},\"inLanguage\":\"de-DE\",\"potentialAction\":[{\"@type\":\"ReadAction\",\"target\":[\"https:\\\/\\\/www.globallistings.info\\\/de\\\/247-epg-updates\\\/\"]}]},{\"@type\":\"ImageObject\",\"inLanguage\":\"de-DE\",\"@id\":\"https:\\\/\\\/www.globallistings.info\\\/de\\\/247-epg-updates\\\/#primaryimage\",\"url\":\"http:\\\/\\\/www.globallistings.info\\\/app\\\/uploads\\\/2017\\\/01\\\/274-copy.png\",\"contentUrl\":\"http:\\\/\\\/www.globallistings.info\\\/app\\\/uploads\\\/2017\\\/01\\\/274-copy.png\"},{\"@type\":\"BreadcrumbList\",\"@id\":\"https:\\\/\\\/www.globallistings.info\\\/de\\\/247-epg-updates\\\/#breadcrumb\",\"itemListElement\":[{\"@type\":\"ListItem\",\"position\":1,\"name\":\"Home\",\"item\":\"https:\\\/\\\/www.globallistings.info\\\/de\\\/\"},{\"@type\":\"ListItem\",\"position\":2,\"name\":\"24-7 EPG-Aktualisierungen\"}]},{\"@type\":\"WebSite\",\"@id\":\"https:\\\/\\\/www.globallistings.info\\\/ar\\\/#website\",\"url\":\"https:\\\/\\\/www.globallistings.info\\\/ar\\\/\",\"name\":\"Global Listings\",\"description\":\"\",\"potentialAction\":[{\"@type\":\"SearchAction\",\"target\":{\"@type\":\"EntryPoint\",\"urlTemplate\":\"https:\\\/\\\/www.globallistings.info\\\/ar\\\/?s={search_term_string}\"},\"query-input\":{\"@type\":\"PropertyValueSpecification\",\"valueRequired\":true,\"valueName\":\"search_term_string\"}}],\"inLanguage\":\"de-DE\"}]}<\/script>\n<!-- \/ Yoast SEO plugin. -->","yoast_head_json":{"title":"24-7 EPG-Aktualisierungen - Global Listings","robots":{"index":"index","follow":"follow","max-snippet":"max-snippet:-1","max-image-preview":"max-image-preview:large","max-video-preview":"max-video-preview:-1"},"canonical":"https:\/\/www.globallistings.info\/de\/247-epg-updates\/","og_locale":"de_DE","og_type":"article","og_title":"24-7 EPG-Aktualisierungen - Global Listings","og_description":"24-7 EPG-AKTUALISIERUNGEN Mit dem Global Listings EPG-Service k\u00f6nnen EPGs rund um die Uhr und sieben Tage in der Woche \u00fcber unsere ma\u00dfgeschneiderte AGiLE*-Webschnittstelle aktualisiert werden. Den Sendern ist es so m\u00f6glich, die aktuellen Sendepl\u00e4ne live zu verfolgen, dringende Aktualisierungen vorzunehmen und mit nur einem Klick neue EPG-Daten an mehrere TV-Plattformen zu senden. Das geht auch [&hellip;]","og_url":"https:\/\/www.globallistings.info\/de\/247-epg-updates\/","og_site_name":"Global Listings","article_modified_time":"2017-12-28T17:41:51+00:00","og_image":[{"url":"http:\/\/www.globallistings.info\/app\/uploads\/2017\/01\/274-copy.png","type":"","width":"","height":""}],"twitter_card":"summary_large_image","twitter_misc":{"Gesch\u00e4tzte Lesezeit":"1 minute"},"schema":{"@context":"https:\/\/schema.org","@graph":[{"@type":"WebPage","@id":"https:\/\/www.globallistings.info\/de\/247-epg-updates\/","url":"https:\/\/www.globallistings.info\/de\/247-epg-updates\/","name":"24-7 EPG-Aktualisierungen - Global Listings","isPartOf":{"@id":"https:\/\/www.globallistings.info\/ar\/#website"},"primaryImageOfPage":{"@id":"https:\/\/www.globallistings.info\/de\/247-epg-updates\/#primaryimage"},"image":{"@id":"https:\/\/www.globallistings.info\/de\/247-epg-updates\/#primaryimage"},"thumbnailUrl":"http:\/\/www.globallistings.info\/app\/uploads\/2017\/01\/274-copy.png","datePublished":"2017-01-01T17:43:13+00:00","dateModified":"2017-12-28T17:41:51+00:00","breadcrumb":{"@id":"https:\/\/www.globallistings.info\/de\/247-epg-updates\/#breadcrumb"},"inLanguage":"de-DE","potentialAction":[{"@type":"ReadAction","target":["https:\/\/www.globallistings.info\/de\/247-epg-updates\/"]}]},{"@type":"ImageObject","inLanguage":"de-DE","@id":"https:\/\/www.globallistings.info\/de\/247-epg-updates\/#primaryimage","url":"http:\/\/www.globallistings.info\/app\/uploads\/2017\/01\/274-copy.png","contentUrl":"http:\/\/www.globallistings.info\/app\/uploads\/2017\/01\/274-copy.png"},{"@type":"BreadcrumbList","@id":"https:\/\/www.globallistings.info\/de\/247-epg-updates\/#breadcrumb","itemListElement":[{"@type":"ListItem","position":1,"name":"Home","item":"https:\/\/www.globallistings.info\/de\/"},{"@type":"ListItem","position":2,"name":"24-7 EPG-Aktualisierungen"}]},{"@type":"WebSite","@id":"https:\/\/www.globallistings.info\/ar\/#website","url":"https:\/\/www.globallistings.info\/ar\/","name":"Global Listings","description":"","potentialAction":[{"@type":"SearchAction","target":{"@type":"EntryPoint","urlTemplate":"https:\/\/www.globallistings.info\/ar\/?s={search_term_string}"},"query-input":{"@type":"PropertyValueSpecification","valueRequired":true,"valueName":"search_term_string"}}],"inLanguage":"de-DE"}]}},"_links":{"self":[{"href":"https:\/\/www.globallistings.info\/de\/wp-json\/wp\/v2\/pages\/851","targetHints":{"allow":["GET"]}}],"collection":[{"href":"https:\/\/www.globallistings.info\/de\/wp-json\/wp\/v2\/pages"}],"about":[{"href":"https:\/\/www.globallistings.info\/de\/wp-json\/wp\/v2\/types\/page"}],"author":[{"embeddable":true,"href":"https:\/\/www.globallistings.info\/de\/wp-json\/wp\/v2\/users\/1"}],"replies":[{"embeddable":true,"href":"https:\/\/www.globallistings.info\/de\/wp-json\/wp\/v2\/comments?post=851"}],"version-history":[{"count":0,"href":"https:\/\/www.globallistings.info\/de\/wp-json\/wp\/v2\/pages\/851\/revisions"}],"wp:attachment":[{"href":"https:\/\/www.globallistings.info\/de\/wp-json\/wp\/v2\/media?parent=851"}],"curies":[{"name":"wp","href":"https:\/\/api.w.org\/{rel}","templated":true}]}}