{"id":16377,"date":"2017-03-19T12:03:49","date_gmt":"2017-03-19T12:03:49","guid":{"rendered":"http:\/\/www.globallistings.info\/es\/metadatos-multiples\/"},"modified":"2017-12-14T13:00:56","modified_gmt":"2017-12-14T13:00:56","slug":"metadatos-multiples","status":"publish","type":"page","link":"https:\/\/www.globallistings.info\/es\/metadatos-multiples\/","title":{"rendered":"Metadatos mejorados"},"content":{"rendered":"<div class=\"col-4\">\n<p><img decoding=\"async\" class=\"img-circle img-responsive\" src=\"http:\/\/www.globallistings.info\/app\/uploads\/2017\/01\/enhancedcircbig.png\" alt=\"content-photo\" \/><\/p>\n<p class=\"content\">METADATOS MEJORADOS<\/p>\n<\/div>\n<div class=\"col-8\">\n<div class=\"content\">\n<p>Nuestra base de datos moderna y a la \u00faltima est\u00e1 totalmente equipada para hacer frente a todos los retos presentes y futuros<\/p>\n<p>Esto significa que podemos almacenar no s\u00f3lo volumen (literalmente y para ser exactos: millones de registros de programas; 1.000 millones de registros por sumario y 8.0000 terabytes por archivo de datos), sino tambi\u00e9n calidad, as\u00ed que por cada episodio de una serie tenemos cientos de archivos de metadatos asociados que pueden dotarse de contenido hasta el m\u00e1s m\u00ednimo detalle<\/p>\n<p>Esto incluye todo el detalle que se podr\u00eda esperar, desde m\u00faltiples descripciones con distintas longitudes y estilos hasta las m\u00e1s b\u00e1sicas, como el tiempo de duraci\u00f3n de un programa, el a\u00f1o de producci\u00f3n, informaci\u00f3n sobre el reparto y el equipo t\u00e9cnico y las temporadas de las series y los n\u00fameros de los episodios, adem\u00e1s de los campos m\u00e1s espec\u00edficos como hashtags de Twitter, referencias sobre colocaci\u00f3n de producto, informaci\u00f3n de permisos, derechos de transmisi\u00f3n y detalles de tarificaci\u00f3n<\/p>\n<p>Y, por supuesto, podemos almacenar m\u00faltiples im\u00e1genes asociadas a cada registro de un programa o serie, en el formato exacto exigido para cada receptor, y entregarlos de forma digital directamente desde nuestros sistemas<\/p>\n<p>Una de las propuestas \u00fanicas de venta de Global Listings se basa en que cualquier informaci\u00f3n de metadatos que hayamos creado para nuestros clientes pertenece a nuestros clientes, de manera que nunca ser\u00e1 reutilizada por otra emisora de televisi\u00f3n que adquiriese el mismo programa en el futuro<\/p>\n<\/div>\n<\/div>\n","protected":false},"excerpt":{"rendered":"<p>METADATOS MEJORADOS Nuestra base de datos moderna y a la \u00faltima est\u00e1 totalmente equipada para hacer frente a todos los retos presentes y futuros Esto significa que podemos almacenar no s\u00f3lo volumen (literalmente y para ser exactos: millones de registros de programas; 1.000 millones de registros por sumario y 8.0000 terabytes por archivo de datos), [&hellip;]<\/p>\n","protected":false},"author":1,"featured_media":0,"parent":0,"menu_order":184,"comment_status":"closed","ping_status":"closed","template":"page-enhanced_metadata.php","meta":{"_acf_changed":false,"cybocfi_hide_featured_image":"","footnotes":""},"class_list":["post-16377","page","type-page","status-publish","hentry"],"acf":[],"aioseo_notices":[],"yoast_head":"<!-- This site is optimized with the Yoast SEO plugin v27.4 - https:\/\/yoast.com\/product\/yoast-seo-wordpress\/ -->\n<title>Metadatos mejorados - Global Listings<\/title>\n<meta name=\"robots\" content=\"index, follow, max-snippet:-1, max-image-preview:large, max-video-preview:-1\" \/>\n<link rel=\"canonical\" href=\"https:\/\/www.globallistings.info\/es\/metadatos-multiples\/\" \/>\n<meta property=\"og:locale\" content=\"es_ES\" \/>\n<meta property=\"og:type\" content=\"article\" \/>\n<meta property=\"og:title\" content=\"Metadatos mejorados - Global Listings\" \/>\n<meta property=\"og:description\" content=\"METADATOS MEJORADOS Nuestra base de datos moderna y a la \u00faltima est\u00e1 totalmente equipada para hacer frente a todos los retos presentes y futuros Esto significa que podemos almacenar no s\u00f3lo volumen (literalmente y para ser exactos: millones de registros de programas; 1.000 millones de registros por sumario y 8.0000 terabytes por archivo de datos), [&hellip;]\" \/>\n<meta property=\"og:url\" content=\"https:\/\/www.globallistings.info\/es\/metadatos-multiples\/\" \/>\n<meta property=\"og:site_name\" content=\"Global Listings\" \/>\n<meta property=\"article:modified_time\" content=\"2017-12-14T13:00:56+00:00\" \/>\n<meta property=\"og:image\" content=\"http:\/\/www.globallistings.info\/app\/uploads\/2017\/01\/enhancedcircbig.png\" \/>\n<meta name=\"twitter:card\" content=\"summary_large_image\" \/>\n<meta name=\"twitter:label1\" content=\"Tiempo de lectura\" \/>\n\t<meta name=\"twitter:data1\" content=\"1 minute\" \/>\n<script type=\"application\/ld+json\" class=\"yoast-schema-graph\">{\"@context\":\"https:\\\/\\\/schema.org\",\"@graph\":[{\"@type\":\"WebPage\",\"@id\":\"https:\\\/\\\/www.globallistings.info\\\/es\\\/metadatos-multiples\\\/\",\"url\":\"https:\\\/\\\/www.globallistings.info\\\/es\\\/metadatos-multiples\\\/\",\"name\":\"Metadatos mejorados - Global Listings\",\"isPartOf\":{\"@id\":\"https:\\\/\\\/www.globallistings.info\\\/ar\\\/#website\"},\"primaryImageOfPage\":{\"@id\":\"https:\\\/\\\/www.globallistings.info\\\/es\\\/metadatos-multiples\\\/#primaryimage\"},\"image\":{\"@id\":\"https:\\\/\\\/www.globallistings.info\\\/es\\\/metadatos-multiples\\\/#primaryimage\"},\"thumbnailUrl\":\"http:\\\/\\\/www.globallistings.info\\\/app\\\/uploads\\\/2017\\\/01\\\/enhancedcircbig.png\",\"datePublished\":\"2017-03-19T12:03:49+00:00\",\"dateModified\":\"2017-12-14T13:00:56+00:00\",\"breadcrumb\":{\"@id\":\"https:\\\/\\\/www.globallistings.info\\\/es\\\/metadatos-multiples\\\/#breadcrumb\"},\"inLanguage\":\"es-ES\",\"potentialAction\":[{\"@type\":\"ReadAction\",\"target\":[\"https:\\\/\\\/www.globallistings.info\\\/es\\\/metadatos-multiples\\\/\"]}]},{\"@type\":\"ImageObject\",\"inLanguage\":\"es-ES\",\"@id\":\"https:\\\/\\\/www.globallistings.info\\\/es\\\/metadatos-multiples\\\/#primaryimage\",\"url\":\"http:\\\/\\\/www.globallistings.info\\\/app\\\/uploads\\\/2017\\\/01\\\/enhancedcircbig.png\",\"contentUrl\":\"http:\\\/\\\/www.globallistings.info\\\/app\\\/uploads\\\/2017\\\/01\\\/enhancedcircbig.png\"},{\"@type\":\"BreadcrumbList\",\"@id\":\"https:\\\/\\\/www.globallistings.info\\\/es\\\/metadatos-multiples\\\/#breadcrumb\",\"itemListElement\":[{\"@type\":\"ListItem\",\"position\":1,\"name\":\"Home\",\"item\":\"https:\\\/\\\/www.globallistings.info\\\/es\\\/\"},{\"@type\":\"ListItem\",\"position\":2,\"name\":\"Metadatos mejorados\"}]},{\"@type\":\"WebSite\",\"@id\":\"https:\\\/\\\/www.globallistings.info\\\/ar\\\/#website\",\"url\":\"https:\\\/\\\/www.globallistings.info\\\/ar\\\/\",\"name\":\"Global Listings\",\"description\":\"\",\"potentialAction\":[{\"@type\":\"SearchAction\",\"target\":{\"@type\":\"EntryPoint\",\"urlTemplate\":\"https:\\\/\\\/www.globallistings.info\\\/ar\\\/?s={search_term_string}\"},\"query-input\":{\"@type\":\"PropertyValueSpecification\",\"valueRequired\":true,\"valueName\":\"search_term_string\"}}],\"inLanguage\":\"es-ES\"}]}<\/script>\n<!-- \/ Yoast SEO plugin. -->","yoast_head_json":{"title":"Metadatos mejorados - Global Listings","robots":{"index":"index","follow":"follow","max-snippet":"max-snippet:-1","max-image-preview":"max-image-preview:large","max-video-preview":"max-video-preview:-1"},"canonical":"https:\/\/www.globallistings.info\/es\/metadatos-multiples\/","og_locale":"es_ES","og_type":"article","og_title":"Metadatos mejorados - Global Listings","og_description":"METADATOS MEJORADOS Nuestra base de datos moderna y a la \u00faltima est\u00e1 totalmente equipada para hacer frente a todos los retos presentes y futuros Esto significa que podemos almacenar no s\u00f3lo volumen (literalmente y para ser exactos: millones de registros de programas; 1.000 millones de registros por sumario y 8.0000 terabytes por archivo de datos), [&hellip;]","og_url":"https:\/\/www.globallistings.info\/es\/metadatos-multiples\/","og_site_name":"Global Listings","article_modified_time":"2017-12-14T13:00:56+00:00","og_image":[{"url":"http:\/\/www.globallistings.info\/app\/uploads\/2017\/01\/enhancedcircbig.png","type":"","width":"","height":""}],"twitter_card":"summary_large_image","twitter_misc":{"Tiempo de lectura":"1 minute"},"schema":{"@context":"https:\/\/schema.org","@graph":[{"@type":"WebPage","@id":"https:\/\/www.globallistings.info\/es\/metadatos-multiples\/","url":"https:\/\/www.globallistings.info\/es\/metadatos-multiples\/","name":"Metadatos mejorados - Global Listings","isPartOf":{"@id":"https:\/\/www.globallistings.info\/ar\/#website"},"primaryImageOfPage":{"@id":"https:\/\/www.globallistings.info\/es\/metadatos-multiples\/#primaryimage"},"image":{"@id":"https:\/\/www.globallistings.info\/es\/metadatos-multiples\/#primaryimage"},"thumbnailUrl":"http:\/\/www.globallistings.info\/app\/uploads\/2017\/01\/enhancedcircbig.png","datePublished":"2017-03-19T12:03:49+00:00","dateModified":"2017-12-14T13:00:56+00:00","breadcrumb":{"@id":"https:\/\/www.globallistings.info\/es\/metadatos-multiples\/#breadcrumb"},"inLanguage":"es-ES","potentialAction":[{"@type":"ReadAction","target":["https:\/\/www.globallistings.info\/es\/metadatos-multiples\/"]}]},{"@type":"ImageObject","inLanguage":"es-ES","@id":"https:\/\/www.globallistings.info\/es\/metadatos-multiples\/#primaryimage","url":"http:\/\/www.globallistings.info\/app\/uploads\/2017\/01\/enhancedcircbig.png","contentUrl":"http:\/\/www.globallistings.info\/app\/uploads\/2017\/01\/enhancedcircbig.png"},{"@type":"BreadcrumbList","@id":"https:\/\/www.globallistings.info\/es\/metadatos-multiples\/#breadcrumb","itemListElement":[{"@type":"ListItem","position":1,"name":"Home","item":"https:\/\/www.globallistings.info\/es\/"},{"@type":"ListItem","position":2,"name":"Metadatos mejorados"}]},{"@type":"WebSite","@id":"https:\/\/www.globallistings.info\/ar\/#website","url":"https:\/\/www.globallistings.info\/ar\/","name":"Global Listings","description":"","potentialAction":[{"@type":"SearchAction","target":{"@type":"EntryPoint","urlTemplate":"https:\/\/www.globallistings.info\/ar\/?s={search_term_string}"},"query-input":{"@type":"PropertyValueSpecification","valueRequired":true,"valueName":"search_term_string"}}],"inLanguage":"es-ES"}]}},"_links":{"self":[{"href":"https:\/\/www.globallistings.info\/es\/wp-json\/wp\/v2\/pages\/16377","targetHints":{"allow":["GET"]}}],"collection":[{"href":"https:\/\/www.globallistings.info\/es\/wp-json\/wp\/v2\/pages"}],"about":[{"href":"https:\/\/www.globallistings.info\/es\/wp-json\/wp\/v2\/types\/page"}],"author":[{"embeddable":true,"href":"https:\/\/www.globallistings.info\/es\/wp-json\/wp\/v2\/users\/1"}],"replies":[{"embeddable":true,"href":"https:\/\/www.globallistings.info\/es\/wp-json\/wp\/v2\/comments?post=16377"}],"version-history":[{"count":0,"href":"https:\/\/www.globallistings.info\/es\/wp-json\/wp\/v2\/pages\/16377\/revisions"}],"wp:attachment":[{"href":"https:\/\/www.globallistings.info\/es\/wp-json\/wp\/v2\/media?parent=16377"}],"curies":[{"name":"wp","href":"https:\/\/api.w.org\/{rel}","templated":true}]}}