{"id":2295,"date":"2017-01-17T20:40:59","date_gmt":"2017-01-17T20:40:59","guid":{"rendered":"http:\/\/vizionstar.co.uk\/global_dev\/es\/hermano\/"},"modified":"2017-05-05T09:52:41","modified_gmt":"2017-05-05T09:52:41","slug":"hermano__trashed","status":"publish","type":"page","link":"https:\/\/www.globallistings.info\/es\/hermano__trashed\/","title":{"rendered":"Traducciones"},"content":{"rendered":"<div class=\"col-4\">\n<p><img decoding=\"async\" class=\"img-circle img-responsive\" src=\"http:\/\/www.globallistings.info\/app\/uploads\/2017\/01\/tr.png\" alt=\"\" \/><\/p>\n<p class=\"content\">TRADUCCIONES<\/p>\n<\/div>\n<div class=\"col-8\">\n<div class=\"content\">\n<p>Global Listings es el l\u00edder del mercado en traducciones para TV, opera en 145 pa\u00edses y en 74 combinaciones de idiomas a diario<\/p>\n<p>Empleamos el talento y la experiencia de nuestros m\u00e1s de 17.000 expertos ling\u00fcistas internacionales que trabajan en sus pa\u00edses de origen alrededor del mundo<\/p>\n<p>Nuestra estrategia exclusiva se basa en conectar al traductor con su idioma, para un canal de TV y un mercado final, lo que nos permite ofrecer a nuestros clientes soluciones de traducci\u00f3n a medida<\/p>\n<p>Nuestro equipo internacional de ling\u00fcistas pueden proporcionar traducciones para todo tipo de contenidos de TV, desde descripciones breves de programas a textos de destacados m\u00e1s amplios, as\u00ed como t\u00edtulos de series y episodios, que son de suma importancia<\/p>\n<p>Nuestra pol\u00edtica de tarifas competitivas y exclusivos procesos de trabajo garantizan a nuestros clientes pagar s\u00f3lo por palabra traducida y nunca pagar dos veces por la misma traducci\u00f3n<\/p>\n<p>Si desea obtener m\u00e1s informaci\u00f3n, visite la p\u00e1gina web de nuestra empresa filial, <strong><a href=\"http:\/\/www.globaltranslations.info\/es\/\">Global Translations<\/a><\/strong>.<\/p>\n<\/div>\n<\/div>\n","protected":false},"excerpt":{"rendered":"<p>TRADUCCIONES Global Listings es el l\u00edder del mercado en traducciones para TV, opera en 145 pa\u00edses y en 74 combinaciones de idiomas a diario Empleamos el talento y la experiencia de nuestros m\u00e1s de 17.000 expertos ling\u00fcistas internacionales que trabajan en sus pa\u00edses de origen alrededor del mundo Nuestra estrategia exclusiva se basa en conectar [&hellip;]<\/p>\n","protected":false},"author":1,"featured_media":0,"parent":0,"menu_order":498,"comment_status":"closed","ping_status":"closed","template":"page-epgs.php","meta":{"_acf_changed":false,"cybocfi_hide_featured_image":"","footnotes":""},"class_list":["post-2295","page","type-page","status-publish","hentry"],"acf":[],"aioseo_notices":[],"yoast_head":"<!-- This site is optimized with the Yoast SEO plugin v27.4 - https:\/\/yoast.com\/product\/yoast-seo-wordpress\/ -->\n<title>Traducciones - Global Listings<\/title>\n<meta name=\"robots\" content=\"index, follow, max-snippet:-1, max-image-preview:large, max-video-preview:-1\" \/>\n<link rel=\"canonical\" href=\"https:\/\/www.globallistings.info\/es\/hermano__trashed\/\" \/>\n<meta property=\"og:locale\" content=\"es_ES\" \/>\n<meta property=\"og:type\" content=\"article\" \/>\n<meta property=\"og:title\" content=\"Traducciones - Global Listings\" \/>\n<meta property=\"og:description\" content=\"TRADUCCIONES Global Listings es el l\u00edder del mercado en traducciones para TV, opera en 145 pa\u00edses y en 74 combinaciones de idiomas a diario Empleamos el talento y la experiencia de nuestros m\u00e1s de 17.000 expertos ling\u00fcistas internacionales que trabajan en sus pa\u00edses de origen alrededor del mundo Nuestra estrategia exclusiva se basa en conectar [&hellip;]\" \/>\n<meta property=\"og:url\" content=\"https:\/\/www.globallistings.info\/es\/hermano__trashed\/\" \/>\n<meta property=\"og:site_name\" content=\"Global Listings\" \/>\n<meta property=\"article:modified_time\" content=\"2017-05-05T09:52:41+00:00\" \/>\n<meta property=\"og:image\" content=\"http:\/\/www.globallistings.info\/app\/uploads\/2017\/01\/tr.png\" \/>\n<meta name=\"twitter:card\" content=\"summary_large_image\" \/>\n<meta name=\"twitter:label1\" content=\"Tiempo de lectura\" \/>\n\t<meta name=\"twitter:data1\" content=\"1 minute\" \/>\n<script type=\"application\/ld+json\" class=\"yoast-schema-graph\">{\"@context\":\"https:\\\/\\\/schema.org\",\"@graph\":[{\"@type\":\"WebPage\",\"@id\":\"https:\\\/\\\/www.globallistings.info\\\/es\\\/hermano__trashed\\\/\",\"url\":\"https:\\\/\\\/www.globallistings.info\\\/es\\\/hermano__trashed\\\/\",\"name\":\"Traducciones - Global Listings\",\"isPartOf\":{\"@id\":\"https:\\\/\\\/www.globallistings.info\\\/ar\\\/#website\"},\"primaryImageOfPage\":{\"@id\":\"https:\\\/\\\/www.globallistings.info\\\/es\\\/hermano__trashed\\\/#primaryimage\"},\"image\":{\"@id\":\"https:\\\/\\\/www.globallistings.info\\\/es\\\/hermano__trashed\\\/#primaryimage\"},\"thumbnailUrl\":\"http:\\\/\\\/www.globallistings.info\\\/app\\\/uploads\\\/2017\\\/01\\\/tr.png\",\"datePublished\":\"2017-01-17T20:40:59+00:00\",\"dateModified\":\"2017-05-05T09:52:41+00:00\",\"breadcrumb\":{\"@id\":\"https:\\\/\\\/www.globallistings.info\\\/es\\\/hermano__trashed\\\/#breadcrumb\"},\"inLanguage\":\"es-ES\",\"potentialAction\":[{\"@type\":\"ReadAction\",\"target\":[\"https:\\\/\\\/www.globallistings.info\\\/es\\\/hermano__trashed\\\/\"]}]},{\"@type\":\"ImageObject\",\"inLanguage\":\"es-ES\",\"@id\":\"https:\\\/\\\/www.globallistings.info\\\/es\\\/hermano__trashed\\\/#primaryimage\",\"url\":\"http:\\\/\\\/www.globallistings.info\\\/app\\\/uploads\\\/2017\\\/01\\\/tr.png\",\"contentUrl\":\"http:\\\/\\\/www.globallistings.info\\\/app\\\/uploads\\\/2017\\\/01\\\/tr.png\"},{\"@type\":\"BreadcrumbList\",\"@id\":\"https:\\\/\\\/www.globallistings.info\\\/es\\\/hermano__trashed\\\/#breadcrumb\",\"itemListElement\":[{\"@type\":\"ListItem\",\"position\":1,\"name\":\"Home\",\"item\":\"https:\\\/\\\/www.globallistings.info\\\/es\\\/\"},{\"@type\":\"ListItem\",\"position\":2,\"name\":\"Traducciones\"}]},{\"@type\":\"WebSite\",\"@id\":\"https:\\\/\\\/www.globallistings.info\\\/ar\\\/#website\",\"url\":\"https:\\\/\\\/www.globallistings.info\\\/ar\\\/\",\"name\":\"Global Listings\",\"description\":\"\",\"potentialAction\":[{\"@type\":\"SearchAction\",\"target\":{\"@type\":\"EntryPoint\",\"urlTemplate\":\"https:\\\/\\\/www.globallistings.info\\\/ar\\\/?s={search_term_string}\"},\"query-input\":{\"@type\":\"PropertyValueSpecification\",\"valueRequired\":true,\"valueName\":\"search_term_string\"}}],\"inLanguage\":\"es-ES\"}]}<\/script>\n<!-- \/ Yoast SEO plugin. -->","yoast_head_json":{"title":"Traducciones - Global Listings","robots":{"index":"index","follow":"follow","max-snippet":"max-snippet:-1","max-image-preview":"max-image-preview:large","max-video-preview":"max-video-preview:-1"},"canonical":"https:\/\/www.globallistings.info\/es\/hermano__trashed\/","og_locale":"es_ES","og_type":"article","og_title":"Traducciones - Global Listings","og_description":"TRADUCCIONES Global Listings es el l\u00edder del mercado en traducciones para TV, opera en 145 pa\u00edses y en 74 combinaciones de idiomas a diario Empleamos el talento y la experiencia de nuestros m\u00e1s de 17.000 expertos ling\u00fcistas internacionales que trabajan en sus pa\u00edses de origen alrededor del mundo Nuestra estrategia exclusiva se basa en conectar [&hellip;]","og_url":"https:\/\/www.globallistings.info\/es\/hermano__trashed\/","og_site_name":"Global Listings","article_modified_time":"2017-05-05T09:52:41+00:00","og_image":[{"url":"http:\/\/www.globallistings.info\/app\/uploads\/2017\/01\/tr.png","type":"","width":"","height":""}],"twitter_card":"summary_large_image","twitter_misc":{"Tiempo de lectura":"1 minute"},"schema":{"@context":"https:\/\/schema.org","@graph":[{"@type":"WebPage","@id":"https:\/\/www.globallistings.info\/es\/hermano__trashed\/","url":"https:\/\/www.globallistings.info\/es\/hermano__trashed\/","name":"Traducciones - Global Listings","isPartOf":{"@id":"https:\/\/www.globallistings.info\/ar\/#website"},"primaryImageOfPage":{"@id":"https:\/\/www.globallistings.info\/es\/hermano__trashed\/#primaryimage"},"image":{"@id":"https:\/\/www.globallistings.info\/es\/hermano__trashed\/#primaryimage"},"thumbnailUrl":"http:\/\/www.globallistings.info\/app\/uploads\/2017\/01\/tr.png","datePublished":"2017-01-17T20:40:59+00:00","dateModified":"2017-05-05T09:52:41+00:00","breadcrumb":{"@id":"https:\/\/www.globallistings.info\/es\/hermano__trashed\/#breadcrumb"},"inLanguage":"es-ES","potentialAction":[{"@type":"ReadAction","target":["https:\/\/www.globallistings.info\/es\/hermano__trashed\/"]}]},{"@type":"ImageObject","inLanguage":"es-ES","@id":"https:\/\/www.globallistings.info\/es\/hermano__trashed\/#primaryimage","url":"http:\/\/www.globallistings.info\/app\/uploads\/2017\/01\/tr.png","contentUrl":"http:\/\/www.globallistings.info\/app\/uploads\/2017\/01\/tr.png"},{"@type":"BreadcrumbList","@id":"https:\/\/www.globallistings.info\/es\/hermano__trashed\/#breadcrumb","itemListElement":[{"@type":"ListItem","position":1,"name":"Home","item":"https:\/\/www.globallistings.info\/es\/"},{"@type":"ListItem","position":2,"name":"Traducciones"}]},{"@type":"WebSite","@id":"https:\/\/www.globallistings.info\/ar\/#website","url":"https:\/\/www.globallistings.info\/ar\/","name":"Global Listings","description":"","potentialAction":[{"@type":"SearchAction","target":{"@type":"EntryPoint","urlTemplate":"https:\/\/www.globallistings.info\/ar\/?s={search_term_string}"},"query-input":{"@type":"PropertyValueSpecification","valueRequired":true,"valueName":"search_term_string"}}],"inLanguage":"es-ES"}]}},"_links":{"self":[{"href":"https:\/\/www.globallistings.info\/es\/wp-json\/wp\/v2\/pages\/2295","targetHints":{"allow":["GET"]}}],"collection":[{"href":"https:\/\/www.globallistings.info\/es\/wp-json\/wp\/v2\/pages"}],"about":[{"href":"https:\/\/www.globallistings.info\/es\/wp-json\/wp\/v2\/types\/page"}],"author":[{"embeddable":true,"href":"https:\/\/www.globallistings.info\/es\/wp-json\/wp\/v2\/users\/1"}],"replies":[{"embeddable":true,"href":"https:\/\/www.globallistings.info\/es\/wp-json\/wp\/v2\/comments?post=2295"}],"version-history":[{"count":0,"href":"https:\/\/www.globallistings.info\/es\/wp-json\/wp\/v2\/pages\/2295\/revisions"}],"wp:attachment":[{"href":"https:\/\/www.globallistings.info\/es\/wp-json\/wp\/v2\/media?parent=2295"}],"curies":[{"name":"wp","href":"https:\/\/api.w.org\/{rel}","templated":true}]}}