{"id":16729,"date":"2017-03-20T06:59:04","date_gmt":"2017-03-20T06:59:04","guid":{"rendered":"http:\/\/www.globallistings.info\/et\/korghetked\/"},"modified":"2017-04-13T10:45:55","modified_gmt":"2017-04-13T10:45:55","slug":"korghetked","status":"publish","type":"page","link":"https:\/\/www.globallistings.info\/et\/korghetked\/","title":{"rendered":"K\u00f5rghetked"},"content":{"rendered":"<div class=\"col-4\">\n<p><img decoding=\"async\" class=\"img-circle img-responsive\" src=\"http:\/\/www.globallistings.info\/app\/uploads\/2016\/11\/services-3.png\" alt=\"content_photo\" \/><\/p>\n<p class=\"content\">K\u00d5RGHETKED<\/p>\n<\/div>\n<div class=\"col-8\">\n<div class=\"content\">\n<p>Global Listings loob oma teleklientide nimel globaalselt pilkup\u00fc\u00fcdvaid ja valdkonnap\u00f5hiseid programmi k\u00f5rghetkede dokumente, mida levitatakse meedia kaudu igas m\u00e4\u00e4ratud riigis kord n\u00e4dalas v\u00f5i kuus. Me teeme seda 36 eri keeles ja enam kui 145 riigis \u00fcle Maa<\/p>\n<p>Meie ekspertidest kirjutajad, lingvistid, toimetajad ja kujundajad suudavad luua br\u00e4nditeadlikku toimetatud teksti, mis k\u00e4tkeb endas iga telekanali olulised s\u00f5numid. Selle lisatakse l\u00f6\u00f6vad ja sihtp\u00e4rased kujundid, et tuua esile k\u00f5ik olulised aspektid kanali v\u00e4rsketest sarjadest, temaatilistest hooaegadest ja erisaadetest<\/p>\n<p>Global Listingsi programmi k\u00f5rghetkede dokumendid tagavad, et telekanali saadete materjal j\u00f5uab \u00f5igeaegselt \u00f5ige publikuni koos kogu vajaliku infoga. Ja mis on ehk v\u00e4ga konkurentsitiheda teleturu puhul k\u00f5ige olulisem &#8211; need eristuvad konkurentide omadest ning tagavad maksimaalse kajastuse tr\u00fcki- ja <em>online<\/em>-meedias<\/p>\n<\/div>\n<\/div>\n","protected":false},"excerpt":{"rendered":"<p>K\u00d5RGHETKED Global Listings loob oma teleklientide nimel globaalselt pilkup\u00fc\u00fcdvaid ja valdkonnap\u00f5hiseid programmi k\u00f5rghetkede dokumente, mida levitatakse meedia kaudu igas m\u00e4\u00e4ratud riigis kord n\u00e4dalas v\u00f5i kuus. Me teeme seda 36 eri keeles ja enam kui 145 riigis \u00fcle Maa Meie ekspertidest kirjutajad, lingvistid, toimetajad ja kujundajad suudavad luua br\u00e4nditeadlikku toimetatud teksti, mis k\u00e4tkeb endas iga telekanali [&hellip;]<\/p>\n","protected":false},"author":1,"featured_media":0,"parent":0,"menu_order":276,"comment_status":"closed","ping_status":"closed","template":"page-highlights.php","meta":{"_acf_changed":false,"cybocfi_hide_featured_image":"","footnotes":""},"class_list":["post-16729","page","type-page","status-publish","hentry"],"acf":[],"aioseo_notices":[],"yoast_head":"<!-- This site is optimized with the Yoast SEO plugin v27.5 - https:\/\/yoast.com\/product\/yoast-seo-wordpress\/ -->\n<title>K\u00f5rghetked - Global Listings<\/title>\n<meta name=\"robots\" content=\"index, follow, max-snippet:-1, max-image-preview:large, max-video-preview:-1\" \/>\n<link rel=\"canonical\" href=\"https:\/\/www.globallistings.info\/et\/korghetked\/\" \/>\n<meta property=\"og:locale\" content=\"et_EE\" \/>\n<meta property=\"og:type\" content=\"article\" \/>\n<meta property=\"og:title\" content=\"K\u00f5rghetked - Global Listings\" \/>\n<meta property=\"og:description\" content=\"K\u00d5RGHETKED Global Listings loob oma teleklientide nimel globaalselt pilkup\u00fc\u00fcdvaid ja valdkonnap\u00f5hiseid programmi k\u00f5rghetkede dokumente, mida levitatakse meedia kaudu igas m\u00e4\u00e4ratud riigis kord n\u00e4dalas v\u00f5i kuus. Me teeme seda 36 eri keeles ja enam kui 145 riigis \u00fcle Maa Meie ekspertidest kirjutajad, lingvistid, toimetajad ja kujundajad suudavad luua br\u00e4nditeadlikku toimetatud teksti, mis k\u00e4tkeb endas iga telekanali [&hellip;]\" \/>\n<meta property=\"og:url\" content=\"https:\/\/www.globallistings.info\/et\/korghetked\/\" \/>\n<meta property=\"og:site_name\" content=\"Global Listings\" \/>\n<meta property=\"article:modified_time\" content=\"2017-04-13T10:45:55+00:00\" \/>\n<meta property=\"og:image\" content=\"http:\/\/www.globallistings.info\/app\/uploads\/2016\/11\/services-3.png\" \/>\n<meta name=\"twitter:card\" content=\"summary_large_image\" \/>\n<meta name=\"twitter:label1\" content=\"Est. reading time\" \/>\n\t<meta name=\"twitter:data1\" content=\"1 minute\" \/>\n<script type=\"application\/ld+json\" class=\"yoast-schema-graph\">{\"@context\":\"https:\\\/\\\/schema.org\",\"@graph\":[{\"@type\":\"WebPage\",\"@id\":\"https:\\\/\\\/www.globallistings.info\\\/et\\\/korghetked\\\/\",\"url\":\"https:\\\/\\\/www.globallistings.info\\\/et\\\/korghetked\\\/\",\"name\":\"K\u00f5rghetked - Global Listings\",\"isPartOf\":{\"@id\":\"https:\\\/\\\/www.globallistings.info\\\/ar\\\/#website\"},\"primaryImageOfPage\":{\"@id\":\"https:\\\/\\\/www.globallistings.info\\\/et\\\/korghetked\\\/#primaryimage\"},\"image\":{\"@id\":\"https:\\\/\\\/www.globallistings.info\\\/et\\\/korghetked\\\/#primaryimage\"},\"thumbnailUrl\":\"http:\\\/\\\/www.globallistings.info\\\/app\\\/uploads\\\/2016\\\/11\\\/services-3.png\",\"datePublished\":\"2017-03-20T06:59:04+00:00\",\"dateModified\":\"2017-04-13T10:45:55+00:00\",\"breadcrumb\":{\"@id\":\"https:\\\/\\\/www.globallistings.info\\\/et\\\/korghetked\\\/#breadcrumb\"},\"inLanguage\":\"et\",\"potentialAction\":[{\"@type\":\"ReadAction\",\"target\":[\"https:\\\/\\\/www.globallistings.info\\\/et\\\/korghetked\\\/\"]}]},{\"@type\":\"ImageObject\",\"inLanguage\":\"et\",\"@id\":\"https:\\\/\\\/www.globallistings.info\\\/et\\\/korghetked\\\/#primaryimage\",\"url\":\"http:\\\/\\\/www.globallistings.info\\\/app\\\/uploads\\\/2016\\\/11\\\/services-3.png\",\"contentUrl\":\"http:\\\/\\\/www.globallistings.info\\\/app\\\/uploads\\\/2016\\\/11\\\/services-3.png\"},{\"@type\":\"BreadcrumbList\",\"@id\":\"https:\\\/\\\/www.globallistings.info\\\/et\\\/korghetked\\\/#breadcrumb\",\"itemListElement\":[{\"@type\":\"ListItem\",\"position\":1,\"name\":\"Home\",\"item\":\"https:\\\/\\\/www.globallistings.info\\\/et\\\/\"},{\"@type\":\"ListItem\",\"position\":2,\"name\":\"K\u00f5rghetked\"}]},{\"@type\":\"WebSite\",\"@id\":\"https:\\\/\\\/www.globallistings.info\\\/ar\\\/#website\",\"url\":\"https:\\\/\\\/www.globallistings.info\\\/ar\\\/\",\"name\":\"Global Listings\",\"description\":\"\",\"potentialAction\":[{\"@type\":\"SearchAction\",\"target\":{\"@type\":\"EntryPoint\",\"urlTemplate\":\"https:\\\/\\\/www.globallistings.info\\\/ar\\\/?s={search_term_string}\"},\"query-input\":{\"@type\":\"PropertyValueSpecification\",\"valueRequired\":true,\"valueName\":\"search_term_string\"}}],\"inLanguage\":\"et\"}]}<\/script>\n<!-- \/ Yoast SEO plugin. -->","yoast_head_json":{"title":"K\u00f5rghetked - Global Listings","robots":{"index":"index","follow":"follow","max-snippet":"max-snippet:-1","max-image-preview":"max-image-preview:large","max-video-preview":"max-video-preview:-1"},"canonical":"https:\/\/www.globallistings.info\/et\/korghetked\/","og_locale":"et_EE","og_type":"article","og_title":"K\u00f5rghetked - Global Listings","og_description":"K\u00d5RGHETKED Global Listings loob oma teleklientide nimel globaalselt pilkup\u00fc\u00fcdvaid ja valdkonnap\u00f5hiseid programmi k\u00f5rghetkede dokumente, mida levitatakse meedia kaudu igas m\u00e4\u00e4ratud riigis kord n\u00e4dalas v\u00f5i kuus. Me teeme seda 36 eri keeles ja enam kui 145 riigis \u00fcle Maa Meie ekspertidest kirjutajad, lingvistid, toimetajad ja kujundajad suudavad luua br\u00e4nditeadlikku toimetatud teksti, mis k\u00e4tkeb endas iga telekanali [&hellip;]","og_url":"https:\/\/www.globallistings.info\/et\/korghetked\/","og_site_name":"Global Listings","article_modified_time":"2017-04-13T10:45:55+00:00","og_image":[{"url":"http:\/\/www.globallistings.info\/app\/uploads\/2016\/11\/services-3.png","type":"","width":"","height":""}],"twitter_card":"summary_large_image","twitter_misc":{"Est. reading time":"1 minute"},"schema":{"@context":"https:\/\/schema.org","@graph":[{"@type":"WebPage","@id":"https:\/\/www.globallistings.info\/et\/korghetked\/","url":"https:\/\/www.globallistings.info\/et\/korghetked\/","name":"K\u00f5rghetked - Global Listings","isPartOf":{"@id":"https:\/\/www.globallistings.info\/ar\/#website"},"primaryImageOfPage":{"@id":"https:\/\/www.globallistings.info\/et\/korghetked\/#primaryimage"},"image":{"@id":"https:\/\/www.globallistings.info\/et\/korghetked\/#primaryimage"},"thumbnailUrl":"http:\/\/www.globallistings.info\/app\/uploads\/2016\/11\/services-3.png","datePublished":"2017-03-20T06:59:04+00:00","dateModified":"2017-04-13T10:45:55+00:00","breadcrumb":{"@id":"https:\/\/www.globallistings.info\/et\/korghetked\/#breadcrumb"},"inLanguage":"et","potentialAction":[{"@type":"ReadAction","target":["https:\/\/www.globallistings.info\/et\/korghetked\/"]}]},{"@type":"ImageObject","inLanguage":"et","@id":"https:\/\/www.globallistings.info\/et\/korghetked\/#primaryimage","url":"http:\/\/www.globallistings.info\/app\/uploads\/2016\/11\/services-3.png","contentUrl":"http:\/\/www.globallistings.info\/app\/uploads\/2016\/11\/services-3.png"},{"@type":"BreadcrumbList","@id":"https:\/\/www.globallistings.info\/et\/korghetked\/#breadcrumb","itemListElement":[{"@type":"ListItem","position":1,"name":"Home","item":"https:\/\/www.globallistings.info\/et\/"},{"@type":"ListItem","position":2,"name":"K\u00f5rghetked"}]},{"@type":"WebSite","@id":"https:\/\/www.globallistings.info\/ar\/#website","url":"https:\/\/www.globallistings.info\/ar\/","name":"Global Listings","description":"","potentialAction":[{"@type":"SearchAction","target":{"@type":"EntryPoint","urlTemplate":"https:\/\/www.globallistings.info\/ar\/?s={search_term_string}"},"query-input":{"@type":"PropertyValueSpecification","valueRequired":true,"valueName":"search_term_string"}}],"inLanguage":"et"}]}},"_links":{"self":[{"href":"https:\/\/www.globallistings.info\/et\/wp-json\/wp\/v2\/pages\/16729","targetHints":{"allow":["GET"]}}],"collection":[{"href":"https:\/\/www.globallistings.info\/et\/wp-json\/wp\/v2\/pages"}],"about":[{"href":"https:\/\/www.globallistings.info\/et\/wp-json\/wp\/v2\/types\/page"}],"author":[{"embeddable":true,"href":"https:\/\/www.globallistings.info\/et\/wp-json\/wp\/v2\/users\/1"}],"replies":[{"embeddable":true,"href":"https:\/\/www.globallistings.info\/et\/wp-json\/wp\/v2\/comments?post=16729"}],"version-history":[{"count":0,"href":"https:\/\/www.globallistings.info\/et\/wp-json\/wp\/v2\/pages\/16729\/revisions"}],"wp:attachment":[{"href":"https:\/\/www.globallistings.info\/et\/wp-json\/wp\/v2\/media?parent=16729"}],"curies":[{"name":"wp","href":"https:\/\/api.w.org\/{rel}","templated":true}]}}