{"id":6625,"date":"2017-03-07T18:11:54","date_gmt":"2017-03-07T18:11:54","guid":{"rendered":"http:\/\/www.globallistings.info\/fi\/sosiaalinen-media\/"},"modified":"2017-12-07T10:04:19","modified_gmt":"2017-12-07T10:04:19","slug":"sosiaalinen-media","status":"publish","type":"page","link":"https:\/\/www.globallistings.info\/fi\/sosiaalinen-media\/","title":{"rendered":"Sosiaalinen media"},"content":{"rendered":"<div class=\"col-4\">\n<p><img decoding=\"async\" class=\"img-circle img-responsive\" src=\"http:\/\/www.globallistings.info\/app\/uploads\/2017\/01\/sm.png\" alt=\"\" \/><\/p>\n<p class=\"content\">SOSIAALINEN MEDIA<\/p>\n<\/div>\n<div class=\"col-8\">\n<div class=\"content\">\n<p>Lahjakkaat ty\u00f6ryhm\u00e4mme \u2013 Yhdistyneiss\u00e4 Kuningaskunnissa ja maailmalla \u2013 ovat asiantuntijoita viihdealan metadatan luomisessa. N\u00e4m\u00e4 tiedot toimitetaan TV-yleis\u00f6ille ymp\u00e4ri maailmaa<\/p>\n<p>COPE-j\u00e4rjestelm\u00e4mme, jonka lyhenne tulee sanoista &#8220;Create Once, Publish Everywhere&#8221; (Luo kerran, julkaise kaikkialla) varmistaa sen, ett\u00e4 l\u00e4hetyksist\u00e4 vastaavat asiakkaamme saavat isoimman mahdollisen hy\u00f6dyn irti luomistamme ja asiakkaittemme puolesta yll\u00e4pit\u00e4mist\u00e4mme metatiedoista ja kuvista<\/p>\n<p>COPE-j\u00e4rjestelm\u00e4n ansiosta vain Global Listings voi k\u00e4sitell\u00e4 tiedot ja kuvat useille eri alustoille ja loppuk\u00e4ytt\u00e4jille sopiviksi aina verkkosivuista VOD-alustoihin ja s\u00e4ilytt\u00e4\u00e4 samalla erinomaisen laadun ilman ristiriitoja<\/p>\n<p>Voimme siis lis\u00e4t\u00e4 asiakkaamme sosiaalisen median arvoa aina Facebookista ja Twitterist\u00e4 Instagramiin ja Snapchatiin. Voimme tarjota br\u00e4ndiin sopivia viestej\u00e4 ja kuvia, joihin yhdistet\u00e4\u00e4n viimeisimm\u00e4t ohjelmatiedot, jotta l\u00e4hetyksist\u00e4 vastaavat asiakkaamme saavat kaiken hy\u00f6dyn irti heille luomistamme tiedoista<\/p>\n<\/div>\n<\/div>\n","protected":false},"excerpt":{"rendered":"<p>SOSIAALINEN MEDIA Lahjakkaat ty\u00f6ryhm\u00e4mme \u2013 Yhdistyneiss\u00e4 Kuningaskunnissa ja maailmalla \u2013 ovat asiantuntijoita viihdealan metadatan luomisessa. N\u00e4m\u00e4 tiedot toimitetaan TV-yleis\u00f6ille ymp\u00e4ri maailmaa COPE-j\u00e4rjestelm\u00e4mme, jonka lyhenne tulee sanoista &#8220;Create Once, Publish Everywhere&#8221; (Luo kerran, julkaise kaikkialla) varmistaa sen, ett\u00e4 l\u00e4hetyksist\u00e4 vastaavat asiakkaamme saavat isoimman mahdollisen hy\u00f6dyn irti luomistamme ja asiakkaittemme puolesta yll\u00e4pit\u00e4mist\u00e4mme metatiedoista ja kuvista COPE-j\u00e4rjestelm\u00e4n ansiosta [&hellip;]<\/p>\n","protected":false},"author":1,"featured_media":0,"parent":0,"menu_order":441,"comment_status":"closed","ping_status":"closed","template":"page-epgs.php","meta":{"_acf_changed":false,"cybocfi_hide_featured_image":"","footnotes":""},"class_list":["post-6625","page","type-page","status-publish","hentry"],"acf":[],"aioseo_notices":[],"yoast_head":"<!-- This site is optimized with the Yoast SEO plugin v27.3 - https:\/\/yoast.com\/product\/yoast-seo-wordpress\/ -->\n<title>Sosiaalinen media - Global Listings<\/title>\n<meta name=\"robots\" content=\"index, follow, max-snippet:-1, max-image-preview:large, max-video-preview:-1\" \/>\n<link rel=\"canonical\" href=\"https:\/\/www.globallistings.info\/fi\/sosiaalinen-media\/\" \/>\n<meta property=\"og:locale\" content=\"fi_FI\" \/>\n<meta property=\"og:type\" content=\"article\" \/>\n<meta property=\"og:title\" content=\"Sosiaalinen media - Global Listings\" \/>\n<meta property=\"og:description\" content=\"SOSIAALINEN MEDIA Lahjakkaat ty\u00f6ryhm\u00e4mme \u2013 Yhdistyneiss\u00e4 Kuningaskunnissa ja maailmalla \u2013 ovat asiantuntijoita viihdealan metadatan luomisessa. N\u00e4m\u00e4 tiedot toimitetaan TV-yleis\u00f6ille ymp\u00e4ri maailmaa COPE-j\u00e4rjestelm\u00e4mme, jonka lyhenne tulee sanoista &#8220;Create Once, Publish Everywhere&#8221; (Luo kerran, julkaise kaikkialla) varmistaa sen, ett\u00e4 l\u00e4hetyksist\u00e4 vastaavat asiakkaamme saavat isoimman mahdollisen hy\u00f6dyn irti luomistamme ja asiakkaittemme puolesta yll\u00e4pit\u00e4mist\u00e4mme metatiedoista ja kuvista COPE-j\u00e4rjestelm\u00e4n ansiosta [&hellip;]\" \/>\n<meta property=\"og:url\" content=\"https:\/\/www.globallistings.info\/fi\/sosiaalinen-media\/\" \/>\n<meta property=\"og:site_name\" content=\"Global Listings\" \/>\n<meta property=\"article:modified_time\" content=\"2017-12-07T10:04:19+00:00\" \/>\n<meta property=\"og:image\" content=\"http:\/\/www.globallistings.info\/app\/uploads\/2017\/01\/sm.png\" \/>\n<meta name=\"twitter:card\" content=\"summary_large_image\" \/>\n<meta name=\"twitter:label1\" content=\"Est. reading time\" \/>\n\t<meta name=\"twitter:data1\" content=\"1 minute\" \/>\n<script type=\"application\/ld+json\" class=\"yoast-schema-graph\">{\"@context\":\"https:\\\/\\\/schema.org\",\"@graph\":[{\"@type\":\"WebPage\",\"@id\":\"https:\\\/\\\/www.globallistings.info\\\/fi\\\/sosiaalinen-media\\\/\",\"url\":\"https:\\\/\\\/www.globallistings.info\\\/fi\\\/sosiaalinen-media\\\/\",\"name\":\"Sosiaalinen media - Global Listings\",\"isPartOf\":{\"@id\":\"https:\\\/\\\/www.globallistings.info\\\/ar\\\/#website\"},\"primaryImageOfPage\":{\"@id\":\"https:\\\/\\\/www.globallistings.info\\\/fi\\\/sosiaalinen-media\\\/#primaryimage\"},\"image\":{\"@id\":\"https:\\\/\\\/www.globallistings.info\\\/fi\\\/sosiaalinen-media\\\/#primaryimage\"},\"thumbnailUrl\":\"http:\\\/\\\/www.globallistings.info\\\/app\\\/uploads\\\/2017\\\/01\\\/sm.png\",\"datePublished\":\"2017-03-07T18:11:54+00:00\",\"dateModified\":\"2017-12-07T10:04:19+00:00\",\"breadcrumb\":{\"@id\":\"https:\\\/\\\/www.globallistings.info\\\/fi\\\/sosiaalinen-media\\\/#breadcrumb\"},\"inLanguage\":\"fi\",\"potentialAction\":[{\"@type\":\"ReadAction\",\"target\":[\"https:\\\/\\\/www.globallistings.info\\\/fi\\\/sosiaalinen-media\\\/\"]}]},{\"@type\":\"ImageObject\",\"inLanguage\":\"fi\",\"@id\":\"https:\\\/\\\/www.globallistings.info\\\/fi\\\/sosiaalinen-media\\\/#primaryimage\",\"url\":\"http:\\\/\\\/www.globallistings.info\\\/app\\\/uploads\\\/2017\\\/01\\\/sm.png\",\"contentUrl\":\"http:\\\/\\\/www.globallistings.info\\\/app\\\/uploads\\\/2017\\\/01\\\/sm.png\"},{\"@type\":\"BreadcrumbList\",\"@id\":\"https:\\\/\\\/www.globallistings.info\\\/fi\\\/sosiaalinen-media\\\/#breadcrumb\",\"itemListElement\":[{\"@type\":\"ListItem\",\"position\":1,\"name\":\"Home\",\"item\":\"https:\\\/\\\/www.globallistings.info\\\/fi\\\/\"},{\"@type\":\"ListItem\",\"position\":2,\"name\":\"Sosiaalinen media\"}]},{\"@type\":\"WebSite\",\"@id\":\"https:\\\/\\\/www.globallistings.info\\\/ar\\\/#website\",\"url\":\"https:\\\/\\\/www.globallistings.info\\\/ar\\\/\",\"name\":\"Global Listings\",\"description\":\"\",\"potentialAction\":[{\"@type\":\"SearchAction\",\"target\":{\"@type\":\"EntryPoint\",\"urlTemplate\":\"https:\\\/\\\/www.globallistings.info\\\/ar\\\/?s={search_term_string}\"},\"query-input\":{\"@type\":\"PropertyValueSpecification\",\"valueRequired\":true,\"valueName\":\"search_term_string\"}}],\"inLanguage\":\"fi\"}]}<\/script>\n<!-- \/ Yoast SEO plugin. -->","yoast_head_json":{"title":"Sosiaalinen media - Global Listings","robots":{"index":"index","follow":"follow","max-snippet":"max-snippet:-1","max-image-preview":"max-image-preview:large","max-video-preview":"max-video-preview:-1"},"canonical":"https:\/\/www.globallistings.info\/fi\/sosiaalinen-media\/","og_locale":"fi_FI","og_type":"article","og_title":"Sosiaalinen media - Global Listings","og_description":"SOSIAALINEN MEDIA Lahjakkaat ty\u00f6ryhm\u00e4mme \u2013 Yhdistyneiss\u00e4 Kuningaskunnissa ja maailmalla \u2013 ovat asiantuntijoita viihdealan metadatan luomisessa. N\u00e4m\u00e4 tiedot toimitetaan TV-yleis\u00f6ille ymp\u00e4ri maailmaa COPE-j\u00e4rjestelm\u00e4mme, jonka lyhenne tulee sanoista &#8220;Create Once, Publish Everywhere&#8221; (Luo kerran, julkaise kaikkialla) varmistaa sen, ett\u00e4 l\u00e4hetyksist\u00e4 vastaavat asiakkaamme saavat isoimman mahdollisen hy\u00f6dyn irti luomistamme ja asiakkaittemme puolesta yll\u00e4pit\u00e4mist\u00e4mme metatiedoista ja kuvista COPE-j\u00e4rjestelm\u00e4n ansiosta [&hellip;]","og_url":"https:\/\/www.globallistings.info\/fi\/sosiaalinen-media\/","og_site_name":"Global Listings","article_modified_time":"2017-12-07T10:04:19+00:00","og_image":[{"url":"http:\/\/www.globallistings.info\/app\/uploads\/2017\/01\/sm.png","type":"","width":"","height":""}],"twitter_card":"summary_large_image","twitter_misc":{"Est. reading time":"1 minute"},"schema":{"@context":"https:\/\/schema.org","@graph":[{"@type":"WebPage","@id":"https:\/\/www.globallistings.info\/fi\/sosiaalinen-media\/","url":"https:\/\/www.globallistings.info\/fi\/sosiaalinen-media\/","name":"Sosiaalinen media - Global Listings","isPartOf":{"@id":"https:\/\/www.globallistings.info\/ar\/#website"},"primaryImageOfPage":{"@id":"https:\/\/www.globallistings.info\/fi\/sosiaalinen-media\/#primaryimage"},"image":{"@id":"https:\/\/www.globallistings.info\/fi\/sosiaalinen-media\/#primaryimage"},"thumbnailUrl":"http:\/\/www.globallistings.info\/app\/uploads\/2017\/01\/sm.png","datePublished":"2017-03-07T18:11:54+00:00","dateModified":"2017-12-07T10:04:19+00:00","breadcrumb":{"@id":"https:\/\/www.globallistings.info\/fi\/sosiaalinen-media\/#breadcrumb"},"inLanguage":"fi","potentialAction":[{"@type":"ReadAction","target":["https:\/\/www.globallistings.info\/fi\/sosiaalinen-media\/"]}]},{"@type":"ImageObject","inLanguage":"fi","@id":"https:\/\/www.globallistings.info\/fi\/sosiaalinen-media\/#primaryimage","url":"http:\/\/www.globallistings.info\/app\/uploads\/2017\/01\/sm.png","contentUrl":"http:\/\/www.globallistings.info\/app\/uploads\/2017\/01\/sm.png"},{"@type":"BreadcrumbList","@id":"https:\/\/www.globallistings.info\/fi\/sosiaalinen-media\/#breadcrumb","itemListElement":[{"@type":"ListItem","position":1,"name":"Home","item":"https:\/\/www.globallistings.info\/fi\/"},{"@type":"ListItem","position":2,"name":"Sosiaalinen media"}]},{"@type":"WebSite","@id":"https:\/\/www.globallistings.info\/ar\/#website","url":"https:\/\/www.globallistings.info\/ar\/","name":"Global Listings","description":"","potentialAction":[{"@type":"SearchAction","target":{"@type":"EntryPoint","urlTemplate":"https:\/\/www.globallistings.info\/ar\/?s={search_term_string}"},"query-input":{"@type":"PropertyValueSpecification","valueRequired":true,"valueName":"search_term_string"}}],"inLanguage":"fi"}]}},"_links":{"self":[{"href":"https:\/\/www.globallistings.info\/fi\/wp-json\/wp\/v2\/pages\/6625","targetHints":{"allow":["GET"]}}],"collection":[{"href":"https:\/\/www.globallistings.info\/fi\/wp-json\/wp\/v2\/pages"}],"about":[{"href":"https:\/\/www.globallistings.info\/fi\/wp-json\/wp\/v2\/types\/page"}],"author":[{"embeddable":true,"href":"https:\/\/www.globallistings.info\/fi\/wp-json\/wp\/v2\/users\/1"}],"replies":[{"embeddable":true,"href":"https:\/\/www.globallistings.info\/fi\/wp-json\/wp\/v2\/comments?post=6625"}],"version-history":[{"count":0,"href":"https:\/\/www.globallistings.info\/fi\/wp-json\/wp\/v2\/pages\/6625\/revisions"}],"wp:attachment":[{"href":"https:\/\/www.globallistings.info\/fi\/wp-json\/wp\/v2\/media?parent=6625"}],"curies":[{"name":"wp","href":"https:\/\/api.w.org\/{rel}","templated":true}]}}