{"id":7255,"date":"2017-03-08T14:01:18","date_gmt":"2017-03-08T14:01:18","guid":{"rendered":"http:\/\/www.globallistings.info\/fi\/tietoa-meistae\/"},"modified":"2017-12-07T10:08:29","modified_gmt":"2017-12-07T10:08:29","slug":"tietoa-meistae","status":"publish","type":"page","link":"https:\/\/www.globallistings.info\/fi\/tietoa-meistae\/","title":{"rendered":"Tietoa meist\u00e4"},"content":{"rendered":"<div class=\"col-4\">\n<p><img decoding=\"async\" class=\"img-circle img-responsive\" src=\"http:\/\/www.globallistings.info\/app\/uploads\/2017\/01\/T.jpg\" alt=\"\" \/><\/p>\n<p class=\"content\">Thalia Droussioti<br \/>\n<mark class=\"sub-content\">CEO<\/mark><\/p>\n<p class=\"description\">Thalia Droussioti on Woman in Business -palkinnon voittaja ja vuonna 2002 lanseeraamansa Global Listings -yhti\u00f6n perustaja ja p\u00e4\u00e4johtaja. Thalia on entinen TV-lehtien toimittaja ja p\u00e4\u00e4toimittaja. H\u00e4n on kehitt\u00e4nyt Global Listingsia yli 25:n TV-alalla vietetyn vuoden tuoman laajan kokemuksen avulla. Global Listingsin johtot\u00e4hti on rakkaus toimitukselliseen laatuun ja televisioon sek\u00e4 laaja ymm\u00e4rrys siit\u00e4, mit\u00e4 ala vaatii l\u00e4hetystoimintayhti\u00f6lt\u00e4 ja mit\u00e4 l\u00e4hetystoimintayhti\u00f6n t\u00e4ytyy pysty\u00e4 v\u00e4litt\u00e4m\u00e4\u00e4n katsojille.<br \/> <a href=\"https:\/\/www.linkedin.com\/feed\/update\/urn:li:activity:6338337579074748416\"><u>STEVIE\u00ae AWARD FOR WOMEN IN BUSINESS -palkinnon voittaja.<\/u><\/a><\/p>\n<p><a href=\"https:\/\/stevieawards.com\/women\"><img loading=\"lazy\" decoding=\"async\" src=\"http:\/\/www.globallistings.info\/wp-content\/uploads\/2016\/12\/sawib17_silver_winner-21.jpg\" alt=\"\" width=\"400\" height=\"212\" class=\"alignnone size-full wp-image-29156\" srcset=\"https:\/\/www.globallistings.info\/wp-content\/uploads\/2016\/12\/sawib17_silver_winner-21.jpg 400w, https:\/\/www.globallistings.info\/wp-content\/uploads\/2016\/12\/sawib17_silver_winner-21-300x159.jpg 300w\" sizes=\"auto, (max-width: 400px) 100vw, 400px\" \/><\/a><\/p>\n<\/div>\n<div class=\"col-8\">\n<div class=\"content\">\n<p> Global Listings on maailman suurin l\u00e4hetystoimintayhti\u00f6iden kaikkien sis\u00e4lt\u00f6tarpeiden palveluiden tarjoaja<\/p>\n<p> Edistyksellisen tekniikan ja toimituksellisen ja kielellisen osaamisemme avulla luomme, hallitsemme ja toimitamme laajennettua toimituksellista metadataa sek\u00e4 kuvia kansainv\u00e4listen TV-kanavien puolesta<\/p>\n<p>Toimimme p\u00e4ivitt\u00e4in 145 maassa ja 36 kielell\u00e4. Tavoitamme maailmanlaajuisesti 6,6 miljardia katsojaa<\/p>\n<p>Tarjoamme r\u00e4\u00e4t\u00e4l\u00f6ityj\u00e4 ratkaisuja ja teemme yhteisty\u00f6t\u00e4 asiakkaittemme kanssa, jotta voimme t\u00e4ytt\u00e4\u00e4 heid\u00e4n tarpeensa<\/p>\n<p> Olemme alamme edell\u00e4k\u00e4vij\u00e4, ja meill\u00e4 on pitk\u00e4lle tulevaisuuteen kantava palveluvalikoima, jonka avulla pysymme askeleen edell\u00e4 kilpailijoitamme<\/p>\n<p> Teemme kaikkemme ja v\u00e4h\u00e4n enemm\u00e4n, jotta asiakkaan odotukset ylittyisiv\u00e4t kaikessa mit\u00e4 teemme<\/p>\n<p>Asialleen omistautuneet ryhm\u00e4mme koostuvat toimitusasiantuntijoista, kieliasiantuntijoista ja teknisist\u00e4 asiantuntijoista, joiden avulla voimme t\u00e4ytt\u00e4\u00e4 asiakkaittemme vaatimukset ja toimittaa erinomaista, tarkkaa ja r\u00e4\u00e4t\u00e4l\u00f6ity\u00e4 sis\u00e4lt\u00f6\u00e4<\/p>\n<p> TV-ala on intohimomme, ja meill\u00e4 on sen eri genreist\u00e4 paljon tietoa ja kokemusta. Olemme l\u00e4hetystoimintayhti\u00f6ille aito kumppani kaikkialla maailmassa ja toimitamme materiaalit tarkasti ja ajoissa mill\u00e4 tahansa kielell\u00e4<\/p>\n<\/div>\n<\/div>\n","protected":false},"excerpt":{"rendered":"<p>Thalia Droussioti CEO Thalia Droussioti on Woman in Business -palkinnon voittaja ja vuonna 2002 lanseeraamansa Global Listings -yhti\u00f6n perustaja ja p\u00e4\u00e4johtaja. Thalia on entinen TV-lehtien toimittaja ja p\u00e4\u00e4toimittaja. H\u00e4n on kehitt\u00e4nyt Global Listingsia yli 25:n TV-alalla vietetyn vuoden tuoman laajan kokemuksen avulla. Global Listingsin johtot\u00e4hti on rakkaus toimitukselliseen laatuun ja televisioon sek\u00e4 laaja ymm\u00e4rrys siit\u00e4, [&hellip;]<\/p>\n","protected":false},"author":1,"featured_media":0,"parent":0,"menu_order":77,"comment_status":"closed","ping_status":"closed","template":"page-aboutus.php","meta":{"_acf_changed":false,"cybocfi_hide_featured_image":"","footnotes":""},"class_list":["post-7255","page","type-page","status-publish","hentry"],"acf":[],"aioseo_notices":[],"yoast_head":"<!-- This site is optimized with the Yoast SEO plugin v27.4 - https:\/\/yoast.com\/product\/yoast-seo-wordpress\/ -->\n<title>Tietoa meist\u00e4 - Global Listings<\/title>\n<meta name=\"robots\" content=\"index, follow, max-snippet:-1, max-image-preview:large, max-video-preview:-1\" \/>\n<link rel=\"canonical\" href=\"https:\/\/www.globallistings.info\/fi\/tietoa-meistae\/\" \/>\n<meta property=\"og:locale\" content=\"fi_FI\" \/>\n<meta property=\"og:type\" content=\"article\" \/>\n<meta property=\"og:title\" content=\"Tietoa meist\u00e4 - Global Listings\" \/>\n<meta property=\"og:description\" content=\"Thalia Droussioti CEO Thalia Droussioti on Woman in Business -palkinnon voittaja ja vuonna 2002 lanseeraamansa Global Listings -yhti\u00f6n perustaja ja p\u00e4\u00e4johtaja. Thalia on entinen TV-lehtien toimittaja ja p\u00e4\u00e4toimittaja. H\u00e4n on kehitt\u00e4nyt Global Listingsia yli 25:n TV-alalla vietetyn vuoden tuoman laajan kokemuksen avulla. Global Listingsin johtot\u00e4hti on rakkaus toimitukselliseen laatuun ja televisioon sek\u00e4 laaja ymm\u00e4rrys siit\u00e4, [&hellip;]\" \/>\n<meta property=\"og:url\" content=\"https:\/\/www.globallistings.info\/fi\/tietoa-meistae\/\" \/>\n<meta property=\"og:site_name\" content=\"Global Listings\" \/>\n<meta property=\"article:modified_time\" content=\"2017-12-07T10:08:29+00:00\" \/>\n<meta property=\"og:image\" content=\"http:\/\/www.globallistings.info\/app\/uploads\/2017\/01\/T.jpg\" \/>\n<meta name=\"twitter:card\" content=\"summary_large_image\" \/>\n<meta name=\"twitter:label1\" content=\"Est. reading time\" \/>\n\t<meta name=\"twitter:data1\" content=\"1 minute\" \/>\n<script type=\"application\/ld+json\" class=\"yoast-schema-graph\">{\"@context\":\"https:\\\/\\\/schema.org\",\"@graph\":[{\"@type\":\"WebPage\",\"@id\":\"https:\\\/\\\/www.globallistings.info\\\/fi\\\/tietoa-meistae\\\/\",\"url\":\"https:\\\/\\\/www.globallistings.info\\\/fi\\\/tietoa-meistae\\\/\",\"name\":\"Tietoa meist\u00e4 - Global Listings\",\"isPartOf\":{\"@id\":\"https:\\\/\\\/www.globallistings.info\\\/ar\\\/#website\"},\"primaryImageOfPage\":{\"@id\":\"https:\\\/\\\/www.globallistings.info\\\/fi\\\/tietoa-meistae\\\/#primaryimage\"},\"image\":{\"@id\":\"https:\\\/\\\/www.globallistings.info\\\/fi\\\/tietoa-meistae\\\/#primaryimage\"},\"thumbnailUrl\":\"http:\\\/\\\/www.globallistings.info\\\/app\\\/uploads\\\/2017\\\/01\\\/T.jpg\",\"datePublished\":\"2017-03-08T14:01:18+00:00\",\"dateModified\":\"2017-12-07T10:08:29+00:00\",\"breadcrumb\":{\"@id\":\"https:\\\/\\\/www.globallistings.info\\\/fi\\\/tietoa-meistae\\\/#breadcrumb\"},\"inLanguage\":\"fi\",\"potentialAction\":[{\"@type\":\"ReadAction\",\"target\":[\"https:\\\/\\\/www.globallistings.info\\\/fi\\\/tietoa-meistae\\\/\"]}]},{\"@type\":\"ImageObject\",\"inLanguage\":\"fi\",\"@id\":\"https:\\\/\\\/www.globallistings.info\\\/fi\\\/tietoa-meistae\\\/#primaryimage\",\"url\":\"http:\\\/\\\/www.globallistings.info\\\/app\\\/uploads\\\/2017\\\/01\\\/T.jpg\",\"contentUrl\":\"http:\\\/\\\/www.globallistings.info\\\/app\\\/uploads\\\/2017\\\/01\\\/T.jpg\"},{\"@type\":\"BreadcrumbList\",\"@id\":\"https:\\\/\\\/www.globallistings.info\\\/fi\\\/tietoa-meistae\\\/#breadcrumb\",\"itemListElement\":[{\"@type\":\"ListItem\",\"position\":1,\"name\":\"Home\",\"item\":\"https:\\\/\\\/www.globallistings.info\\\/fi\\\/\"},{\"@type\":\"ListItem\",\"position\":2,\"name\":\"Tietoa meist\u00e4\"}]},{\"@type\":\"WebSite\",\"@id\":\"https:\\\/\\\/www.globallistings.info\\\/ar\\\/#website\",\"url\":\"https:\\\/\\\/www.globallistings.info\\\/ar\\\/\",\"name\":\"Global Listings\",\"description\":\"\",\"potentialAction\":[{\"@type\":\"SearchAction\",\"target\":{\"@type\":\"EntryPoint\",\"urlTemplate\":\"https:\\\/\\\/www.globallistings.info\\\/ar\\\/?s={search_term_string}\"},\"query-input\":{\"@type\":\"PropertyValueSpecification\",\"valueRequired\":true,\"valueName\":\"search_term_string\"}}],\"inLanguage\":\"fi\"}]}<\/script>\n<!-- \/ Yoast SEO plugin. -->","yoast_head_json":{"title":"Tietoa meist\u00e4 - Global Listings","robots":{"index":"index","follow":"follow","max-snippet":"max-snippet:-1","max-image-preview":"max-image-preview:large","max-video-preview":"max-video-preview:-1"},"canonical":"https:\/\/www.globallistings.info\/fi\/tietoa-meistae\/","og_locale":"fi_FI","og_type":"article","og_title":"Tietoa meist\u00e4 - Global Listings","og_description":"Thalia Droussioti CEO Thalia Droussioti on Woman in Business -palkinnon voittaja ja vuonna 2002 lanseeraamansa Global Listings -yhti\u00f6n perustaja ja p\u00e4\u00e4johtaja. Thalia on entinen TV-lehtien toimittaja ja p\u00e4\u00e4toimittaja. H\u00e4n on kehitt\u00e4nyt Global Listingsia yli 25:n TV-alalla vietetyn vuoden tuoman laajan kokemuksen avulla. Global Listingsin johtot\u00e4hti on rakkaus toimitukselliseen laatuun ja televisioon sek\u00e4 laaja ymm\u00e4rrys siit\u00e4, [&hellip;]","og_url":"https:\/\/www.globallistings.info\/fi\/tietoa-meistae\/","og_site_name":"Global Listings","article_modified_time":"2017-12-07T10:08:29+00:00","og_image":[{"url":"http:\/\/www.globallistings.info\/app\/uploads\/2017\/01\/T.jpg","type":"","width":"","height":""}],"twitter_card":"summary_large_image","twitter_misc":{"Est. reading time":"1 minute"},"schema":{"@context":"https:\/\/schema.org","@graph":[{"@type":"WebPage","@id":"https:\/\/www.globallistings.info\/fi\/tietoa-meistae\/","url":"https:\/\/www.globallistings.info\/fi\/tietoa-meistae\/","name":"Tietoa meist\u00e4 - Global Listings","isPartOf":{"@id":"https:\/\/www.globallistings.info\/ar\/#website"},"primaryImageOfPage":{"@id":"https:\/\/www.globallistings.info\/fi\/tietoa-meistae\/#primaryimage"},"image":{"@id":"https:\/\/www.globallistings.info\/fi\/tietoa-meistae\/#primaryimage"},"thumbnailUrl":"http:\/\/www.globallistings.info\/app\/uploads\/2017\/01\/T.jpg","datePublished":"2017-03-08T14:01:18+00:00","dateModified":"2017-12-07T10:08:29+00:00","breadcrumb":{"@id":"https:\/\/www.globallistings.info\/fi\/tietoa-meistae\/#breadcrumb"},"inLanguage":"fi","potentialAction":[{"@type":"ReadAction","target":["https:\/\/www.globallistings.info\/fi\/tietoa-meistae\/"]}]},{"@type":"ImageObject","inLanguage":"fi","@id":"https:\/\/www.globallistings.info\/fi\/tietoa-meistae\/#primaryimage","url":"http:\/\/www.globallistings.info\/app\/uploads\/2017\/01\/T.jpg","contentUrl":"http:\/\/www.globallistings.info\/app\/uploads\/2017\/01\/T.jpg"},{"@type":"BreadcrumbList","@id":"https:\/\/www.globallistings.info\/fi\/tietoa-meistae\/#breadcrumb","itemListElement":[{"@type":"ListItem","position":1,"name":"Home","item":"https:\/\/www.globallistings.info\/fi\/"},{"@type":"ListItem","position":2,"name":"Tietoa meist\u00e4"}]},{"@type":"WebSite","@id":"https:\/\/www.globallistings.info\/ar\/#website","url":"https:\/\/www.globallistings.info\/ar\/","name":"Global Listings","description":"","potentialAction":[{"@type":"SearchAction","target":{"@type":"EntryPoint","urlTemplate":"https:\/\/www.globallistings.info\/ar\/?s={search_term_string}"},"query-input":{"@type":"PropertyValueSpecification","valueRequired":true,"valueName":"search_term_string"}}],"inLanguage":"fi"}]}},"_links":{"self":[{"href":"https:\/\/www.globallistings.info\/fi\/wp-json\/wp\/v2\/pages\/7255","targetHints":{"allow":["GET"]}}],"collection":[{"href":"https:\/\/www.globallistings.info\/fi\/wp-json\/wp\/v2\/pages"}],"about":[{"href":"https:\/\/www.globallistings.info\/fi\/wp-json\/wp\/v2\/types\/page"}],"author":[{"embeddable":true,"href":"https:\/\/www.globallistings.info\/fi\/wp-json\/wp\/v2\/users\/1"}],"replies":[{"embeddable":true,"href":"https:\/\/www.globallistings.info\/fi\/wp-json\/wp\/v2\/comments?post=7255"}],"version-history":[{"count":0,"href":"https:\/\/www.globallistings.info\/fi\/wp-json\/wp\/v2\/pages\/7255\/revisions"}],"wp:attachment":[{"href":"https:\/\/www.globallistings.info\/fi\/wp-json\/wp\/v2\/media?parent=7255"}],"curies":[{"name":"wp","href":"https:\/\/api.w.org\/{rel}","templated":true}]}}