{"id":7256,"date":"2017-03-08T14:25:38","date_gmt":"2017-03-08T14:25:38","guid":{"rendered":"http:\/\/www.globallistings.info\/fi\/toimitukselliset-tyoet\/"},"modified":"2017-12-07T10:05:14","modified_gmt":"2017-12-07T10:05:14","slug":"toimitukselliset-tyoet","status":"publish","type":"page","link":"https:\/\/www.globallistings.info\/fi\/toimitukselliset-tyoet\/","title":{"rendered":"Toimitukselliset ty\u00f6t"},"content":{"rendered":"<div class=\"col-4\">\n<p><img decoding=\"async\" class=\"img-circle img-responsive\" src=\"http:\/\/www.globallistings.info\/app\/uploads\/2017\/01\/editorialcircbig.png\" alt=\"content_photo\" \/><\/p>\n<p class=\"content\">TOIMITUKSELLISET TY\u00d6T<\/p>\n<\/div>\n<div class=\"col-8\">\n<div class=\"content\">\n<p>Global Listingsin lahjakkaat toimittajat tuottavat korkealaatuista, dynaamista ja tehokasta teksti\u00e4 mill\u00e4 tahansa kielell\u00e4<\/p>\n<p>Teemme t\u00f6it\u00e4 kansainv\u00e4listen TV-kanavaverkostojen kanssa ja kirjoitamme, muokkaamme ja oikoluemme tekstin aina hiotuksi kokonaisuudeksi asti (sis\u00e4lt\u00e4en jakelun). Teemme t\u00f6it\u00e4 asiakkaittemme puolesta tunneittain, p\u00e4ivitt\u00e4in, viikoittain, kuukausittain tai tarpeen mukaan<\/p>\n<p>Yhdistyneiss\u00e4 Kuningaskunnissa toimivat sek\u00e4 kansainv\u00e4liset kirjoittajamme ovat kaikki kokeneita asiantuntijoita, jotka luovat s\u00e4ihkyvi\u00e4, br\u00e4ndiuskollisia tekstej\u00e4, joissa ilmentyy juuri se, mit\u00e4 asiakaskumppanimme haluavat v\u00e4litt\u00e4\u00e4, ja jotka antavat vastaanottajalle (printtimedia tai digitaalinen media) testatulla ja hyv\u00e4ksi todistetulla tavalla juuri ne tiedot, joita tarvitaan<\/p>\n<p>Toimitukselliset palvelumme sis\u00e4lt\u00e4v\u00e4t:<\/p>\n<ul class=\"content-bulletpoints\">\n<li>TV-ohjelmien kuvaukset: voimme kirjoittaa tekstin aivan alusta asti ja luoda siit\u00e4 musta-valkoesitteen tai v\u00e4rillisen aikakauslehtiversion (meill\u00e4 on k\u00e4yt\u00f6ss\u00e4mme t\u00e4ysi julkaisuohjelma)<\/li>\n<li>PR-tekstit: voimme luoda tuoreita, j\u00e4nnitt\u00e4vi\u00e4 ja huomiota her\u00e4tt\u00e4vi\u00e4 yksitt\u00e4isi\u00e4 esitteit\u00e4, tietoiskuja, postitusmateriaaleja tai s\u00e4\u00e4nn\u00f6llisesti ilmestyvi\u00e4 lehti\u00e4<\/li>\n<li>Verkkosivujen sis\u00e4lt\u00f6: voimme kirjoittaa vaikuttavia ja oikeaa tietoa sis\u00e4lt\u00e4vi\u00e4 tekstej\u00e4 tai oikolukea tekstej\u00e4: meill\u00e4 on eritt\u00e4in kokeneita toimituksellisia ryhmi\u00e4, jotka koostuvat journalisteista ja editoijista, jotka tekev\u00e4t t\u00f6it\u00e4 paikallisesti mill\u00e4 tahansa kielell\u00e4<\/li>\n<li>Uutiskirjeet (sek\u00e4 sis\u00e4iseen ett\u00e4 ulkoiseen jakeluun): Yhdistyneiss\u00e4 Kuningaskunnissa ja maailmalla asuvat vakinaiset ja freelancer-pohjaiset journalistimme ja editoijamme osaavat kirjoittaa ytimekk\u00e4it\u00e4 tekstej\u00e4, jotka kiinnostavat lukijaa<\/li>\n<li>Markkinointiesitteet: kokeneet kansainv\u00e4liset editointiryhm\u00e4mme pystyv\u00e4t luomaan tehokkaita ja lokalisoituja tekstej\u00e4. Uskomme siihen, ett\u00e4 yhdist\u00e4m\u00e4ll\u00e4 asiakkaamme kokemuksen ja omien editoijiemme taidot ja tuotantotaitomme voimme saavuttaa parhaimman mahdollisen laatutason pysym\u00e4ll\u00e4 silti asiakkaamme budjetissa<\/li>\n<\/ul>\n<p><a href=\"http:\/\/www.globaleditorial.info\/\" target=\"\u201d_blank\u201d\">Ole hyv\u00e4 ja vieraile Global Editorial -sisaryrityksemme sivuilla, jos haluat lis\u00e4tietoja<\/a><\/p>\n<\/div>\n<\/div>\n","protected":false},"excerpt":{"rendered":"<p>TOIMITUKSELLISET TY\u00d6T Global Listingsin lahjakkaat toimittajat tuottavat korkealaatuista, dynaamista ja tehokasta teksti\u00e4 mill\u00e4 tahansa kielell\u00e4 Teemme t\u00f6it\u00e4 kansainv\u00e4listen TV-kanavaverkostojen kanssa ja kirjoitamme, muokkaamme ja oikoluemme tekstin aina hiotuksi kokonaisuudeksi asti (sis\u00e4lt\u00e4en jakelun). Teemme t\u00f6it\u00e4 asiakkaittemme puolesta tunneittain, p\u00e4ivitt\u00e4in, viikoittain, kuukausittain tai tarpeen mukaan Yhdistyneiss\u00e4 Kuningaskunnissa toimivat sek\u00e4 kansainv\u00e4liset kirjoittajamme ovat kaikki kokeneita asiantuntijoita, jotka luovat [&hellip;]<\/p>\n","protected":false},"author":1,"featured_media":0,"parent":0,"menu_order":138,"comment_status":"closed","ping_status":"closed","template":"page-editorial.php","meta":{"_acf_changed":false,"cybocfi_hide_featured_image":"","footnotes":""},"class_list":["post-7256","page","type-page","status-publish","hentry"],"acf":[],"aioseo_notices":[],"yoast_head":"<!-- This site is optimized with the Yoast SEO plugin v27.5 - https:\/\/yoast.com\/product\/yoast-seo-wordpress\/ -->\n<title>Toimitukselliset ty\u00f6t - Global Listings<\/title>\n<meta name=\"robots\" content=\"index, follow, max-snippet:-1, max-image-preview:large, max-video-preview:-1\" \/>\n<link rel=\"canonical\" href=\"https:\/\/www.globallistings.info\/fi\/toimitukselliset-tyoet\/\" \/>\n<meta property=\"og:locale\" content=\"fi_FI\" \/>\n<meta property=\"og:type\" content=\"article\" \/>\n<meta property=\"og:title\" content=\"Toimitukselliset ty\u00f6t - Global Listings\" \/>\n<meta property=\"og:description\" content=\"TOIMITUKSELLISET TY\u00d6T Global Listingsin lahjakkaat toimittajat tuottavat korkealaatuista, dynaamista ja tehokasta teksti\u00e4 mill\u00e4 tahansa kielell\u00e4 Teemme t\u00f6it\u00e4 kansainv\u00e4listen TV-kanavaverkostojen kanssa ja kirjoitamme, muokkaamme ja oikoluemme tekstin aina hiotuksi kokonaisuudeksi asti (sis\u00e4lt\u00e4en jakelun). Teemme t\u00f6it\u00e4 asiakkaittemme puolesta tunneittain, p\u00e4ivitt\u00e4in, viikoittain, kuukausittain tai tarpeen mukaan Yhdistyneiss\u00e4 Kuningaskunnissa toimivat sek\u00e4 kansainv\u00e4liset kirjoittajamme ovat kaikki kokeneita asiantuntijoita, jotka luovat [&hellip;]\" \/>\n<meta property=\"og:url\" content=\"https:\/\/www.globallistings.info\/fi\/toimitukselliset-tyoet\/\" \/>\n<meta property=\"og:site_name\" content=\"Global Listings\" \/>\n<meta property=\"article:modified_time\" content=\"2017-12-07T10:05:14+00:00\" \/>\n<meta property=\"og:image\" content=\"http:\/\/www.globallistings.info\/app\/uploads\/2017\/01\/editorialcircbig.png\" \/>\n<meta name=\"twitter:card\" content=\"summary_large_image\" \/>\n<meta name=\"twitter:label1\" content=\"Est. reading time\" \/>\n\t<meta name=\"twitter:data1\" content=\"1 minute\" \/>\n<script type=\"application\/ld+json\" class=\"yoast-schema-graph\">{\"@context\":\"https:\\\/\\\/schema.org\",\"@graph\":[{\"@type\":\"WebPage\",\"@id\":\"https:\\\/\\\/www.globallistings.info\\\/fi\\\/toimitukselliset-tyoet\\\/\",\"url\":\"https:\\\/\\\/www.globallistings.info\\\/fi\\\/toimitukselliset-tyoet\\\/\",\"name\":\"Toimitukselliset ty\u00f6t - Global Listings\",\"isPartOf\":{\"@id\":\"https:\\\/\\\/www.globallistings.info\\\/ar\\\/#website\"},\"primaryImageOfPage\":{\"@id\":\"https:\\\/\\\/www.globallistings.info\\\/fi\\\/toimitukselliset-tyoet\\\/#primaryimage\"},\"image\":{\"@id\":\"https:\\\/\\\/www.globallistings.info\\\/fi\\\/toimitukselliset-tyoet\\\/#primaryimage\"},\"thumbnailUrl\":\"http:\\\/\\\/www.globallistings.info\\\/app\\\/uploads\\\/2017\\\/01\\\/editorialcircbig.png\",\"datePublished\":\"2017-03-08T14:25:38+00:00\",\"dateModified\":\"2017-12-07T10:05:14+00:00\",\"breadcrumb\":{\"@id\":\"https:\\\/\\\/www.globallistings.info\\\/fi\\\/toimitukselliset-tyoet\\\/#breadcrumb\"},\"inLanguage\":\"fi\",\"potentialAction\":[{\"@type\":\"ReadAction\",\"target\":[\"https:\\\/\\\/www.globallistings.info\\\/fi\\\/toimitukselliset-tyoet\\\/\"]}]},{\"@type\":\"ImageObject\",\"inLanguage\":\"fi\",\"@id\":\"https:\\\/\\\/www.globallistings.info\\\/fi\\\/toimitukselliset-tyoet\\\/#primaryimage\",\"url\":\"http:\\\/\\\/www.globallistings.info\\\/app\\\/uploads\\\/2017\\\/01\\\/editorialcircbig.png\",\"contentUrl\":\"http:\\\/\\\/www.globallistings.info\\\/app\\\/uploads\\\/2017\\\/01\\\/editorialcircbig.png\"},{\"@type\":\"BreadcrumbList\",\"@id\":\"https:\\\/\\\/www.globallistings.info\\\/fi\\\/toimitukselliset-tyoet\\\/#breadcrumb\",\"itemListElement\":[{\"@type\":\"ListItem\",\"position\":1,\"name\":\"Home\",\"item\":\"https:\\\/\\\/www.globallistings.info\\\/fi\\\/\"},{\"@type\":\"ListItem\",\"position\":2,\"name\":\"Toimitukselliset ty\u00f6t\"}]},{\"@type\":\"WebSite\",\"@id\":\"https:\\\/\\\/www.globallistings.info\\\/ar\\\/#website\",\"url\":\"https:\\\/\\\/www.globallistings.info\\\/ar\\\/\",\"name\":\"Global Listings\",\"description\":\"\",\"potentialAction\":[{\"@type\":\"SearchAction\",\"target\":{\"@type\":\"EntryPoint\",\"urlTemplate\":\"https:\\\/\\\/www.globallistings.info\\\/ar\\\/?s={search_term_string}\"},\"query-input\":{\"@type\":\"PropertyValueSpecification\",\"valueRequired\":true,\"valueName\":\"search_term_string\"}}],\"inLanguage\":\"fi\"}]}<\/script>\n<!-- \/ Yoast SEO plugin. -->","yoast_head_json":{"title":"Toimitukselliset ty\u00f6t - Global Listings","robots":{"index":"index","follow":"follow","max-snippet":"max-snippet:-1","max-image-preview":"max-image-preview:large","max-video-preview":"max-video-preview:-1"},"canonical":"https:\/\/www.globallistings.info\/fi\/toimitukselliset-tyoet\/","og_locale":"fi_FI","og_type":"article","og_title":"Toimitukselliset ty\u00f6t - Global Listings","og_description":"TOIMITUKSELLISET TY\u00d6T Global Listingsin lahjakkaat toimittajat tuottavat korkealaatuista, dynaamista ja tehokasta teksti\u00e4 mill\u00e4 tahansa kielell\u00e4 Teemme t\u00f6it\u00e4 kansainv\u00e4listen TV-kanavaverkostojen kanssa ja kirjoitamme, muokkaamme ja oikoluemme tekstin aina hiotuksi kokonaisuudeksi asti (sis\u00e4lt\u00e4en jakelun). Teemme t\u00f6it\u00e4 asiakkaittemme puolesta tunneittain, p\u00e4ivitt\u00e4in, viikoittain, kuukausittain tai tarpeen mukaan Yhdistyneiss\u00e4 Kuningaskunnissa toimivat sek\u00e4 kansainv\u00e4liset kirjoittajamme ovat kaikki kokeneita asiantuntijoita, jotka luovat [&hellip;]","og_url":"https:\/\/www.globallistings.info\/fi\/toimitukselliset-tyoet\/","og_site_name":"Global Listings","article_modified_time":"2017-12-07T10:05:14+00:00","og_image":[{"url":"http:\/\/www.globallistings.info\/app\/uploads\/2017\/01\/editorialcircbig.png","type":"","width":"","height":""}],"twitter_card":"summary_large_image","twitter_misc":{"Est. reading time":"1 minute"},"schema":{"@context":"https:\/\/schema.org","@graph":[{"@type":"WebPage","@id":"https:\/\/www.globallistings.info\/fi\/toimitukselliset-tyoet\/","url":"https:\/\/www.globallistings.info\/fi\/toimitukselliset-tyoet\/","name":"Toimitukselliset ty\u00f6t - Global Listings","isPartOf":{"@id":"https:\/\/www.globallistings.info\/ar\/#website"},"primaryImageOfPage":{"@id":"https:\/\/www.globallistings.info\/fi\/toimitukselliset-tyoet\/#primaryimage"},"image":{"@id":"https:\/\/www.globallistings.info\/fi\/toimitukselliset-tyoet\/#primaryimage"},"thumbnailUrl":"http:\/\/www.globallistings.info\/app\/uploads\/2017\/01\/editorialcircbig.png","datePublished":"2017-03-08T14:25:38+00:00","dateModified":"2017-12-07T10:05:14+00:00","breadcrumb":{"@id":"https:\/\/www.globallistings.info\/fi\/toimitukselliset-tyoet\/#breadcrumb"},"inLanguage":"fi","potentialAction":[{"@type":"ReadAction","target":["https:\/\/www.globallistings.info\/fi\/toimitukselliset-tyoet\/"]}]},{"@type":"ImageObject","inLanguage":"fi","@id":"https:\/\/www.globallistings.info\/fi\/toimitukselliset-tyoet\/#primaryimage","url":"http:\/\/www.globallistings.info\/app\/uploads\/2017\/01\/editorialcircbig.png","contentUrl":"http:\/\/www.globallistings.info\/app\/uploads\/2017\/01\/editorialcircbig.png"},{"@type":"BreadcrumbList","@id":"https:\/\/www.globallistings.info\/fi\/toimitukselliset-tyoet\/#breadcrumb","itemListElement":[{"@type":"ListItem","position":1,"name":"Home","item":"https:\/\/www.globallistings.info\/fi\/"},{"@type":"ListItem","position":2,"name":"Toimitukselliset ty\u00f6t"}]},{"@type":"WebSite","@id":"https:\/\/www.globallistings.info\/ar\/#website","url":"https:\/\/www.globallistings.info\/ar\/","name":"Global Listings","description":"","potentialAction":[{"@type":"SearchAction","target":{"@type":"EntryPoint","urlTemplate":"https:\/\/www.globallistings.info\/ar\/?s={search_term_string}"},"query-input":{"@type":"PropertyValueSpecification","valueRequired":true,"valueName":"search_term_string"}}],"inLanguage":"fi"}]}},"_links":{"self":[{"href":"https:\/\/www.globallistings.info\/fi\/wp-json\/wp\/v2\/pages\/7256","targetHints":{"allow":["GET"]}}],"collection":[{"href":"https:\/\/www.globallistings.info\/fi\/wp-json\/wp\/v2\/pages"}],"about":[{"href":"https:\/\/www.globallistings.info\/fi\/wp-json\/wp\/v2\/types\/page"}],"author":[{"embeddable":true,"href":"https:\/\/www.globallistings.info\/fi\/wp-json\/wp\/v2\/users\/1"}],"replies":[{"embeddable":true,"href":"https:\/\/www.globallistings.info\/fi\/wp-json\/wp\/v2\/comments?post=7256"}],"version-history":[{"count":0,"href":"https:\/\/www.globallistings.info\/fi\/wp-json\/wp\/v2\/pages\/7256\/revisions"}],"wp:attachment":[{"href":"https:\/\/www.globallistings.info\/fi\/wp-json\/wp\/v2\/media?parent=7256"}],"curies":[{"name":"wp","href":"https:\/\/api.w.org\/{rel}","templated":true}]}}