{"id":10246,"date":"2017-03-13T14:41:38","date_gmt":"2017-03-13T14:41:38","guid":{"rendered":"http:\/\/www.globallistings.info\/fr\/qui-nous-sommes\/"},"modified":"2017-12-18T13:26:19","modified_gmt":"2017-12-18T13:26:19","slug":"qui-nous-sommes","status":"publish","type":"page","link":"https:\/\/www.globallistings.info\/fr\/qui-nous-sommes\/","title":{"rendered":"Qui nous sommes"},"content":{"rendered":"<div class=\"col-4\">\n<p><img decoding=\"async\" class=\"img-circle img-responsive\" src=\"http:\/\/www.globallistings.info\/app\/uploads\/2017\/01\/T.jpg\" alt=\"\" \/><\/p>\n<p class=\"content\">Thalia Droussioti<br \/>\n<mark class=\"sub-content\">Pr\u00e9sidente<\/mark><\/p>\n<p class=\"description\">Thalia Droussioti, laur\u00e9ate d&#8217;un prix international cat\u00e9gorie Femme d\u2019affaires, a fond\u00e9 Global Listings en 2002 et en est aujourd&#8217;hui la pr\u00e9sidente. Anciennement journaliste dans la presse \u00e9crite t\u00e9l\u00e9vis\u00e9e, Thalia a d\u00e9velopp\u00e9 Global Listings \u00e0 partir de sa vaste connaissance de l&#8217;industrie de la t\u00e9l\u00e9vision, fruit de plus de vingt-cinq ans de m\u00e9tier. Global Listings est aliment\u00e9 par une passion pour l&#8217;excellence \u00e9ditoriale et un v\u00e9ritable amour de la t\u00e9l\u00e9vision, ainsi que par une fine compr\u00e9hension de ce que cette industrie exige du diffuseur et de ce que le diffuseur se doit de transmettre au spectateur.<br \/> <a href=\"https:\/\/www.linkedin.com\/feed\/update\/urn:li:activity:6338337579074748416\"><u>Laur\u00e9ate du STEVIE\u00ae AWARD CAT\u00c9GORIE FEMME D&#8217;AFFAIRES<\/u><\/a><\/p>\n<p><a href=\"https:\/\/stevieawards.com\/women\"><img loading=\"lazy\" decoding=\"async\" src=\"http:\/\/www.globallistings.info\/wp-content\/uploads\/2016\/12\/sawib17_silver_winner-21.jpg\" alt=\"\" width=\"400\" height=\"212\" class=\"alignnone size-full wp-image-29156\" srcset=\"https:\/\/www.globallistings.info\/wp-content\/uploads\/2016\/12\/sawib17_silver_winner-21.jpg 400w, https:\/\/www.globallistings.info\/wp-content\/uploads\/2016\/12\/sawib17_silver_winner-21-300x159.jpg 300w\" sizes=\"auto, (max-width: 400px) 100vw, 400px\" \/><\/a><\/p>\n<\/div>\n<div class=\"col-8\">\n<div class=\"content\">\n<p>Global Listings se situe au premier plan mondial dans l&#8217;offre de solutions tout-en-un destin\u00e9es aux besoins des diffuseurs en termes de contenus<\/p>\n<p>Forts de nos syst\u00e8mes \u00e0 la pointe de la technologie et de notre expertise \u00e9ditoriale et linguistique, nous cr\u00e9ons, \u00e9ditons et diffusons des m\u00e9tadonn\u00e9es \u00e9ditoriales et des images pour le compte des cha\u00eenes de t\u00e9l\u00e9vision du monde entier<\/p>\n<p>Nous intervenons chaque jour dans 145 pays et 36 langues aupr\u00e8s de plus de 6,6 milliards de t\u00e9l\u00e9spectateurs, aux quatre coins de la plan\u00e8te<\/p>\n<p>Nous offrons des solutions sur mesure en travaillant en partenariat avec nos clients de mani\u00e8re \u00e0 coller exactement \u00e0 leurs besoins<\/p>\n<p>Pionniers dans le secteur, nous proposons un portefeuille de services d&#8217;avenir qui nous conf\u00e8re une longueur d&#8217;avance sur nos concurrents<\/p>\n<p>Nous ne m\u00e9nageons pas nos efforts pour d\u00e9passer les attentes de nos clients dans tout ce que nous faisons<\/p>\n<p>Nos \u00e9quipes d\u00e9di\u00e9es, constitu\u00e9es d&#8217;experts sur les plans \u00e9ditorial, linguistique et technique, r\u00e9pondent pleinement aux besoins de nos clients en \u00e9laborant des contenus accrocheurs, pr\u00e9cis et sur mesure, adapt\u00e9s \u00e0 n&#8217;importe quelle exigence sp\u00e9cifique<\/p>\n<p>Passionn\u00e9s de t\u00e9l\u00e9vision, nous nourrissons une connaissance des genres les plus divers, tous suscitant notre int\u00e9r\u00eat, et nous travaillons en v\u00e9ritable partenariat avec les diffuseurs du monde entier pour leur fournir des contenus cibl\u00e9s, en temps opportun et ce, dans n&#8217;importe quelle langue<\/p>\n<\/div>\n<\/div>\n","protected":false},"excerpt":{"rendered":"<p>Thalia Droussioti Pr\u00e9sidente Thalia Droussioti, laur\u00e9ate d&#8217;un prix international cat\u00e9gorie Femme d\u2019affaires, a fond\u00e9 Global Listings en 2002 et en est aujourd&#8217;hui la pr\u00e9sidente. Anciennement journaliste dans la presse \u00e9crite t\u00e9l\u00e9vis\u00e9e, Thalia a d\u00e9velopp\u00e9 Global Listings \u00e0 partir de sa vaste connaissance de l&#8217;industrie de la t\u00e9l\u00e9vision, fruit de plus de vingt-cinq ans de m\u00e9tier. [&hellip;]<\/p>\n","protected":false},"author":1,"featured_media":0,"parent":0,"menu_order":86,"comment_status":"closed","ping_status":"closed","template":"page-aboutus.php","meta":{"_acf_changed":false,"cybocfi_hide_featured_image":"","footnotes":""},"class_list":["post-10246","page","type-page","status-publish","hentry"],"acf":[],"aioseo_notices":[],"yoast_head":"<!-- This site is optimized with the Yoast SEO plugin v27.4 - https:\/\/yoast.com\/product\/yoast-seo-wordpress\/ -->\n<title>Qui nous sommes - Global Listings<\/title>\n<meta name=\"robots\" content=\"index, follow, max-snippet:-1, max-image-preview:large, max-video-preview:-1\" \/>\n<link rel=\"canonical\" href=\"https:\/\/www.globallistings.info\/fr\/qui-nous-sommes\/\" \/>\n<meta property=\"og:locale\" content=\"fr_FR\" \/>\n<meta property=\"og:type\" content=\"article\" \/>\n<meta property=\"og:title\" content=\"Qui nous sommes - Global Listings\" \/>\n<meta property=\"og:description\" content=\"Thalia Droussioti Pr\u00e9sidente Thalia Droussioti, laur\u00e9ate d&#8217;un prix international cat\u00e9gorie Femme d\u2019affaires, a fond\u00e9 Global Listings en 2002 et en est aujourd&#8217;hui la pr\u00e9sidente. Anciennement journaliste dans la presse \u00e9crite t\u00e9l\u00e9vis\u00e9e, Thalia a d\u00e9velopp\u00e9 Global Listings \u00e0 partir de sa vaste connaissance de l&#8217;industrie de la t\u00e9l\u00e9vision, fruit de plus de vingt-cinq ans de m\u00e9tier. [&hellip;]\" \/>\n<meta property=\"og:url\" content=\"https:\/\/www.globallistings.info\/fr\/qui-nous-sommes\/\" \/>\n<meta property=\"og:site_name\" content=\"Global Listings\" \/>\n<meta property=\"article:modified_time\" content=\"2017-12-18T13:26:19+00:00\" \/>\n<meta property=\"og:image\" content=\"http:\/\/www.globallistings.info\/app\/uploads\/2017\/01\/T.jpg\" \/>\n<meta name=\"twitter:card\" content=\"summary_large_image\" \/>\n<meta name=\"twitter:label1\" content=\"Dur\u00e9e de lecture estim\u00e9e\" \/>\n\t<meta name=\"twitter:data1\" content=\"2 minutes\" \/>\n<script type=\"application\/ld+json\" class=\"yoast-schema-graph\">{\"@context\":\"https:\\\/\\\/schema.org\",\"@graph\":[{\"@type\":\"WebPage\",\"@id\":\"https:\\\/\\\/www.globallistings.info\\\/fr\\\/qui-nous-sommes\\\/\",\"url\":\"https:\\\/\\\/www.globallistings.info\\\/fr\\\/qui-nous-sommes\\\/\",\"name\":\"Qui nous sommes - Global Listings\",\"isPartOf\":{\"@id\":\"https:\\\/\\\/www.globallistings.info\\\/ar\\\/#website\"},\"primaryImageOfPage\":{\"@id\":\"https:\\\/\\\/www.globallistings.info\\\/fr\\\/qui-nous-sommes\\\/#primaryimage\"},\"image\":{\"@id\":\"https:\\\/\\\/www.globallistings.info\\\/fr\\\/qui-nous-sommes\\\/#primaryimage\"},\"thumbnailUrl\":\"http:\\\/\\\/www.globallistings.info\\\/app\\\/uploads\\\/2017\\\/01\\\/T.jpg\",\"datePublished\":\"2017-03-13T14:41:38+00:00\",\"dateModified\":\"2017-12-18T13:26:19+00:00\",\"breadcrumb\":{\"@id\":\"https:\\\/\\\/www.globallistings.info\\\/fr\\\/qui-nous-sommes\\\/#breadcrumb\"},\"inLanguage\":\"fr-FR\",\"potentialAction\":[{\"@type\":\"ReadAction\",\"target\":[\"https:\\\/\\\/www.globallistings.info\\\/fr\\\/qui-nous-sommes\\\/\"]}]},{\"@type\":\"ImageObject\",\"inLanguage\":\"fr-FR\",\"@id\":\"https:\\\/\\\/www.globallistings.info\\\/fr\\\/qui-nous-sommes\\\/#primaryimage\",\"url\":\"http:\\\/\\\/www.globallistings.info\\\/app\\\/uploads\\\/2017\\\/01\\\/T.jpg\",\"contentUrl\":\"http:\\\/\\\/www.globallistings.info\\\/app\\\/uploads\\\/2017\\\/01\\\/T.jpg\"},{\"@type\":\"BreadcrumbList\",\"@id\":\"https:\\\/\\\/www.globallistings.info\\\/fr\\\/qui-nous-sommes\\\/#breadcrumb\",\"itemListElement\":[{\"@type\":\"ListItem\",\"position\":1,\"name\":\"Home\",\"item\":\"https:\\\/\\\/www.globallistings.info\\\/fr\\\/\"},{\"@type\":\"ListItem\",\"position\":2,\"name\":\"Qui nous sommes\"}]},{\"@type\":\"WebSite\",\"@id\":\"https:\\\/\\\/www.globallistings.info\\\/ar\\\/#website\",\"url\":\"https:\\\/\\\/www.globallistings.info\\\/ar\\\/\",\"name\":\"Global Listings\",\"description\":\"\",\"potentialAction\":[{\"@type\":\"SearchAction\",\"target\":{\"@type\":\"EntryPoint\",\"urlTemplate\":\"https:\\\/\\\/www.globallistings.info\\\/ar\\\/?s={search_term_string}\"},\"query-input\":{\"@type\":\"PropertyValueSpecification\",\"valueRequired\":true,\"valueName\":\"search_term_string\"}}],\"inLanguage\":\"fr-FR\"}]}<\/script>\n<!-- \/ Yoast SEO plugin. -->","yoast_head_json":{"title":"Qui nous sommes - Global Listings","robots":{"index":"index","follow":"follow","max-snippet":"max-snippet:-1","max-image-preview":"max-image-preview:large","max-video-preview":"max-video-preview:-1"},"canonical":"https:\/\/www.globallistings.info\/fr\/qui-nous-sommes\/","og_locale":"fr_FR","og_type":"article","og_title":"Qui nous sommes - Global Listings","og_description":"Thalia Droussioti Pr\u00e9sidente Thalia Droussioti, laur\u00e9ate d&#8217;un prix international cat\u00e9gorie Femme d\u2019affaires, a fond\u00e9 Global Listings en 2002 et en est aujourd&#8217;hui la pr\u00e9sidente. Anciennement journaliste dans la presse \u00e9crite t\u00e9l\u00e9vis\u00e9e, Thalia a d\u00e9velopp\u00e9 Global Listings \u00e0 partir de sa vaste connaissance de l&#8217;industrie de la t\u00e9l\u00e9vision, fruit de plus de vingt-cinq ans de m\u00e9tier. [&hellip;]","og_url":"https:\/\/www.globallistings.info\/fr\/qui-nous-sommes\/","og_site_name":"Global Listings","article_modified_time":"2017-12-18T13:26:19+00:00","og_image":[{"url":"http:\/\/www.globallistings.info\/app\/uploads\/2017\/01\/T.jpg","type":"","width":"","height":""}],"twitter_card":"summary_large_image","twitter_misc":{"Dur\u00e9e de lecture estim\u00e9e":"2 minutes"},"schema":{"@context":"https:\/\/schema.org","@graph":[{"@type":"WebPage","@id":"https:\/\/www.globallistings.info\/fr\/qui-nous-sommes\/","url":"https:\/\/www.globallistings.info\/fr\/qui-nous-sommes\/","name":"Qui nous sommes - Global Listings","isPartOf":{"@id":"https:\/\/www.globallistings.info\/ar\/#website"},"primaryImageOfPage":{"@id":"https:\/\/www.globallistings.info\/fr\/qui-nous-sommes\/#primaryimage"},"image":{"@id":"https:\/\/www.globallistings.info\/fr\/qui-nous-sommes\/#primaryimage"},"thumbnailUrl":"http:\/\/www.globallistings.info\/app\/uploads\/2017\/01\/T.jpg","datePublished":"2017-03-13T14:41:38+00:00","dateModified":"2017-12-18T13:26:19+00:00","breadcrumb":{"@id":"https:\/\/www.globallistings.info\/fr\/qui-nous-sommes\/#breadcrumb"},"inLanguage":"fr-FR","potentialAction":[{"@type":"ReadAction","target":["https:\/\/www.globallistings.info\/fr\/qui-nous-sommes\/"]}]},{"@type":"ImageObject","inLanguage":"fr-FR","@id":"https:\/\/www.globallistings.info\/fr\/qui-nous-sommes\/#primaryimage","url":"http:\/\/www.globallistings.info\/app\/uploads\/2017\/01\/T.jpg","contentUrl":"http:\/\/www.globallistings.info\/app\/uploads\/2017\/01\/T.jpg"},{"@type":"BreadcrumbList","@id":"https:\/\/www.globallistings.info\/fr\/qui-nous-sommes\/#breadcrumb","itemListElement":[{"@type":"ListItem","position":1,"name":"Home","item":"https:\/\/www.globallistings.info\/fr\/"},{"@type":"ListItem","position":2,"name":"Qui nous sommes"}]},{"@type":"WebSite","@id":"https:\/\/www.globallistings.info\/ar\/#website","url":"https:\/\/www.globallistings.info\/ar\/","name":"Global Listings","description":"","potentialAction":[{"@type":"SearchAction","target":{"@type":"EntryPoint","urlTemplate":"https:\/\/www.globallistings.info\/ar\/?s={search_term_string}"},"query-input":{"@type":"PropertyValueSpecification","valueRequired":true,"valueName":"search_term_string"}}],"inLanguage":"fr-FR"}]}},"_links":{"self":[{"href":"https:\/\/www.globallistings.info\/fr\/wp-json\/wp\/v2\/pages\/10246","targetHints":{"allow":["GET"]}}],"collection":[{"href":"https:\/\/www.globallistings.info\/fr\/wp-json\/wp\/v2\/pages"}],"about":[{"href":"https:\/\/www.globallistings.info\/fr\/wp-json\/wp\/v2\/types\/page"}],"author":[{"embeddable":true,"href":"https:\/\/www.globallistings.info\/fr\/wp-json\/wp\/v2\/users\/1"}],"replies":[{"embeddable":true,"href":"https:\/\/www.globallistings.info\/fr\/wp-json\/wp\/v2\/comments?post=10246"}],"version-history":[{"count":0,"href":"https:\/\/www.globallistings.info\/fr\/wp-json\/wp\/v2\/pages\/10246\/revisions"}],"wp:attachment":[{"href":"https:\/\/www.globallistings.info\/fr\/wp-json\/wp\/v2\/media?parent=10246"}],"curies":[{"name":"wp","href":"https:\/\/api.w.org\/{rel}","templated":true}]}}