{"id":7710,"date":"2017-03-09T13:31:56","date_gmt":"2017-03-09T13:31:56","guid":{"rendered":"http:\/\/www.globallistings.info\/fr\/distribution-mondiale\/"},"modified":"2017-12-18T13:37:08","modified_gmt":"2017-12-18T13:37:08","slug":"distribution-mondiale","status":"publish","type":"page","link":"https:\/\/www.globallistings.info\/fr\/distribution-mondiale\/","title":{"rendered":"Distribution mondiale"},"content":{"rendered":"<div class=\"col-4\">\n<p><img decoding=\"async\" class=\"img-circle img-responsive\" src=\"http:\/\/www.globallistings.info\/app\/uploads\/2017\/02\/hand.png\" alt=\"content-photo\" \/><\/p>\n<p class=\"content\">DISTRIBUTION MONDIALE<\/p>\n<\/div>\n<div class=\"col-8\">\n<div class=\"content\">\n<p>Global Listings sait que vous aurez beau avoir le meilleur des contenus, si vous ne le communiquez pas aux bonnes personnes et au bon moment, votre audimat sera desservi par une couverture m\u00e9diatique insuffisante<\/p>\n<p>Nous pouvons \u00e9laborer rapidement des listes de distribution en temps r\u00e9el, cibl\u00e9es par pays, et distribuer ainsi vos contenus de programmation aux bons contacts, en temps opportun et de mani\u00e8re syst\u00e9matique<\/p>\n<p>Forts de notre exp\u00e9rience dans ce domaine et de notre acc\u00e8s \u00e0 une base de donn\u00e9es de premier plan r\u00e9pertoriant les interlocuteurs appropri\u00e9s au sein des m\u00e9dias, nous offrons \u00e0 nos clients un service de distribution par courriel hors pair<\/p>\n<p>Gr\u00e2ce \u00e0 notre base de donn\u00e9es centrale et \u00e0 notre connaissance des d\u00e9lais \u00e0 respecter aupr\u00e8s des m\u00e9dias du monde entier en termes de programmes publi\u00e9s dans la presse, de synopsis des contenus programm\u00e9s et autres, nous fournissons la programmation de la cha\u00eene d&#8217;un radiodiffuseur exactement au moment et \u00e0 l&#8217;endroit o\u00f9 le besoin existe et ce, sur simple pression d&#8217;un bouton.<\/p>\n<p>Nous pouvons tout aussi bien cr\u00e9er de z\u00e9ro une liste de distribution \u00e9lectronique pour n&#8217;importe quel territoire dans le monde que fournir un service complet de v\u00e9rification des listes de courriels existantes de nos clients en vue de garantir qu&#8217;elles incluent l&#8217;ensemble des interlocuteurs de presse importants et des interm\u00e9diaires influents au sein de ce pays ou de cette r\u00e9gion sp\u00e9cifique.<\/p>\n<p>Et bien entendu, une fois la liste finalis\u00e9e, nous veillons \u00e0 sa constante mise \u00e0 jour en la v\u00e9rifiant r\u00e9guli\u00e8rement et en y effectuant les ajouts n\u00e9cessaires<\/p>\n<\/div>\n<\/div>\n","protected":false},"excerpt":{"rendered":"<p>DISTRIBUTION MONDIALE Global Listings sait que vous aurez beau avoir le meilleur des contenus, si vous ne le communiquez pas aux bonnes personnes et au bon moment, votre audimat sera desservi par une couverture m\u00e9diatique insuffisante Nous pouvons \u00e9laborer rapidement des listes de distribution en temps r\u00e9el, cibl\u00e9es par pays, et distribuer ainsi vos contenus [&hellip;]<\/p>\n","protected":false},"author":1,"featured_media":0,"parent":0,"menu_order":227,"comment_status":"closed","ping_status":"closed","template":"page-globaldistribution.php","meta":{"_acf_changed":false,"cybocfi_hide_featured_image":"","footnotes":""},"class_list":["post-7710","page","type-page","status-publish","hentry"],"acf":[],"aioseo_notices":[],"yoast_head":"<!-- This site is optimized with the Yoast SEO plugin v27.4 - https:\/\/yoast.com\/product\/yoast-seo-wordpress\/ -->\n<title>Distribution mondiale - Global Listings<\/title>\n<meta name=\"robots\" content=\"index, follow, max-snippet:-1, max-image-preview:large, max-video-preview:-1\" \/>\n<link rel=\"canonical\" href=\"https:\/\/www.globallistings.info\/fr\/distribution-mondiale\/\" \/>\n<meta property=\"og:locale\" content=\"fr_FR\" \/>\n<meta property=\"og:type\" content=\"article\" \/>\n<meta property=\"og:title\" content=\"Distribution mondiale - Global Listings\" \/>\n<meta property=\"og:description\" content=\"DISTRIBUTION MONDIALE Global Listings sait que vous aurez beau avoir le meilleur des contenus, si vous ne le communiquez pas aux bonnes personnes et au bon moment, votre audimat sera desservi par une couverture m\u00e9diatique insuffisante Nous pouvons \u00e9laborer rapidement des listes de distribution en temps r\u00e9el, cibl\u00e9es par pays, et distribuer ainsi vos contenus [&hellip;]\" \/>\n<meta property=\"og:url\" content=\"https:\/\/www.globallistings.info\/fr\/distribution-mondiale\/\" \/>\n<meta property=\"og:site_name\" content=\"Global Listings\" \/>\n<meta property=\"article:modified_time\" content=\"2017-12-18T13:37:08+00:00\" \/>\n<meta property=\"og:image\" content=\"http:\/\/www.globallistings.info\/app\/uploads\/2017\/02\/hand.png\" \/>\n<meta name=\"twitter:card\" content=\"summary_large_image\" \/>\n<meta name=\"twitter:label1\" content=\"Dur\u00e9e de lecture estim\u00e9e\" \/>\n\t<meta name=\"twitter:data1\" content=\"1 minute\" \/>\n<script type=\"application\/ld+json\" class=\"yoast-schema-graph\">{\"@context\":\"https:\\\/\\\/schema.org\",\"@graph\":[{\"@type\":\"WebPage\",\"@id\":\"https:\\\/\\\/www.globallistings.info\\\/fr\\\/distribution-mondiale\\\/\",\"url\":\"https:\\\/\\\/www.globallistings.info\\\/fr\\\/distribution-mondiale\\\/\",\"name\":\"Distribution mondiale - Global Listings\",\"isPartOf\":{\"@id\":\"https:\\\/\\\/www.globallistings.info\\\/ar\\\/#website\"},\"primaryImageOfPage\":{\"@id\":\"https:\\\/\\\/www.globallistings.info\\\/fr\\\/distribution-mondiale\\\/#primaryimage\"},\"image\":{\"@id\":\"https:\\\/\\\/www.globallistings.info\\\/fr\\\/distribution-mondiale\\\/#primaryimage\"},\"thumbnailUrl\":\"http:\\\/\\\/www.globallistings.info\\\/app\\\/uploads\\\/2017\\\/02\\\/hand.png\",\"datePublished\":\"2017-03-09T13:31:56+00:00\",\"dateModified\":\"2017-12-18T13:37:08+00:00\",\"breadcrumb\":{\"@id\":\"https:\\\/\\\/www.globallistings.info\\\/fr\\\/distribution-mondiale\\\/#breadcrumb\"},\"inLanguage\":\"fr-FR\",\"potentialAction\":[{\"@type\":\"ReadAction\",\"target\":[\"https:\\\/\\\/www.globallistings.info\\\/fr\\\/distribution-mondiale\\\/\"]}]},{\"@type\":\"ImageObject\",\"inLanguage\":\"fr-FR\",\"@id\":\"https:\\\/\\\/www.globallistings.info\\\/fr\\\/distribution-mondiale\\\/#primaryimage\",\"url\":\"http:\\\/\\\/www.globallistings.info\\\/app\\\/uploads\\\/2017\\\/02\\\/hand.png\",\"contentUrl\":\"http:\\\/\\\/www.globallistings.info\\\/app\\\/uploads\\\/2017\\\/02\\\/hand.png\"},{\"@type\":\"BreadcrumbList\",\"@id\":\"https:\\\/\\\/www.globallistings.info\\\/fr\\\/distribution-mondiale\\\/#breadcrumb\",\"itemListElement\":[{\"@type\":\"ListItem\",\"position\":1,\"name\":\"Home\",\"item\":\"https:\\\/\\\/www.globallistings.info\\\/fr\\\/\"},{\"@type\":\"ListItem\",\"position\":2,\"name\":\"Distribution mondiale\"}]},{\"@type\":\"WebSite\",\"@id\":\"https:\\\/\\\/www.globallistings.info\\\/ar\\\/#website\",\"url\":\"https:\\\/\\\/www.globallistings.info\\\/ar\\\/\",\"name\":\"Global Listings\",\"description\":\"\",\"potentialAction\":[{\"@type\":\"SearchAction\",\"target\":{\"@type\":\"EntryPoint\",\"urlTemplate\":\"https:\\\/\\\/www.globallistings.info\\\/ar\\\/?s={search_term_string}\"},\"query-input\":{\"@type\":\"PropertyValueSpecification\",\"valueRequired\":true,\"valueName\":\"search_term_string\"}}],\"inLanguage\":\"fr-FR\"}]}<\/script>\n<!-- \/ Yoast SEO plugin. -->","yoast_head_json":{"title":"Distribution mondiale - Global Listings","robots":{"index":"index","follow":"follow","max-snippet":"max-snippet:-1","max-image-preview":"max-image-preview:large","max-video-preview":"max-video-preview:-1"},"canonical":"https:\/\/www.globallistings.info\/fr\/distribution-mondiale\/","og_locale":"fr_FR","og_type":"article","og_title":"Distribution mondiale - Global Listings","og_description":"DISTRIBUTION MONDIALE Global Listings sait que vous aurez beau avoir le meilleur des contenus, si vous ne le communiquez pas aux bonnes personnes et au bon moment, votre audimat sera desservi par une couverture m\u00e9diatique insuffisante Nous pouvons \u00e9laborer rapidement des listes de distribution en temps r\u00e9el, cibl\u00e9es par pays, et distribuer ainsi vos contenus [&hellip;]","og_url":"https:\/\/www.globallistings.info\/fr\/distribution-mondiale\/","og_site_name":"Global Listings","article_modified_time":"2017-12-18T13:37:08+00:00","og_image":[{"url":"http:\/\/www.globallistings.info\/app\/uploads\/2017\/02\/hand.png","type":"","width":"","height":""}],"twitter_card":"summary_large_image","twitter_misc":{"Dur\u00e9e de lecture estim\u00e9e":"1 minute"},"schema":{"@context":"https:\/\/schema.org","@graph":[{"@type":"WebPage","@id":"https:\/\/www.globallistings.info\/fr\/distribution-mondiale\/","url":"https:\/\/www.globallistings.info\/fr\/distribution-mondiale\/","name":"Distribution mondiale - Global Listings","isPartOf":{"@id":"https:\/\/www.globallistings.info\/ar\/#website"},"primaryImageOfPage":{"@id":"https:\/\/www.globallistings.info\/fr\/distribution-mondiale\/#primaryimage"},"image":{"@id":"https:\/\/www.globallistings.info\/fr\/distribution-mondiale\/#primaryimage"},"thumbnailUrl":"http:\/\/www.globallistings.info\/app\/uploads\/2017\/02\/hand.png","datePublished":"2017-03-09T13:31:56+00:00","dateModified":"2017-12-18T13:37:08+00:00","breadcrumb":{"@id":"https:\/\/www.globallistings.info\/fr\/distribution-mondiale\/#breadcrumb"},"inLanguage":"fr-FR","potentialAction":[{"@type":"ReadAction","target":["https:\/\/www.globallistings.info\/fr\/distribution-mondiale\/"]}]},{"@type":"ImageObject","inLanguage":"fr-FR","@id":"https:\/\/www.globallistings.info\/fr\/distribution-mondiale\/#primaryimage","url":"http:\/\/www.globallistings.info\/app\/uploads\/2017\/02\/hand.png","contentUrl":"http:\/\/www.globallistings.info\/app\/uploads\/2017\/02\/hand.png"},{"@type":"BreadcrumbList","@id":"https:\/\/www.globallistings.info\/fr\/distribution-mondiale\/#breadcrumb","itemListElement":[{"@type":"ListItem","position":1,"name":"Home","item":"https:\/\/www.globallistings.info\/fr\/"},{"@type":"ListItem","position":2,"name":"Distribution mondiale"}]},{"@type":"WebSite","@id":"https:\/\/www.globallistings.info\/ar\/#website","url":"https:\/\/www.globallistings.info\/ar\/","name":"Global Listings","description":"","potentialAction":[{"@type":"SearchAction","target":{"@type":"EntryPoint","urlTemplate":"https:\/\/www.globallistings.info\/ar\/?s={search_term_string}"},"query-input":{"@type":"PropertyValueSpecification","valueRequired":true,"valueName":"search_term_string"}}],"inLanguage":"fr-FR"}]}},"_links":{"self":[{"href":"https:\/\/www.globallistings.info\/fr\/wp-json\/wp\/v2\/pages\/7710","targetHints":{"allow":["GET"]}}],"collection":[{"href":"https:\/\/www.globallistings.info\/fr\/wp-json\/wp\/v2\/pages"}],"about":[{"href":"https:\/\/www.globallistings.info\/fr\/wp-json\/wp\/v2\/types\/page"}],"author":[{"embeddable":true,"href":"https:\/\/www.globallistings.info\/fr\/wp-json\/wp\/v2\/users\/1"}],"replies":[{"embeddable":true,"href":"https:\/\/www.globallistings.info\/fr\/wp-json\/wp\/v2\/comments?post=7710"}],"version-history":[{"count":0,"href":"https:\/\/www.globallistings.info\/fr\/wp-json\/wp\/v2\/pages\/7710\/revisions"}],"wp:attachment":[{"href":"https:\/\/www.globallistings.info\/fr\/wp-json\/wp\/v2\/media?parent=7710"}],"curies":[{"name":"wp","href":"https:\/\/api.w.org\/{rel}","templated":true}]}}