{"id":9875,"date":"2017-03-12T17:32:52","date_gmt":"2017-03-12T17:32:52","guid":{"rendered":"http:\/\/www.globallistings.info\/hr\/usluge\/"},"modified":"2017-11-28T06:39:11","modified_gmt":"2017-11-28T06:39:11","slug":"usluge","status":"publish","type":"page","link":"https:\/\/www.globallistings.info\/hr\/usluge\/","title":{"rendered":"Usluge"},"content":{"rendered":"<div class=\"col-4\">\n<p><img decoding=\"async\" class=\"img-circle img-responsive\" src=\"http:\/\/www.globallistings.info\/app\/uploads\/2016\/12\/services.png\" alt=\"\" \/><\/p>\n<p class=\"content\">Paul Weaver<br \/>\n<mark class=\"sub-content\">operativni direktor<\/mark><\/p>\n<p class=\"description\">Paul Weaver je operativni direktor tvrtke Global Listings te se bavi svakodnevnim operacijama i nadzorom nad pokretanjem novih projekata. S obzirom na svoje iskustvo u prezentaciji TV programa i pripremi elektroni\u010dkih programskih vodi\u010da, i nakon \u0161to je proveo gotovo cijelo jedno desetlje\u0107e na Sky TV i Video Networks (danas TalkTalk), Paul je stekao bogato iskustvo tijekom svojih vi\u0161e od 20 godina provedenih u televizijskoj industriji. Paul je posve\u0107en pru\u017eanju vrhunske usluge svakom klijentu Global Listingsa te tome da usluga koju dobiju uvijek nadma\u0161i njihova o\u010dekivanja<\/p>\n<\/div>\n<div class=\"col-8\">\n<div class=\"content\">\n<p>Isporu\u010dujemo a\u017eurirane linearne i nelinearne (video na zahtjev) <strong>EPG podatke<\/strong> izravno na TV platforme i OTT servise<\/p>\n<p>Za TV kanale, pripremamo i distribuiramo precizne engleske i lokalizirane <strong>TV rasporede<\/strong> te luksuzno pripremljene <strong>najave izdvojenih emisija<\/strong><\/p>\n<p><strong>Prevodimo<\/strong> nazive programa, opise i metapodatke s bilo kojeg jezika na svijetu, na bilo koji jezik na svijetu, koriste\u0107i pritom globalnu mre\u017eu od 17,000 iskusnih i kvalificiranih prevoditelja koji doista znaju kako lokalizirati materijale za svako pojedino tr\u017ei\u0161te<\/p>\n<p>Komuniciramo s <strong>profilima na dru\u0161tvenim mre\u017eama<\/strong> na\u0161ih klijenata kako bismo metapodatke o TV programima integrirali u njihovu internetsku komunikaciju, od Twittera i Facebooka do Instagrama i Snapchata<\/p>\n<p><strong>Stvaramo sadr\u017eaje<\/strong> \u2013 za na\u0161u neumornu ekipu novinara i urednika rije\u010di su specijalnost i nikada ne ostaju bez njih!<\/p>\n<p><strong>Isporu\u010dujemo<\/strong> TV rasporede, sa\u017eetke izdvojenih emisija, elektroni\u010dke programske vodi\u010de (EPG), podatke za video na zahtjev (VOD) i slikovni materijal pomo\u0107u najsuvremenijeg distribucijskog sustava koji uklju\u010duje i prilago\u0111ene, ciljane mailing liste za pojedine regije te pojedine proizvode \/ jezike svakog klijenta<\/p>\n<p>Tako\u0111er, mo\u017eemo pripremati izvje\u0161\u0107a o medijskom pra\u0107enju na\u0161ih klijenata pomo\u0107u cjelovitog <strong>servisa za pra\u0107enje medija<\/strong> koji pokriva tisak, internet i dru\u0161tvene mre\u017ee u cijelom svijetu<\/p>\n<\/div>\n<\/div>\n","protected":false},"excerpt":{"rendered":"<p>Paul Weaver operativni direktor Paul Weaver je operativni direktor tvrtke Global Listings te se bavi svakodnevnim operacijama i nadzorom nad pokretanjem novih projekata. S obzirom na svoje iskustvo u prezentaciji TV programa i pripremi elektroni\u010dkih programskih vodi\u010da, i nakon \u0161to je proveo gotovo cijelo jedno desetlje\u0107e na Sky TV i Video Networks (danas TalkTalk), Paul [&hellip;]<\/p>\n","protected":false},"author":1,"featured_media":0,"parent":0,"menu_order":412,"comment_status":"closed","ping_status":"closed","template":"page-services.php","meta":{"_acf_changed":false,"cybocfi_hide_featured_image":"","footnotes":""},"class_list":["post-9875","page","type-page","status-publish","hentry"],"acf":[],"aioseo_notices":[],"yoast_head":"<!-- This site is optimized with the Yoast SEO plugin v27.3 - https:\/\/yoast.com\/product\/yoast-seo-wordpress\/ -->\n<title>Usluge - Global Listings<\/title>\n<meta name=\"robots\" content=\"index, follow, max-snippet:-1, max-image-preview:large, max-video-preview:-1\" \/>\n<link rel=\"canonical\" href=\"https:\/\/www.globallistings.info\/hr\/usluge\/\" \/>\n<meta property=\"og:locale\" content=\"hr_HR\" \/>\n<meta property=\"og:type\" content=\"article\" \/>\n<meta property=\"og:title\" content=\"Usluge - Global Listings\" \/>\n<meta property=\"og:description\" content=\"Paul Weaver operativni direktor Paul Weaver je operativni direktor tvrtke Global Listings te se bavi svakodnevnim operacijama i nadzorom nad pokretanjem novih projekata. S obzirom na svoje iskustvo u prezentaciji TV programa i pripremi elektroni\u010dkih programskih vodi\u010da, i nakon \u0161to je proveo gotovo cijelo jedno desetlje\u0107e na Sky TV i Video Networks (danas TalkTalk), Paul [&hellip;]\" \/>\n<meta property=\"og:url\" content=\"https:\/\/www.globallistings.info\/hr\/usluge\/\" \/>\n<meta property=\"og:site_name\" content=\"Global Listings\" \/>\n<meta property=\"article:modified_time\" content=\"2017-11-28T06:39:11+00:00\" \/>\n<meta property=\"og:image\" content=\"http:\/\/www.globallistings.info\/app\/uploads\/2016\/12\/services.png\" \/>\n<meta name=\"twitter:card\" content=\"summary_large_image\" \/>\n<meta name=\"twitter:label1\" content=\"Est. reading time\" \/>\n\t<meta name=\"twitter:data1\" content=\"2 minutes\" \/>\n<script type=\"application\/ld+json\" class=\"yoast-schema-graph\">{\"@context\":\"https:\\\/\\\/schema.org\",\"@graph\":[{\"@type\":\"WebPage\",\"@id\":\"https:\\\/\\\/www.globallistings.info\\\/hr\\\/usluge\\\/\",\"url\":\"https:\\\/\\\/www.globallistings.info\\\/hr\\\/usluge\\\/\",\"name\":\"Usluge - Global Listings\",\"isPartOf\":{\"@id\":\"https:\\\/\\\/www.globallistings.info\\\/ar\\\/#website\"},\"primaryImageOfPage\":{\"@id\":\"https:\\\/\\\/www.globallistings.info\\\/hr\\\/usluge\\\/#primaryimage\"},\"image\":{\"@id\":\"https:\\\/\\\/www.globallistings.info\\\/hr\\\/usluge\\\/#primaryimage\"},\"thumbnailUrl\":\"http:\\\/\\\/www.globallistings.info\\\/app\\\/uploads\\\/2016\\\/12\\\/services.png\",\"datePublished\":\"2017-03-12T17:32:52+00:00\",\"dateModified\":\"2017-11-28T06:39:11+00:00\",\"breadcrumb\":{\"@id\":\"https:\\\/\\\/www.globallistings.info\\\/hr\\\/usluge\\\/#breadcrumb\"},\"inLanguage\":\"hr\",\"potentialAction\":[{\"@type\":\"ReadAction\",\"target\":[\"https:\\\/\\\/www.globallistings.info\\\/hr\\\/usluge\\\/\"]}]},{\"@type\":\"ImageObject\",\"inLanguage\":\"hr\",\"@id\":\"https:\\\/\\\/www.globallistings.info\\\/hr\\\/usluge\\\/#primaryimage\",\"url\":\"http:\\\/\\\/www.globallistings.info\\\/app\\\/uploads\\\/2016\\\/12\\\/services.png\",\"contentUrl\":\"http:\\\/\\\/www.globallistings.info\\\/app\\\/uploads\\\/2016\\\/12\\\/services.png\"},{\"@type\":\"BreadcrumbList\",\"@id\":\"https:\\\/\\\/www.globallistings.info\\\/hr\\\/usluge\\\/#breadcrumb\",\"itemListElement\":[{\"@type\":\"ListItem\",\"position\":1,\"name\":\"Home\",\"item\":\"https:\\\/\\\/www.globallistings.info\\\/hr\\\/\"},{\"@type\":\"ListItem\",\"position\":2,\"name\":\"Usluge\"}]},{\"@type\":\"WebSite\",\"@id\":\"https:\\\/\\\/www.globallistings.info\\\/ar\\\/#website\",\"url\":\"https:\\\/\\\/www.globallistings.info\\\/ar\\\/\",\"name\":\"Global Listings\",\"description\":\"\",\"potentialAction\":[{\"@type\":\"SearchAction\",\"target\":{\"@type\":\"EntryPoint\",\"urlTemplate\":\"https:\\\/\\\/www.globallistings.info\\\/ar\\\/?s={search_term_string}\"},\"query-input\":{\"@type\":\"PropertyValueSpecification\",\"valueRequired\":true,\"valueName\":\"search_term_string\"}}],\"inLanguage\":\"hr\"}]}<\/script>\n<!-- \/ Yoast SEO plugin. -->","yoast_head_json":{"title":"Usluge - Global Listings","robots":{"index":"index","follow":"follow","max-snippet":"max-snippet:-1","max-image-preview":"max-image-preview:large","max-video-preview":"max-video-preview:-1"},"canonical":"https:\/\/www.globallistings.info\/hr\/usluge\/","og_locale":"hr_HR","og_type":"article","og_title":"Usluge - Global Listings","og_description":"Paul Weaver operativni direktor Paul Weaver je operativni direktor tvrtke Global Listings te se bavi svakodnevnim operacijama i nadzorom nad pokretanjem novih projekata. S obzirom na svoje iskustvo u prezentaciji TV programa i pripremi elektroni\u010dkih programskih vodi\u010da, i nakon \u0161to je proveo gotovo cijelo jedno desetlje\u0107e na Sky TV i Video Networks (danas TalkTalk), Paul [&hellip;]","og_url":"https:\/\/www.globallistings.info\/hr\/usluge\/","og_site_name":"Global Listings","article_modified_time":"2017-11-28T06:39:11+00:00","og_image":[{"url":"http:\/\/www.globallistings.info\/app\/uploads\/2016\/12\/services.png","type":"","width":"","height":""}],"twitter_card":"summary_large_image","twitter_misc":{"Est. reading time":"2 minutes"},"schema":{"@context":"https:\/\/schema.org","@graph":[{"@type":"WebPage","@id":"https:\/\/www.globallistings.info\/hr\/usluge\/","url":"https:\/\/www.globallistings.info\/hr\/usluge\/","name":"Usluge - Global Listings","isPartOf":{"@id":"https:\/\/www.globallistings.info\/ar\/#website"},"primaryImageOfPage":{"@id":"https:\/\/www.globallistings.info\/hr\/usluge\/#primaryimage"},"image":{"@id":"https:\/\/www.globallistings.info\/hr\/usluge\/#primaryimage"},"thumbnailUrl":"http:\/\/www.globallistings.info\/app\/uploads\/2016\/12\/services.png","datePublished":"2017-03-12T17:32:52+00:00","dateModified":"2017-11-28T06:39:11+00:00","breadcrumb":{"@id":"https:\/\/www.globallistings.info\/hr\/usluge\/#breadcrumb"},"inLanguage":"hr","potentialAction":[{"@type":"ReadAction","target":["https:\/\/www.globallistings.info\/hr\/usluge\/"]}]},{"@type":"ImageObject","inLanguage":"hr","@id":"https:\/\/www.globallistings.info\/hr\/usluge\/#primaryimage","url":"http:\/\/www.globallistings.info\/app\/uploads\/2016\/12\/services.png","contentUrl":"http:\/\/www.globallistings.info\/app\/uploads\/2016\/12\/services.png"},{"@type":"BreadcrumbList","@id":"https:\/\/www.globallistings.info\/hr\/usluge\/#breadcrumb","itemListElement":[{"@type":"ListItem","position":1,"name":"Home","item":"https:\/\/www.globallistings.info\/hr\/"},{"@type":"ListItem","position":2,"name":"Usluge"}]},{"@type":"WebSite","@id":"https:\/\/www.globallistings.info\/ar\/#website","url":"https:\/\/www.globallistings.info\/ar\/","name":"Global Listings","description":"","potentialAction":[{"@type":"SearchAction","target":{"@type":"EntryPoint","urlTemplate":"https:\/\/www.globallistings.info\/ar\/?s={search_term_string}"},"query-input":{"@type":"PropertyValueSpecification","valueRequired":true,"valueName":"search_term_string"}}],"inLanguage":"hr"}]}},"_links":{"self":[{"href":"https:\/\/www.globallistings.info\/hr\/wp-json\/wp\/v2\/pages\/9875","targetHints":{"allow":["GET"]}}],"collection":[{"href":"https:\/\/www.globallistings.info\/hr\/wp-json\/wp\/v2\/pages"}],"about":[{"href":"https:\/\/www.globallistings.info\/hr\/wp-json\/wp\/v2\/types\/page"}],"author":[{"embeddable":true,"href":"https:\/\/www.globallistings.info\/hr\/wp-json\/wp\/v2\/users\/1"}],"replies":[{"embeddable":true,"href":"https:\/\/www.globallistings.info\/hr\/wp-json\/wp\/v2\/comments?post=9875"}],"version-history":[{"count":0,"href":"https:\/\/www.globallistings.info\/hr\/wp-json\/wp\/v2\/pages\/9875\/revisions"}],"wp:attachment":[{"href":"https:\/\/www.globallistings.info\/hr\/wp-json\/wp\/v2\/media?parent=9875"}],"curies":[{"name":"wp","href":"https:\/\/api.w.org\/{rel}","templated":true}]}}