{"id":9903,"date":"2017-03-12T18:58:32","date_gmt":"2017-03-12T18:58:32","guid":{"rendered":"http:\/\/www.globallistings.info\/hr\/pracenje-medija\/"},"modified":"2017-11-28T07:12:51","modified_gmt":"2017-11-28T07:12:51","slug":"pracenje-medija","status":"publish","type":"page","link":"https:\/\/www.globallistings.info\/hr\/pracenje-medija\/","title":{"rendered":"Pra\u0107enje medija"},"content":{"rendered":"<div class=\"col-4\">\n<p><img decoding=\"async\" class=\"img-circle img-responsive\" src=\"http:\/\/www.globallistings.info\/app\/uploads\/2017\/01\/gl.png\" \/><\/p>\n<p class=\"content\">PRA\u0106ENJE MEDIJA<\/p>\n<\/div>\n<div class=\"col-8\">\n<div class=\"content\">\n<p>Zajedno sa svojim strate\u0161kim partnerom pratimo milijune izvora na dru\u0161tvenim mre\u017eama, vijesti s interneta te tradicionalne izvore informacija \u2013 i to kako bismo klijentima pomogli da prate globalno medijsko izvje\u0161\u0107ivanje o sebi<\/p>\n<p>Pru\u017eamo cjelovitu uslugu pra\u0107enja medija, \u0161to na\u0161im klijentima omogu\u0107uje potpun uvid u globalno medijsko izvje\u0161\u0107ivanje za svaku pojedinu medijsku ili marketin\u0161ku aktivnost \u2013 u tiskanim medijima, na internetu i na dru\u0161tvenim mre\u017eama<\/p>\n<p>Na\u0161a usluga obuhva\u0107a 400.000 me\u0111unarodnih izvora vijesti te milijune izvora s dru\u0161tvenih mre\u017ea, uklju\u010duju\u0107i Twitter<\/p>\n<p>Ekipa od 75 globalnih istra\u017eiva\u010da neprestano a\u017eurira sredi\u0161nju bazu podataka kako bi na\u0161i televizijski klijenti bili sigurni da dobivaju najpreciznije mogu\u0107e podatke<\/p>\n<p>Izvje\u0161\u0107a o pra\u0107enju medija mogu se pripremiti za lansiranja klju\u010dnih programa, nove serije, posebne doga\u0111aje i premijere, a mogu se prilagoditi i posebnim zahtjevima, na primjer, \u0161irenju kanala na novi teritorij, tematskoj sezoni posebnih emisija, pa \u010dak i imenu pojedinog voditelja emisija<\/p>\n<\/div>\n<\/div>\n","protected":false},"excerpt":{"rendered":"<p>PRA\u0106ENJE MEDIJA Zajedno sa svojim strate\u0161kim partnerom pratimo milijune izvora na dru\u0161tvenim mre\u017eama, vijesti s interneta te tradicionalne izvore informacija \u2013 i to kako bismo klijentima pomogli da prate globalno medijsko izvje\u0161\u0107ivanje o sebi Pru\u017eamo cjelovitu uslugu pra\u0107enja medija, \u0161to na\u0161im klijentima omogu\u0107uje potpun uvid u globalno medijsko izvje\u0161\u0107ivanje za svaku pojedinu medijsku ili marketin\u0161ku [&hellip;]<\/p>\n","protected":false},"author":1,"featured_media":0,"parent":0,"menu_order":325,"comment_status":"closed","ping_status":"closed","template":"page-mediamonitoring.php","meta":{"_acf_changed":false,"cybocfi_hide_featured_image":"","footnotes":""},"class_list":["post-9903","page","type-page","status-publish","hentry"],"acf":[],"aioseo_notices":[],"yoast_head":"<!-- This site is optimized with the Yoast SEO plugin v27.4 - https:\/\/yoast.com\/product\/yoast-seo-wordpress\/ -->\n<title>Pra\u0107enje medija - Global Listings<\/title>\n<meta name=\"robots\" content=\"index, follow, max-snippet:-1, max-image-preview:large, max-video-preview:-1\" \/>\n<link rel=\"canonical\" href=\"https:\/\/www.globallistings.info\/hr\/pracenje-medija\/\" \/>\n<meta property=\"og:locale\" content=\"hr_HR\" \/>\n<meta property=\"og:type\" content=\"article\" \/>\n<meta property=\"og:title\" content=\"Pra\u0107enje medija - Global Listings\" \/>\n<meta property=\"og:description\" content=\"PRA\u0106ENJE MEDIJA Zajedno sa svojim strate\u0161kim partnerom pratimo milijune izvora na dru\u0161tvenim mre\u017eama, vijesti s interneta te tradicionalne izvore informacija \u2013 i to kako bismo klijentima pomogli da prate globalno medijsko izvje\u0161\u0107ivanje o sebi Pru\u017eamo cjelovitu uslugu pra\u0107enja medija, \u0161to na\u0161im klijentima omogu\u0107uje potpun uvid u globalno medijsko izvje\u0161\u0107ivanje za svaku pojedinu medijsku ili marketin\u0161ku [&hellip;]\" \/>\n<meta property=\"og:url\" content=\"https:\/\/www.globallistings.info\/hr\/pracenje-medija\/\" \/>\n<meta property=\"og:site_name\" content=\"Global Listings\" \/>\n<meta property=\"article:modified_time\" content=\"2017-11-28T07:12:51+00:00\" \/>\n<meta property=\"og:image\" content=\"http:\/\/www.globallistings.info\/app\/uploads\/2017\/01\/gl.png\" \/>\n<meta name=\"twitter:card\" content=\"summary_large_image\" \/>\n<meta name=\"twitter:label1\" content=\"Est. reading time\" \/>\n\t<meta name=\"twitter:data1\" content=\"1 minute\" \/>\n<script type=\"application\/ld+json\" class=\"yoast-schema-graph\">{\"@context\":\"https:\\\/\\\/schema.org\",\"@graph\":[{\"@type\":\"WebPage\",\"@id\":\"https:\\\/\\\/www.globallistings.info\\\/hr\\\/pracenje-medija\\\/\",\"url\":\"https:\\\/\\\/www.globallistings.info\\\/hr\\\/pracenje-medija\\\/\",\"name\":\"Pra\u0107enje medija - Global Listings\",\"isPartOf\":{\"@id\":\"https:\\\/\\\/www.globallistings.info\\\/ar\\\/#website\"},\"primaryImageOfPage\":{\"@id\":\"https:\\\/\\\/www.globallistings.info\\\/hr\\\/pracenje-medija\\\/#primaryimage\"},\"image\":{\"@id\":\"https:\\\/\\\/www.globallistings.info\\\/hr\\\/pracenje-medija\\\/#primaryimage\"},\"thumbnailUrl\":\"http:\\\/\\\/www.globallistings.info\\\/app\\\/uploads\\\/2017\\\/01\\\/gl.png\",\"datePublished\":\"2017-03-12T18:58:32+00:00\",\"dateModified\":\"2017-11-28T07:12:51+00:00\",\"breadcrumb\":{\"@id\":\"https:\\\/\\\/www.globallistings.info\\\/hr\\\/pracenje-medija\\\/#breadcrumb\"},\"inLanguage\":\"hr\",\"potentialAction\":[{\"@type\":\"ReadAction\",\"target\":[\"https:\\\/\\\/www.globallistings.info\\\/hr\\\/pracenje-medija\\\/\"]}]},{\"@type\":\"ImageObject\",\"inLanguage\":\"hr\",\"@id\":\"https:\\\/\\\/www.globallistings.info\\\/hr\\\/pracenje-medija\\\/#primaryimage\",\"url\":\"http:\\\/\\\/www.globallistings.info\\\/app\\\/uploads\\\/2017\\\/01\\\/gl.png\",\"contentUrl\":\"http:\\\/\\\/www.globallistings.info\\\/app\\\/uploads\\\/2017\\\/01\\\/gl.png\"},{\"@type\":\"BreadcrumbList\",\"@id\":\"https:\\\/\\\/www.globallistings.info\\\/hr\\\/pracenje-medija\\\/#breadcrumb\",\"itemListElement\":[{\"@type\":\"ListItem\",\"position\":1,\"name\":\"Home\",\"item\":\"https:\\\/\\\/www.globallistings.info\\\/hr\\\/\"},{\"@type\":\"ListItem\",\"position\":2,\"name\":\"Pra\u0107enje medija\"}]},{\"@type\":\"WebSite\",\"@id\":\"https:\\\/\\\/www.globallistings.info\\\/ar\\\/#website\",\"url\":\"https:\\\/\\\/www.globallistings.info\\\/ar\\\/\",\"name\":\"Global Listings\",\"description\":\"\",\"potentialAction\":[{\"@type\":\"SearchAction\",\"target\":{\"@type\":\"EntryPoint\",\"urlTemplate\":\"https:\\\/\\\/www.globallistings.info\\\/ar\\\/?s={search_term_string}\"},\"query-input\":{\"@type\":\"PropertyValueSpecification\",\"valueRequired\":true,\"valueName\":\"search_term_string\"}}],\"inLanguage\":\"hr\"}]}<\/script>\n<!-- \/ Yoast SEO plugin. -->","yoast_head_json":{"title":"Pra\u0107enje medija - Global Listings","robots":{"index":"index","follow":"follow","max-snippet":"max-snippet:-1","max-image-preview":"max-image-preview:large","max-video-preview":"max-video-preview:-1"},"canonical":"https:\/\/www.globallistings.info\/hr\/pracenje-medija\/","og_locale":"hr_HR","og_type":"article","og_title":"Pra\u0107enje medija - Global Listings","og_description":"PRA\u0106ENJE MEDIJA Zajedno sa svojim strate\u0161kim partnerom pratimo milijune izvora na dru\u0161tvenim mre\u017eama, vijesti s interneta te tradicionalne izvore informacija \u2013 i to kako bismo klijentima pomogli da prate globalno medijsko izvje\u0161\u0107ivanje o sebi Pru\u017eamo cjelovitu uslugu pra\u0107enja medija, \u0161to na\u0161im klijentima omogu\u0107uje potpun uvid u globalno medijsko izvje\u0161\u0107ivanje za svaku pojedinu medijsku ili marketin\u0161ku [&hellip;]","og_url":"https:\/\/www.globallistings.info\/hr\/pracenje-medija\/","og_site_name":"Global Listings","article_modified_time":"2017-11-28T07:12:51+00:00","og_image":[{"url":"http:\/\/www.globallistings.info\/app\/uploads\/2017\/01\/gl.png","type":"","width":"","height":""}],"twitter_card":"summary_large_image","twitter_misc":{"Est. reading time":"1 minute"},"schema":{"@context":"https:\/\/schema.org","@graph":[{"@type":"WebPage","@id":"https:\/\/www.globallistings.info\/hr\/pracenje-medija\/","url":"https:\/\/www.globallistings.info\/hr\/pracenje-medija\/","name":"Pra\u0107enje medija - Global Listings","isPartOf":{"@id":"https:\/\/www.globallistings.info\/ar\/#website"},"primaryImageOfPage":{"@id":"https:\/\/www.globallistings.info\/hr\/pracenje-medija\/#primaryimage"},"image":{"@id":"https:\/\/www.globallistings.info\/hr\/pracenje-medija\/#primaryimage"},"thumbnailUrl":"http:\/\/www.globallistings.info\/app\/uploads\/2017\/01\/gl.png","datePublished":"2017-03-12T18:58:32+00:00","dateModified":"2017-11-28T07:12:51+00:00","breadcrumb":{"@id":"https:\/\/www.globallistings.info\/hr\/pracenje-medija\/#breadcrumb"},"inLanguage":"hr","potentialAction":[{"@type":"ReadAction","target":["https:\/\/www.globallistings.info\/hr\/pracenje-medija\/"]}]},{"@type":"ImageObject","inLanguage":"hr","@id":"https:\/\/www.globallistings.info\/hr\/pracenje-medija\/#primaryimage","url":"http:\/\/www.globallistings.info\/app\/uploads\/2017\/01\/gl.png","contentUrl":"http:\/\/www.globallistings.info\/app\/uploads\/2017\/01\/gl.png"},{"@type":"BreadcrumbList","@id":"https:\/\/www.globallistings.info\/hr\/pracenje-medija\/#breadcrumb","itemListElement":[{"@type":"ListItem","position":1,"name":"Home","item":"https:\/\/www.globallistings.info\/hr\/"},{"@type":"ListItem","position":2,"name":"Pra\u0107enje medija"}]},{"@type":"WebSite","@id":"https:\/\/www.globallistings.info\/ar\/#website","url":"https:\/\/www.globallistings.info\/ar\/","name":"Global Listings","description":"","potentialAction":[{"@type":"SearchAction","target":{"@type":"EntryPoint","urlTemplate":"https:\/\/www.globallistings.info\/ar\/?s={search_term_string}"},"query-input":{"@type":"PropertyValueSpecification","valueRequired":true,"valueName":"search_term_string"}}],"inLanguage":"hr"}]}},"_links":{"self":[{"href":"https:\/\/www.globallistings.info\/hr\/wp-json\/wp\/v2\/pages\/9903","targetHints":{"allow":["GET"]}}],"collection":[{"href":"https:\/\/www.globallistings.info\/hr\/wp-json\/wp\/v2\/pages"}],"about":[{"href":"https:\/\/www.globallistings.info\/hr\/wp-json\/wp\/v2\/types\/page"}],"author":[{"embeddable":true,"href":"https:\/\/www.globallistings.info\/hr\/wp-json\/wp\/v2\/users\/1"}],"replies":[{"embeddable":true,"href":"https:\/\/www.globallistings.info\/hr\/wp-json\/wp\/v2\/comments?post=9903"}],"version-history":[{"count":0,"href":"https:\/\/www.globallistings.info\/hr\/wp-json\/wp\/v2\/pages\/9903\/revisions"}],"wp:attachment":[{"href":"https:\/\/www.globallistings.info\/hr\/wp-json\/wp\/v2\/media?parent=9903"}],"curies":[{"name":"wp","href":"https:\/\/api.w.org\/{rel}","templated":true}]}}