{"id":9904,"date":"2017-03-12T19:02:14","date_gmt":"2017-03-12T19:02:14","guid":{"rendered":"http:\/\/www.globallistings.info\/hr\/globalna-distribucija\/"},"modified":"2017-11-28T07:13:46","modified_gmt":"2017-11-28T07:13:46","slug":"globalna-distribucija","status":"publish","type":"page","link":"https:\/\/www.globallistings.info\/hr\/globalna-distribucija\/","title":{"rendered":"Globalna distribucija"},"content":{"rendered":"<div class=\"col-4\">\n<p><img decoding=\"async\" class=\"img-circle img-responsive\" src=\"http:\/\/www.globallistings.info\/app\/uploads\/2017\/02\/hand.png\" alt=\"content-photo\" \/><\/p>\n<p class=\"content\">GLOBALNA DISTRIBUCIJA<\/p>\n<\/div>\n<div class=\"col-8\">\n<div class=\"content\">\n<p>Global Listings zna da mo\u017eete imati i najbolji sadr\u017eaj na svijetu, ali ako taj sadr\u017eaj ne komunicirate pravim ljudima u pravi trenutak, tada medijsko pra\u0107enje va\u0161eg programa ne\u0107e biti onakvo kakvo zaslu\u017euje<\/p>\n<p>U mogu\u0107nosti smo vrlo brzo pripremiti ciljane distribucijske liste u realnom vremenu, po dr\u017eavama, kako bismo va\u0161 programski sadr\u017eaj na vrijeme distribuirali pravim kontaktima, i to svaki put<\/p>\n<p>Na\u0161e iskustvo na ovom podru\u010dju, zajedno s pristupom bazi podataka vode\u0107ih medijskih kontakata, zna\u010di da svojim klijentima mo\u017eemo ponuditi uslugu distribucije e-mailom bez premca.<\/p>\n<p>Pomo\u0107u sredi\u0161nje baze podataka i poznavanja globalnih medijskih rokova za objavu rasporeda TV programa, najava izdvojenih emisija i drugih materijala, sadr\u017eaje televizijskih kanala svojih klijenata dostavljamo pritiskom na tipku u pravo vrijeme i na pravo mjesto<\/p>\n<p>Ne samo da mo\u017eemo izraditi precizno fokusiranu listu za distribuciju e-mailom za svaki teritorij na svijetu, ve\u0107 mo\u017eemo pru\u017eiti i uslugu temeljite analize postoje\u0107ih e-mail lista na\u0161ih klijenata kako bismo zajam\u010dili da sadr\u017ee sve va\u017ene medijske kontakte i utjecajne osobe u odre\u0111enoj dr\u017eavi ili regiji<\/p>\n<p>I, naravno, nakon \u0161to je popis finaliziran, brinemo se da bude redovito a\u017euriran putem redovitih revizija i upisa novih podataka kada je to potrebno<\/p>\n<\/div>\n<\/div>\n","protected":false},"excerpt":{"rendered":"<p>GLOBALNA DISTRIBUCIJA Global Listings zna da mo\u017eete imati i najbolji sadr\u017eaj na svijetu, ali ako taj sadr\u017eaj ne komunicirate pravim ljudima u pravi trenutak, tada medijsko pra\u0107enje va\u0161eg programa ne\u0107e biti onakvo kakvo zaslu\u017euje U mogu\u0107nosti smo vrlo brzo pripremiti ciljane distribucijske liste u realnom vremenu, po dr\u017eavama, kako bismo va\u0161 programski sadr\u017eaj na vrijeme [&hellip;]<\/p>\n","protected":false},"author":1,"featured_media":0,"parent":0,"menu_order":230,"comment_status":"closed","ping_status":"closed","template":"page-globaldistribution.php","meta":{"_acf_changed":false,"cybocfi_hide_featured_image":"","footnotes":""},"class_list":["post-9904","page","type-page","status-publish","hentry"],"acf":[],"aioseo_notices":[],"yoast_head":"<!-- This site is optimized with the Yoast SEO plugin v27.3 - https:\/\/yoast.com\/product\/yoast-seo-wordpress\/ -->\n<title>Globalna distribucija - Global Listings<\/title>\n<meta name=\"robots\" content=\"index, follow, max-snippet:-1, max-image-preview:large, max-video-preview:-1\" \/>\n<link rel=\"canonical\" href=\"https:\/\/www.globallistings.info\/hr\/globalna-distribucija\/\" \/>\n<meta property=\"og:locale\" content=\"hr_HR\" \/>\n<meta property=\"og:type\" content=\"article\" \/>\n<meta property=\"og:title\" content=\"Globalna distribucija - Global Listings\" \/>\n<meta property=\"og:description\" content=\"GLOBALNA DISTRIBUCIJA Global Listings zna da mo\u017eete imati i najbolji sadr\u017eaj na svijetu, ali ako taj sadr\u017eaj ne komunicirate pravim ljudima u pravi trenutak, tada medijsko pra\u0107enje va\u0161eg programa ne\u0107e biti onakvo kakvo zaslu\u017euje U mogu\u0107nosti smo vrlo brzo pripremiti ciljane distribucijske liste u realnom vremenu, po dr\u017eavama, kako bismo va\u0161 programski sadr\u017eaj na vrijeme [&hellip;]\" \/>\n<meta property=\"og:url\" content=\"https:\/\/www.globallistings.info\/hr\/globalna-distribucija\/\" \/>\n<meta property=\"og:site_name\" content=\"Global Listings\" \/>\n<meta property=\"article:modified_time\" content=\"2017-11-28T07:13:46+00:00\" \/>\n<meta property=\"og:image\" content=\"http:\/\/www.globallistings.info\/app\/uploads\/2017\/02\/hand.png\" \/>\n<meta name=\"twitter:card\" content=\"summary_large_image\" \/>\n<meta name=\"twitter:label1\" content=\"Est. reading time\" \/>\n\t<meta name=\"twitter:data1\" content=\"1 minute\" \/>\n<script type=\"application\/ld+json\" class=\"yoast-schema-graph\">{\"@context\":\"https:\\\/\\\/schema.org\",\"@graph\":[{\"@type\":\"WebPage\",\"@id\":\"https:\\\/\\\/www.globallistings.info\\\/hr\\\/globalna-distribucija\\\/\",\"url\":\"https:\\\/\\\/www.globallistings.info\\\/hr\\\/globalna-distribucija\\\/\",\"name\":\"Globalna distribucija - Global Listings\",\"isPartOf\":{\"@id\":\"https:\\\/\\\/www.globallistings.info\\\/ar\\\/#website\"},\"primaryImageOfPage\":{\"@id\":\"https:\\\/\\\/www.globallistings.info\\\/hr\\\/globalna-distribucija\\\/#primaryimage\"},\"image\":{\"@id\":\"https:\\\/\\\/www.globallistings.info\\\/hr\\\/globalna-distribucija\\\/#primaryimage\"},\"thumbnailUrl\":\"http:\\\/\\\/www.globallistings.info\\\/app\\\/uploads\\\/2017\\\/02\\\/hand.png\",\"datePublished\":\"2017-03-12T19:02:14+00:00\",\"dateModified\":\"2017-11-28T07:13:46+00:00\",\"breadcrumb\":{\"@id\":\"https:\\\/\\\/www.globallistings.info\\\/hr\\\/globalna-distribucija\\\/#breadcrumb\"},\"inLanguage\":\"hr\",\"potentialAction\":[{\"@type\":\"ReadAction\",\"target\":[\"https:\\\/\\\/www.globallistings.info\\\/hr\\\/globalna-distribucija\\\/\"]}]},{\"@type\":\"ImageObject\",\"inLanguage\":\"hr\",\"@id\":\"https:\\\/\\\/www.globallistings.info\\\/hr\\\/globalna-distribucija\\\/#primaryimage\",\"url\":\"http:\\\/\\\/www.globallistings.info\\\/app\\\/uploads\\\/2017\\\/02\\\/hand.png\",\"contentUrl\":\"http:\\\/\\\/www.globallistings.info\\\/app\\\/uploads\\\/2017\\\/02\\\/hand.png\"},{\"@type\":\"BreadcrumbList\",\"@id\":\"https:\\\/\\\/www.globallistings.info\\\/hr\\\/globalna-distribucija\\\/#breadcrumb\",\"itemListElement\":[{\"@type\":\"ListItem\",\"position\":1,\"name\":\"Home\",\"item\":\"https:\\\/\\\/www.globallistings.info\\\/hr\\\/\"},{\"@type\":\"ListItem\",\"position\":2,\"name\":\"Globalna distribucija\"}]},{\"@type\":\"WebSite\",\"@id\":\"https:\\\/\\\/www.globallistings.info\\\/ar\\\/#website\",\"url\":\"https:\\\/\\\/www.globallistings.info\\\/ar\\\/\",\"name\":\"Global Listings\",\"description\":\"\",\"potentialAction\":[{\"@type\":\"SearchAction\",\"target\":{\"@type\":\"EntryPoint\",\"urlTemplate\":\"https:\\\/\\\/www.globallistings.info\\\/ar\\\/?s={search_term_string}\"},\"query-input\":{\"@type\":\"PropertyValueSpecification\",\"valueRequired\":true,\"valueName\":\"search_term_string\"}}],\"inLanguage\":\"hr\"}]}<\/script>\n<!-- \/ Yoast SEO plugin. -->","yoast_head_json":{"title":"Globalna distribucija - Global Listings","robots":{"index":"index","follow":"follow","max-snippet":"max-snippet:-1","max-image-preview":"max-image-preview:large","max-video-preview":"max-video-preview:-1"},"canonical":"https:\/\/www.globallistings.info\/hr\/globalna-distribucija\/","og_locale":"hr_HR","og_type":"article","og_title":"Globalna distribucija - Global Listings","og_description":"GLOBALNA DISTRIBUCIJA Global Listings zna da mo\u017eete imati i najbolji sadr\u017eaj na svijetu, ali ako taj sadr\u017eaj ne komunicirate pravim ljudima u pravi trenutak, tada medijsko pra\u0107enje va\u0161eg programa ne\u0107e biti onakvo kakvo zaslu\u017euje U mogu\u0107nosti smo vrlo brzo pripremiti ciljane distribucijske liste u realnom vremenu, po dr\u017eavama, kako bismo va\u0161 programski sadr\u017eaj na vrijeme [&hellip;]","og_url":"https:\/\/www.globallistings.info\/hr\/globalna-distribucija\/","og_site_name":"Global Listings","article_modified_time":"2017-11-28T07:13:46+00:00","og_image":[{"url":"http:\/\/www.globallistings.info\/app\/uploads\/2017\/02\/hand.png","type":"","width":"","height":""}],"twitter_card":"summary_large_image","twitter_misc":{"Est. reading time":"1 minute"},"schema":{"@context":"https:\/\/schema.org","@graph":[{"@type":"WebPage","@id":"https:\/\/www.globallistings.info\/hr\/globalna-distribucija\/","url":"https:\/\/www.globallistings.info\/hr\/globalna-distribucija\/","name":"Globalna distribucija - Global Listings","isPartOf":{"@id":"https:\/\/www.globallistings.info\/ar\/#website"},"primaryImageOfPage":{"@id":"https:\/\/www.globallistings.info\/hr\/globalna-distribucija\/#primaryimage"},"image":{"@id":"https:\/\/www.globallistings.info\/hr\/globalna-distribucija\/#primaryimage"},"thumbnailUrl":"http:\/\/www.globallistings.info\/app\/uploads\/2017\/02\/hand.png","datePublished":"2017-03-12T19:02:14+00:00","dateModified":"2017-11-28T07:13:46+00:00","breadcrumb":{"@id":"https:\/\/www.globallistings.info\/hr\/globalna-distribucija\/#breadcrumb"},"inLanguage":"hr","potentialAction":[{"@type":"ReadAction","target":["https:\/\/www.globallistings.info\/hr\/globalna-distribucija\/"]}]},{"@type":"ImageObject","inLanguage":"hr","@id":"https:\/\/www.globallistings.info\/hr\/globalna-distribucija\/#primaryimage","url":"http:\/\/www.globallistings.info\/app\/uploads\/2017\/02\/hand.png","contentUrl":"http:\/\/www.globallistings.info\/app\/uploads\/2017\/02\/hand.png"},{"@type":"BreadcrumbList","@id":"https:\/\/www.globallistings.info\/hr\/globalna-distribucija\/#breadcrumb","itemListElement":[{"@type":"ListItem","position":1,"name":"Home","item":"https:\/\/www.globallistings.info\/hr\/"},{"@type":"ListItem","position":2,"name":"Globalna distribucija"}]},{"@type":"WebSite","@id":"https:\/\/www.globallistings.info\/ar\/#website","url":"https:\/\/www.globallistings.info\/ar\/","name":"Global Listings","description":"","potentialAction":[{"@type":"SearchAction","target":{"@type":"EntryPoint","urlTemplate":"https:\/\/www.globallistings.info\/ar\/?s={search_term_string}"},"query-input":{"@type":"PropertyValueSpecification","valueRequired":true,"valueName":"search_term_string"}}],"inLanguage":"hr"}]}},"_links":{"self":[{"href":"https:\/\/www.globallistings.info\/hr\/wp-json\/wp\/v2\/pages\/9904","targetHints":{"allow":["GET"]}}],"collection":[{"href":"https:\/\/www.globallistings.info\/hr\/wp-json\/wp\/v2\/pages"}],"about":[{"href":"https:\/\/www.globallistings.info\/hr\/wp-json\/wp\/v2\/types\/page"}],"author":[{"embeddable":true,"href":"https:\/\/www.globallistings.info\/hr\/wp-json\/wp\/v2\/users\/1"}],"replies":[{"embeddable":true,"href":"https:\/\/www.globallistings.info\/hr\/wp-json\/wp\/v2\/comments?post=9904"}],"version-history":[{"count":0,"href":"https:\/\/www.globallistings.info\/hr\/wp-json\/wp\/v2\/pages\/9904\/revisions"}],"wp:attachment":[{"href":"https:\/\/www.globallistings.info\/hr\/wp-json\/wp\/v2\/media?parent=9904"}],"curies":[{"name":"wp","href":"https:\/\/api.w.org\/{rel}","templated":true}]}}