{"id":10113,"date":"2017-03-13T08:44:20","date_gmt":"2017-03-13T08:44:20","guid":{"rendered":"http:\/\/www.globallistings.info\/hu\/frissitett-epg-k-0-24-ben\/"},"modified":"2018-01-19T18:02:10","modified_gmt":"2018-01-19T18:02:10","slug":"frissitett-epg-k-0-24-ben","status":"publish","type":"page","link":"https:\/\/www.globallistings.info\/hu\/frissitett-epg-k-0-24-ben\/","title":{"rendered":"Friss\u00edtett EPG-k 0-24-ben"},"content":{"rendered":"<div class=\"col-4\">\n<p><img decoding=\"async\" class=\"img-circle img-responsive\" src=\"http:\/\/globallistings.info\/app\/uploads\/2017\/01\/274-copy.png\" alt=\"\" \/><\/p>\n<p class=\"content\">FRISS\u00cdTETT EPG-K 0-24-BEN<\/p>\n<\/div>\n<div class=\"col-8\">\n<div class=\"content\">\n<p>A Global Listings EPG szolg\u00e1ltat\u00e1s\u00e1nak k\u00f6sz\u00f6nhet\u0151en az elektronikus m\u0171sor\u00fajs\u00e1gok napi 24 \u00f3r\u00e1ban, heti h\u00e9t nap friss\u00fclnek. Saj\u00e1t fejleszt\u00e9s\u0171 <strong>AGiLE*<\/strong> webes fel\u00fclet\u00fcnk\u00f6n a m\u0171sorszolg\u00e1ltat\u00f3k azonnal l\u00e1thatj\u00e1k t\u00e9v\u00e9csatorn\u00e1ik legfrissebb m\u0171sork\u00edn\u00e1lat\u00e1t, felvezethetik a s\u00fcrg\u0151s v\u00e1ltoztat\u00e1sokat, \u00e9s \u00faj adatokat k\u00fcldhetnek t\u00f6bb t\u00e9v\u00e9s platformra egyetlen kattint\u00e1ssal. Mindezt tableten \u00e9s okostelefonon is megtehetik az egyed\u00fcl\u00e1ll\u00f3 Global Listings applik\u00e1ci\u00f3val vagy sz\u00e1m\u00edt\u00f3g\u00e9pr\u0151l b\u00e1rhonnan, mind\u00f6ssze internetel\u00e9r\u00e9sre van hozz\u00e1 sz\u00fcks\u00e9g. Ez a szolg\u00e1ltat\u00e1s azt is lehet\u0151v\u00e9 teszi a Global Listings sz\u00e1m\u00e1ra, hogy teljes k\u00f6r\u0171, \u00e9l\u0151 EPG-figyel\u0151 szolg\u00e1ltat\u00e1st biztos\u00edtson \u00e9l\u0151ben k\u00f6zvet\u00edtett m\u0171sorokhoz \u00e9s sportesem\u00e9nyekhez, b\u00e1rhol \u00e9s b\u00e1rmikor zajlanak is a vil\u00e1gban. Mindez garant\u00e1lja, hogy b\u00e1rmely csatorna elektronikus m\u0171sor\u00fajs\u00e1ga mindig 100%-ban megb\u00edzhat\u00f3 inform\u00e1ci\u00f3t ad \u00e1t a n\u00e9z\u0151nek.<\/p>\n<div style=\"padding-bottom: 15px\"><\/div>\n<p>*(L\u00e9pjen kapcsolatba a Global Listingsszel b\u00e1rhol!)<\/p>\n<\/div>\n<\/div>\n","protected":false},"excerpt":{"rendered":"<p>FRISS\u00cdTETT EPG-K 0-24-BEN A Global Listings EPG szolg\u00e1ltat\u00e1s\u00e1nak k\u00f6sz\u00f6nhet\u0151en az elektronikus m\u0171sor\u00fajs\u00e1gok napi 24 \u00f3r\u00e1ban, heti h\u00e9t nap friss\u00fclnek. Saj\u00e1t fejleszt\u00e9s\u0171 AGiLE* webes fel\u00fclet\u00fcnk\u00f6n a m\u0171sorszolg\u00e1ltat\u00f3k azonnal l\u00e1thatj\u00e1k t\u00e9v\u00e9csatorn\u00e1ik legfrissebb m\u0171sork\u00edn\u00e1lat\u00e1t, felvezethetik a s\u00fcrg\u0151s v\u00e1ltoztat\u00e1sokat, \u00e9s \u00faj adatokat k\u00fcldhetnek t\u00f6bb t\u00e9v\u00e9s platformra egyetlen kattint\u00e1ssal. Mindezt tableten \u00e9s okostelefonon is megtehetik az egyed\u00fcl\u00e1ll\u00f3 Global Listings applik\u00e1ci\u00f3val [&hellip;]<\/p>\n","protected":false},"author":1,"featured_media":0,"parent":0,"menu_order":29,"comment_status":"closed","ping_status":"closed","template":"page-247updates.php","meta":{"_acf_changed":false,"cybocfi_hide_featured_image":"","footnotes":""},"class_list":["post-10113","page","type-page","status-publish","hentry"],"acf":[],"aioseo_notices":[],"yoast_head":"<!-- This site is optimized with the Yoast SEO plugin v27.4 - https:\/\/yoast.com\/product\/yoast-seo-wordpress\/ -->\n<title>Friss\u00edtett EPG-k 0-24-ben - Global Listings<\/title>\n<meta name=\"robots\" content=\"index, follow, max-snippet:-1, max-image-preview:large, max-video-preview:-1\" \/>\n<link rel=\"canonical\" href=\"https:\/\/www.globallistings.info\/hu\/frissitett-epg-k-0-24-ben\/\" \/>\n<meta property=\"og:locale\" content=\"hu_HU\" \/>\n<meta property=\"og:type\" content=\"article\" \/>\n<meta property=\"og:title\" content=\"Friss\u00edtett EPG-k 0-24-ben - Global Listings\" \/>\n<meta property=\"og:description\" content=\"FRISS\u00cdTETT EPG-K 0-24-BEN A Global Listings EPG szolg\u00e1ltat\u00e1s\u00e1nak k\u00f6sz\u00f6nhet\u0151en az elektronikus m\u0171sor\u00fajs\u00e1gok napi 24 \u00f3r\u00e1ban, heti h\u00e9t nap friss\u00fclnek. Saj\u00e1t fejleszt\u00e9s\u0171 AGiLE* webes fel\u00fclet\u00fcnk\u00f6n a m\u0171sorszolg\u00e1ltat\u00f3k azonnal l\u00e1thatj\u00e1k t\u00e9v\u00e9csatorn\u00e1ik legfrissebb m\u0171sork\u00edn\u00e1lat\u00e1t, felvezethetik a s\u00fcrg\u0151s v\u00e1ltoztat\u00e1sokat, \u00e9s \u00faj adatokat k\u00fcldhetnek t\u00f6bb t\u00e9v\u00e9s platformra egyetlen kattint\u00e1ssal. Mindezt tableten \u00e9s okostelefonon is megtehetik az egyed\u00fcl\u00e1ll\u00f3 Global Listings applik\u00e1ci\u00f3val [&hellip;]\" \/>\n<meta property=\"og:url\" content=\"https:\/\/www.globallistings.info\/hu\/frissitett-epg-k-0-24-ben\/\" \/>\n<meta property=\"og:site_name\" content=\"Global Listings\" \/>\n<meta property=\"article:modified_time\" content=\"2018-01-19T18:02:10+00:00\" \/>\n<meta property=\"og:image\" content=\"http:\/\/globallistings.info\/app\/uploads\/2017\/01\/274-copy.png\" \/>\n<meta name=\"twitter:card\" content=\"summary_large_image\" \/>\n<meta name=\"twitter:label1\" content=\"Becs\u00fclt olvas\u00e1si id\u0151\" \/>\n\t<meta name=\"twitter:data1\" content=\"1 minute\" \/>\n<script type=\"application\/ld+json\" class=\"yoast-schema-graph\">{\"@context\":\"https:\\\/\\\/schema.org\",\"@graph\":[{\"@type\":\"WebPage\",\"@id\":\"https:\\\/\\\/www.globallistings.info\\\/hu\\\/frissitett-epg-k-0-24-ben\\\/\",\"url\":\"https:\\\/\\\/www.globallistings.info\\\/hu\\\/frissitett-epg-k-0-24-ben\\\/\",\"name\":\"Friss\u00edtett EPG-k 0-24-ben - Global Listings\",\"isPartOf\":{\"@id\":\"https:\\\/\\\/www.globallistings.info\\\/ar\\\/#website\"},\"primaryImageOfPage\":{\"@id\":\"https:\\\/\\\/www.globallistings.info\\\/hu\\\/frissitett-epg-k-0-24-ben\\\/#primaryimage\"},\"image\":{\"@id\":\"https:\\\/\\\/www.globallistings.info\\\/hu\\\/frissitett-epg-k-0-24-ben\\\/#primaryimage\"},\"thumbnailUrl\":\"http:\\\/\\\/globallistings.info\\\/app\\\/uploads\\\/2017\\\/01\\\/274-copy.png\",\"datePublished\":\"2017-03-13T08:44:20+00:00\",\"dateModified\":\"2018-01-19T18:02:10+00:00\",\"breadcrumb\":{\"@id\":\"https:\\\/\\\/www.globallistings.info\\\/hu\\\/frissitett-epg-k-0-24-ben\\\/#breadcrumb\"},\"inLanguage\":\"hu-HU\",\"potentialAction\":[{\"@type\":\"ReadAction\",\"target\":[\"https:\\\/\\\/www.globallistings.info\\\/hu\\\/frissitett-epg-k-0-24-ben\\\/\"]}]},{\"@type\":\"ImageObject\",\"inLanguage\":\"hu-HU\",\"@id\":\"https:\\\/\\\/www.globallistings.info\\\/hu\\\/frissitett-epg-k-0-24-ben\\\/#primaryimage\",\"url\":\"http:\\\/\\\/globallistings.info\\\/app\\\/uploads\\\/2017\\\/01\\\/274-copy.png\",\"contentUrl\":\"http:\\\/\\\/globallistings.info\\\/app\\\/uploads\\\/2017\\\/01\\\/274-copy.png\"},{\"@type\":\"BreadcrumbList\",\"@id\":\"https:\\\/\\\/www.globallistings.info\\\/hu\\\/frissitett-epg-k-0-24-ben\\\/#breadcrumb\",\"itemListElement\":[{\"@type\":\"ListItem\",\"position\":1,\"name\":\"Home\",\"item\":\"https:\\\/\\\/www.globallistings.info\\\/hu\\\/\"},{\"@type\":\"ListItem\",\"position\":2,\"name\":\"Friss\u00edtett EPG-k 0-24-ben\"}]},{\"@type\":\"WebSite\",\"@id\":\"https:\\\/\\\/www.globallistings.info\\\/ar\\\/#website\",\"url\":\"https:\\\/\\\/www.globallistings.info\\\/ar\\\/\",\"name\":\"Global Listings\",\"description\":\"\",\"potentialAction\":[{\"@type\":\"SearchAction\",\"target\":{\"@type\":\"EntryPoint\",\"urlTemplate\":\"https:\\\/\\\/www.globallistings.info\\\/ar\\\/?s={search_term_string}\"},\"query-input\":{\"@type\":\"PropertyValueSpecification\",\"valueRequired\":true,\"valueName\":\"search_term_string\"}}],\"inLanguage\":\"hu-HU\"}]}<\/script>\n<!-- \/ Yoast SEO plugin. -->","yoast_head_json":{"title":"Friss\u00edtett EPG-k 0-24-ben - Global Listings","robots":{"index":"index","follow":"follow","max-snippet":"max-snippet:-1","max-image-preview":"max-image-preview:large","max-video-preview":"max-video-preview:-1"},"canonical":"https:\/\/www.globallistings.info\/hu\/frissitett-epg-k-0-24-ben\/","og_locale":"hu_HU","og_type":"article","og_title":"Friss\u00edtett EPG-k 0-24-ben - Global Listings","og_description":"FRISS\u00cdTETT EPG-K 0-24-BEN A Global Listings EPG szolg\u00e1ltat\u00e1s\u00e1nak k\u00f6sz\u00f6nhet\u0151en az elektronikus m\u0171sor\u00fajs\u00e1gok napi 24 \u00f3r\u00e1ban, heti h\u00e9t nap friss\u00fclnek. Saj\u00e1t fejleszt\u00e9s\u0171 AGiLE* webes fel\u00fclet\u00fcnk\u00f6n a m\u0171sorszolg\u00e1ltat\u00f3k azonnal l\u00e1thatj\u00e1k t\u00e9v\u00e9csatorn\u00e1ik legfrissebb m\u0171sork\u00edn\u00e1lat\u00e1t, felvezethetik a s\u00fcrg\u0151s v\u00e1ltoztat\u00e1sokat, \u00e9s \u00faj adatokat k\u00fcldhetnek t\u00f6bb t\u00e9v\u00e9s platformra egyetlen kattint\u00e1ssal. Mindezt tableten \u00e9s okostelefonon is megtehetik az egyed\u00fcl\u00e1ll\u00f3 Global Listings applik\u00e1ci\u00f3val [&hellip;]","og_url":"https:\/\/www.globallistings.info\/hu\/frissitett-epg-k-0-24-ben\/","og_site_name":"Global Listings","article_modified_time":"2018-01-19T18:02:10+00:00","og_image":[{"url":"http:\/\/globallistings.info\/app\/uploads\/2017\/01\/274-copy.png","type":"","width":"","height":""}],"twitter_card":"summary_large_image","twitter_misc":{"Becs\u00fclt olvas\u00e1si id\u0151":"1 minute"},"schema":{"@context":"https:\/\/schema.org","@graph":[{"@type":"WebPage","@id":"https:\/\/www.globallistings.info\/hu\/frissitett-epg-k-0-24-ben\/","url":"https:\/\/www.globallistings.info\/hu\/frissitett-epg-k-0-24-ben\/","name":"Friss\u00edtett EPG-k 0-24-ben - Global Listings","isPartOf":{"@id":"https:\/\/www.globallistings.info\/ar\/#website"},"primaryImageOfPage":{"@id":"https:\/\/www.globallistings.info\/hu\/frissitett-epg-k-0-24-ben\/#primaryimage"},"image":{"@id":"https:\/\/www.globallistings.info\/hu\/frissitett-epg-k-0-24-ben\/#primaryimage"},"thumbnailUrl":"http:\/\/globallistings.info\/app\/uploads\/2017\/01\/274-copy.png","datePublished":"2017-03-13T08:44:20+00:00","dateModified":"2018-01-19T18:02:10+00:00","breadcrumb":{"@id":"https:\/\/www.globallistings.info\/hu\/frissitett-epg-k-0-24-ben\/#breadcrumb"},"inLanguage":"hu-HU","potentialAction":[{"@type":"ReadAction","target":["https:\/\/www.globallistings.info\/hu\/frissitett-epg-k-0-24-ben\/"]}]},{"@type":"ImageObject","inLanguage":"hu-HU","@id":"https:\/\/www.globallistings.info\/hu\/frissitett-epg-k-0-24-ben\/#primaryimage","url":"http:\/\/globallistings.info\/app\/uploads\/2017\/01\/274-copy.png","contentUrl":"http:\/\/globallistings.info\/app\/uploads\/2017\/01\/274-copy.png"},{"@type":"BreadcrumbList","@id":"https:\/\/www.globallistings.info\/hu\/frissitett-epg-k-0-24-ben\/#breadcrumb","itemListElement":[{"@type":"ListItem","position":1,"name":"Home","item":"https:\/\/www.globallistings.info\/hu\/"},{"@type":"ListItem","position":2,"name":"Friss\u00edtett EPG-k 0-24-ben"}]},{"@type":"WebSite","@id":"https:\/\/www.globallistings.info\/ar\/#website","url":"https:\/\/www.globallistings.info\/ar\/","name":"Global Listings","description":"","potentialAction":[{"@type":"SearchAction","target":{"@type":"EntryPoint","urlTemplate":"https:\/\/www.globallistings.info\/ar\/?s={search_term_string}"},"query-input":{"@type":"PropertyValueSpecification","valueRequired":true,"valueName":"search_term_string"}}],"inLanguage":"hu-HU"}]}},"_links":{"self":[{"href":"https:\/\/www.globallistings.info\/hu\/wp-json\/wp\/v2\/pages\/10113","targetHints":{"allow":["GET"]}}],"collection":[{"href":"https:\/\/www.globallistings.info\/hu\/wp-json\/wp\/v2\/pages"}],"about":[{"href":"https:\/\/www.globallistings.info\/hu\/wp-json\/wp\/v2\/types\/page"}],"author":[{"embeddable":true,"href":"https:\/\/www.globallistings.info\/hu\/wp-json\/wp\/v2\/users\/1"}],"replies":[{"embeddable":true,"href":"https:\/\/www.globallistings.info\/hu\/wp-json\/wp\/v2\/comments?post=10113"}],"version-history":[{"count":0,"href":"https:\/\/www.globallistings.info\/hu\/wp-json\/wp\/v2\/pages\/10113\/revisions"}],"wp:attachment":[{"href":"https:\/\/www.globallistings.info\/hu\/wp-json\/wp\/v2\/media?parent=10113"}],"curies":[{"name":"wp","href":"https:\/\/api.w.org\/{rel}","templated":true}]}}