{"id":10222,"date":"2017-03-13T11:19:21","date_gmt":"2017-03-13T11:19:21","guid":{"rendered":"http:\/\/www.globallistings.info\/hu\/mediafigyeles\/"},"modified":"2018-01-22T09:33:55","modified_gmt":"2018-01-22T09:33:55","slug":"mediafigyeles","status":"publish","type":"page","link":"https:\/\/www.globallistings.info\/hu\/mediafigyeles\/","title":{"rendered":"M\u00e9diafigyel\u00e9s"},"content":{"rendered":"<div class=\"col-4\">\n<p><img decoding=\"async\" class=\"img-circle img-responsive\" src=\"http:\/\/www.globallistings.info\/app\/uploads\/2017\/01\/gl.png\" \/><\/p>\n<p class=\"content\">M\u00c9DIAFIGYEL\u00c9S<\/p>\n<\/div>\n<div class=\"col-8\">\n<div class=\"content\">\n<p>Strat\u00e9giai partner\u00fcnkkel t\u00f6bb milli\u00f3 k\u00f6z\u00f6ss\u00e9gi m\u00e9di\u00e1s, online h\u00edr- \u00e9s mainstream h\u00edrfel\u00fcletet figyel\u00fcnk, \u00edgy seg\u00edt\u00fcnk m\u0171sorszolg\u00e1ltat\u00f3 \u00fcgyfeleinknek k\u00f6vetni glob\u00e1lis m\u00e9diajelenl\u00e9t\u00fcket.<\/p>\n<p>Teljes k\u00f6r\u0171 m\u00e9diafigyel\u0151 szolg\u00e1ltat\u00e1sunkkal \u00fcgyfeleink teljes k\u00e9pet kaphatnak glob\u00e1lis, sajt\u00f3hoz vagy marketingtev\u00e9kenys\u00e9ghez kapcsol\u00f3d\u00f3 m\u00e9diamegjelen\u00e9seikr\u0151l a nyomtatott, az online \u00e9s a k\u00f6z\u00f6ss\u00e9gi m\u00e9diafel\u00fcleteken.<\/p>\n<p>Szolg\u00e1ltat\u00e1sunk 400,000 nemzetk\u00f6zi h\u00edrszolg\u00e1ltat\u00f3hoz \u00e9s t\u00f6bb milli\u00f3 k\u00f6z\u00f6ss\u00e9gi m\u00e9di\u00e1s fel\u00fclethez f\u00e9r hozz\u00e1, bele\u00e9rtve a Twittert is.<\/p>\n<p>75 glob\u00e1lisan dolgoz\u00f3 m\u00e9diafigyel\u0151b\u0151l \u00e1ll\u00f3 csapatunk folyamatosan friss\u00edti k\u00f6zponti adatb\u00e1zisunkat, \u00edgy m\u0171sorszolg\u00e1ltat\u00f3 \u00fcgyfeleink biztosra vehetik, hogy mindig a lehet\u0151 legmegb\u00edzhat\u00f3bb adatokat kapj\u00e1k meg.<\/p>\n<p>M\u00e9diafigyel\u0151 jelent\u00e9seket lehet k\u00e9sz\u00edteni fontos m\u0171sorindul\u00e1sokhoz, \u00faj sorozatokhoz, k\u00fcl\u00f6nleges esem\u00e9nyekhez \u00e9s premierekhez. A jelent\u00e9seket az egyedi ig\u00e9nyekhez lehet igaz\u00edtani, r\u00e1kereshet\u00fcnk p\u00e9ld\u00e1ul egy csatorna elind\u00edt\u00e1s\u00e1ra \u00faj ter\u00fcleten, egy tematikus m\u0171sor\u00f6ssze\u00e1ll\u00edt\u00e1sra vagy ak\u00e1r egy bizonyos m\u0171sorvezet\u0151 nev\u00e9re is.<\/p>\n<\/div>\n<\/div>\n","protected":false},"excerpt":{"rendered":"<p>M\u00c9DIAFIGYEL\u00c9S Strat\u00e9giai partner\u00fcnkkel t\u00f6bb milli\u00f3 k\u00f6z\u00f6ss\u00e9gi m\u00e9di\u00e1s, online h\u00edr- \u00e9s mainstream h\u00edrfel\u00fcletet figyel\u00fcnk, \u00edgy seg\u00edt\u00fcnk m\u0171sorszolg\u00e1ltat\u00f3 \u00fcgyfeleinknek k\u00f6vetni glob\u00e1lis m\u00e9diajelenl\u00e9t\u00fcket. Teljes k\u00f6r\u0171 m\u00e9diafigyel\u0151 szolg\u00e1ltat\u00e1sunkkal \u00fcgyfeleink teljes k\u00e9pet kaphatnak glob\u00e1lis, sajt\u00f3hoz vagy marketingtev\u00e9kenys\u00e9ghez kapcsol\u00f3d\u00f3 m\u00e9diamegjelen\u00e9seikr\u0151l a nyomtatott, az online \u00e9s a k\u00f6z\u00f6ss\u00e9gi m\u00e9diafel\u00fcleteken. Szolg\u00e1ltat\u00e1sunk 400,000 nemzetk\u00f6zi h\u00edrszolg\u00e1ltat\u00f3hoz \u00e9s t\u00f6bb milli\u00f3 k\u00f6z\u00f6ss\u00e9gi m\u00e9di\u00e1s fel\u00fclethez f\u00e9r hozz\u00e1, bele\u00e9rtve [&hellip;]<\/p>\n","protected":false},"author":1,"featured_media":0,"parent":0,"menu_order":326,"comment_status":"closed","ping_status":"closed","template":"page-mediamonitoring.php","meta":{"_acf_changed":false,"cybocfi_hide_featured_image":"","footnotes":""},"class_list":["post-10222","page","type-page","status-publish","hentry"],"acf":[],"aioseo_notices":[],"yoast_head":"<!-- This site is optimized with the Yoast SEO plugin v27.5 - https:\/\/yoast.com\/product\/yoast-seo-wordpress\/ -->\n<title>M\u00e9diafigyel\u00e9s - Global Listings<\/title>\n<meta name=\"robots\" content=\"index, follow, max-snippet:-1, max-image-preview:large, max-video-preview:-1\" \/>\n<link rel=\"canonical\" href=\"https:\/\/www.globallistings.info\/hu\/mediafigyeles\/\" \/>\n<meta property=\"og:locale\" content=\"hu_HU\" \/>\n<meta property=\"og:type\" content=\"article\" \/>\n<meta property=\"og:title\" content=\"M\u00e9diafigyel\u00e9s - Global Listings\" \/>\n<meta property=\"og:description\" content=\"M\u00c9DIAFIGYEL\u00c9S Strat\u00e9giai partner\u00fcnkkel t\u00f6bb milli\u00f3 k\u00f6z\u00f6ss\u00e9gi m\u00e9di\u00e1s, online h\u00edr- \u00e9s mainstream h\u00edrfel\u00fcletet figyel\u00fcnk, \u00edgy seg\u00edt\u00fcnk m\u0171sorszolg\u00e1ltat\u00f3 \u00fcgyfeleinknek k\u00f6vetni glob\u00e1lis m\u00e9diajelenl\u00e9t\u00fcket. Teljes k\u00f6r\u0171 m\u00e9diafigyel\u0151 szolg\u00e1ltat\u00e1sunkkal \u00fcgyfeleink teljes k\u00e9pet kaphatnak glob\u00e1lis, sajt\u00f3hoz vagy marketingtev\u00e9kenys\u00e9ghez kapcsol\u00f3d\u00f3 m\u00e9diamegjelen\u00e9seikr\u0151l a nyomtatott, az online \u00e9s a k\u00f6z\u00f6ss\u00e9gi m\u00e9diafel\u00fcleteken. Szolg\u00e1ltat\u00e1sunk 400,000 nemzetk\u00f6zi h\u00edrszolg\u00e1ltat\u00f3hoz \u00e9s t\u00f6bb milli\u00f3 k\u00f6z\u00f6ss\u00e9gi m\u00e9di\u00e1s fel\u00fclethez f\u00e9r hozz\u00e1, bele\u00e9rtve [&hellip;]\" \/>\n<meta property=\"og:url\" content=\"https:\/\/www.globallistings.info\/hu\/mediafigyeles\/\" \/>\n<meta property=\"og:site_name\" content=\"Global Listings\" \/>\n<meta property=\"article:modified_time\" content=\"2018-01-22T09:33:55+00:00\" \/>\n<meta property=\"og:image\" content=\"http:\/\/www.globallistings.info\/app\/uploads\/2017\/01\/gl.png\" \/>\n<meta name=\"twitter:card\" content=\"summary_large_image\" \/>\n<meta name=\"twitter:label1\" content=\"Becs\u00fclt olvas\u00e1si id\u0151\" \/>\n\t<meta name=\"twitter:data1\" content=\"1 minute\" \/>\n<script type=\"application\/ld+json\" class=\"yoast-schema-graph\">{\"@context\":\"https:\\\/\\\/schema.org\",\"@graph\":[{\"@type\":\"WebPage\",\"@id\":\"https:\\\/\\\/www.globallistings.info\\\/hu\\\/mediafigyeles\\\/\",\"url\":\"https:\\\/\\\/www.globallistings.info\\\/hu\\\/mediafigyeles\\\/\",\"name\":\"M\u00e9diafigyel\u00e9s - Global Listings\",\"isPartOf\":{\"@id\":\"https:\\\/\\\/www.globallistings.info\\\/ar\\\/#website\"},\"primaryImageOfPage\":{\"@id\":\"https:\\\/\\\/www.globallistings.info\\\/hu\\\/mediafigyeles\\\/#primaryimage\"},\"image\":{\"@id\":\"https:\\\/\\\/www.globallistings.info\\\/hu\\\/mediafigyeles\\\/#primaryimage\"},\"thumbnailUrl\":\"http:\\\/\\\/www.globallistings.info\\\/app\\\/uploads\\\/2017\\\/01\\\/gl.png\",\"datePublished\":\"2017-03-13T11:19:21+00:00\",\"dateModified\":\"2018-01-22T09:33:55+00:00\",\"breadcrumb\":{\"@id\":\"https:\\\/\\\/www.globallistings.info\\\/hu\\\/mediafigyeles\\\/#breadcrumb\"},\"inLanguage\":\"hu-HU\",\"potentialAction\":[{\"@type\":\"ReadAction\",\"target\":[\"https:\\\/\\\/www.globallistings.info\\\/hu\\\/mediafigyeles\\\/\"]}]},{\"@type\":\"ImageObject\",\"inLanguage\":\"hu-HU\",\"@id\":\"https:\\\/\\\/www.globallistings.info\\\/hu\\\/mediafigyeles\\\/#primaryimage\",\"url\":\"http:\\\/\\\/www.globallistings.info\\\/app\\\/uploads\\\/2017\\\/01\\\/gl.png\",\"contentUrl\":\"http:\\\/\\\/www.globallistings.info\\\/app\\\/uploads\\\/2017\\\/01\\\/gl.png\"},{\"@type\":\"BreadcrumbList\",\"@id\":\"https:\\\/\\\/www.globallistings.info\\\/hu\\\/mediafigyeles\\\/#breadcrumb\",\"itemListElement\":[{\"@type\":\"ListItem\",\"position\":1,\"name\":\"Home\",\"item\":\"https:\\\/\\\/www.globallistings.info\\\/hu\\\/\"},{\"@type\":\"ListItem\",\"position\":2,\"name\":\"M\u00e9diafigyel\u00e9s\"}]},{\"@type\":\"WebSite\",\"@id\":\"https:\\\/\\\/www.globallistings.info\\\/ar\\\/#website\",\"url\":\"https:\\\/\\\/www.globallistings.info\\\/ar\\\/\",\"name\":\"Global Listings\",\"description\":\"\",\"potentialAction\":[{\"@type\":\"SearchAction\",\"target\":{\"@type\":\"EntryPoint\",\"urlTemplate\":\"https:\\\/\\\/www.globallistings.info\\\/ar\\\/?s={search_term_string}\"},\"query-input\":{\"@type\":\"PropertyValueSpecification\",\"valueRequired\":true,\"valueName\":\"search_term_string\"}}],\"inLanguage\":\"hu-HU\"}]}<\/script>\n<!-- \/ Yoast SEO plugin. -->","yoast_head_json":{"title":"M\u00e9diafigyel\u00e9s - Global Listings","robots":{"index":"index","follow":"follow","max-snippet":"max-snippet:-1","max-image-preview":"max-image-preview:large","max-video-preview":"max-video-preview:-1"},"canonical":"https:\/\/www.globallistings.info\/hu\/mediafigyeles\/","og_locale":"hu_HU","og_type":"article","og_title":"M\u00e9diafigyel\u00e9s - Global Listings","og_description":"M\u00c9DIAFIGYEL\u00c9S Strat\u00e9giai partner\u00fcnkkel t\u00f6bb milli\u00f3 k\u00f6z\u00f6ss\u00e9gi m\u00e9di\u00e1s, online h\u00edr- \u00e9s mainstream h\u00edrfel\u00fcletet figyel\u00fcnk, \u00edgy seg\u00edt\u00fcnk m\u0171sorszolg\u00e1ltat\u00f3 \u00fcgyfeleinknek k\u00f6vetni glob\u00e1lis m\u00e9diajelenl\u00e9t\u00fcket. Teljes k\u00f6r\u0171 m\u00e9diafigyel\u0151 szolg\u00e1ltat\u00e1sunkkal \u00fcgyfeleink teljes k\u00e9pet kaphatnak glob\u00e1lis, sajt\u00f3hoz vagy marketingtev\u00e9kenys\u00e9ghez kapcsol\u00f3d\u00f3 m\u00e9diamegjelen\u00e9seikr\u0151l a nyomtatott, az online \u00e9s a k\u00f6z\u00f6ss\u00e9gi m\u00e9diafel\u00fcleteken. Szolg\u00e1ltat\u00e1sunk 400,000 nemzetk\u00f6zi h\u00edrszolg\u00e1ltat\u00f3hoz \u00e9s t\u00f6bb milli\u00f3 k\u00f6z\u00f6ss\u00e9gi m\u00e9di\u00e1s fel\u00fclethez f\u00e9r hozz\u00e1, bele\u00e9rtve [&hellip;]","og_url":"https:\/\/www.globallistings.info\/hu\/mediafigyeles\/","og_site_name":"Global Listings","article_modified_time":"2018-01-22T09:33:55+00:00","og_image":[{"url":"http:\/\/www.globallistings.info\/app\/uploads\/2017\/01\/gl.png","type":"","width":"","height":""}],"twitter_card":"summary_large_image","twitter_misc":{"Becs\u00fclt olvas\u00e1si id\u0151":"1 minute"},"schema":{"@context":"https:\/\/schema.org","@graph":[{"@type":"WebPage","@id":"https:\/\/www.globallistings.info\/hu\/mediafigyeles\/","url":"https:\/\/www.globallistings.info\/hu\/mediafigyeles\/","name":"M\u00e9diafigyel\u00e9s - Global Listings","isPartOf":{"@id":"https:\/\/www.globallistings.info\/ar\/#website"},"primaryImageOfPage":{"@id":"https:\/\/www.globallistings.info\/hu\/mediafigyeles\/#primaryimage"},"image":{"@id":"https:\/\/www.globallistings.info\/hu\/mediafigyeles\/#primaryimage"},"thumbnailUrl":"http:\/\/www.globallistings.info\/app\/uploads\/2017\/01\/gl.png","datePublished":"2017-03-13T11:19:21+00:00","dateModified":"2018-01-22T09:33:55+00:00","breadcrumb":{"@id":"https:\/\/www.globallistings.info\/hu\/mediafigyeles\/#breadcrumb"},"inLanguage":"hu-HU","potentialAction":[{"@type":"ReadAction","target":["https:\/\/www.globallistings.info\/hu\/mediafigyeles\/"]}]},{"@type":"ImageObject","inLanguage":"hu-HU","@id":"https:\/\/www.globallistings.info\/hu\/mediafigyeles\/#primaryimage","url":"http:\/\/www.globallistings.info\/app\/uploads\/2017\/01\/gl.png","contentUrl":"http:\/\/www.globallistings.info\/app\/uploads\/2017\/01\/gl.png"},{"@type":"BreadcrumbList","@id":"https:\/\/www.globallistings.info\/hu\/mediafigyeles\/#breadcrumb","itemListElement":[{"@type":"ListItem","position":1,"name":"Home","item":"https:\/\/www.globallistings.info\/hu\/"},{"@type":"ListItem","position":2,"name":"M\u00e9diafigyel\u00e9s"}]},{"@type":"WebSite","@id":"https:\/\/www.globallistings.info\/ar\/#website","url":"https:\/\/www.globallistings.info\/ar\/","name":"Global Listings","description":"","potentialAction":[{"@type":"SearchAction","target":{"@type":"EntryPoint","urlTemplate":"https:\/\/www.globallistings.info\/ar\/?s={search_term_string}"},"query-input":{"@type":"PropertyValueSpecification","valueRequired":true,"valueName":"search_term_string"}}],"inLanguage":"hu-HU"}]}},"_links":{"self":[{"href":"https:\/\/www.globallistings.info\/hu\/wp-json\/wp\/v2\/pages\/10222","targetHints":{"allow":["GET"]}}],"collection":[{"href":"https:\/\/www.globallistings.info\/hu\/wp-json\/wp\/v2\/pages"}],"about":[{"href":"https:\/\/www.globallistings.info\/hu\/wp-json\/wp\/v2\/types\/page"}],"author":[{"embeddable":true,"href":"https:\/\/www.globallistings.info\/hu\/wp-json\/wp\/v2\/users\/1"}],"replies":[{"embeddable":true,"href":"https:\/\/www.globallistings.info\/hu\/wp-json\/wp\/v2\/comments?post=10222"}],"version-history":[{"count":0,"href":"https:\/\/www.globallistings.info\/hu\/wp-json\/wp\/v2\/pages\/10222\/revisions"}],"wp:attachment":[{"href":"https:\/\/www.globallistings.info\/hu\/wp-json\/wp\/v2\/media?parent=10222"}],"curies":[{"name":"wp","href":"https:\/\/api.w.org\/{rel}","templated":true}]}}