{"id":9814,"date":"2017-03-12T14:13:41","date_gmt":"2017-03-12T14:13:41","guid":{"rendered":"http:\/\/www.globallistings.info\/hu\/epg-k\/"},"modified":"2018-01-19T17:58:24","modified_gmt":"2018-01-19T17:58:24","slug":"epg-k","status":"publish","type":"page","link":"https:\/\/www.globallistings.info\/hu\/epg-k\/","title":{"rendered":"EPG-k"},"content":{"rendered":"<div class=\"col-4\">\n<p><img decoding=\"async\" class=\"img-circle img-responsive\" src=\"http:\/\/globallistings.info\/app\/uploads\/2017\/01\/epgscircbig.png\" alt=\"content_photo\" \/><\/p>\n<p class=\"content\">Elektronikus m\u0171sor\u00fajs\u00e1gok &#8211; EPG-k<\/p>\n<\/div>\n<div class=\"col-8\">\n<div class=\"content\">\n<p>A Global Listings vil\u00e1gszerte t\u00f6bb mint 100 t\u00e9v\u00e9s platformon dolgozik. Sz\u00e1mos nyelven biztos\u00edtjuk a legfrissebb elektronikus m\u0171sor\u00fajs\u00e1g-adatokat mind line\u00e1ris, mind nem-line\u00e1ris szolg\u00e1ltat\u00e1sok sz\u00e1m\u00e1ra.<\/p>\n<p>Dolgozunk el\u0151fizet\u00e9ses \u00e9s ingyenes szolg\u00e1ltat\u00e1sokkal, IPTV \u00e9s OTT oper\u00e1torokkal, \u00edgy folyamatosan tartjuk a l\u00e9p\u00e9st a legfejlettebb technol\u00f3giai \u00faj\u00edt\u00e1sokkal. Mi vagyunk a szak\u00e9rt\u0151k, ha elektronikos m\u0171sor\u00fajs\u00e1gok f\u00e1jljainak szolg\u00e1ltat\u00e1s\u00e1r\u00f3l van sz\u00f3.<\/p>\n<p>Biztos\u00edtjuk a metaadatok megfelel\u0151 kiemel\u00e9s\u00e9t, bele\u00e9rtve az olyan plusz funkci\u00f3kat is, mint az akad\u00e1lymentes\u00edt\u00e9s, az el\u0151re programozott felv\u00e9tel (series linking), a sz\u00fcl\u0151i fel\u00fcgyelet, a side-loading \u00e9s a tartalomk\u00f3dol\u00e1s.<\/p>\n<p>Profi EPG szerkeszt\u0151kb\u0151l \u00e1ll\u00f3 csapatunk mindig a sz\u00fcks\u00e9ges szerkeszt\u00e9si, nyelvi \u00e9s karaktersz\u00e1mbeli elv\u00e1r\u00e1sok szerint \u00edrja \u00e9s szerkeszti meg a tartalmat.<\/p>\n<p>Ezek az elv\u00e1r\u00e1sok platformonk\u00e9nt nagy elt\u00e9r\u00e9st mutathatnak.<\/p>\n<p>Cs\u00facsmodern rendszereinkben t\u00f6bb szinten (m\u0171sor, \u00e9vad \u00e9s epiz\u00f3d szerint) t\u00e1rolunk m\u0171sorokhoz kapcsol\u00f3d\u00f3 k\u00e9panyagot, melyeket azt\u00e1n export\u00e1lhatunk a t\u00e9v\u00e9s platformokra (\u00e9s ig\u00e9ny szerint az \u00fcgyfelek honlapj\u00e1ra vagy harmadik f\u00e9l sz\u00e1m\u00e1ra).<\/p>\n<p><a href=\"http:\/\/www.globalepgs.info\/hu\/\" target=\"_blank\" rel=\"noopener\">Tov\u00e1bbi inform\u00e1ci\u00f3\u00e9rt keresse fel testv\u00e9roldalunkat, a Global EPGs-t!<\/a><\/p>\n<\/div>\n<\/div>\n","protected":false},"excerpt":{"rendered":"<p>Elektronikus m\u0171sor\u00fajs\u00e1gok &#8211; EPG-k A Global Listings vil\u00e1gszerte t\u00f6bb mint 100 t\u00e9v\u00e9s platformon dolgozik. Sz\u00e1mos nyelven biztos\u00edtjuk a legfrissebb elektronikus m\u0171sor\u00fajs\u00e1g-adatokat mind line\u00e1ris, mind nem-line\u00e1ris szolg\u00e1ltat\u00e1sok sz\u00e1m\u00e1ra. Dolgozunk el\u0151fizet\u00e9ses \u00e9s ingyenes szolg\u00e1ltat\u00e1sokkal, IPTV \u00e9s OTT oper\u00e1torokkal, \u00edgy folyamatosan tartjuk a l\u00e9p\u00e9st a legfejlettebb technol\u00f3giai \u00faj\u00edt\u00e1sokkal. Mi vagyunk a szak\u00e9rt\u0151k, ha elektronikos m\u0171sor\u00fajs\u00e1gok f\u00e1jljainak szolg\u00e1ltat\u00e1s\u00e1r\u00f3l van [&hellip;]<\/p>\n","protected":false},"author":1,"featured_media":0,"parent":0,"menu_order":198,"comment_status":"closed","ping_status":"closed","template":"page-epgs.php","meta":{"_acf_changed":false,"cybocfi_hide_featured_image":"","footnotes":""},"class_list":["post-9814","page","type-page","status-publish","hentry"],"acf":[],"aioseo_notices":[],"yoast_head":"<!-- This site is optimized with the Yoast SEO plugin v27.3 - https:\/\/yoast.com\/product\/yoast-seo-wordpress\/ -->\n<title>EPG-k - Global Listings<\/title>\n<meta name=\"robots\" content=\"index, follow, max-snippet:-1, max-image-preview:large, max-video-preview:-1\" \/>\n<link rel=\"canonical\" href=\"https:\/\/www.globallistings.info\/hu\/epg-k\/\" \/>\n<meta property=\"og:locale\" content=\"hu_HU\" \/>\n<meta property=\"og:type\" content=\"article\" \/>\n<meta property=\"og:title\" content=\"EPG-k - Global Listings\" \/>\n<meta property=\"og:description\" content=\"Elektronikus m\u0171sor\u00fajs\u00e1gok &#8211; EPG-k A Global Listings vil\u00e1gszerte t\u00f6bb mint 100 t\u00e9v\u00e9s platformon dolgozik. Sz\u00e1mos nyelven biztos\u00edtjuk a legfrissebb elektronikus m\u0171sor\u00fajs\u00e1g-adatokat mind line\u00e1ris, mind nem-line\u00e1ris szolg\u00e1ltat\u00e1sok sz\u00e1m\u00e1ra. Dolgozunk el\u0151fizet\u00e9ses \u00e9s ingyenes szolg\u00e1ltat\u00e1sokkal, IPTV \u00e9s OTT oper\u00e1torokkal, \u00edgy folyamatosan tartjuk a l\u00e9p\u00e9st a legfejlettebb technol\u00f3giai \u00faj\u00edt\u00e1sokkal. Mi vagyunk a szak\u00e9rt\u0151k, ha elektronikos m\u0171sor\u00fajs\u00e1gok f\u00e1jljainak szolg\u00e1ltat\u00e1s\u00e1r\u00f3l van [&hellip;]\" \/>\n<meta property=\"og:url\" content=\"https:\/\/www.globallistings.info\/hu\/epg-k\/\" \/>\n<meta property=\"og:site_name\" content=\"Global Listings\" \/>\n<meta property=\"article:modified_time\" content=\"2018-01-19T17:58:24+00:00\" \/>\n<meta property=\"og:image\" content=\"http:\/\/globallistings.info\/app\/uploads\/2017\/01\/epgscircbig.png\" \/>\n<meta name=\"twitter:card\" content=\"summary_large_image\" \/>\n<meta name=\"twitter:label1\" content=\"Becs\u00fclt olvas\u00e1si id\u0151\" \/>\n\t<meta name=\"twitter:data1\" content=\"1 minute\" \/>\n<script type=\"application\/ld+json\" class=\"yoast-schema-graph\">{\"@context\":\"https:\\\/\\\/schema.org\",\"@graph\":[{\"@type\":\"WebPage\",\"@id\":\"https:\\\/\\\/www.globallistings.info\\\/hu\\\/epg-k\\\/\",\"url\":\"https:\\\/\\\/www.globallistings.info\\\/hu\\\/epg-k\\\/\",\"name\":\"EPG-k - Global Listings\",\"isPartOf\":{\"@id\":\"https:\\\/\\\/www.globallistings.info\\\/ar\\\/#website\"},\"primaryImageOfPage\":{\"@id\":\"https:\\\/\\\/www.globallistings.info\\\/hu\\\/epg-k\\\/#primaryimage\"},\"image\":{\"@id\":\"https:\\\/\\\/www.globallistings.info\\\/hu\\\/epg-k\\\/#primaryimage\"},\"thumbnailUrl\":\"http:\\\/\\\/globallistings.info\\\/app\\\/uploads\\\/2017\\\/01\\\/epgscircbig.png\",\"datePublished\":\"2017-03-12T14:13:41+00:00\",\"dateModified\":\"2018-01-19T17:58:24+00:00\",\"breadcrumb\":{\"@id\":\"https:\\\/\\\/www.globallistings.info\\\/hu\\\/epg-k\\\/#breadcrumb\"},\"inLanguage\":\"hu-HU\",\"potentialAction\":[{\"@type\":\"ReadAction\",\"target\":[\"https:\\\/\\\/www.globallistings.info\\\/hu\\\/epg-k\\\/\"]}]},{\"@type\":\"ImageObject\",\"inLanguage\":\"hu-HU\",\"@id\":\"https:\\\/\\\/www.globallistings.info\\\/hu\\\/epg-k\\\/#primaryimage\",\"url\":\"http:\\\/\\\/globallistings.info\\\/app\\\/uploads\\\/2017\\\/01\\\/epgscircbig.png\",\"contentUrl\":\"http:\\\/\\\/globallistings.info\\\/app\\\/uploads\\\/2017\\\/01\\\/epgscircbig.png\"},{\"@type\":\"BreadcrumbList\",\"@id\":\"https:\\\/\\\/www.globallistings.info\\\/hu\\\/epg-k\\\/#breadcrumb\",\"itemListElement\":[{\"@type\":\"ListItem\",\"position\":1,\"name\":\"Home\",\"item\":\"https:\\\/\\\/www.globallistings.info\\\/hu\\\/\"},{\"@type\":\"ListItem\",\"position\":2,\"name\":\"EPG-k\"}]},{\"@type\":\"WebSite\",\"@id\":\"https:\\\/\\\/www.globallistings.info\\\/ar\\\/#website\",\"url\":\"https:\\\/\\\/www.globallistings.info\\\/ar\\\/\",\"name\":\"Global Listings\",\"description\":\"\",\"potentialAction\":[{\"@type\":\"SearchAction\",\"target\":{\"@type\":\"EntryPoint\",\"urlTemplate\":\"https:\\\/\\\/www.globallistings.info\\\/ar\\\/?s={search_term_string}\"},\"query-input\":{\"@type\":\"PropertyValueSpecification\",\"valueRequired\":true,\"valueName\":\"search_term_string\"}}],\"inLanguage\":\"hu-HU\"}]}<\/script>\n<!-- \/ Yoast SEO plugin. -->","yoast_head_json":{"title":"EPG-k - Global Listings","robots":{"index":"index","follow":"follow","max-snippet":"max-snippet:-1","max-image-preview":"max-image-preview:large","max-video-preview":"max-video-preview:-1"},"canonical":"https:\/\/www.globallistings.info\/hu\/epg-k\/","og_locale":"hu_HU","og_type":"article","og_title":"EPG-k - Global Listings","og_description":"Elektronikus m\u0171sor\u00fajs\u00e1gok &#8211; EPG-k A Global Listings vil\u00e1gszerte t\u00f6bb mint 100 t\u00e9v\u00e9s platformon dolgozik. Sz\u00e1mos nyelven biztos\u00edtjuk a legfrissebb elektronikus m\u0171sor\u00fajs\u00e1g-adatokat mind line\u00e1ris, mind nem-line\u00e1ris szolg\u00e1ltat\u00e1sok sz\u00e1m\u00e1ra. Dolgozunk el\u0151fizet\u00e9ses \u00e9s ingyenes szolg\u00e1ltat\u00e1sokkal, IPTV \u00e9s OTT oper\u00e1torokkal, \u00edgy folyamatosan tartjuk a l\u00e9p\u00e9st a legfejlettebb technol\u00f3giai \u00faj\u00edt\u00e1sokkal. Mi vagyunk a szak\u00e9rt\u0151k, ha elektronikos m\u0171sor\u00fajs\u00e1gok f\u00e1jljainak szolg\u00e1ltat\u00e1s\u00e1r\u00f3l van [&hellip;]","og_url":"https:\/\/www.globallistings.info\/hu\/epg-k\/","og_site_name":"Global Listings","article_modified_time":"2018-01-19T17:58:24+00:00","og_image":[{"url":"http:\/\/globallistings.info\/app\/uploads\/2017\/01\/epgscircbig.png","type":"","width":"","height":""}],"twitter_card":"summary_large_image","twitter_misc":{"Becs\u00fclt olvas\u00e1si id\u0151":"1 minute"},"schema":{"@context":"https:\/\/schema.org","@graph":[{"@type":"WebPage","@id":"https:\/\/www.globallistings.info\/hu\/epg-k\/","url":"https:\/\/www.globallistings.info\/hu\/epg-k\/","name":"EPG-k - Global Listings","isPartOf":{"@id":"https:\/\/www.globallistings.info\/ar\/#website"},"primaryImageOfPage":{"@id":"https:\/\/www.globallistings.info\/hu\/epg-k\/#primaryimage"},"image":{"@id":"https:\/\/www.globallistings.info\/hu\/epg-k\/#primaryimage"},"thumbnailUrl":"http:\/\/globallistings.info\/app\/uploads\/2017\/01\/epgscircbig.png","datePublished":"2017-03-12T14:13:41+00:00","dateModified":"2018-01-19T17:58:24+00:00","breadcrumb":{"@id":"https:\/\/www.globallistings.info\/hu\/epg-k\/#breadcrumb"},"inLanguage":"hu-HU","potentialAction":[{"@type":"ReadAction","target":["https:\/\/www.globallistings.info\/hu\/epg-k\/"]}]},{"@type":"ImageObject","inLanguage":"hu-HU","@id":"https:\/\/www.globallistings.info\/hu\/epg-k\/#primaryimage","url":"http:\/\/globallistings.info\/app\/uploads\/2017\/01\/epgscircbig.png","contentUrl":"http:\/\/globallistings.info\/app\/uploads\/2017\/01\/epgscircbig.png"},{"@type":"BreadcrumbList","@id":"https:\/\/www.globallistings.info\/hu\/epg-k\/#breadcrumb","itemListElement":[{"@type":"ListItem","position":1,"name":"Home","item":"https:\/\/www.globallistings.info\/hu\/"},{"@type":"ListItem","position":2,"name":"EPG-k"}]},{"@type":"WebSite","@id":"https:\/\/www.globallistings.info\/ar\/#website","url":"https:\/\/www.globallistings.info\/ar\/","name":"Global Listings","description":"","potentialAction":[{"@type":"SearchAction","target":{"@type":"EntryPoint","urlTemplate":"https:\/\/www.globallistings.info\/ar\/?s={search_term_string}"},"query-input":{"@type":"PropertyValueSpecification","valueRequired":true,"valueName":"search_term_string"}}],"inLanguage":"hu-HU"}]}},"_links":{"self":[{"href":"https:\/\/www.globallistings.info\/hu\/wp-json\/wp\/v2\/pages\/9814","targetHints":{"allow":["GET"]}}],"collection":[{"href":"https:\/\/www.globallistings.info\/hu\/wp-json\/wp\/v2\/pages"}],"about":[{"href":"https:\/\/www.globallistings.info\/hu\/wp-json\/wp\/v2\/types\/page"}],"author":[{"embeddable":true,"href":"https:\/\/www.globallistings.info\/hu\/wp-json\/wp\/v2\/users\/1"}],"replies":[{"embeddable":true,"href":"https:\/\/www.globallistings.info\/hu\/wp-json\/wp\/v2\/comments?post=9814"}],"version-history":[{"count":0,"href":"https:\/\/www.globallistings.info\/hu\/wp-json\/wp\/v2\/pages\/9814\/revisions"}],"wp:attachment":[{"href":"https:\/\/www.globallistings.info\/hu\/wp-json\/wp\/v2\/media?parent=9814"}],"curies":[{"name":"wp","href":"https:\/\/api.w.org\/{rel}","templated":true}]}}