{"id":9815,"date":"2017-03-12T14:37:18","date_gmt":"2017-03-12T14:37:18","guid":{"rendered":"http:\/\/www.globallistings.info\/hu\/szolgaltatasok\/"},"modified":"2018-01-18T12:41:52","modified_gmt":"2018-01-18T12:41:52","slug":"szolgaltatasok","status":"publish","type":"page","link":"https:\/\/www.globallistings.info\/hu\/szolgaltatasok\/","title":{"rendered":"Szolg\u00e1ltat\u00e1sok"},"content":{"rendered":"<div class=\"col-4\">\n<p><img decoding=\"async\" class=\"img-circle img-responsive\" src=\"http:\/\/globallistings.info\/app\/uploads\/2016\/12\/services.png\" alt=\"\" \/><\/p>\n<p class=\"content\">Paul Weaver<br \/>\n<mark class=\"sub-content\">\u00dcgyvezet\u0151 igazgat\u00f3<br \/>\n<\/mark><\/p>\n<p class=\"description\">Paul Weaver a Global Listing \u00fcgyvezet\u0151 igazgat\u00f3ja. \u0150 felel a c\u00e9g mindennapi m\u0171k\u00f6d\u00e9s\u00e9\u00e9rt \u00e9s \u0151 fel\u00fcgyeli az \u00faj \u00fczleteket. Komoly tapasztalattal rendelkezik a telev\u00edzi\u00f3s m\u0171sorszerkeszt\u00e9s \u00e9s az elektronikus m\u0171sor\u00fajs\u00e1gok szerkeszt\u00e9s\u00e9ben, mivel csaknem 10 \u00e9vig dolgozott a Sky TV-n\u00e9l \u00e9s a Video Networksn\u00e9l (a mai TalkTalk el\u0151dje). Paul Weaver \u00f6sszesen t\u00f6bb mint h\u00fasz \u00e9v tapasztalattal rendelkezik az ipar\u00e1gban. Paul Weaver hivat\u00e1s\u00e1nak tekinti, hogy els\u0151 oszt\u00e1ly\u00fa szolg\u00e1ltat\u00e1st ny\u00fajtson a Global Listings minden \u00fcgyfel\u00e9nek, emellett c\u00e9lja, hogy a ny\u00fajtott szolg\u00e1ltat\u00e1s mindig megfeleljen, s\u0151t, lehet\u0151leg fel\u00fcl is m\u00falja az \u00fcgyfelek elv\u00e1r\u00e1sait.<\/p>\n<\/div>\n<div class=\"col-8\">\n<div class=\"content\">\n<p>A legfrissebb line\u00e1ris \u00e9s nem-line\u00e1ris (on-demand vide\u00f3tartalmak) <strong>EPG adatokat <\/strong>szolg\u00e1ltatjuk k\u00f6zvetlen\u00fcl a telev\u00edzi\u00f3s platformokra \u00e9s OTT szolg\u00e1ltat\u00e1sokra.<\/p>\n<p>Pontos angol nyelv\u0171 \u00e9s lokaliz\u00e1lt <strong>telev\u00edzi\u00f3s programterveket <\/strong>\u00e9s sz\u00f3rakoztat\u00f3 <strong>m\u0171sor\u00f6sszefoglal\u00f3kat <\/strong>k\u00e9sz\u00edt\u00fcnk \u00e9s terjeszt\u00fcnk t\u00e9v\u00e9csatorn\u00e1k sz\u00e1m\u00e1ra<\/p>\n<p><strong>Leford\u00edtjuk\u00a0<\/strong>a m\u0171sorc\u00edmeket, le\u00edr\u00e1sokat \u00e9s egy\u00e9b metaadatokat a vil\u00e1g b\u00e1rmely nyelv\u00e9r\u0151l a vil\u00e1g b\u00e1rmely nyelv\u00e9re, 17 000 f\u0151s, tapasztalt \u00e9s k\u00e9pzett ford\u00edt\u00f3kb\u00f3l \u00e1ll\u00f3 glob\u00e1lis h\u00e1l\u00f3zatunk seg\u00edts\u00e9g\u00e9vel, akik t\u00f6k\u00e9letesen \u00e9rtik, hogyan kell az anyagot az egyes piacok ig\u00e9nyei szerint lokaliz\u00e1lni.<\/p>\n<p>Dolgozunk \u00fcgyfeleink <strong>k\u00f6z\u00f6ss\u00e9gi m\u00e9di\u00e1s fel\u00fcletein, <\/strong>hogy integr\u00e1ljuk t\u00e9v\u00e9m\u0171soraik metaadatait az online kommunik\u00e1ci\u00f3jukba a Twittert\u0151l kezdve a Facebookon \u00e1t az Instagramig \u00e9s a Snapchatig.<\/p>\n<p><strong>Tartalmat alkotunk<\/strong> \u2013 \u00fajs\u00e1g\u00edr\u00f3kb\u00f3l \u00e9s szerkeszt\u0151kb\u0151l \u00e1ll\u00f3 p\u00f6rg\u0151s csapatunknak k\u00f6sz\u00f6nhet\u0151en sosem fogyunk ki a sz\u00f3b\u00f3l &#8211; ez a specialit\u00e1sunk!<\/p>\n<p><strong>Szolg\u00e1ltatunk: <\/strong>programterveket, tartalom\u00f6sszefoglal\u00f3kat, elektronikus program\u00fajs\u00e1gokat (EPG-ket), on-demand (VOD) adatokat \u00e9s egy\u00e9b anyagokat a legmodernebb disztrib\u00faci\u00f3s rendszerrel, amely mag\u00e1ba foglalja minden egyes \u00fcgyf\u00e9l r\u00e9sz\u00e9re a c\u00e9lzott, szem\u00e9lyre szabott levelez\u00e9si list\u00e1kat k\u00fcl\u00f6n r\u00e9gi\u00f3nk\u00e9nt \u00e9s nyelvenk\u00e9nt.<\/p>\n<p>Emellett teljesk\u00f6r\u0171 <strong>m\u00e9diafigyel\u0151 szolg\u00e1ltat\u00e1sunkkal <\/strong>fel tudjuk m\u00e9rni \u00fcgyfeleink m\u00e9diamegjelen\u00e9s\u00e9t a nyomtatott, online \u00e9s k\u00f6z\u00f6ss\u00e9gi m\u00e9di\u00e1ban vil\u00e1gszerte.<\/p>\n<\/div>\n<\/div>\n","protected":false},"excerpt":{"rendered":"<p>Paul Weaver \u00dcgyvezet\u0151 igazgat\u00f3 Paul Weaver a Global Listing \u00fcgyvezet\u0151 igazgat\u00f3ja. \u0150 felel a c\u00e9g mindennapi m\u0171k\u00f6d\u00e9s\u00e9\u00e9rt \u00e9s \u0151 fel\u00fcgyeli az \u00faj \u00fczleteket. Komoly tapasztalattal rendelkezik a telev\u00edzi\u00f3s m\u0171sorszerkeszt\u00e9s \u00e9s az elektronikus m\u0171sor\u00fajs\u00e1gok szerkeszt\u00e9s\u00e9ben, mivel csaknem 10 \u00e9vig dolgozott a Sky TV-n\u00e9l \u00e9s a Video Networksn\u00e9l (a mai TalkTalk el\u0151dje). Paul Weaver \u00f6sszesen t\u00f6bb mint [&hellip;]<\/p>\n","protected":false},"author":1,"featured_media":0,"parent":0,"menu_order":411,"comment_status":"closed","ping_status":"closed","template":"page-services.php","meta":{"_acf_changed":false,"cybocfi_hide_featured_image":"","footnotes":""},"class_list":["post-9815","page","type-page","status-publish","hentry"],"acf":[],"aioseo_notices":[],"yoast_head":"<!-- This site is optimized with the Yoast SEO plugin v27.3 - https:\/\/yoast.com\/product\/yoast-seo-wordpress\/ -->\n<title>Szolg\u00e1ltat\u00e1sok - Global Listings<\/title>\n<meta name=\"robots\" content=\"index, follow, max-snippet:-1, max-image-preview:large, max-video-preview:-1\" \/>\n<link rel=\"canonical\" href=\"https:\/\/www.globallistings.info\/hu\/szolgaltatasok\/\" \/>\n<meta property=\"og:locale\" content=\"hu_HU\" \/>\n<meta property=\"og:type\" content=\"article\" \/>\n<meta property=\"og:title\" content=\"Szolg\u00e1ltat\u00e1sok - Global Listings\" \/>\n<meta property=\"og:description\" content=\"Paul Weaver \u00dcgyvezet\u0151 igazgat\u00f3 Paul Weaver a Global Listing \u00fcgyvezet\u0151 igazgat\u00f3ja. \u0150 felel a c\u00e9g mindennapi m\u0171k\u00f6d\u00e9s\u00e9\u00e9rt \u00e9s \u0151 fel\u00fcgyeli az \u00faj \u00fczleteket. Komoly tapasztalattal rendelkezik a telev\u00edzi\u00f3s m\u0171sorszerkeszt\u00e9s \u00e9s az elektronikus m\u0171sor\u00fajs\u00e1gok szerkeszt\u00e9s\u00e9ben, mivel csaknem 10 \u00e9vig dolgozott a Sky TV-n\u00e9l \u00e9s a Video Networksn\u00e9l (a mai TalkTalk el\u0151dje). Paul Weaver \u00f6sszesen t\u00f6bb mint [&hellip;]\" \/>\n<meta property=\"og:url\" content=\"https:\/\/www.globallistings.info\/hu\/szolgaltatasok\/\" \/>\n<meta property=\"og:site_name\" content=\"Global Listings\" \/>\n<meta property=\"article:modified_time\" content=\"2018-01-18T12:41:52+00:00\" \/>\n<meta property=\"og:image\" content=\"http:\/\/globallistings.info\/app\/uploads\/2016\/12\/services.png\" \/>\n<meta name=\"twitter:card\" content=\"summary_large_image\" \/>\n<meta name=\"twitter:label1\" content=\"Becs\u00fclt olvas\u00e1si id\u0151\" \/>\n\t<meta name=\"twitter:data1\" content=\"2 minutes\" \/>\n<script type=\"application\/ld+json\" class=\"yoast-schema-graph\">{\"@context\":\"https:\\\/\\\/schema.org\",\"@graph\":[{\"@type\":\"WebPage\",\"@id\":\"https:\\\/\\\/www.globallistings.info\\\/hu\\\/szolgaltatasok\\\/\",\"url\":\"https:\\\/\\\/www.globallistings.info\\\/hu\\\/szolgaltatasok\\\/\",\"name\":\"Szolg\u00e1ltat\u00e1sok - Global Listings\",\"isPartOf\":{\"@id\":\"https:\\\/\\\/www.globallistings.info\\\/ar\\\/#website\"},\"primaryImageOfPage\":{\"@id\":\"https:\\\/\\\/www.globallistings.info\\\/hu\\\/szolgaltatasok\\\/#primaryimage\"},\"image\":{\"@id\":\"https:\\\/\\\/www.globallistings.info\\\/hu\\\/szolgaltatasok\\\/#primaryimage\"},\"thumbnailUrl\":\"http:\\\/\\\/globallistings.info\\\/app\\\/uploads\\\/2016\\\/12\\\/services.png\",\"datePublished\":\"2017-03-12T14:37:18+00:00\",\"dateModified\":\"2018-01-18T12:41:52+00:00\",\"breadcrumb\":{\"@id\":\"https:\\\/\\\/www.globallistings.info\\\/hu\\\/szolgaltatasok\\\/#breadcrumb\"},\"inLanguage\":\"hu-HU\",\"potentialAction\":[{\"@type\":\"ReadAction\",\"target\":[\"https:\\\/\\\/www.globallistings.info\\\/hu\\\/szolgaltatasok\\\/\"]}]},{\"@type\":\"ImageObject\",\"inLanguage\":\"hu-HU\",\"@id\":\"https:\\\/\\\/www.globallistings.info\\\/hu\\\/szolgaltatasok\\\/#primaryimage\",\"url\":\"http:\\\/\\\/globallistings.info\\\/app\\\/uploads\\\/2016\\\/12\\\/services.png\",\"contentUrl\":\"http:\\\/\\\/globallistings.info\\\/app\\\/uploads\\\/2016\\\/12\\\/services.png\"},{\"@type\":\"BreadcrumbList\",\"@id\":\"https:\\\/\\\/www.globallistings.info\\\/hu\\\/szolgaltatasok\\\/#breadcrumb\",\"itemListElement\":[{\"@type\":\"ListItem\",\"position\":1,\"name\":\"Home\",\"item\":\"https:\\\/\\\/www.globallistings.info\\\/hu\\\/\"},{\"@type\":\"ListItem\",\"position\":2,\"name\":\"Szolg\u00e1ltat\u00e1sok\"}]},{\"@type\":\"WebSite\",\"@id\":\"https:\\\/\\\/www.globallistings.info\\\/ar\\\/#website\",\"url\":\"https:\\\/\\\/www.globallistings.info\\\/ar\\\/\",\"name\":\"Global Listings\",\"description\":\"\",\"potentialAction\":[{\"@type\":\"SearchAction\",\"target\":{\"@type\":\"EntryPoint\",\"urlTemplate\":\"https:\\\/\\\/www.globallistings.info\\\/ar\\\/?s={search_term_string}\"},\"query-input\":{\"@type\":\"PropertyValueSpecification\",\"valueRequired\":true,\"valueName\":\"search_term_string\"}}],\"inLanguage\":\"hu-HU\"}]}<\/script>\n<!-- \/ Yoast SEO plugin. -->","yoast_head_json":{"title":"Szolg\u00e1ltat\u00e1sok - Global Listings","robots":{"index":"index","follow":"follow","max-snippet":"max-snippet:-1","max-image-preview":"max-image-preview:large","max-video-preview":"max-video-preview:-1"},"canonical":"https:\/\/www.globallistings.info\/hu\/szolgaltatasok\/","og_locale":"hu_HU","og_type":"article","og_title":"Szolg\u00e1ltat\u00e1sok - Global Listings","og_description":"Paul Weaver \u00dcgyvezet\u0151 igazgat\u00f3 Paul Weaver a Global Listing \u00fcgyvezet\u0151 igazgat\u00f3ja. \u0150 felel a c\u00e9g mindennapi m\u0171k\u00f6d\u00e9s\u00e9\u00e9rt \u00e9s \u0151 fel\u00fcgyeli az \u00faj \u00fczleteket. Komoly tapasztalattal rendelkezik a telev\u00edzi\u00f3s m\u0171sorszerkeszt\u00e9s \u00e9s az elektronikus m\u0171sor\u00fajs\u00e1gok szerkeszt\u00e9s\u00e9ben, mivel csaknem 10 \u00e9vig dolgozott a Sky TV-n\u00e9l \u00e9s a Video Networksn\u00e9l (a mai TalkTalk el\u0151dje). Paul Weaver \u00f6sszesen t\u00f6bb mint [&hellip;]","og_url":"https:\/\/www.globallistings.info\/hu\/szolgaltatasok\/","og_site_name":"Global Listings","article_modified_time":"2018-01-18T12:41:52+00:00","og_image":[{"url":"http:\/\/globallistings.info\/app\/uploads\/2016\/12\/services.png","type":"","width":"","height":""}],"twitter_card":"summary_large_image","twitter_misc":{"Becs\u00fclt olvas\u00e1si id\u0151":"2 minutes"},"schema":{"@context":"https:\/\/schema.org","@graph":[{"@type":"WebPage","@id":"https:\/\/www.globallistings.info\/hu\/szolgaltatasok\/","url":"https:\/\/www.globallistings.info\/hu\/szolgaltatasok\/","name":"Szolg\u00e1ltat\u00e1sok - Global Listings","isPartOf":{"@id":"https:\/\/www.globallistings.info\/ar\/#website"},"primaryImageOfPage":{"@id":"https:\/\/www.globallistings.info\/hu\/szolgaltatasok\/#primaryimage"},"image":{"@id":"https:\/\/www.globallistings.info\/hu\/szolgaltatasok\/#primaryimage"},"thumbnailUrl":"http:\/\/globallistings.info\/app\/uploads\/2016\/12\/services.png","datePublished":"2017-03-12T14:37:18+00:00","dateModified":"2018-01-18T12:41:52+00:00","breadcrumb":{"@id":"https:\/\/www.globallistings.info\/hu\/szolgaltatasok\/#breadcrumb"},"inLanguage":"hu-HU","potentialAction":[{"@type":"ReadAction","target":["https:\/\/www.globallistings.info\/hu\/szolgaltatasok\/"]}]},{"@type":"ImageObject","inLanguage":"hu-HU","@id":"https:\/\/www.globallistings.info\/hu\/szolgaltatasok\/#primaryimage","url":"http:\/\/globallistings.info\/app\/uploads\/2016\/12\/services.png","contentUrl":"http:\/\/globallistings.info\/app\/uploads\/2016\/12\/services.png"},{"@type":"BreadcrumbList","@id":"https:\/\/www.globallistings.info\/hu\/szolgaltatasok\/#breadcrumb","itemListElement":[{"@type":"ListItem","position":1,"name":"Home","item":"https:\/\/www.globallistings.info\/hu\/"},{"@type":"ListItem","position":2,"name":"Szolg\u00e1ltat\u00e1sok"}]},{"@type":"WebSite","@id":"https:\/\/www.globallistings.info\/ar\/#website","url":"https:\/\/www.globallistings.info\/ar\/","name":"Global Listings","description":"","potentialAction":[{"@type":"SearchAction","target":{"@type":"EntryPoint","urlTemplate":"https:\/\/www.globallistings.info\/ar\/?s={search_term_string}"},"query-input":{"@type":"PropertyValueSpecification","valueRequired":true,"valueName":"search_term_string"}}],"inLanguage":"hu-HU"}]}},"_links":{"self":[{"href":"https:\/\/www.globallistings.info\/hu\/wp-json\/wp\/v2\/pages\/9815","targetHints":{"allow":["GET"]}}],"collection":[{"href":"https:\/\/www.globallistings.info\/hu\/wp-json\/wp\/v2\/pages"}],"about":[{"href":"https:\/\/www.globallistings.info\/hu\/wp-json\/wp\/v2\/types\/page"}],"author":[{"embeddable":true,"href":"https:\/\/www.globallistings.info\/hu\/wp-json\/wp\/v2\/users\/1"}],"replies":[{"embeddable":true,"href":"https:\/\/www.globallistings.info\/hu\/wp-json\/wp\/v2\/comments?post=9815"}],"version-history":[{"count":0,"href":"https:\/\/www.globallistings.info\/hu\/wp-json\/wp\/v2\/pages\/9815\/revisions"}],"wp:attachment":[{"href":"https:\/\/www.globallistings.info\/hu\/wp-json\/wp\/v2\/media?parent=9815"}],"curies":[{"name":"wp","href":"https:\/\/api.w.org\/{rel}","templated":true}]}}