{"id":16798,"date":"2017-03-20T16:31:10","date_gmt":"2017-03-20T16:31:10","guid":{"rendered":"http:\/\/www.globallistings.info\/it\/chi-siamo\/"},"modified":"2017-11-27T15:05:10","modified_gmt":"2017-11-27T15:05:10","slug":"chi-siamo","status":"publish","type":"page","link":"https:\/\/www.globallistings.info\/it\/chi-siamo\/","title":{"rendered":"Chi siamo"},"content":{"rendered":"<div class=\"col-4\">\n<p><img decoding=\"async\" class=\"img-circle img-responsive\" src=\"http:\/\/www.globallistings.info\/app\/uploads\/2017\/01\/T.jpg\" alt=\"\" \/><\/p>\n<p class=\"content\">Thalia Droussioti<br \/>\n<mark class=\"sub-content\">Amministratrice Delegata<\/mark><\/p>\n<p class=\"description\">Thalia Droussioti \u00e8 la fondatrice e l&#8217;amministratrice delegata di Global Listings. Ex giornalista e direttrice specializzata in campo televisivo, Thalia ha sviluppato Global Listings grazie a una profonda conoscenza dell&#8217;industria televisiva maturata in oltre 25 anni di esperienza nel settore. Global Listings \u00e8 pertanto gestita e diretta con passione per l&#8217;eccellenza editoriale e un vero amore per la TV, nonch\u00e9 attraverso un&#8217;approfondita comprensione di ci\u00f2 che l&#8217;industria chiede alle emittenti e ci\u00f2 che esse dovranno trasmettere al pubblico.<br \/>\n<a href=\"https:\/\/www.linkedin.com\/feed\/update\/urn:li:activity:6338337579074748416\"><u>VINCITRICE DELLO STEVIE\u00ae AWARD DEDICATO ALL&#8217;IMPRENDITORIA FEMMINILE\u00a0<\/u><\/a><\/p>\n<p><a href=\"https:\/\/stevieawards.com\/women\"><img loading=\"lazy\" decoding=\"async\" class=\"alignnone size-full wp-image-29156\" src=\"http:\/\/www.globallistings.info\/wp-content\/uploads\/2016\/12\/sawib17_silver_winner-21.jpg\" alt=\"\" width=\"400\" height=\"212\" srcset=\"https:\/\/www.globallistings.info\/wp-content\/uploads\/2016\/12\/sawib17_silver_winner-21.jpg 400w, https:\/\/www.globallistings.info\/wp-content\/uploads\/2016\/12\/sawib17_silver_winner-21-300x159.jpg 300w\" sizes=\"auto, (max-width: 400px) 100vw, 400px\" \/><\/a><\/p>\n<\/div>\n<div class=\"col-8\">\n<div class=\"content\">\n<p>Global Listings \u00e8 l&#8217;indiscusso leader mondiale nella fornitura di soluzioni a 360\u00b0 volte a soddisfare le esigenze editoriali dei canali televisivi<\/p>\n<p>Grazie ai nostri sistemi all&#8217;avanguardia e alle nostre eccellenze editoriali e linguistiche, creiamo, curiamo e forniamo immagini e metadati editoriali in formato ottimale per conto di emittenti sparse in tutto il mondo<\/p>\n<p>Operiamo quotidianamente in 145 Paesi e in 36 lingue, raggiungendo oltre 6,6 miliardi di telespettatori<\/p>\n<p>Offriamo soluzioni su misura lavorando a stretto contatto con i nostri clienti affinch\u00e9 le loro aspettative siano soddisfatte al 100%<\/p>\n<p>Ci riteniamo dei veri e propri pionieri del settore, con un consolidato portfolio di servizi che ci mantiene costantemente un passo avanti rispetto alla concorrenza<\/p>\n<p>Non ci fermiamo mai davanti a nulla pur di superare noi stessi e assicurarci di fornire ai clienti dei prodotti che superano i loro desideri!<\/p>\n<p>Vantiamo numerose squadre di esperti specialisti in campo editoriale, linguistico e tecnico in grado di produrre eccezionali e accurati contenuti personalizzati a seconda delle richieste<\/p>\n<p>Spinti da una vera passione per la TV, ci avvaliamo di una vasta conoscenza relativa a molteplici generi &#8211; nonch\u00e9 di un profondo interesse nei confronti degli stessi &#8211; e collaboriamo di pari passo con le emittenti globali per consegnare loro, sempre nel rispetto dei tempi di lavorazione prestabiliti, materiali customizzati in qualunque lingua<\/p>\n<\/div>\n<\/div>\n","protected":false},"excerpt":{"rendered":"<p>Thalia Droussioti Amministratrice Delegata Thalia Droussioti \u00e8 la fondatrice e l&#8217;amministratrice delegata di Global Listings. Ex giornalista e direttrice specializzata in campo televisivo, Thalia ha sviluppato Global Listings grazie a una profonda conoscenza dell&#8217;industria televisiva maturata in oltre 25 anni di esperienza nel settore. Global Listings \u00e8 pertanto gestita e diretta con passione per l&#8217;eccellenza [&hellip;]<\/p>\n","protected":false},"author":1,"featured_media":0,"parent":0,"menu_order":99,"comment_status":"closed","ping_status":"closed","template":"page-aboutus.php","meta":{"_acf_changed":false,"cybocfi_hide_featured_image":"","footnotes":""},"class_list":["post-16798","page","type-page","status-publish","hentry"],"acf":[],"aioseo_notices":[],"yoast_head":"<!-- This site is optimized with the Yoast SEO plugin v27.2 - https:\/\/yoast.com\/product\/yoast-seo-wordpress\/ -->\n<title>Chi siamo - Global Listings<\/title>\n<meta name=\"robots\" content=\"index, follow, max-snippet:-1, max-image-preview:large, max-video-preview:-1\" \/>\n<link rel=\"canonical\" href=\"https:\/\/www.globallistings.info\/it\/chi-siamo\/\" \/>\n<meta property=\"og:locale\" content=\"it_IT\" \/>\n<meta property=\"og:type\" content=\"article\" \/>\n<meta property=\"og:title\" content=\"Chi siamo - Global Listings\" \/>\n<meta property=\"og:description\" content=\"Thalia Droussioti Amministratrice Delegata Thalia Droussioti \u00e8 la fondatrice e l&#8217;amministratrice delegata di Global Listings. Ex giornalista e direttrice specializzata in campo televisivo, Thalia ha sviluppato Global Listings grazie a una profonda conoscenza dell&#8217;industria televisiva maturata in oltre 25 anni di esperienza nel settore. Global Listings \u00e8 pertanto gestita e diretta con passione per l&#8217;eccellenza [&hellip;]\" \/>\n<meta property=\"og:url\" content=\"https:\/\/www.globallistings.info\/it\/chi-siamo\/\" \/>\n<meta property=\"og:site_name\" content=\"Global Listings\" \/>\n<meta property=\"article:modified_time\" content=\"2017-11-27T15:05:10+00:00\" \/>\n<meta property=\"og:image\" content=\"http:\/\/www.globallistings.info\/app\/uploads\/2017\/01\/T.jpg\" \/>\n<meta name=\"twitter:card\" content=\"summary_large_image\" \/>\n<meta name=\"twitter:label1\" content=\"Est. reading time\" \/>\n\t<meta name=\"twitter:data1\" content=\"1 minute\" \/>\n<script type=\"application\/ld+json\" class=\"yoast-schema-graph\">{\"@context\":\"https:\/\/schema.org\",\"@graph\":[{\"@type\":\"WebPage\",\"@id\":\"https:\/\/www.globallistings.info\/it\/chi-siamo\/\",\"url\":\"https:\/\/www.globallistings.info\/it\/chi-siamo\/\",\"name\":\"Chi siamo - Global Listings\",\"isPartOf\":{\"@id\":\"https:\/\/www.globallistings.info\/ar\/#website\"},\"primaryImageOfPage\":{\"@id\":\"https:\/\/www.globallistings.info\/it\/chi-siamo\/#primaryimage\"},\"image\":{\"@id\":\"https:\/\/www.globallistings.info\/it\/chi-siamo\/#primaryimage\"},\"thumbnailUrl\":\"http:\/\/www.globallistings.info\/app\/uploads\/2017\/01\/T.jpg\",\"datePublished\":\"2017-03-20T16:31:10+00:00\",\"dateModified\":\"2017-11-27T15:05:10+00:00\",\"breadcrumb\":{\"@id\":\"https:\/\/www.globallistings.info\/it\/chi-siamo\/#breadcrumb\"},\"inLanguage\":\"it-IT\",\"potentialAction\":[{\"@type\":\"ReadAction\",\"target\":[\"https:\/\/www.globallistings.info\/it\/chi-siamo\/\"]}]},{\"@type\":\"ImageObject\",\"inLanguage\":\"it-IT\",\"@id\":\"https:\/\/www.globallistings.info\/it\/chi-siamo\/#primaryimage\",\"url\":\"http:\/\/www.globallistings.info\/app\/uploads\/2017\/01\/T.jpg\",\"contentUrl\":\"http:\/\/www.globallistings.info\/app\/uploads\/2017\/01\/T.jpg\"},{\"@type\":\"BreadcrumbList\",\"@id\":\"https:\/\/www.globallistings.info\/it\/chi-siamo\/#breadcrumb\",\"itemListElement\":[{\"@type\":\"ListItem\",\"position\":1,\"name\":\"Home\",\"item\":\"https:\/\/www.globallistings.info\/it\/\"},{\"@type\":\"ListItem\",\"position\":2,\"name\":\"Chi siamo\"}]},{\"@type\":\"WebSite\",\"@id\":\"https:\/\/www.globallistings.info\/ar\/#website\",\"url\":\"https:\/\/www.globallistings.info\/ar\/\",\"name\":\"Global Listings\",\"description\":\"\",\"potentialAction\":[{\"@type\":\"SearchAction\",\"target\":{\"@type\":\"EntryPoint\",\"urlTemplate\":\"https:\/\/www.globallistings.info\/ar\/?s={search_term_string}\"},\"query-input\":{\"@type\":\"PropertyValueSpecification\",\"valueRequired\":true,\"valueName\":\"search_term_string\"}}],\"inLanguage\":\"it-IT\"}]}<\/script>\n<!-- \/ Yoast SEO plugin. -->","yoast_head_json":{"title":"Chi siamo - Global Listings","robots":{"index":"index","follow":"follow","max-snippet":"max-snippet:-1","max-image-preview":"max-image-preview:large","max-video-preview":"max-video-preview:-1"},"canonical":"https:\/\/www.globallistings.info\/it\/chi-siamo\/","og_locale":"it_IT","og_type":"article","og_title":"Chi siamo - Global Listings","og_description":"Thalia Droussioti Amministratrice Delegata Thalia Droussioti \u00e8 la fondatrice e l&#8217;amministratrice delegata di Global Listings. Ex giornalista e direttrice specializzata in campo televisivo, Thalia ha sviluppato Global Listings grazie a una profonda conoscenza dell&#8217;industria televisiva maturata in oltre 25 anni di esperienza nel settore. Global Listings \u00e8 pertanto gestita e diretta con passione per l&#8217;eccellenza [&hellip;]","og_url":"https:\/\/www.globallistings.info\/it\/chi-siamo\/","og_site_name":"Global Listings","article_modified_time":"2017-11-27T15:05:10+00:00","og_image":[{"url":"http:\/\/www.globallistings.info\/app\/uploads\/2017\/01\/T.jpg","type":"","width":"","height":""}],"twitter_card":"summary_large_image","twitter_misc":{"Est. reading time":"1 minute"},"schema":{"@context":"https:\/\/schema.org","@graph":[{"@type":"WebPage","@id":"https:\/\/www.globallistings.info\/it\/chi-siamo\/","url":"https:\/\/www.globallistings.info\/it\/chi-siamo\/","name":"Chi siamo - Global Listings","isPartOf":{"@id":"https:\/\/www.globallistings.info\/ar\/#website"},"primaryImageOfPage":{"@id":"https:\/\/www.globallistings.info\/it\/chi-siamo\/#primaryimage"},"image":{"@id":"https:\/\/www.globallistings.info\/it\/chi-siamo\/#primaryimage"},"thumbnailUrl":"http:\/\/www.globallistings.info\/app\/uploads\/2017\/01\/T.jpg","datePublished":"2017-03-20T16:31:10+00:00","dateModified":"2017-11-27T15:05:10+00:00","breadcrumb":{"@id":"https:\/\/www.globallistings.info\/it\/chi-siamo\/#breadcrumb"},"inLanguage":"it-IT","potentialAction":[{"@type":"ReadAction","target":["https:\/\/www.globallistings.info\/it\/chi-siamo\/"]}]},{"@type":"ImageObject","inLanguage":"it-IT","@id":"https:\/\/www.globallistings.info\/it\/chi-siamo\/#primaryimage","url":"http:\/\/www.globallistings.info\/app\/uploads\/2017\/01\/T.jpg","contentUrl":"http:\/\/www.globallistings.info\/app\/uploads\/2017\/01\/T.jpg"},{"@type":"BreadcrumbList","@id":"https:\/\/www.globallistings.info\/it\/chi-siamo\/#breadcrumb","itemListElement":[{"@type":"ListItem","position":1,"name":"Home","item":"https:\/\/www.globallistings.info\/it\/"},{"@type":"ListItem","position":2,"name":"Chi siamo"}]},{"@type":"WebSite","@id":"https:\/\/www.globallistings.info\/ar\/#website","url":"https:\/\/www.globallistings.info\/ar\/","name":"Global Listings","description":"","potentialAction":[{"@type":"SearchAction","target":{"@type":"EntryPoint","urlTemplate":"https:\/\/www.globallistings.info\/ar\/?s={search_term_string}"},"query-input":{"@type":"PropertyValueSpecification","valueRequired":true,"valueName":"search_term_string"}}],"inLanguage":"it-IT"}]}},"_links":{"self":[{"href":"https:\/\/www.globallistings.info\/it\/wp-json\/wp\/v2\/pages\/16798","targetHints":{"allow":["GET"]}}],"collection":[{"href":"https:\/\/www.globallistings.info\/it\/wp-json\/wp\/v2\/pages"}],"about":[{"href":"https:\/\/www.globallistings.info\/it\/wp-json\/wp\/v2\/types\/page"}],"author":[{"embeddable":true,"href":"https:\/\/www.globallistings.info\/it\/wp-json\/wp\/v2\/users\/1"}],"replies":[{"embeddable":true,"href":"https:\/\/www.globallistings.info\/it\/wp-json\/wp\/v2\/comments?post=16798"}],"version-history":[{"count":0,"href":"https:\/\/www.globallistings.info\/it\/wp-json\/wp\/v2\/pages\/16798\/revisions"}],"wp:attachment":[{"href":"https:\/\/www.globallistings.info\/it\/wp-json\/wp\/v2\/media?parent=16798"}],"curies":[{"name":"wp","href":"https:\/\/api.w.org\/{rel}","templated":true}]}}