{"id":16802,"date":"2017-03-20T16:39:37","date_gmt":"2017-03-20T16:39:37","guid":{"rendered":"http:\/\/www.globallistings.info\/it\/distribuzione-globale\/"},"modified":"2017-11-27T13:00:27","modified_gmt":"2017-11-27T13:00:27","slug":"distribuzione-globale","status":"publish","type":"page","link":"https:\/\/www.globallistings.info\/it\/distribuzione-globale\/","title":{"rendered":"Distribuzione globale"},"content":{"rendered":"<div class=\"col-4\">\n<p><img decoding=\"async\" class=\"img-circle img-responsive\" src=\"http:\/\/www.globallistings.info\/app\/uploads\/2017\/02\/hand.png\" alt=\"content-photo\" \/><\/p>\n<p class=\"content\">DISTRIBUZIONE GLOBALE<\/p>\n<\/div>\n<div class=\"col-8\">\n<div class=\"content\">\n<p>Global Listings sa benissimo che, qualora non venissero comunicati alle persone giuste nel posto giusto, anche i migliori contenuti sul mercato potrebbero perdere la copertura mediatica che invece meriterebbero<\/p>\n<p>Per questo, noi sappiamo creare rapidamente liste di distribuzione su misura e in tempo reale specifiche per Paese affinch\u00e9 i vostri contenuti vengano inoltrati ai contatti giusti con puntualit\u00e0 e ogniqualvolta se ne faccia richiesta<\/p>\n<p>L&#8217;esperienza che abbiamo maturato, unita alla possibilit\u00e0 di accesso al database dei contatti delle aziende leader del settore, offre ai nostri clienti un impareggiabile servizio di distribuzione mediante posta elettronica<\/p>\n<p>Grazie al nostro database centrale e alla nostra conoscenza approfondita delle scadenze poste dai media globali per i comunicati stampa, le trame dei programmi e altri materiali, siamo in grado di inviare alle emittenti qualsiasi contenuto premendo semplicemente un tasto. In questo modo, i dati giungeranno al destinatario corretto al momento opportuno<\/p>\n<p>E non sappiamo solo creare da zero una lista di distribuzione altamente personalizzata e inviarla in qualunque parte del mondo: mettiamo anche a disposizione un servizio di controllo per quelle gi\u00e0 esistenti affinch\u00e9 i nostri clienti si assicurino di aver contattato tutti i media e gli influencer pi\u00f9 importanti di tale Paese o zona<\/p>\n<p>Naturalmente, una volta completata una lista, assicuriamo che sia mantenuta aggiornata con le necessarie revisioni e integrazioni<\/p>\n<\/div>\n<\/div>\n","protected":false},"excerpt":{"rendered":"<p>DISTRIBUZIONE GLOBALE Global Listings sa benissimo che, qualora non venissero comunicati alle persone giuste nel posto giusto, anche i migliori contenuti sul mercato potrebbero perdere la copertura mediatica che invece meriterebbero Per questo, noi sappiamo creare rapidamente liste di distribuzione su misura e in tempo reale specifiche per Paese affinch\u00e9 i vostri contenuti vengano inoltrati [&hellip;]<\/p>\n","protected":false},"author":1,"featured_media":0,"parent":0,"menu_order":243,"comment_status":"closed","ping_status":"closed","template":"page-globaldistribution.php","meta":{"_acf_changed":false,"cybocfi_hide_featured_image":"","footnotes":""},"class_list":["post-16802","page","type-page","status-publish","hentry"],"acf":[],"aioseo_notices":[],"yoast_head":"<!-- This site is optimized with the Yoast SEO plugin v27.3 - https:\/\/yoast.com\/product\/yoast-seo-wordpress\/ -->\n<title>Distribuzione globale - Global Listings<\/title>\n<meta name=\"robots\" content=\"index, follow, max-snippet:-1, max-image-preview:large, max-video-preview:-1\" \/>\n<link rel=\"canonical\" href=\"https:\/\/www.globallistings.info\/it\/distribuzione-globale\/\" \/>\n<meta property=\"og:locale\" content=\"it_IT\" \/>\n<meta property=\"og:type\" content=\"article\" \/>\n<meta property=\"og:title\" content=\"Distribuzione globale - Global Listings\" \/>\n<meta property=\"og:description\" content=\"DISTRIBUZIONE GLOBALE Global Listings sa benissimo che, qualora non venissero comunicati alle persone giuste nel posto giusto, anche i migliori contenuti sul mercato potrebbero perdere la copertura mediatica che invece meriterebbero Per questo, noi sappiamo creare rapidamente liste di distribuzione su misura e in tempo reale specifiche per Paese affinch\u00e9 i vostri contenuti vengano inoltrati [&hellip;]\" \/>\n<meta property=\"og:url\" content=\"https:\/\/www.globallistings.info\/it\/distribuzione-globale\/\" \/>\n<meta property=\"og:site_name\" content=\"Global Listings\" \/>\n<meta property=\"article:modified_time\" content=\"2017-11-27T13:00:27+00:00\" \/>\n<meta property=\"og:image\" content=\"http:\/\/www.globallistings.info\/app\/uploads\/2017\/02\/hand.png\" \/>\n<meta name=\"twitter:card\" content=\"summary_large_image\" \/>\n<meta name=\"twitter:label1\" content=\"Est. reading time\" \/>\n\t<meta name=\"twitter:data1\" content=\"1 minute\" \/>\n<script type=\"application\/ld+json\" class=\"yoast-schema-graph\">{\"@context\":\"https:\\\/\\\/schema.org\",\"@graph\":[{\"@type\":\"WebPage\",\"@id\":\"https:\\\/\\\/www.globallistings.info\\\/it\\\/distribuzione-globale\\\/\",\"url\":\"https:\\\/\\\/www.globallistings.info\\\/it\\\/distribuzione-globale\\\/\",\"name\":\"Distribuzione globale - Global Listings\",\"isPartOf\":{\"@id\":\"https:\\\/\\\/www.globallistings.info\\\/ar\\\/#website\"},\"primaryImageOfPage\":{\"@id\":\"https:\\\/\\\/www.globallistings.info\\\/it\\\/distribuzione-globale\\\/#primaryimage\"},\"image\":{\"@id\":\"https:\\\/\\\/www.globallistings.info\\\/it\\\/distribuzione-globale\\\/#primaryimage\"},\"thumbnailUrl\":\"http:\\\/\\\/www.globallistings.info\\\/app\\\/uploads\\\/2017\\\/02\\\/hand.png\",\"datePublished\":\"2017-03-20T16:39:37+00:00\",\"dateModified\":\"2017-11-27T13:00:27+00:00\",\"breadcrumb\":{\"@id\":\"https:\\\/\\\/www.globallistings.info\\\/it\\\/distribuzione-globale\\\/#breadcrumb\"},\"inLanguage\":\"it-IT\",\"potentialAction\":[{\"@type\":\"ReadAction\",\"target\":[\"https:\\\/\\\/www.globallistings.info\\\/it\\\/distribuzione-globale\\\/\"]}]},{\"@type\":\"ImageObject\",\"inLanguage\":\"it-IT\",\"@id\":\"https:\\\/\\\/www.globallistings.info\\\/it\\\/distribuzione-globale\\\/#primaryimage\",\"url\":\"http:\\\/\\\/www.globallistings.info\\\/app\\\/uploads\\\/2017\\\/02\\\/hand.png\",\"contentUrl\":\"http:\\\/\\\/www.globallistings.info\\\/app\\\/uploads\\\/2017\\\/02\\\/hand.png\"},{\"@type\":\"BreadcrumbList\",\"@id\":\"https:\\\/\\\/www.globallistings.info\\\/it\\\/distribuzione-globale\\\/#breadcrumb\",\"itemListElement\":[{\"@type\":\"ListItem\",\"position\":1,\"name\":\"Home\",\"item\":\"https:\\\/\\\/www.globallistings.info\\\/it\\\/\"},{\"@type\":\"ListItem\",\"position\":2,\"name\":\"Distribuzione globale\"}]},{\"@type\":\"WebSite\",\"@id\":\"https:\\\/\\\/www.globallistings.info\\\/ar\\\/#website\",\"url\":\"https:\\\/\\\/www.globallistings.info\\\/ar\\\/\",\"name\":\"Global Listings\",\"description\":\"\",\"potentialAction\":[{\"@type\":\"SearchAction\",\"target\":{\"@type\":\"EntryPoint\",\"urlTemplate\":\"https:\\\/\\\/www.globallistings.info\\\/ar\\\/?s={search_term_string}\"},\"query-input\":{\"@type\":\"PropertyValueSpecification\",\"valueRequired\":true,\"valueName\":\"search_term_string\"}}],\"inLanguage\":\"it-IT\"}]}<\/script>\n<!-- \/ Yoast SEO plugin. -->","yoast_head_json":{"title":"Distribuzione globale - Global Listings","robots":{"index":"index","follow":"follow","max-snippet":"max-snippet:-1","max-image-preview":"max-image-preview:large","max-video-preview":"max-video-preview:-1"},"canonical":"https:\/\/www.globallistings.info\/it\/distribuzione-globale\/","og_locale":"it_IT","og_type":"article","og_title":"Distribuzione globale - Global Listings","og_description":"DISTRIBUZIONE GLOBALE Global Listings sa benissimo che, qualora non venissero comunicati alle persone giuste nel posto giusto, anche i migliori contenuti sul mercato potrebbero perdere la copertura mediatica che invece meriterebbero Per questo, noi sappiamo creare rapidamente liste di distribuzione su misura e in tempo reale specifiche per Paese affinch\u00e9 i vostri contenuti vengano inoltrati [&hellip;]","og_url":"https:\/\/www.globallistings.info\/it\/distribuzione-globale\/","og_site_name":"Global Listings","article_modified_time":"2017-11-27T13:00:27+00:00","og_image":[{"url":"http:\/\/www.globallistings.info\/app\/uploads\/2017\/02\/hand.png","type":"","width":"","height":""}],"twitter_card":"summary_large_image","twitter_misc":{"Est. reading time":"1 minute"},"schema":{"@context":"https:\/\/schema.org","@graph":[{"@type":"WebPage","@id":"https:\/\/www.globallistings.info\/it\/distribuzione-globale\/","url":"https:\/\/www.globallistings.info\/it\/distribuzione-globale\/","name":"Distribuzione globale - Global Listings","isPartOf":{"@id":"https:\/\/www.globallistings.info\/ar\/#website"},"primaryImageOfPage":{"@id":"https:\/\/www.globallistings.info\/it\/distribuzione-globale\/#primaryimage"},"image":{"@id":"https:\/\/www.globallistings.info\/it\/distribuzione-globale\/#primaryimage"},"thumbnailUrl":"http:\/\/www.globallistings.info\/app\/uploads\/2017\/02\/hand.png","datePublished":"2017-03-20T16:39:37+00:00","dateModified":"2017-11-27T13:00:27+00:00","breadcrumb":{"@id":"https:\/\/www.globallistings.info\/it\/distribuzione-globale\/#breadcrumb"},"inLanguage":"it-IT","potentialAction":[{"@type":"ReadAction","target":["https:\/\/www.globallistings.info\/it\/distribuzione-globale\/"]}]},{"@type":"ImageObject","inLanguage":"it-IT","@id":"https:\/\/www.globallistings.info\/it\/distribuzione-globale\/#primaryimage","url":"http:\/\/www.globallistings.info\/app\/uploads\/2017\/02\/hand.png","contentUrl":"http:\/\/www.globallistings.info\/app\/uploads\/2017\/02\/hand.png"},{"@type":"BreadcrumbList","@id":"https:\/\/www.globallistings.info\/it\/distribuzione-globale\/#breadcrumb","itemListElement":[{"@type":"ListItem","position":1,"name":"Home","item":"https:\/\/www.globallistings.info\/it\/"},{"@type":"ListItem","position":2,"name":"Distribuzione globale"}]},{"@type":"WebSite","@id":"https:\/\/www.globallistings.info\/ar\/#website","url":"https:\/\/www.globallistings.info\/ar\/","name":"Global Listings","description":"","potentialAction":[{"@type":"SearchAction","target":{"@type":"EntryPoint","urlTemplate":"https:\/\/www.globallistings.info\/ar\/?s={search_term_string}"},"query-input":{"@type":"PropertyValueSpecification","valueRequired":true,"valueName":"search_term_string"}}],"inLanguage":"it-IT"}]}},"_links":{"self":[{"href":"https:\/\/www.globallistings.info\/it\/wp-json\/wp\/v2\/pages\/16802","targetHints":{"allow":["GET"]}}],"collection":[{"href":"https:\/\/www.globallistings.info\/it\/wp-json\/wp\/v2\/pages"}],"about":[{"href":"https:\/\/www.globallistings.info\/it\/wp-json\/wp\/v2\/types\/page"}],"author":[{"embeddable":true,"href":"https:\/\/www.globallistings.info\/it\/wp-json\/wp\/v2\/users\/1"}],"replies":[{"embeddable":true,"href":"https:\/\/www.globallistings.info\/it\/wp-json\/wp\/v2\/comments?post=16802"}],"version-history":[{"count":0,"href":"https:\/\/www.globallistings.info\/it\/wp-json\/wp\/v2\/pages\/16802\/revisions"}],"wp:attachment":[{"href":"https:\/\/www.globallistings.info\/it\/wp-json\/wp\/v2\/media?parent=16802"}],"curies":[{"name":"wp","href":"https:\/\/api.w.org\/{rel}","templated":true}]}}