{"id":12343,"date":"2017-03-15T01:50:47","date_gmt":"2017-03-15T01:50:47","guid":{"rendered":"http:\/\/www.globallistings.info\/lv\/pakalpojumi\/"},"modified":"2017-04-13T11:17:31","modified_gmt":"2017-04-13T11:17:31","slug":"pakalpojumi","status":"publish","type":"page","link":"https:\/\/www.globallistings.info\/lv\/pakalpojumi\/","title":{"rendered":"Pakalpojumi"},"content":{"rendered":"<div class=\"col-4\">\n<p><img decoding=\"async\" class=\"img-circle img-responsive\" src=\"http:\/\/www.globallistings.info\/app\/uploads\/2016\/12\/services.png\" alt=\"\" \/><\/p>\n<p class=\"content\">Pols V\u012bvers<br \/>\n<mark class=\"sub-content\">Izpilddirektors<\/mark><\/p>\n<p class=\"description\">Pols V\u012bvers ir Global Listings izpilddirektors, kur\u0161 ikdien\u0101 nodarbojas ar uz\u0146\u0113muma darb\u012bbu un p\u0101rrauga jaunu darb\u012bbu uzs\u0101k\u0161anu. Vi\u0146am ir pieredze, str\u0101d\u0101jot ar redakcion\u0101l\u0101m un elektroniskaj\u0101m TV raid\u012bjumu programm\u0101m, un vi\u0146\u0161 ir str\u0101d\u0101jis gandr\u012bz desmit gadu Sky TV un Video Networks (tagad TalkTalk), uzkr\u0101jot nesam\u0113rojami bag\u0101t\u012bgu pieredzi \u0161aj\u0101 nozar\u0113, kur\u0101 pavad\u012bjis vair\u0101k nek\u0101 20 gadu. Pols ar aizraut\u012bbu sniedz augstv\u0113rt\u012bgus pakalpojumus ikvienam Global Listings klientam, nodro\u0161inot, lai sa\u0146emtie pakalpojumi vienm\u0113r ir kas vair\u0101k nek\u0101 gaid\u012btais<\/p>\n<\/div>\n<div class=\"col-8\">\n<div class=\"content\">\n<p>M\u0113s sniedzam aktualiz\u0113tus line\u0101rus un neline\u0101rus (video-p\u0113c-piepras\u012bjuma) <strong>elektronisko raid\u012bjumu programmu datus<\/strong> tie\u0161i TV platform\u0101m un OTT pakalpojumiem<\/p>\n<p>M\u0113s veidojam un izplat\u0101m prec\u012bzus <strong>TV raid\u012bjumu grafikus<\/strong> un rosino\u0161as <strong>raid\u012bjumu programmas \u012bsum\u0101<\/strong> ang\u013cu un viet\u0113j\u0101 valod\u0101 TV kan\u0101lu v\u0101rd\u0101<\/p>\n<p>M\u0113s <strong>tulkojam<\/strong> programmu nosaukumus, aprakstus un metadatus no jebkuras valodas pasaul\u0113 uz jebkuru valodu pasaul\u0113, izmantojot glob\u0101lu tulkot\u0101ju t\u012bklu ar 17 000 pieredz\u0113ju\u0161u un kvalific\u0113tu tulkot\u0101ju, kuri piln\u012bb\u0101 izprot to, k\u0101 lokaliz\u0113t redakcion\u0101lus materi\u0101lus katr\u0101 attiec\u012bgaj\u0101 tirg\u016b<\/p>\n<p>M\u0113s str\u0101d\u0101jam ar klientu <strong>soci\u0101lo pla\u0161sazi\u0146as l\u012bdzek\u013cu straum\u0113m<\/strong>, integr\u0113jot TV programmu metadatus tie\u0161saistes sazi\u0146\u0101, s\u0101kot no Twitter un Facebook, l\u012bdz pat Instagram un Snapchat<\/p>\n<p>M\u0113s <strong>rad\u0101m saturu<\/strong>, iesaistoties ener\u0123iskai \u017eurn\u0101listu un redaktoru komandai. V\u0101rdi ir m\u016bsu specialit\u0101te, un mums tie nekad nav j\u0101mekl\u0113 kabat\u0101!<\/p>\n<p>M\u0113s <strong>sagatavojam<\/strong> grafikus, programmas \u012bsum\u0101, elektronisk\u0101s raid\u012bjumu programmas, video-p\u0113c-piepras\u012bjuma (VOD) datus un att\u0113lus, izmantojot vism\u016bsdien\u012bg\u0101ko izplat\u012b\u0161anas sist\u0113mu, kas ietver individu\u0101lus, piel\u0101gotus adres\u0101tu sarakstus katras raidorganiz\u0101cijas klientu konkr\u0113tajiem re\u0123ioniem un katram produktam\/ valodai<\/p>\n<p>Un m\u0113s izv\u0113rt\u0113jam klientu pla\u0161sazi\u0146as l\u012bdzek\u013cu aptveram\u012bbu, izmantojot piln\u012bgu <strong>pla\u0161sazi\u0146as l\u012bdzek\u013cu p\u0101rraudz\u012bbu<\/strong> visas pasaules druk\u0101tajos, tie\u0161saistes un soci\u0101lajos pla\u0161sazi\u0146as l\u012bdzek\u013cos<\/p>\n<\/div>\n<\/div>\n","protected":false},"excerpt":{"rendered":"<p>Pols V\u012bvers Izpilddirektors Pols V\u012bvers ir Global Listings izpilddirektors, kur\u0161 ikdien\u0101 nodarbojas ar uz\u0146\u0113muma darb\u012bbu un p\u0101rrauga jaunu darb\u012bbu uzs\u0101k\u0161anu. Vi\u0146am ir pieredze, str\u0101d\u0101jot ar redakcion\u0101l\u0101m un elektroniskaj\u0101m TV raid\u012bjumu programm\u0101m, un vi\u0146\u0161 ir str\u0101d\u0101jis gandr\u012bz desmit gadu Sky TV un Video Networks (tagad TalkTalk), uzkr\u0101jot nesam\u0113rojami bag\u0101t\u012bgu pieredzi \u0161aj\u0101 nozar\u0113, kur\u0101 pavad\u012bjis vair\u0101k nek\u0101 [&hellip;]<\/p>\n","protected":false},"author":1,"featured_media":0,"parent":0,"menu_order":419,"comment_status":"closed","ping_status":"closed","template":"page-services.php","meta":{"_acf_changed":false,"cybocfi_hide_featured_image":"","footnotes":""},"class_list":["post-12343","page","type-page","status-publish","hentry"],"acf":[],"aioseo_notices":[],"yoast_head":"<!-- This site is optimized with the Yoast SEO plugin v27.3 - https:\/\/yoast.com\/product\/yoast-seo-wordpress\/ -->\n<title>Pakalpojumi - Global Listings<\/title>\n<meta name=\"robots\" content=\"index, follow, max-snippet:-1, max-image-preview:large, max-video-preview:-1\" \/>\n<link rel=\"canonical\" href=\"https:\/\/www.globallistings.info\/lv\/pakalpojumi\/\" \/>\n<meta property=\"og:locale\" content=\"lv_LV\" \/>\n<meta property=\"og:type\" content=\"article\" \/>\n<meta property=\"og:title\" content=\"Pakalpojumi - Global Listings\" \/>\n<meta property=\"og:description\" content=\"Pols V\u012bvers Izpilddirektors Pols V\u012bvers ir Global Listings izpilddirektors, kur\u0161 ikdien\u0101 nodarbojas ar uz\u0146\u0113muma darb\u012bbu un p\u0101rrauga jaunu darb\u012bbu uzs\u0101k\u0161anu. Vi\u0146am ir pieredze, str\u0101d\u0101jot ar redakcion\u0101l\u0101m un elektroniskaj\u0101m TV raid\u012bjumu programm\u0101m, un vi\u0146\u0161 ir str\u0101d\u0101jis gandr\u012bz desmit gadu Sky TV un Video Networks (tagad TalkTalk), uzkr\u0101jot nesam\u0113rojami bag\u0101t\u012bgu pieredzi \u0161aj\u0101 nozar\u0113, kur\u0101 pavad\u012bjis vair\u0101k nek\u0101 [&hellip;]\" \/>\n<meta property=\"og:url\" content=\"https:\/\/www.globallistings.info\/lv\/pakalpojumi\/\" \/>\n<meta property=\"og:site_name\" content=\"Global Listings\" \/>\n<meta property=\"article:modified_time\" content=\"2017-04-13T11:17:31+00:00\" \/>\n<meta property=\"og:image\" content=\"http:\/\/www.globallistings.info\/app\/uploads\/2016\/12\/services.png\" \/>\n<meta name=\"twitter:card\" content=\"summary_large_image\" \/>\n<meta name=\"twitter:label1\" content=\"Est. reading time\" \/>\n\t<meta name=\"twitter:data1\" content=\"2 minutes\" \/>\n<script type=\"application\/ld+json\" class=\"yoast-schema-graph\">{\"@context\":\"https:\\\/\\\/schema.org\",\"@graph\":[{\"@type\":\"WebPage\",\"@id\":\"https:\\\/\\\/www.globallistings.info\\\/lv\\\/pakalpojumi\\\/\",\"url\":\"https:\\\/\\\/www.globallistings.info\\\/lv\\\/pakalpojumi\\\/\",\"name\":\"Pakalpojumi - Global Listings\",\"isPartOf\":{\"@id\":\"https:\\\/\\\/www.globallistings.info\\\/ar\\\/#website\"},\"primaryImageOfPage\":{\"@id\":\"https:\\\/\\\/www.globallistings.info\\\/lv\\\/pakalpojumi\\\/#primaryimage\"},\"image\":{\"@id\":\"https:\\\/\\\/www.globallistings.info\\\/lv\\\/pakalpojumi\\\/#primaryimage\"},\"thumbnailUrl\":\"http:\\\/\\\/www.globallistings.info\\\/app\\\/uploads\\\/2016\\\/12\\\/services.png\",\"datePublished\":\"2017-03-15T01:50:47+00:00\",\"dateModified\":\"2017-04-13T11:17:31+00:00\",\"breadcrumb\":{\"@id\":\"https:\\\/\\\/www.globallistings.info\\\/lv\\\/pakalpojumi\\\/#breadcrumb\"},\"inLanguage\":\"lv\",\"potentialAction\":[{\"@type\":\"ReadAction\",\"target\":[\"https:\\\/\\\/www.globallistings.info\\\/lv\\\/pakalpojumi\\\/\"]}]},{\"@type\":\"ImageObject\",\"inLanguage\":\"lv\",\"@id\":\"https:\\\/\\\/www.globallistings.info\\\/lv\\\/pakalpojumi\\\/#primaryimage\",\"url\":\"http:\\\/\\\/www.globallistings.info\\\/app\\\/uploads\\\/2016\\\/12\\\/services.png\",\"contentUrl\":\"http:\\\/\\\/www.globallistings.info\\\/app\\\/uploads\\\/2016\\\/12\\\/services.png\"},{\"@type\":\"BreadcrumbList\",\"@id\":\"https:\\\/\\\/www.globallistings.info\\\/lv\\\/pakalpojumi\\\/#breadcrumb\",\"itemListElement\":[{\"@type\":\"ListItem\",\"position\":1,\"name\":\"Home\",\"item\":\"https:\\\/\\\/www.globallistings.info\\\/lv\\\/\"},{\"@type\":\"ListItem\",\"position\":2,\"name\":\"Pakalpojumi\"}]},{\"@type\":\"WebSite\",\"@id\":\"https:\\\/\\\/www.globallistings.info\\\/ar\\\/#website\",\"url\":\"https:\\\/\\\/www.globallistings.info\\\/ar\\\/\",\"name\":\"Global Listings\",\"description\":\"\",\"potentialAction\":[{\"@type\":\"SearchAction\",\"target\":{\"@type\":\"EntryPoint\",\"urlTemplate\":\"https:\\\/\\\/www.globallistings.info\\\/ar\\\/?s={search_term_string}\"},\"query-input\":{\"@type\":\"PropertyValueSpecification\",\"valueRequired\":true,\"valueName\":\"search_term_string\"}}],\"inLanguage\":\"lv\"}]}<\/script>\n<!-- \/ Yoast SEO plugin. -->","yoast_head_json":{"title":"Pakalpojumi - Global Listings","robots":{"index":"index","follow":"follow","max-snippet":"max-snippet:-1","max-image-preview":"max-image-preview:large","max-video-preview":"max-video-preview:-1"},"canonical":"https:\/\/www.globallistings.info\/lv\/pakalpojumi\/","og_locale":"lv_LV","og_type":"article","og_title":"Pakalpojumi - Global Listings","og_description":"Pols V\u012bvers Izpilddirektors Pols V\u012bvers ir Global Listings izpilddirektors, kur\u0161 ikdien\u0101 nodarbojas ar uz\u0146\u0113muma darb\u012bbu un p\u0101rrauga jaunu darb\u012bbu uzs\u0101k\u0161anu. Vi\u0146am ir pieredze, str\u0101d\u0101jot ar redakcion\u0101l\u0101m un elektroniskaj\u0101m TV raid\u012bjumu programm\u0101m, un vi\u0146\u0161 ir str\u0101d\u0101jis gandr\u012bz desmit gadu Sky TV un Video Networks (tagad TalkTalk), uzkr\u0101jot nesam\u0113rojami bag\u0101t\u012bgu pieredzi \u0161aj\u0101 nozar\u0113, kur\u0101 pavad\u012bjis vair\u0101k nek\u0101 [&hellip;]","og_url":"https:\/\/www.globallistings.info\/lv\/pakalpojumi\/","og_site_name":"Global Listings","article_modified_time":"2017-04-13T11:17:31+00:00","og_image":[{"url":"http:\/\/www.globallistings.info\/app\/uploads\/2016\/12\/services.png","type":"","width":"","height":""}],"twitter_card":"summary_large_image","twitter_misc":{"Est. reading time":"2 minutes"},"schema":{"@context":"https:\/\/schema.org","@graph":[{"@type":"WebPage","@id":"https:\/\/www.globallistings.info\/lv\/pakalpojumi\/","url":"https:\/\/www.globallistings.info\/lv\/pakalpojumi\/","name":"Pakalpojumi - Global Listings","isPartOf":{"@id":"https:\/\/www.globallistings.info\/ar\/#website"},"primaryImageOfPage":{"@id":"https:\/\/www.globallistings.info\/lv\/pakalpojumi\/#primaryimage"},"image":{"@id":"https:\/\/www.globallistings.info\/lv\/pakalpojumi\/#primaryimage"},"thumbnailUrl":"http:\/\/www.globallistings.info\/app\/uploads\/2016\/12\/services.png","datePublished":"2017-03-15T01:50:47+00:00","dateModified":"2017-04-13T11:17:31+00:00","breadcrumb":{"@id":"https:\/\/www.globallistings.info\/lv\/pakalpojumi\/#breadcrumb"},"inLanguage":"lv","potentialAction":[{"@type":"ReadAction","target":["https:\/\/www.globallistings.info\/lv\/pakalpojumi\/"]}]},{"@type":"ImageObject","inLanguage":"lv","@id":"https:\/\/www.globallistings.info\/lv\/pakalpojumi\/#primaryimage","url":"http:\/\/www.globallistings.info\/app\/uploads\/2016\/12\/services.png","contentUrl":"http:\/\/www.globallistings.info\/app\/uploads\/2016\/12\/services.png"},{"@type":"BreadcrumbList","@id":"https:\/\/www.globallistings.info\/lv\/pakalpojumi\/#breadcrumb","itemListElement":[{"@type":"ListItem","position":1,"name":"Home","item":"https:\/\/www.globallistings.info\/lv\/"},{"@type":"ListItem","position":2,"name":"Pakalpojumi"}]},{"@type":"WebSite","@id":"https:\/\/www.globallistings.info\/ar\/#website","url":"https:\/\/www.globallistings.info\/ar\/","name":"Global Listings","description":"","potentialAction":[{"@type":"SearchAction","target":{"@type":"EntryPoint","urlTemplate":"https:\/\/www.globallistings.info\/ar\/?s={search_term_string}"},"query-input":{"@type":"PropertyValueSpecification","valueRequired":true,"valueName":"search_term_string"}}],"inLanguage":"lv"}]}},"_links":{"self":[{"href":"https:\/\/www.globallistings.info\/lv\/wp-json\/wp\/v2\/pages\/12343","targetHints":{"allow":["GET"]}}],"collection":[{"href":"https:\/\/www.globallistings.info\/lv\/wp-json\/wp\/v2\/pages"}],"about":[{"href":"https:\/\/www.globallistings.info\/lv\/wp-json\/wp\/v2\/types\/page"}],"author":[{"embeddable":true,"href":"https:\/\/www.globallistings.info\/lv\/wp-json\/wp\/v2\/users\/1"}],"replies":[{"embeddable":true,"href":"https:\/\/www.globallistings.info\/lv\/wp-json\/wp\/v2\/comments?post=12343"}],"version-history":[{"count":0,"href":"https:\/\/www.globallistings.info\/lv\/wp-json\/wp\/v2\/pages\/12343\/revisions"}],"wp:attachment":[{"href":"https:\/\/www.globallistings.info\/lv\/wp-json\/wp\/v2\/media?parent=12343"}],"curies":[{"name":"wp","href":"https:\/\/api.w.org\/{rel}","templated":true}]}}