{"id":16346,"date":"2017-03-18T18:57:21","date_gmt":"2017-03-18T18:57:21","guid":{"rendered":"http:\/\/www.globallistings.info\/lv\/tulkosana\/"},"modified":"2017-11-29T01:26:39","modified_gmt":"2017-11-29T01:26:39","slug":"tulkosana","status":"publish","type":"page","link":"https:\/\/www.globallistings.info\/lv\/tulkosana\/","title":{"rendered":"Tulko\u0161ana"},"content":{"rendered":"<div class=\"col-4\">\n<p><img decoding=\"async\" class=\"img-circle img-responsive\" src=\"http:\/\/www.globallistings.info\/app\/uploads\/2017\/01\/tr.png\" alt=\"\" \/><\/p>\n<p class=\"content\">TULKO\u0160ANA<\/p>\n<\/div>\n<div class=\"col-8\">\n<div class=\"content\">\n<p>Global Listings ir tirgus l\u012bderis TV tulko\u0161anas pakalpojumu jom\u0101, un tas ikdien\u0101 darbojas 145 valst\u012bs un str\u0101d\u0101 ar 74 at\u0161\u0137ir\u012bg\u0101m valodu kombin\u0101cij\u0101m<\/p>\n<p>M\u016bsu komand\u0101 ir vair\u0101k nek\u0101 17 000 talant\u012bgu un pieredz\u0113ju\u0161u starptautisku, kvalific\u0113tu valodu speci\u0101listu, kuri atrodas lok\u0101li vis\u0101 pasaul\u0113<\/p>\n<p>Izmantot\u0101, unik\u0101l\u0101 tr\u012bsk\u0101r\u0161\u0101 pieeja noz\u012bm\u0113, ka m\u0113s izv\u0113lamies tulkot\u0101ju p\u0113c valodas, TV kan\u0101la un m\u0113r\u0137a tirgus, pied\u0101v\u0101jot klientiem piel\u0101gotus tulko\u0161anas risin\u0101jumus<\/p>\n<p>M\u016bsu starptautisk\u0101s valodu speci\u0101listu komandas var pied\u0101v\u0101t tulkojumus visa veida TV saturam, s\u0101kot no \u012bsa programmas apraksta, l\u012bdz pat gar\u0101kiem tekstiem programmai \u012bsum\u0101, un, protams, kas svar\u012bgi, ar\u012b pa\u0161iem seri\u0101liem\/raid\u012bjumiem un s\u0113rij\u0101m\/epizod\u0113m<\/p>\n<p>M\u016bsu konkur\u0113tsp\u0113j\u012bg\u0101 cenu politika un unik\u0101l\u0101 darba pl\u016bsma nodro\u0161ina, ka m\u016bsu klienti maks\u0101 tikai par p\u0101rtulkoto v\u0101rdu un nekad nemaks\u0101 divreiz par vienu un to pa\u0161u tulkojumu<\/p>\n<p>L\u016bdzu, apmekl\u0113jiet m\u016bsu m\u0101sas uz\u0146\u0113muma <strong><a href=\"http:\/\/www.globaltranslations.info\/lv\/\">Global Translations<\/a><\/strong> vietni s\u012bk\u0101kai inform\u0101cijai<\/p>\n<\/div>\n<\/div>\n","protected":false},"excerpt":{"rendered":"<p>TULKO\u0160ANA Global Listings ir tirgus l\u012bderis TV tulko\u0161anas pakalpojumu jom\u0101, un tas ikdien\u0101 darbojas 145 valst\u012bs un str\u0101d\u0101 ar 74 at\u0161\u0137ir\u012bg\u0101m valodu kombin\u0101cij\u0101m M\u016bsu komand\u0101 ir vair\u0101k nek\u0101 17 000 talant\u012bgu un pieredz\u0113ju\u0161u starptautisku, kvalific\u0113tu valodu speci\u0101listu, kuri atrodas lok\u0101li vis\u0101 pasaul\u0113 Izmantot\u0101, unik\u0101l\u0101 tr\u012bsk\u0101r\u0161\u0101 pieeja noz\u012bm\u0113, ka m\u0113s izv\u0113lamies tulkot\u0101ju p\u0113c valodas, TV kan\u0101la [&hellip;]<\/p>\n","protected":false},"author":1,"featured_media":0,"parent":0,"menu_order":518,"comment_status":"closed","ping_status":"closed","template":"page-epgs.php","meta":{"_acf_changed":false,"cybocfi_hide_featured_image":"","footnotes":""},"class_list":["post-16346","page","type-page","status-publish","hentry"],"acf":[],"aioseo_notices":[],"yoast_head":"<!-- This site is optimized with the Yoast SEO plugin v27.2 - https:\/\/yoast.com\/product\/yoast-seo-wordpress\/ -->\n<title>Tulko\u0161ana - Global Listings<\/title>\n<meta name=\"robots\" content=\"index, follow, max-snippet:-1, max-image-preview:large, max-video-preview:-1\" \/>\n<link rel=\"canonical\" href=\"https:\/\/www.globallistings.info\/lv\/tulkosana\/\" \/>\n<meta property=\"og:locale\" content=\"lv_LV\" \/>\n<meta property=\"og:type\" content=\"article\" \/>\n<meta property=\"og:title\" content=\"Tulko\u0161ana - Global Listings\" \/>\n<meta property=\"og:description\" content=\"TULKO\u0160ANA Global Listings ir tirgus l\u012bderis TV tulko\u0161anas pakalpojumu jom\u0101, un tas ikdien\u0101 darbojas 145 valst\u012bs un str\u0101d\u0101 ar 74 at\u0161\u0137ir\u012bg\u0101m valodu kombin\u0101cij\u0101m M\u016bsu komand\u0101 ir vair\u0101k nek\u0101 17 000 talant\u012bgu un pieredz\u0113ju\u0161u starptautisku, kvalific\u0113tu valodu speci\u0101listu, kuri atrodas lok\u0101li vis\u0101 pasaul\u0113 Izmantot\u0101, unik\u0101l\u0101 tr\u012bsk\u0101r\u0161\u0101 pieeja noz\u012bm\u0113, ka m\u0113s izv\u0113lamies tulkot\u0101ju p\u0113c valodas, TV kan\u0101la [&hellip;]\" \/>\n<meta property=\"og:url\" content=\"https:\/\/www.globallistings.info\/lv\/tulkosana\/\" \/>\n<meta property=\"og:site_name\" content=\"Global Listings\" \/>\n<meta property=\"article:modified_time\" content=\"2017-11-29T01:26:39+00:00\" \/>\n<meta property=\"og:image\" content=\"http:\/\/www.globallistings.info\/app\/uploads\/2017\/01\/tr.png\" \/>\n<meta name=\"twitter:card\" content=\"summary_large_image\" \/>\n<meta name=\"twitter:label1\" content=\"Est. reading time\" \/>\n\t<meta name=\"twitter:data1\" content=\"1 minute\" \/>\n<script type=\"application\/ld+json\" class=\"yoast-schema-graph\">{\"@context\":\"https:\/\/schema.org\",\"@graph\":[{\"@type\":\"WebPage\",\"@id\":\"https:\/\/www.globallistings.info\/lv\/tulkosana\/\",\"url\":\"https:\/\/www.globallistings.info\/lv\/tulkosana\/\",\"name\":\"Tulko\u0161ana - Global Listings\",\"isPartOf\":{\"@id\":\"https:\/\/www.globallistings.info\/ar\/#website\"},\"primaryImageOfPage\":{\"@id\":\"https:\/\/www.globallistings.info\/lv\/tulkosana\/#primaryimage\"},\"image\":{\"@id\":\"https:\/\/www.globallistings.info\/lv\/tulkosana\/#primaryimage\"},\"thumbnailUrl\":\"http:\/\/www.globallistings.info\/app\/uploads\/2017\/01\/tr.png\",\"datePublished\":\"2017-03-18T18:57:21+00:00\",\"dateModified\":\"2017-11-29T01:26:39+00:00\",\"breadcrumb\":{\"@id\":\"https:\/\/www.globallistings.info\/lv\/tulkosana\/#breadcrumb\"},\"inLanguage\":\"lv\",\"potentialAction\":[{\"@type\":\"ReadAction\",\"target\":[\"https:\/\/www.globallistings.info\/lv\/tulkosana\/\"]}]},{\"@type\":\"ImageObject\",\"inLanguage\":\"lv\",\"@id\":\"https:\/\/www.globallistings.info\/lv\/tulkosana\/#primaryimage\",\"url\":\"http:\/\/www.globallistings.info\/app\/uploads\/2017\/01\/tr.png\",\"contentUrl\":\"http:\/\/www.globallistings.info\/app\/uploads\/2017\/01\/tr.png\"},{\"@type\":\"BreadcrumbList\",\"@id\":\"https:\/\/www.globallistings.info\/lv\/tulkosana\/#breadcrumb\",\"itemListElement\":[{\"@type\":\"ListItem\",\"position\":1,\"name\":\"Home\",\"item\":\"https:\/\/www.globallistings.info\/lv\/\"},{\"@type\":\"ListItem\",\"position\":2,\"name\":\"Tulko\u0161ana\"}]},{\"@type\":\"WebSite\",\"@id\":\"https:\/\/www.globallistings.info\/ar\/#website\",\"url\":\"https:\/\/www.globallistings.info\/ar\/\",\"name\":\"Global Listings\",\"description\":\"\",\"potentialAction\":[{\"@type\":\"SearchAction\",\"target\":{\"@type\":\"EntryPoint\",\"urlTemplate\":\"https:\/\/www.globallistings.info\/ar\/?s={search_term_string}\"},\"query-input\":{\"@type\":\"PropertyValueSpecification\",\"valueRequired\":true,\"valueName\":\"search_term_string\"}}],\"inLanguage\":\"lv\"}]}<\/script>\n<!-- \/ Yoast SEO plugin. -->","yoast_head_json":{"title":"Tulko\u0161ana - Global Listings","robots":{"index":"index","follow":"follow","max-snippet":"max-snippet:-1","max-image-preview":"max-image-preview:large","max-video-preview":"max-video-preview:-1"},"canonical":"https:\/\/www.globallistings.info\/lv\/tulkosana\/","og_locale":"lv_LV","og_type":"article","og_title":"Tulko\u0161ana - Global Listings","og_description":"TULKO\u0160ANA Global Listings ir tirgus l\u012bderis TV tulko\u0161anas pakalpojumu jom\u0101, un tas ikdien\u0101 darbojas 145 valst\u012bs un str\u0101d\u0101 ar 74 at\u0161\u0137ir\u012bg\u0101m valodu kombin\u0101cij\u0101m M\u016bsu komand\u0101 ir vair\u0101k nek\u0101 17 000 talant\u012bgu un pieredz\u0113ju\u0161u starptautisku, kvalific\u0113tu valodu speci\u0101listu, kuri atrodas lok\u0101li vis\u0101 pasaul\u0113 Izmantot\u0101, unik\u0101l\u0101 tr\u012bsk\u0101r\u0161\u0101 pieeja noz\u012bm\u0113, ka m\u0113s izv\u0113lamies tulkot\u0101ju p\u0113c valodas, TV kan\u0101la [&hellip;]","og_url":"https:\/\/www.globallistings.info\/lv\/tulkosana\/","og_site_name":"Global Listings","article_modified_time":"2017-11-29T01:26:39+00:00","og_image":[{"url":"http:\/\/www.globallistings.info\/app\/uploads\/2017\/01\/tr.png","type":"","width":"","height":""}],"twitter_card":"summary_large_image","twitter_misc":{"Est. reading time":"1 minute"},"schema":{"@context":"https:\/\/schema.org","@graph":[{"@type":"WebPage","@id":"https:\/\/www.globallistings.info\/lv\/tulkosana\/","url":"https:\/\/www.globallistings.info\/lv\/tulkosana\/","name":"Tulko\u0161ana - Global Listings","isPartOf":{"@id":"https:\/\/www.globallistings.info\/ar\/#website"},"primaryImageOfPage":{"@id":"https:\/\/www.globallistings.info\/lv\/tulkosana\/#primaryimage"},"image":{"@id":"https:\/\/www.globallistings.info\/lv\/tulkosana\/#primaryimage"},"thumbnailUrl":"http:\/\/www.globallistings.info\/app\/uploads\/2017\/01\/tr.png","datePublished":"2017-03-18T18:57:21+00:00","dateModified":"2017-11-29T01:26:39+00:00","breadcrumb":{"@id":"https:\/\/www.globallistings.info\/lv\/tulkosana\/#breadcrumb"},"inLanguage":"lv","potentialAction":[{"@type":"ReadAction","target":["https:\/\/www.globallistings.info\/lv\/tulkosana\/"]}]},{"@type":"ImageObject","inLanguage":"lv","@id":"https:\/\/www.globallistings.info\/lv\/tulkosana\/#primaryimage","url":"http:\/\/www.globallistings.info\/app\/uploads\/2017\/01\/tr.png","contentUrl":"http:\/\/www.globallistings.info\/app\/uploads\/2017\/01\/tr.png"},{"@type":"BreadcrumbList","@id":"https:\/\/www.globallistings.info\/lv\/tulkosana\/#breadcrumb","itemListElement":[{"@type":"ListItem","position":1,"name":"Home","item":"https:\/\/www.globallistings.info\/lv\/"},{"@type":"ListItem","position":2,"name":"Tulko\u0161ana"}]},{"@type":"WebSite","@id":"https:\/\/www.globallistings.info\/ar\/#website","url":"https:\/\/www.globallistings.info\/ar\/","name":"Global Listings","description":"","potentialAction":[{"@type":"SearchAction","target":{"@type":"EntryPoint","urlTemplate":"https:\/\/www.globallistings.info\/ar\/?s={search_term_string}"},"query-input":{"@type":"PropertyValueSpecification","valueRequired":true,"valueName":"search_term_string"}}],"inLanguage":"lv"}]}},"_links":{"self":[{"href":"https:\/\/www.globallistings.info\/lv\/wp-json\/wp\/v2\/pages\/16346","targetHints":{"allow":["GET"]}}],"collection":[{"href":"https:\/\/www.globallistings.info\/lv\/wp-json\/wp\/v2\/pages"}],"about":[{"href":"https:\/\/www.globallistings.info\/lv\/wp-json\/wp\/v2\/types\/page"}],"author":[{"embeddable":true,"href":"https:\/\/www.globallistings.info\/lv\/wp-json\/wp\/v2\/users\/1"}],"replies":[{"embeddable":true,"href":"https:\/\/www.globallistings.info\/lv\/wp-json\/wp\/v2\/comments?post=16346"}],"version-history":[{"count":0,"href":"https:\/\/www.globallistings.info\/lv\/wp-json\/wp\/v2\/pages\/16346\/revisions"}],"wp:attachment":[{"href":"https:\/\/www.globallistings.info\/lv\/wp-json\/wp\/v2\/media?parent=16346"}],"curies":[{"name":"wp","href":"https:\/\/api.w.org\/{rel}","templated":true}]}}