{"id":16873,"date":"2017-03-21T01:03:07","date_gmt":"2017-03-21T01:03:07","guid":{"rendered":"http:\/\/www.globallistings.info\/lv\/programma-isuma\/"},"modified":"2017-11-29T01:21:43","modified_gmt":"2017-11-29T01:21:43","slug":"programma-isuma","status":"publish","type":"page","link":"https:\/\/www.globallistings.info\/lv\/programma-isuma\/","title":{"rendered":"Programma \u012bsum\u0101"},"content":{"rendered":"<div class=\"col-4\">\n<p><img decoding=\"async\" class=\"img-circle img-responsive\" src=\"http:\/\/www.globallistings.info\/app\/uploads\/2016\/11\/services-3.png\" alt=\"content_photo\" \/><\/p>\n<p class=\"content\">PROGRAMMA \u012aSUM\u0100<\/p>\n<\/div>\n<div class=\"col-8\">\n<div class=\"content\">\n<p>Global Listings rada pievilc\u012bgus, nozarei paredz\u0113tus dokumentus ar programm\u0101m \u012bsum\u0101 savu TV klientu v\u0101rd\u0101 vis\u0101 pasaul\u0113, p\u0113c tam nos\u016btot tos pla\u0161sazi\u0146as l\u012bdzek\u013ciem katr\u0101 attiec\u012bgaj\u0101 valst\u012b vai re\u0123ion\u0101 katru dienu vai katru m\u0113nesi. M\u0113s to varam paveikt 36 da\u017e\u0101d\u0101s valod\u0101s un vair\u0101k nek\u0101 145 valst\u012bs pasaul\u0113<\/p>\n<p>M\u016bsu speci\u0101listi, kuri ir autori, lingvisti, redaktori un dizaineri, var izveidot z\u012bmolam piem\u0113rotu, redakcion\u0101lu tekstu, kur\u0161 atspogu\u013co katra TV kan\u0101la galvenos v\u0113st\u012bjumus. To papildina spilgti un piem\u0113roti att\u0113li, kuri izce\u013c visas galven\u0101s pirmizr\u0101des seri\u0101lu, tematisko sezonu un raid\u012bjumu \u012bpa\u0161\u012bbas<\/p>\n<p>Global Listings programmas \u012bsum\u0101 garant\u0113, ka TV kan\u0101la programmu saturs tiks pieg\u0101d\u0101ts laik\u0101, ar visu atbilsto\u0161o inform\u0101ciju un pareizaj\u0101m kontaktperson\u0101m \u2013 un kas, iesp\u0113jams, ir vissvar\u012bg\u0101k \u013coti konkur\u0113jo\u0161\u0101 TV tirg\u016b: t\u0101s konkurentu vid\u016b b\u016bs paman\u0101mas un garant\u0113s maksim\u0101lu atspogu\u013cojumu druk\u0101tajos un tie\u0161saistes pla\u0161sazi\u0146as l\u012bdzek\u013cos<\/p>\n<\/div>\n<\/div>\n","protected":false},"excerpt":{"rendered":"<p>PROGRAMMA \u012aSUM\u0100 Global Listings rada pievilc\u012bgus, nozarei paredz\u0113tus dokumentus ar programm\u0101m \u012bsum\u0101 savu TV klientu v\u0101rd\u0101 vis\u0101 pasaul\u0113, p\u0113c tam nos\u016btot tos pla\u0161sazi\u0146as l\u012bdzek\u013ciem katr\u0101 attiec\u012bgaj\u0101 valst\u012b vai re\u0123ion\u0101 katru dienu vai katru m\u0113nesi. M\u0113s to varam paveikt 36 da\u017e\u0101d\u0101s valod\u0101s un vair\u0101k nek\u0101 145 valst\u012bs pasaul\u0113 M\u016bsu speci\u0101listi, kuri ir autori, lingvisti, redaktori un [&hellip;]<\/p>\n","protected":false},"author":1,"featured_media":0,"parent":0,"menu_order":273,"comment_status":"closed","ping_status":"closed","template":"page-highlights.php","meta":{"_acf_changed":false,"cybocfi_hide_featured_image":"","footnotes":""},"class_list":["post-16873","page","type-page","status-publish","hentry"],"acf":[],"aioseo_notices":[],"yoast_head":"<!-- This site is optimized with the Yoast SEO plugin v27.3 - https:\/\/yoast.com\/product\/yoast-seo-wordpress\/ -->\n<title>Programma \u012bsum\u0101 - Global Listings<\/title>\n<meta name=\"robots\" content=\"index, follow, max-snippet:-1, max-image-preview:large, max-video-preview:-1\" \/>\n<link rel=\"canonical\" href=\"https:\/\/www.globallistings.info\/lv\/programma-isuma\/\" \/>\n<meta property=\"og:locale\" content=\"lv_LV\" \/>\n<meta property=\"og:type\" content=\"article\" \/>\n<meta property=\"og:title\" content=\"Programma \u012bsum\u0101 - Global Listings\" \/>\n<meta property=\"og:description\" content=\"PROGRAMMA \u012aSUM\u0100 Global Listings rada pievilc\u012bgus, nozarei paredz\u0113tus dokumentus ar programm\u0101m \u012bsum\u0101 savu TV klientu v\u0101rd\u0101 vis\u0101 pasaul\u0113, p\u0113c tam nos\u016btot tos pla\u0161sazi\u0146as l\u012bdzek\u013ciem katr\u0101 attiec\u012bgaj\u0101 valst\u012b vai re\u0123ion\u0101 katru dienu vai katru m\u0113nesi. M\u0113s to varam paveikt 36 da\u017e\u0101d\u0101s valod\u0101s un vair\u0101k nek\u0101 145 valst\u012bs pasaul\u0113 M\u016bsu speci\u0101listi, kuri ir autori, lingvisti, redaktori un [&hellip;]\" \/>\n<meta property=\"og:url\" content=\"https:\/\/www.globallistings.info\/lv\/programma-isuma\/\" \/>\n<meta property=\"og:site_name\" content=\"Global Listings\" \/>\n<meta property=\"article:modified_time\" content=\"2017-11-29T01:21:43+00:00\" \/>\n<meta property=\"og:image\" content=\"http:\/\/www.globallistings.info\/app\/uploads\/2016\/11\/services-3.png\" \/>\n<meta name=\"twitter:card\" content=\"summary_large_image\" \/>\n<meta name=\"twitter:label1\" content=\"Est. reading time\" \/>\n\t<meta name=\"twitter:data1\" content=\"1 minute\" \/>\n<script type=\"application\/ld+json\" class=\"yoast-schema-graph\">{\"@context\":\"https:\\\/\\\/schema.org\",\"@graph\":[{\"@type\":\"WebPage\",\"@id\":\"https:\\\/\\\/www.globallistings.info\\\/lv\\\/programma-isuma\\\/\",\"url\":\"https:\\\/\\\/www.globallistings.info\\\/lv\\\/programma-isuma\\\/\",\"name\":\"Programma \u012bsum\u0101 - Global Listings\",\"isPartOf\":{\"@id\":\"https:\\\/\\\/www.globallistings.info\\\/ar\\\/#website\"},\"primaryImageOfPage\":{\"@id\":\"https:\\\/\\\/www.globallistings.info\\\/lv\\\/programma-isuma\\\/#primaryimage\"},\"image\":{\"@id\":\"https:\\\/\\\/www.globallistings.info\\\/lv\\\/programma-isuma\\\/#primaryimage\"},\"thumbnailUrl\":\"http:\\\/\\\/www.globallistings.info\\\/app\\\/uploads\\\/2016\\\/11\\\/services-3.png\",\"datePublished\":\"2017-03-21T01:03:07+00:00\",\"dateModified\":\"2017-11-29T01:21:43+00:00\",\"breadcrumb\":{\"@id\":\"https:\\\/\\\/www.globallistings.info\\\/lv\\\/programma-isuma\\\/#breadcrumb\"},\"inLanguage\":\"lv\",\"potentialAction\":[{\"@type\":\"ReadAction\",\"target\":[\"https:\\\/\\\/www.globallistings.info\\\/lv\\\/programma-isuma\\\/\"]}]},{\"@type\":\"ImageObject\",\"inLanguage\":\"lv\",\"@id\":\"https:\\\/\\\/www.globallistings.info\\\/lv\\\/programma-isuma\\\/#primaryimage\",\"url\":\"http:\\\/\\\/www.globallistings.info\\\/app\\\/uploads\\\/2016\\\/11\\\/services-3.png\",\"contentUrl\":\"http:\\\/\\\/www.globallistings.info\\\/app\\\/uploads\\\/2016\\\/11\\\/services-3.png\"},{\"@type\":\"BreadcrumbList\",\"@id\":\"https:\\\/\\\/www.globallistings.info\\\/lv\\\/programma-isuma\\\/#breadcrumb\",\"itemListElement\":[{\"@type\":\"ListItem\",\"position\":1,\"name\":\"Home\",\"item\":\"https:\\\/\\\/www.globallistings.info\\\/lv\\\/\"},{\"@type\":\"ListItem\",\"position\":2,\"name\":\"Programma \u012bsum\u0101\"}]},{\"@type\":\"WebSite\",\"@id\":\"https:\\\/\\\/www.globallistings.info\\\/ar\\\/#website\",\"url\":\"https:\\\/\\\/www.globallistings.info\\\/ar\\\/\",\"name\":\"Global Listings\",\"description\":\"\",\"potentialAction\":[{\"@type\":\"SearchAction\",\"target\":{\"@type\":\"EntryPoint\",\"urlTemplate\":\"https:\\\/\\\/www.globallistings.info\\\/ar\\\/?s={search_term_string}\"},\"query-input\":{\"@type\":\"PropertyValueSpecification\",\"valueRequired\":true,\"valueName\":\"search_term_string\"}}],\"inLanguage\":\"lv\"}]}<\/script>\n<!-- \/ Yoast SEO plugin. -->","yoast_head_json":{"title":"Programma \u012bsum\u0101 - Global Listings","robots":{"index":"index","follow":"follow","max-snippet":"max-snippet:-1","max-image-preview":"max-image-preview:large","max-video-preview":"max-video-preview:-1"},"canonical":"https:\/\/www.globallistings.info\/lv\/programma-isuma\/","og_locale":"lv_LV","og_type":"article","og_title":"Programma \u012bsum\u0101 - Global Listings","og_description":"PROGRAMMA \u012aSUM\u0100 Global Listings rada pievilc\u012bgus, nozarei paredz\u0113tus dokumentus ar programm\u0101m \u012bsum\u0101 savu TV klientu v\u0101rd\u0101 vis\u0101 pasaul\u0113, p\u0113c tam nos\u016btot tos pla\u0161sazi\u0146as l\u012bdzek\u013ciem katr\u0101 attiec\u012bgaj\u0101 valst\u012b vai re\u0123ion\u0101 katru dienu vai katru m\u0113nesi. M\u0113s to varam paveikt 36 da\u017e\u0101d\u0101s valod\u0101s un vair\u0101k nek\u0101 145 valst\u012bs pasaul\u0113 M\u016bsu speci\u0101listi, kuri ir autori, lingvisti, redaktori un [&hellip;]","og_url":"https:\/\/www.globallistings.info\/lv\/programma-isuma\/","og_site_name":"Global Listings","article_modified_time":"2017-11-29T01:21:43+00:00","og_image":[{"url":"http:\/\/www.globallistings.info\/app\/uploads\/2016\/11\/services-3.png","type":"","width":"","height":""}],"twitter_card":"summary_large_image","twitter_misc":{"Est. reading time":"1 minute"},"schema":{"@context":"https:\/\/schema.org","@graph":[{"@type":"WebPage","@id":"https:\/\/www.globallistings.info\/lv\/programma-isuma\/","url":"https:\/\/www.globallistings.info\/lv\/programma-isuma\/","name":"Programma \u012bsum\u0101 - Global Listings","isPartOf":{"@id":"https:\/\/www.globallistings.info\/ar\/#website"},"primaryImageOfPage":{"@id":"https:\/\/www.globallistings.info\/lv\/programma-isuma\/#primaryimage"},"image":{"@id":"https:\/\/www.globallistings.info\/lv\/programma-isuma\/#primaryimage"},"thumbnailUrl":"http:\/\/www.globallistings.info\/app\/uploads\/2016\/11\/services-3.png","datePublished":"2017-03-21T01:03:07+00:00","dateModified":"2017-11-29T01:21:43+00:00","breadcrumb":{"@id":"https:\/\/www.globallistings.info\/lv\/programma-isuma\/#breadcrumb"},"inLanguage":"lv","potentialAction":[{"@type":"ReadAction","target":["https:\/\/www.globallistings.info\/lv\/programma-isuma\/"]}]},{"@type":"ImageObject","inLanguage":"lv","@id":"https:\/\/www.globallistings.info\/lv\/programma-isuma\/#primaryimage","url":"http:\/\/www.globallistings.info\/app\/uploads\/2016\/11\/services-3.png","contentUrl":"http:\/\/www.globallistings.info\/app\/uploads\/2016\/11\/services-3.png"},{"@type":"BreadcrumbList","@id":"https:\/\/www.globallistings.info\/lv\/programma-isuma\/#breadcrumb","itemListElement":[{"@type":"ListItem","position":1,"name":"Home","item":"https:\/\/www.globallistings.info\/lv\/"},{"@type":"ListItem","position":2,"name":"Programma \u012bsum\u0101"}]},{"@type":"WebSite","@id":"https:\/\/www.globallistings.info\/ar\/#website","url":"https:\/\/www.globallistings.info\/ar\/","name":"Global Listings","description":"","potentialAction":[{"@type":"SearchAction","target":{"@type":"EntryPoint","urlTemplate":"https:\/\/www.globallistings.info\/ar\/?s={search_term_string}"},"query-input":{"@type":"PropertyValueSpecification","valueRequired":true,"valueName":"search_term_string"}}],"inLanguage":"lv"}]}},"_links":{"self":[{"href":"https:\/\/www.globallistings.info\/lv\/wp-json\/wp\/v2\/pages\/16873","targetHints":{"allow":["GET"]}}],"collection":[{"href":"https:\/\/www.globallistings.info\/lv\/wp-json\/wp\/v2\/pages"}],"about":[{"href":"https:\/\/www.globallistings.info\/lv\/wp-json\/wp\/v2\/types\/page"}],"author":[{"embeddable":true,"href":"https:\/\/www.globallistings.info\/lv\/wp-json\/wp\/v2\/users\/1"}],"replies":[{"embeddable":true,"href":"https:\/\/www.globallistings.info\/lv\/wp-json\/wp\/v2\/comments?post=16873"}],"version-history":[{"count":0,"href":"https:\/\/www.globallistings.info\/lv\/wp-json\/wp\/v2\/pages\/16873\/revisions"}],"wp:attachment":[{"href":"https:\/\/www.globallistings.info\/lv\/wp-json\/wp\/v2\/media?parent=16873"}],"curies":[{"name":"wp","href":"https:\/\/api.w.org\/{rel}","templated":true}]}}