{"id":17029,"date":"2017-03-21T12:45:56","date_gmt":"2017-03-21T12:45:56","guid":{"rendered":"http:\/\/www.globallistings.info\/nb\/global-distribusjon\/"},"modified":"2017-04-12T14:59:57","modified_gmt":"2017-04-12T14:59:57","slug":"global-distribusjon","status":"publish","type":"page","link":"https:\/\/www.globallistings.info\/nb\/global-distribusjon\/","title":{"rendered":"Global distribusjon"},"content":{"rendered":"<div class=\"col-4\">\n<p><img decoding=\"async\" class=\"img-circle img-responsive\" src=\"http:\/\/www.globallistings.info\/app\/uploads\/2017\/02\/hand.png\" alt=\"content-photo\" \/><\/p>\n<p class=\"content\">GLOBAL\u00a0DISTRIBUSJON<\/p>\n<\/div>\n<div class=\"col-8\">\n<div class=\"content\">\n<p>Global Listings vet at godt innhold alene ikke er nok. Det m\u00e5 ogs\u00e5 kommuniseres til mottakerne p\u00e5 riktig m\u00e5te og til rett tid, ellers f\u00e5r ikke programmene den mediedekningen de fortjener<\/p>\n<p>Vi utvikler tilpassede distribusjonslister til hvert enkelt land for \u00e5 distribuere programinnholdet til de rette mottakerne, alltid innen tidsfristen<\/p>\n<p>V\u00e5r erfaring og tilgang til ledende akt\u00f8rer innen mediebransjen inneb\u00e6rer at vi kan tilby en eksepsjonell distribusjonsstjeneste per e-post<\/p>\n<p>Gjennom databasen og v\u00e5r kjennskap til globale tidsfrister for pressemateriale, programoversikter, h\u00f8ydepunkter og mer, kan vi levere kanalenes programinnhold til n\u00f8yaktig rett tid<\/p>\n<p>I tillegg til \u00e5 utforme m\u00e5lrettede e-postlister for ethvert omr\u00e5de over hele verden kan vi ogs\u00e5 hjelpe kundene med deres eksisterende nettverk og sjekke om de har f\u00e5tt med seg de viktigste mediekontaktene og st\u00f8rste akt\u00f8rene i sitt land eller region<\/p>\n<p>N\u00e5r alt er ferdigstilt, s\u00f8rger vi selvsagt for at alt er up-to-date gjennom regelmessige kontroller og oppdateringer<\/p>\n<\/div>\n<\/div>\n","protected":false},"excerpt":{"rendered":"<p>GLOBAL\u00a0DISTRIBUSJON Global Listings vet at godt innhold alene ikke er nok. Det m\u00e5 ogs\u00e5 kommuniseres til mottakerne p\u00e5 riktig m\u00e5te og til rett tid, ellers f\u00e5r ikke programmene den mediedekningen de fortjener Vi utvikler tilpassede distribusjonslister til hvert enkelt land for \u00e5 distribuere programinnholdet til de rette mottakerne, alltid innen tidsfristen V\u00e5r erfaring og tilgang [&hellip;]<\/p>\n","protected":false},"author":1,"featured_media":0,"parent":0,"menu_order":251,"comment_status":"closed","ping_status":"closed","template":"page-globaldistribution.php","meta":{"_acf_changed":false,"cybocfi_hide_featured_image":"","footnotes":""},"class_list":["post-17029","page","type-page","status-publish","hentry"],"acf":[],"aioseo_notices":[],"yoast_head":"<!-- This site is optimized with the Yoast SEO plugin v27.3 - https:\/\/yoast.com\/product\/yoast-seo-wordpress\/ -->\n<title>Global distribusjon - Global Listings<\/title>\n<meta name=\"robots\" content=\"index, follow, max-snippet:-1, max-image-preview:large, max-video-preview:-1\" \/>\n<link rel=\"canonical\" href=\"https:\/\/www.globallistings.info\/nb\/global-distribusjon\/\" \/>\n<meta property=\"og:locale\" content=\"nb_NO\" \/>\n<meta property=\"og:type\" content=\"article\" \/>\n<meta property=\"og:title\" content=\"Global distribusjon - Global Listings\" \/>\n<meta property=\"og:description\" content=\"GLOBAL\u00a0DISTRIBUSJON Global Listings vet at godt innhold alene ikke er nok. Det m\u00e5 ogs\u00e5 kommuniseres til mottakerne p\u00e5 riktig m\u00e5te og til rett tid, ellers f\u00e5r ikke programmene den mediedekningen de fortjener Vi utvikler tilpassede distribusjonslister til hvert enkelt land for \u00e5 distribuere programinnholdet til de rette mottakerne, alltid innen tidsfristen V\u00e5r erfaring og tilgang [&hellip;]\" \/>\n<meta property=\"og:url\" content=\"https:\/\/www.globallistings.info\/nb\/global-distribusjon\/\" \/>\n<meta property=\"og:site_name\" content=\"Global Listings\" \/>\n<meta property=\"article:modified_time\" content=\"2017-04-12T14:59:57+00:00\" \/>\n<meta property=\"og:image\" content=\"http:\/\/www.globallistings.info\/app\/uploads\/2017\/02\/hand.png\" \/>\n<meta name=\"twitter:card\" content=\"summary_large_image\" \/>\n<meta name=\"twitter:label1\" content=\"Est. reading time\" \/>\n\t<meta name=\"twitter:data1\" content=\"1 minute\" \/>\n<script type=\"application\/ld+json\" class=\"yoast-schema-graph\">{\"@context\":\"https:\\\/\\\/schema.org\",\"@graph\":[{\"@type\":\"WebPage\",\"@id\":\"https:\\\/\\\/www.globallistings.info\\\/nb\\\/global-distribusjon\\\/\",\"url\":\"https:\\\/\\\/www.globallistings.info\\\/nb\\\/global-distribusjon\\\/\",\"name\":\"Global distribusjon - Global Listings\",\"isPartOf\":{\"@id\":\"https:\\\/\\\/www.globallistings.info\\\/ar\\\/#website\"},\"primaryImageOfPage\":{\"@id\":\"https:\\\/\\\/www.globallistings.info\\\/nb\\\/global-distribusjon\\\/#primaryimage\"},\"image\":{\"@id\":\"https:\\\/\\\/www.globallistings.info\\\/nb\\\/global-distribusjon\\\/#primaryimage\"},\"thumbnailUrl\":\"http:\\\/\\\/www.globallistings.info\\\/app\\\/uploads\\\/2017\\\/02\\\/hand.png\",\"datePublished\":\"2017-03-21T12:45:56+00:00\",\"dateModified\":\"2017-04-12T14:59:57+00:00\",\"breadcrumb\":{\"@id\":\"https:\\\/\\\/www.globallistings.info\\\/nb\\\/global-distribusjon\\\/#breadcrumb\"},\"inLanguage\":\"nb-NO\",\"potentialAction\":[{\"@type\":\"ReadAction\",\"target\":[\"https:\\\/\\\/www.globallistings.info\\\/nb\\\/global-distribusjon\\\/\"]}]},{\"@type\":\"ImageObject\",\"inLanguage\":\"nb-NO\",\"@id\":\"https:\\\/\\\/www.globallistings.info\\\/nb\\\/global-distribusjon\\\/#primaryimage\",\"url\":\"http:\\\/\\\/www.globallistings.info\\\/app\\\/uploads\\\/2017\\\/02\\\/hand.png\",\"contentUrl\":\"http:\\\/\\\/www.globallistings.info\\\/app\\\/uploads\\\/2017\\\/02\\\/hand.png\"},{\"@type\":\"BreadcrumbList\",\"@id\":\"https:\\\/\\\/www.globallistings.info\\\/nb\\\/global-distribusjon\\\/#breadcrumb\",\"itemListElement\":[{\"@type\":\"ListItem\",\"position\":1,\"name\":\"Home\",\"item\":\"https:\\\/\\\/www.globallistings.info\\\/nb\\\/\"},{\"@type\":\"ListItem\",\"position\":2,\"name\":\"Global distribusjon\"}]},{\"@type\":\"WebSite\",\"@id\":\"https:\\\/\\\/www.globallistings.info\\\/ar\\\/#website\",\"url\":\"https:\\\/\\\/www.globallistings.info\\\/ar\\\/\",\"name\":\"Global Listings\",\"description\":\"\",\"potentialAction\":[{\"@type\":\"SearchAction\",\"target\":{\"@type\":\"EntryPoint\",\"urlTemplate\":\"https:\\\/\\\/www.globallistings.info\\\/ar\\\/?s={search_term_string}\"},\"query-input\":{\"@type\":\"PropertyValueSpecification\",\"valueRequired\":true,\"valueName\":\"search_term_string\"}}],\"inLanguage\":\"nb-NO\"}]}<\/script>\n<!-- \/ Yoast SEO plugin. -->","yoast_head_json":{"title":"Global distribusjon - Global Listings","robots":{"index":"index","follow":"follow","max-snippet":"max-snippet:-1","max-image-preview":"max-image-preview:large","max-video-preview":"max-video-preview:-1"},"canonical":"https:\/\/www.globallistings.info\/nb\/global-distribusjon\/","og_locale":"nb_NO","og_type":"article","og_title":"Global distribusjon - Global Listings","og_description":"GLOBAL\u00a0DISTRIBUSJON Global Listings vet at godt innhold alene ikke er nok. Det m\u00e5 ogs\u00e5 kommuniseres til mottakerne p\u00e5 riktig m\u00e5te og til rett tid, ellers f\u00e5r ikke programmene den mediedekningen de fortjener Vi utvikler tilpassede distribusjonslister til hvert enkelt land for \u00e5 distribuere programinnholdet til de rette mottakerne, alltid innen tidsfristen V\u00e5r erfaring og tilgang [&hellip;]","og_url":"https:\/\/www.globallistings.info\/nb\/global-distribusjon\/","og_site_name":"Global Listings","article_modified_time":"2017-04-12T14:59:57+00:00","og_image":[{"url":"http:\/\/www.globallistings.info\/app\/uploads\/2017\/02\/hand.png","type":"","width":"","height":""}],"twitter_card":"summary_large_image","twitter_misc":{"Est. reading time":"1 minute"},"schema":{"@context":"https:\/\/schema.org","@graph":[{"@type":"WebPage","@id":"https:\/\/www.globallistings.info\/nb\/global-distribusjon\/","url":"https:\/\/www.globallistings.info\/nb\/global-distribusjon\/","name":"Global distribusjon - Global Listings","isPartOf":{"@id":"https:\/\/www.globallistings.info\/ar\/#website"},"primaryImageOfPage":{"@id":"https:\/\/www.globallistings.info\/nb\/global-distribusjon\/#primaryimage"},"image":{"@id":"https:\/\/www.globallistings.info\/nb\/global-distribusjon\/#primaryimage"},"thumbnailUrl":"http:\/\/www.globallistings.info\/app\/uploads\/2017\/02\/hand.png","datePublished":"2017-03-21T12:45:56+00:00","dateModified":"2017-04-12T14:59:57+00:00","breadcrumb":{"@id":"https:\/\/www.globallistings.info\/nb\/global-distribusjon\/#breadcrumb"},"inLanguage":"nb-NO","potentialAction":[{"@type":"ReadAction","target":["https:\/\/www.globallistings.info\/nb\/global-distribusjon\/"]}]},{"@type":"ImageObject","inLanguage":"nb-NO","@id":"https:\/\/www.globallistings.info\/nb\/global-distribusjon\/#primaryimage","url":"http:\/\/www.globallistings.info\/app\/uploads\/2017\/02\/hand.png","contentUrl":"http:\/\/www.globallistings.info\/app\/uploads\/2017\/02\/hand.png"},{"@type":"BreadcrumbList","@id":"https:\/\/www.globallistings.info\/nb\/global-distribusjon\/#breadcrumb","itemListElement":[{"@type":"ListItem","position":1,"name":"Home","item":"https:\/\/www.globallistings.info\/nb\/"},{"@type":"ListItem","position":2,"name":"Global distribusjon"}]},{"@type":"WebSite","@id":"https:\/\/www.globallistings.info\/ar\/#website","url":"https:\/\/www.globallistings.info\/ar\/","name":"Global Listings","description":"","potentialAction":[{"@type":"SearchAction","target":{"@type":"EntryPoint","urlTemplate":"https:\/\/www.globallistings.info\/ar\/?s={search_term_string}"},"query-input":{"@type":"PropertyValueSpecification","valueRequired":true,"valueName":"search_term_string"}}],"inLanguage":"nb-NO"}]}},"_links":{"self":[{"href":"https:\/\/www.globallistings.info\/nb\/wp-json\/wp\/v2\/pages\/17029","targetHints":{"allow":["GET"]}}],"collection":[{"href":"https:\/\/www.globallistings.info\/nb\/wp-json\/wp\/v2\/pages"}],"about":[{"href":"https:\/\/www.globallistings.info\/nb\/wp-json\/wp\/v2\/types\/page"}],"author":[{"embeddable":true,"href":"https:\/\/www.globallistings.info\/nb\/wp-json\/wp\/v2\/users\/1"}],"replies":[{"embeddable":true,"href":"https:\/\/www.globallistings.info\/nb\/wp-json\/wp\/v2\/comments?post=17029"}],"version-history":[{"count":0,"href":"https:\/\/www.globallistings.info\/nb\/wp-json\/wp\/v2\/pages\/17029\/revisions"}],"wp:attachment":[{"href":"https:\/\/www.globallistings.info\/nb\/wp-json\/wp\/v2\/media?parent=17029"}],"curies":[{"name":"wp","href":"https:\/\/api.w.org\/{rel}","templated":true}]}}