{"id":17031,"date":"2017-03-21T13:11:51","date_gmt":"2017-03-21T13:11:51","guid":{"rendered":"http:\/\/www.globallistings.info\/nb\/sosiale-medier\/"},"modified":"2017-04-12T14:58:54","modified_gmt":"2017-04-12T14:58:54","slug":"sosiale-medier","status":"publish","type":"page","link":"https:\/\/www.globallistings.info\/nb\/sosiale-medier\/","title":{"rendered":"Sosiale medier"},"content":{"rendered":"<div class=\"col-4\">\n<p><img decoding=\"async\" class=\"img-circle img-responsive\" src=\"http:\/\/www.globallistings.info\/app\/uploads\/2017\/01\/sm.png\" alt=\"\" \/><\/p>\n<p class=\"content\">SOSIALE MEDIER<\/p>\n<\/div>\n<div class=\"col-8\">\n<div class=\"content\">\n<p>V\u00e5re eksperter, b\u00e5de i Storbritannia og i \u00f8vrige land, samler inn metadata om TV-underholdning fra hele verden<\/p>\n<p>Gjennom COPE-systemet (Create Once, Publish Everywhere) f\u00e5r kundene v\u00e5re mest mulig ut av metadataene og bildene vi har lagret for dem<\/p>\n<p>Med COPE kan Global Listings tilpasse informasjon og bilder til ulike plattformer og forskjellige brukere, fra nettsider til VOD-tjenester, samtidig som det holder h\u00f8y kvalitet<\/p>\n<p>Dette inneb\u00e6rer at kundene kan f\u00e5 nyttig og verdifull informasjon til sine kontoer p\u00e5 sosiale medier; Facebook, Twitter, Instagram og Snapchat. Gjennom tekst og bilder som styrker merkevaren samt oppdaterte programoversikter f\u00e5r kundene st\u00f8rst mulig verdi av informasjonen vi allerede har samlet for dem<\/p>\n<\/div>\n<\/div>\n","protected":false},"excerpt":{"rendered":"<p>SOSIALE MEDIER V\u00e5re eksperter, b\u00e5de i Storbritannia og i \u00f8vrige land, samler inn metadata om TV-underholdning fra hele verden Gjennom COPE-systemet (Create Once, Publish Everywhere) f\u00e5r kundene v\u00e5re mest mulig ut av metadataene og bildene vi har lagret for dem Med COPE kan Global Listings tilpasse informasjon og bilder til ulike plattformer og forskjellige brukere, [&hellip;]<\/p>\n","protected":false},"author":1,"featured_media":0,"parent":0,"menu_order":437,"comment_status":"closed","ping_status":"closed","template":"page-epgs.php","meta":{"_acf_changed":false,"cybocfi_hide_featured_image":"","footnotes":""},"class_list":["post-17031","page","type-page","status-publish","hentry"],"acf":[],"aioseo_notices":[],"yoast_head":"<!-- This site is optimized with the Yoast SEO plugin v27.4 - https:\/\/yoast.com\/product\/yoast-seo-wordpress\/ -->\n<title>Sosiale medier - Global Listings<\/title>\n<meta name=\"robots\" content=\"index, follow, max-snippet:-1, max-image-preview:large, max-video-preview:-1\" \/>\n<link rel=\"canonical\" href=\"https:\/\/www.globallistings.info\/nb\/sosiale-medier\/\" \/>\n<meta property=\"og:locale\" content=\"nb_NO\" \/>\n<meta property=\"og:type\" content=\"article\" \/>\n<meta property=\"og:title\" content=\"Sosiale medier - Global Listings\" \/>\n<meta property=\"og:description\" content=\"SOSIALE MEDIER V\u00e5re eksperter, b\u00e5de i Storbritannia og i \u00f8vrige land, samler inn metadata om TV-underholdning fra hele verden Gjennom COPE-systemet (Create Once, Publish Everywhere) f\u00e5r kundene v\u00e5re mest mulig ut av metadataene og bildene vi har lagret for dem Med COPE kan Global Listings tilpasse informasjon og bilder til ulike plattformer og forskjellige brukere, [&hellip;]\" \/>\n<meta property=\"og:url\" content=\"https:\/\/www.globallistings.info\/nb\/sosiale-medier\/\" \/>\n<meta property=\"og:site_name\" content=\"Global Listings\" \/>\n<meta property=\"article:modified_time\" content=\"2017-04-12T14:58:54+00:00\" \/>\n<meta property=\"og:image\" content=\"http:\/\/www.globallistings.info\/app\/uploads\/2017\/01\/sm.png\" \/>\n<meta name=\"twitter:card\" content=\"summary_large_image\" \/>\n<meta name=\"twitter:label1\" content=\"Est. reading time\" \/>\n\t<meta name=\"twitter:data1\" content=\"1 minute\" \/>\n<script type=\"application\/ld+json\" class=\"yoast-schema-graph\">{\"@context\":\"https:\\\/\\\/schema.org\",\"@graph\":[{\"@type\":\"WebPage\",\"@id\":\"https:\\\/\\\/www.globallistings.info\\\/nb\\\/sosiale-medier\\\/\",\"url\":\"https:\\\/\\\/www.globallistings.info\\\/nb\\\/sosiale-medier\\\/\",\"name\":\"Sosiale medier - Global Listings\",\"isPartOf\":{\"@id\":\"https:\\\/\\\/www.globallistings.info\\\/ar\\\/#website\"},\"primaryImageOfPage\":{\"@id\":\"https:\\\/\\\/www.globallistings.info\\\/nb\\\/sosiale-medier\\\/#primaryimage\"},\"image\":{\"@id\":\"https:\\\/\\\/www.globallistings.info\\\/nb\\\/sosiale-medier\\\/#primaryimage\"},\"thumbnailUrl\":\"http:\\\/\\\/www.globallistings.info\\\/app\\\/uploads\\\/2017\\\/01\\\/sm.png\",\"datePublished\":\"2017-03-21T13:11:51+00:00\",\"dateModified\":\"2017-04-12T14:58:54+00:00\",\"breadcrumb\":{\"@id\":\"https:\\\/\\\/www.globallistings.info\\\/nb\\\/sosiale-medier\\\/#breadcrumb\"},\"inLanguage\":\"nb-NO\",\"potentialAction\":[{\"@type\":\"ReadAction\",\"target\":[\"https:\\\/\\\/www.globallistings.info\\\/nb\\\/sosiale-medier\\\/\"]}]},{\"@type\":\"ImageObject\",\"inLanguage\":\"nb-NO\",\"@id\":\"https:\\\/\\\/www.globallistings.info\\\/nb\\\/sosiale-medier\\\/#primaryimage\",\"url\":\"http:\\\/\\\/www.globallistings.info\\\/app\\\/uploads\\\/2017\\\/01\\\/sm.png\",\"contentUrl\":\"http:\\\/\\\/www.globallistings.info\\\/app\\\/uploads\\\/2017\\\/01\\\/sm.png\"},{\"@type\":\"BreadcrumbList\",\"@id\":\"https:\\\/\\\/www.globallistings.info\\\/nb\\\/sosiale-medier\\\/#breadcrumb\",\"itemListElement\":[{\"@type\":\"ListItem\",\"position\":1,\"name\":\"Home\",\"item\":\"https:\\\/\\\/www.globallistings.info\\\/nb\\\/\"},{\"@type\":\"ListItem\",\"position\":2,\"name\":\"Sosiale medier\"}]},{\"@type\":\"WebSite\",\"@id\":\"https:\\\/\\\/www.globallistings.info\\\/ar\\\/#website\",\"url\":\"https:\\\/\\\/www.globallistings.info\\\/ar\\\/\",\"name\":\"Global Listings\",\"description\":\"\",\"potentialAction\":[{\"@type\":\"SearchAction\",\"target\":{\"@type\":\"EntryPoint\",\"urlTemplate\":\"https:\\\/\\\/www.globallistings.info\\\/ar\\\/?s={search_term_string}\"},\"query-input\":{\"@type\":\"PropertyValueSpecification\",\"valueRequired\":true,\"valueName\":\"search_term_string\"}}],\"inLanguage\":\"nb-NO\"}]}<\/script>\n<!-- \/ Yoast SEO plugin. -->","yoast_head_json":{"title":"Sosiale medier - Global Listings","robots":{"index":"index","follow":"follow","max-snippet":"max-snippet:-1","max-image-preview":"max-image-preview:large","max-video-preview":"max-video-preview:-1"},"canonical":"https:\/\/www.globallistings.info\/nb\/sosiale-medier\/","og_locale":"nb_NO","og_type":"article","og_title":"Sosiale medier - Global Listings","og_description":"SOSIALE MEDIER V\u00e5re eksperter, b\u00e5de i Storbritannia og i \u00f8vrige land, samler inn metadata om TV-underholdning fra hele verden Gjennom COPE-systemet (Create Once, Publish Everywhere) f\u00e5r kundene v\u00e5re mest mulig ut av metadataene og bildene vi har lagret for dem Med COPE kan Global Listings tilpasse informasjon og bilder til ulike plattformer og forskjellige brukere, [&hellip;]","og_url":"https:\/\/www.globallistings.info\/nb\/sosiale-medier\/","og_site_name":"Global Listings","article_modified_time":"2017-04-12T14:58:54+00:00","og_image":[{"url":"http:\/\/www.globallistings.info\/app\/uploads\/2017\/01\/sm.png","type":"","width":"","height":""}],"twitter_card":"summary_large_image","twitter_misc":{"Est. reading time":"1 minute"},"schema":{"@context":"https:\/\/schema.org","@graph":[{"@type":"WebPage","@id":"https:\/\/www.globallistings.info\/nb\/sosiale-medier\/","url":"https:\/\/www.globallistings.info\/nb\/sosiale-medier\/","name":"Sosiale medier - Global Listings","isPartOf":{"@id":"https:\/\/www.globallistings.info\/ar\/#website"},"primaryImageOfPage":{"@id":"https:\/\/www.globallistings.info\/nb\/sosiale-medier\/#primaryimage"},"image":{"@id":"https:\/\/www.globallistings.info\/nb\/sosiale-medier\/#primaryimage"},"thumbnailUrl":"http:\/\/www.globallistings.info\/app\/uploads\/2017\/01\/sm.png","datePublished":"2017-03-21T13:11:51+00:00","dateModified":"2017-04-12T14:58:54+00:00","breadcrumb":{"@id":"https:\/\/www.globallistings.info\/nb\/sosiale-medier\/#breadcrumb"},"inLanguage":"nb-NO","potentialAction":[{"@type":"ReadAction","target":["https:\/\/www.globallistings.info\/nb\/sosiale-medier\/"]}]},{"@type":"ImageObject","inLanguage":"nb-NO","@id":"https:\/\/www.globallistings.info\/nb\/sosiale-medier\/#primaryimage","url":"http:\/\/www.globallistings.info\/app\/uploads\/2017\/01\/sm.png","contentUrl":"http:\/\/www.globallistings.info\/app\/uploads\/2017\/01\/sm.png"},{"@type":"BreadcrumbList","@id":"https:\/\/www.globallistings.info\/nb\/sosiale-medier\/#breadcrumb","itemListElement":[{"@type":"ListItem","position":1,"name":"Home","item":"https:\/\/www.globallistings.info\/nb\/"},{"@type":"ListItem","position":2,"name":"Sosiale medier"}]},{"@type":"WebSite","@id":"https:\/\/www.globallistings.info\/ar\/#website","url":"https:\/\/www.globallistings.info\/ar\/","name":"Global Listings","description":"","potentialAction":[{"@type":"SearchAction","target":{"@type":"EntryPoint","urlTemplate":"https:\/\/www.globallistings.info\/ar\/?s={search_term_string}"},"query-input":{"@type":"PropertyValueSpecification","valueRequired":true,"valueName":"search_term_string"}}],"inLanguage":"nb-NO"}]}},"_links":{"self":[{"href":"https:\/\/www.globallistings.info\/nb\/wp-json\/wp\/v2\/pages\/17031","targetHints":{"allow":["GET"]}}],"collection":[{"href":"https:\/\/www.globallistings.info\/nb\/wp-json\/wp\/v2\/pages"}],"about":[{"href":"https:\/\/www.globallistings.info\/nb\/wp-json\/wp\/v2\/types\/page"}],"author":[{"embeddable":true,"href":"https:\/\/www.globallistings.info\/nb\/wp-json\/wp\/v2\/users\/1"}],"replies":[{"embeddable":true,"href":"https:\/\/www.globallistings.info\/nb\/wp-json\/wp\/v2\/comments?post=17031"}],"version-history":[{"count":0,"href":"https:\/\/www.globallistings.info\/nb\/wp-json\/wp\/v2\/pages\/17031\/revisions"}],"wp:attachment":[{"href":"https:\/\/www.globallistings.info\/nb\/wp-json\/wp\/v2\/media?parent=17031"}],"curies":[{"name":"wp","href":"https:\/\/api.w.org\/{rel}","templated":true}]}}