{"id":17034,"date":"2017-03-21T14:00:08","date_gmt":"2017-03-21T14:00:08","guid":{"rendered":"http:\/\/www.globallistings.info\/nb\/hoeydepunkter\/"},"modified":"2017-04-12T14:57:37","modified_gmt":"2017-04-12T14:57:37","slug":"hoeydepunkter","status":"publish","type":"page","link":"https:\/\/www.globallistings.info\/nb\/hoeydepunkter\/","title":{"rendered":"H\u00f8ydepunkter"},"content":{"rendered":"<div class=\"col-4\">\n<p><img decoding=\"async\" class=\"img-circle img-responsive\" src=\"http:\/\/www.globallistings.info\/app\/uploads\/2016\/11\/services-3.png\" alt=\"content_photo\" \/><\/p>\n<p class=\"content\">H\u00d8YDEPUNKTER<\/p>\n<\/div>\n<div class=\"col-8\">\n<div class=\"content\">\n<p>Global Listings presenterer h\u00f8ydepunkter fra TV-selskaper over hele verden, som distribueres til media i hvert land eller region p\u00e5 ukentlig eller m\u00e5nedlig basis. Vi jobber med 36 spr\u00e5k i 145 land<\/p>\n<p>V\u00e5re skribenter, lingvister, redakt\u00f8rer og designere kan produsere redaksjonelt innhold tilpasset TV-kanalens profil. I kombinasjon med flotte bilder reklamerer man effektivt for kanalens nylanseringer eller aktuelle serier<\/p>\n<p>Global Listings garanterer at TV-kanalenes programinnhold leveres i tide, inneholder rett informasjon og distribueres til de riktige mottakerne. Og kanskje aller viktigst i en t\u00f8ff bransje: tekstene skiller seg fra konkurrentenes og sikrer kundene mest mulig oppmerksomhet i trykte medier og p\u00e5 nettet<\/p>\n<\/div>\n<\/div>\n","protected":false},"excerpt":{"rendered":"<p>H\u00d8YDEPUNKTER Global Listings presenterer h\u00f8ydepunkter fra TV-selskaper over hele verden, som distribueres til media i hvert land eller region p\u00e5 ukentlig eller m\u00e5nedlig basis. Vi jobber med 36 spr\u00e5k i 145 land V\u00e5re skribenter, lingvister, redakt\u00f8rer og designere kan produsere redaksjonelt innhold tilpasset TV-kanalens profil. I kombinasjon med flotte bilder reklamerer man effektivt for kanalens [&hellip;]<\/p>\n","protected":false},"author":1,"featured_media":0,"parent":0,"menu_order":252,"comment_status":"closed","ping_status":"closed","template":"page-highlights.php","meta":{"_acf_changed":false,"cybocfi_hide_featured_image":"","footnotes":""},"class_list":["post-17034","page","type-page","status-publish","hentry"],"acf":[],"aioseo_notices":[],"yoast_head":"<!-- This site is optimized with the Yoast SEO plugin v27.3 - https:\/\/yoast.com\/product\/yoast-seo-wordpress\/ -->\n<title>H\u00f8ydepunkter - Global Listings<\/title>\n<meta name=\"robots\" content=\"index, follow, max-snippet:-1, max-image-preview:large, max-video-preview:-1\" \/>\n<link rel=\"canonical\" href=\"https:\/\/www.globallistings.info\/nb\/hoeydepunkter\/\" \/>\n<meta property=\"og:locale\" content=\"nb_NO\" \/>\n<meta property=\"og:type\" content=\"article\" \/>\n<meta property=\"og:title\" content=\"H\u00f8ydepunkter - Global Listings\" \/>\n<meta property=\"og:description\" content=\"H\u00d8YDEPUNKTER Global Listings presenterer h\u00f8ydepunkter fra TV-selskaper over hele verden, som distribueres til media i hvert land eller region p\u00e5 ukentlig eller m\u00e5nedlig basis. Vi jobber med 36 spr\u00e5k i 145 land V\u00e5re skribenter, lingvister, redakt\u00f8rer og designere kan produsere redaksjonelt innhold tilpasset TV-kanalens profil. I kombinasjon med flotte bilder reklamerer man effektivt for kanalens [&hellip;]\" \/>\n<meta property=\"og:url\" content=\"https:\/\/www.globallistings.info\/nb\/hoeydepunkter\/\" \/>\n<meta property=\"og:site_name\" content=\"Global Listings\" \/>\n<meta property=\"article:modified_time\" content=\"2017-04-12T14:57:37+00:00\" \/>\n<meta property=\"og:image\" content=\"http:\/\/www.globallistings.info\/app\/uploads\/2016\/11\/services-3.png\" \/>\n<meta name=\"twitter:card\" content=\"summary_large_image\" \/>\n<meta name=\"twitter:label1\" content=\"Est. reading time\" \/>\n\t<meta name=\"twitter:data1\" content=\"1 minute\" \/>\n<script type=\"application\/ld+json\" class=\"yoast-schema-graph\">{\"@context\":\"https:\\\/\\\/schema.org\",\"@graph\":[{\"@type\":\"WebPage\",\"@id\":\"https:\\\/\\\/www.globallistings.info\\\/nb\\\/hoeydepunkter\\\/\",\"url\":\"https:\\\/\\\/www.globallistings.info\\\/nb\\\/hoeydepunkter\\\/\",\"name\":\"H\u00f8ydepunkter - Global Listings\",\"isPartOf\":{\"@id\":\"https:\\\/\\\/www.globallistings.info\\\/ar\\\/#website\"},\"primaryImageOfPage\":{\"@id\":\"https:\\\/\\\/www.globallistings.info\\\/nb\\\/hoeydepunkter\\\/#primaryimage\"},\"image\":{\"@id\":\"https:\\\/\\\/www.globallistings.info\\\/nb\\\/hoeydepunkter\\\/#primaryimage\"},\"thumbnailUrl\":\"http:\\\/\\\/www.globallistings.info\\\/app\\\/uploads\\\/2016\\\/11\\\/services-3.png\",\"datePublished\":\"2017-03-21T14:00:08+00:00\",\"dateModified\":\"2017-04-12T14:57:37+00:00\",\"breadcrumb\":{\"@id\":\"https:\\\/\\\/www.globallistings.info\\\/nb\\\/hoeydepunkter\\\/#breadcrumb\"},\"inLanguage\":\"nb-NO\",\"potentialAction\":[{\"@type\":\"ReadAction\",\"target\":[\"https:\\\/\\\/www.globallistings.info\\\/nb\\\/hoeydepunkter\\\/\"]}]},{\"@type\":\"ImageObject\",\"inLanguage\":\"nb-NO\",\"@id\":\"https:\\\/\\\/www.globallistings.info\\\/nb\\\/hoeydepunkter\\\/#primaryimage\",\"url\":\"http:\\\/\\\/www.globallistings.info\\\/app\\\/uploads\\\/2016\\\/11\\\/services-3.png\",\"contentUrl\":\"http:\\\/\\\/www.globallistings.info\\\/app\\\/uploads\\\/2016\\\/11\\\/services-3.png\"},{\"@type\":\"BreadcrumbList\",\"@id\":\"https:\\\/\\\/www.globallistings.info\\\/nb\\\/hoeydepunkter\\\/#breadcrumb\",\"itemListElement\":[{\"@type\":\"ListItem\",\"position\":1,\"name\":\"Home\",\"item\":\"https:\\\/\\\/www.globallistings.info\\\/nb\\\/\"},{\"@type\":\"ListItem\",\"position\":2,\"name\":\"H\u00f8ydepunkter\"}]},{\"@type\":\"WebSite\",\"@id\":\"https:\\\/\\\/www.globallistings.info\\\/ar\\\/#website\",\"url\":\"https:\\\/\\\/www.globallistings.info\\\/ar\\\/\",\"name\":\"Global Listings\",\"description\":\"\",\"potentialAction\":[{\"@type\":\"SearchAction\",\"target\":{\"@type\":\"EntryPoint\",\"urlTemplate\":\"https:\\\/\\\/www.globallistings.info\\\/ar\\\/?s={search_term_string}\"},\"query-input\":{\"@type\":\"PropertyValueSpecification\",\"valueRequired\":true,\"valueName\":\"search_term_string\"}}],\"inLanguage\":\"nb-NO\"}]}<\/script>\n<!-- \/ Yoast SEO plugin. -->","yoast_head_json":{"title":"H\u00f8ydepunkter - Global Listings","robots":{"index":"index","follow":"follow","max-snippet":"max-snippet:-1","max-image-preview":"max-image-preview:large","max-video-preview":"max-video-preview:-1"},"canonical":"https:\/\/www.globallistings.info\/nb\/hoeydepunkter\/","og_locale":"nb_NO","og_type":"article","og_title":"H\u00f8ydepunkter - Global Listings","og_description":"H\u00d8YDEPUNKTER Global Listings presenterer h\u00f8ydepunkter fra TV-selskaper over hele verden, som distribueres til media i hvert land eller region p\u00e5 ukentlig eller m\u00e5nedlig basis. Vi jobber med 36 spr\u00e5k i 145 land V\u00e5re skribenter, lingvister, redakt\u00f8rer og designere kan produsere redaksjonelt innhold tilpasset TV-kanalens profil. I kombinasjon med flotte bilder reklamerer man effektivt for kanalens [&hellip;]","og_url":"https:\/\/www.globallistings.info\/nb\/hoeydepunkter\/","og_site_name":"Global Listings","article_modified_time":"2017-04-12T14:57:37+00:00","og_image":[{"url":"http:\/\/www.globallistings.info\/app\/uploads\/2016\/11\/services-3.png","type":"","width":"","height":""}],"twitter_card":"summary_large_image","twitter_misc":{"Est. reading time":"1 minute"},"schema":{"@context":"https:\/\/schema.org","@graph":[{"@type":"WebPage","@id":"https:\/\/www.globallistings.info\/nb\/hoeydepunkter\/","url":"https:\/\/www.globallistings.info\/nb\/hoeydepunkter\/","name":"H\u00f8ydepunkter - Global Listings","isPartOf":{"@id":"https:\/\/www.globallistings.info\/ar\/#website"},"primaryImageOfPage":{"@id":"https:\/\/www.globallistings.info\/nb\/hoeydepunkter\/#primaryimage"},"image":{"@id":"https:\/\/www.globallistings.info\/nb\/hoeydepunkter\/#primaryimage"},"thumbnailUrl":"http:\/\/www.globallistings.info\/app\/uploads\/2016\/11\/services-3.png","datePublished":"2017-03-21T14:00:08+00:00","dateModified":"2017-04-12T14:57:37+00:00","breadcrumb":{"@id":"https:\/\/www.globallistings.info\/nb\/hoeydepunkter\/#breadcrumb"},"inLanguage":"nb-NO","potentialAction":[{"@type":"ReadAction","target":["https:\/\/www.globallistings.info\/nb\/hoeydepunkter\/"]}]},{"@type":"ImageObject","inLanguage":"nb-NO","@id":"https:\/\/www.globallistings.info\/nb\/hoeydepunkter\/#primaryimage","url":"http:\/\/www.globallistings.info\/app\/uploads\/2016\/11\/services-3.png","contentUrl":"http:\/\/www.globallistings.info\/app\/uploads\/2016\/11\/services-3.png"},{"@type":"BreadcrumbList","@id":"https:\/\/www.globallistings.info\/nb\/hoeydepunkter\/#breadcrumb","itemListElement":[{"@type":"ListItem","position":1,"name":"Home","item":"https:\/\/www.globallistings.info\/nb\/"},{"@type":"ListItem","position":2,"name":"H\u00f8ydepunkter"}]},{"@type":"WebSite","@id":"https:\/\/www.globallistings.info\/ar\/#website","url":"https:\/\/www.globallistings.info\/ar\/","name":"Global Listings","description":"","potentialAction":[{"@type":"SearchAction","target":{"@type":"EntryPoint","urlTemplate":"https:\/\/www.globallistings.info\/ar\/?s={search_term_string}"},"query-input":{"@type":"PropertyValueSpecification","valueRequired":true,"valueName":"search_term_string"}}],"inLanguage":"nb-NO"}]}},"_links":{"self":[{"href":"https:\/\/www.globallistings.info\/nb\/wp-json\/wp\/v2\/pages\/17034","targetHints":{"allow":["GET"]}}],"collection":[{"href":"https:\/\/www.globallistings.info\/nb\/wp-json\/wp\/v2\/pages"}],"about":[{"href":"https:\/\/www.globallistings.info\/nb\/wp-json\/wp\/v2\/types\/page"}],"author":[{"embeddable":true,"href":"https:\/\/www.globallistings.info\/nb\/wp-json\/wp\/v2\/users\/1"}],"replies":[{"embeddable":true,"href":"https:\/\/www.globallistings.info\/nb\/wp-json\/wp\/v2\/comments?post=17034"}],"version-history":[{"count":0,"href":"https:\/\/www.globallistings.info\/nb\/wp-json\/wp\/v2\/pages\/17034\/revisions"}],"wp:attachment":[{"href":"https:\/\/www.globallistings.info\/nb\/wp-json\/wp\/v2\/media?parent=17034"}],"curies":[{"name":"wp","href":"https:\/\/api.w.org\/{rel}","templated":true}]}}