{"id":17035,"date":"2017-03-21T14:11:34","date_gmt":"2017-03-21T14:11:34","guid":{"rendered":"http:\/\/www.globallistings.info\/nb\/oversettelser\/"},"modified":"2017-04-21T13:40:26","modified_gmt":"2017-04-21T13:40:26","slug":"oversettelser","status":"publish","type":"page","link":"https:\/\/www.globallistings.info\/nb\/oversettelser\/","title":{"rendered":"Oversettelser"},"content":{"rendered":"<div class=\"col-4\">\n<p><img decoding=\"async\" class=\"img-circle img-responsive\" src=\"http:\/\/www.globallistings.info\/app\/uploads\/2017\/01\/tr.png\" alt=\"\" \/><\/p>\n<p class=\"content\">OVERSETTELSER<\/p>\n<\/div>\n<div class=\"col-8\">\n<div class=\"content\">\n<p>Global Listings er markedsledende p\u00e5 TV-oversettelser, opererer i 145 land og jobber med 74 ulike spr\u00e5kkombinasjoner hver eneste dag<\/p>\n<p>Vi har et nettverk med over 17 000 dyktige oversettere og lingvister, med lokal forankring, fra hele verden<\/p>\n<p>Gjennom en unik tiln\u00e6rming finner vi rett oversetter til rett spr\u00e5k, tilpasser oss til TV-kanalens profil og markedet og tilbyr m\u00e5lrettede oversettelser i henhold til kundenes behov<\/p>\n<p>Et internasjonalt team av spr\u00e5keksperter kan levere oversettelser innen alt av TV-innhold; fra programomtaler til h\u00f8ydepunkter og de viktige episodetitlene<\/p>\n<p>En god prispolitikk og v\u00e5re avanserte systemer inneb\u00e6rer at kundene betaler per ord for oversettelsene, og at de aldri betaler for samme oversettelse to ganger<\/p>\n<p>Du finner mer informasjon hos\u00a0<strong><a href=\"http:\/\/www.globaltranslations.info\/nb\/\">Global Translations<\/a><\/strong><\/p>\n<\/div>\n<\/div>\n","protected":false},"excerpt":{"rendered":"<p>OVERSETTELSER Global Listings er markedsledende p\u00e5 TV-oversettelser, opererer i 145 land og jobber med 74 ulike spr\u00e5kkombinasjoner hver eneste dag Vi har et nettverk med over 17 000 dyktige oversettere og lingvister, med lokal forankring, fra hele verden Gjennom en unik tiln\u00e6rming finner vi rett oversetter til rett spr\u00e5k, tilpasser oss til TV-kanalens profil og [&hellip;]<\/p>\n","protected":false},"author":1,"featured_media":0,"parent":0,"menu_order":523,"comment_status":"closed","ping_status":"closed","template":"page-epgs.php","meta":{"_acf_changed":false,"cybocfi_hide_featured_image":"","footnotes":""},"class_list":["post-17035","page","type-page","status-publish","hentry"],"acf":[],"aioseo_notices":[],"yoast_head":"<!-- This site is optimized with the Yoast SEO plugin v27.3 - https:\/\/yoast.com\/product\/yoast-seo-wordpress\/ -->\n<title>Oversettelser - Global Listings<\/title>\n<meta name=\"robots\" content=\"index, follow, max-snippet:-1, max-image-preview:large, max-video-preview:-1\" \/>\n<link rel=\"canonical\" href=\"https:\/\/www.globallistings.info\/nb\/oversettelser\/\" \/>\n<meta property=\"og:locale\" content=\"nb_NO\" \/>\n<meta property=\"og:type\" content=\"article\" \/>\n<meta property=\"og:title\" content=\"Oversettelser - Global Listings\" \/>\n<meta property=\"og:description\" content=\"OVERSETTELSER Global Listings er markedsledende p\u00e5 TV-oversettelser, opererer i 145 land og jobber med 74 ulike spr\u00e5kkombinasjoner hver eneste dag Vi har et nettverk med over 17 000 dyktige oversettere og lingvister, med lokal forankring, fra hele verden Gjennom en unik tiln\u00e6rming finner vi rett oversetter til rett spr\u00e5k, tilpasser oss til TV-kanalens profil og [&hellip;]\" \/>\n<meta property=\"og:url\" content=\"https:\/\/www.globallistings.info\/nb\/oversettelser\/\" \/>\n<meta property=\"og:site_name\" content=\"Global Listings\" \/>\n<meta property=\"article:modified_time\" content=\"2017-04-21T13:40:26+00:00\" \/>\n<meta property=\"og:image\" content=\"http:\/\/www.globallistings.info\/app\/uploads\/2017\/01\/tr.png\" \/>\n<meta name=\"twitter:card\" content=\"summary_large_image\" \/>\n<meta name=\"twitter:label1\" content=\"Est. reading time\" \/>\n\t<meta name=\"twitter:data1\" content=\"1 minute\" \/>\n<script type=\"application\/ld+json\" class=\"yoast-schema-graph\">{\"@context\":\"https:\\\/\\\/schema.org\",\"@graph\":[{\"@type\":\"WebPage\",\"@id\":\"https:\\\/\\\/www.globallistings.info\\\/nb\\\/oversettelser\\\/\",\"url\":\"https:\\\/\\\/www.globallistings.info\\\/nb\\\/oversettelser\\\/\",\"name\":\"Oversettelser - Global Listings\",\"isPartOf\":{\"@id\":\"https:\\\/\\\/www.globallistings.info\\\/ar\\\/#website\"},\"primaryImageOfPage\":{\"@id\":\"https:\\\/\\\/www.globallistings.info\\\/nb\\\/oversettelser\\\/#primaryimage\"},\"image\":{\"@id\":\"https:\\\/\\\/www.globallistings.info\\\/nb\\\/oversettelser\\\/#primaryimage\"},\"thumbnailUrl\":\"http:\\\/\\\/www.globallistings.info\\\/app\\\/uploads\\\/2017\\\/01\\\/tr.png\",\"datePublished\":\"2017-03-21T14:11:34+00:00\",\"dateModified\":\"2017-04-21T13:40:26+00:00\",\"breadcrumb\":{\"@id\":\"https:\\\/\\\/www.globallistings.info\\\/nb\\\/oversettelser\\\/#breadcrumb\"},\"inLanguage\":\"nb-NO\",\"potentialAction\":[{\"@type\":\"ReadAction\",\"target\":[\"https:\\\/\\\/www.globallistings.info\\\/nb\\\/oversettelser\\\/\"]}]},{\"@type\":\"ImageObject\",\"inLanguage\":\"nb-NO\",\"@id\":\"https:\\\/\\\/www.globallistings.info\\\/nb\\\/oversettelser\\\/#primaryimage\",\"url\":\"http:\\\/\\\/www.globallistings.info\\\/app\\\/uploads\\\/2017\\\/01\\\/tr.png\",\"contentUrl\":\"http:\\\/\\\/www.globallistings.info\\\/app\\\/uploads\\\/2017\\\/01\\\/tr.png\"},{\"@type\":\"BreadcrumbList\",\"@id\":\"https:\\\/\\\/www.globallistings.info\\\/nb\\\/oversettelser\\\/#breadcrumb\",\"itemListElement\":[{\"@type\":\"ListItem\",\"position\":1,\"name\":\"Home\",\"item\":\"https:\\\/\\\/www.globallistings.info\\\/nb\\\/\"},{\"@type\":\"ListItem\",\"position\":2,\"name\":\"Oversettelser\"}]},{\"@type\":\"WebSite\",\"@id\":\"https:\\\/\\\/www.globallistings.info\\\/ar\\\/#website\",\"url\":\"https:\\\/\\\/www.globallistings.info\\\/ar\\\/\",\"name\":\"Global Listings\",\"description\":\"\",\"potentialAction\":[{\"@type\":\"SearchAction\",\"target\":{\"@type\":\"EntryPoint\",\"urlTemplate\":\"https:\\\/\\\/www.globallistings.info\\\/ar\\\/?s={search_term_string}\"},\"query-input\":{\"@type\":\"PropertyValueSpecification\",\"valueRequired\":true,\"valueName\":\"search_term_string\"}}],\"inLanguage\":\"nb-NO\"}]}<\/script>\n<!-- \/ Yoast SEO plugin. -->","yoast_head_json":{"title":"Oversettelser - Global Listings","robots":{"index":"index","follow":"follow","max-snippet":"max-snippet:-1","max-image-preview":"max-image-preview:large","max-video-preview":"max-video-preview:-1"},"canonical":"https:\/\/www.globallistings.info\/nb\/oversettelser\/","og_locale":"nb_NO","og_type":"article","og_title":"Oversettelser - Global Listings","og_description":"OVERSETTELSER Global Listings er markedsledende p\u00e5 TV-oversettelser, opererer i 145 land og jobber med 74 ulike spr\u00e5kkombinasjoner hver eneste dag Vi har et nettverk med over 17 000 dyktige oversettere og lingvister, med lokal forankring, fra hele verden Gjennom en unik tiln\u00e6rming finner vi rett oversetter til rett spr\u00e5k, tilpasser oss til TV-kanalens profil og [&hellip;]","og_url":"https:\/\/www.globallistings.info\/nb\/oversettelser\/","og_site_name":"Global Listings","article_modified_time":"2017-04-21T13:40:26+00:00","og_image":[{"url":"http:\/\/www.globallistings.info\/app\/uploads\/2017\/01\/tr.png","type":"","width":"","height":""}],"twitter_card":"summary_large_image","twitter_misc":{"Est. reading time":"1 minute"},"schema":{"@context":"https:\/\/schema.org","@graph":[{"@type":"WebPage","@id":"https:\/\/www.globallistings.info\/nb\/oversettelser\/","url":"https:\/\/www.globallistings.info\/nb\/oversettelser\/","name":"Oversettelser - Global Listings","isPartOf":{"@id":"https:\/\/www.globallistings.info\/ar\/#website"},"primaryImageOfPage":{"@id":"https:\/\/www.globallistings.info\/nb\/oversettelser\/#primaryimage"},"image":{"@id":"https:\/\/www.globallistings.info\/nb\/oversettelser\/#primaryimage"},"thumbnailUrl":"http:\/\/www.globallistings.info\/app\/uploads\/2017\/01\/tr.png","datePublished":"2017-03-21T14:11:34+00:00","dateModified":"2017-04-21T13:40:26+00:00","breadcrumb":{"@id":"https:\/\/www.globallistings.info\/nb\/oversettelser\/#breadcrumb"},"inLanguage":"nb-NO","potentialAction":[{"@type":"ReadAction","target":["https:\/\/www.globallistings.info\/nb\/oversettelser\/"]}]},{"@type":"ImageObject","inLanguage":"nb-NO","@id":"https:\/\/www.globallistings.info\/nb\/oversettelser\/#primaryimage","url":"http:\/\/www.globallistings.info\/app\/uploads\/2017\/01\/tr.png","contentUrl":"http:\/\/www.globallistings.info\/app\/uploads\/2017\/01\/tr.png"},{"@type":"BreadcrumbList","@id":"https:\/\/www.globallistings.info\/nb\/oversettelser\/#breadcrumb","itemListElement":[{"@type":"ListItem","position":1,"name":"Home","item":"https:\/\/www.globallistings.info\/nb\/"},{"@type":"ListItem","position":2,"name":"Oversettelser"}]},{"@type":"WebSite","@id":"https:\/\/www.globallistings.info\/ar\/#website","url":"https:\/\/www.globallistings.info\/ar\/","name":"Global Listings","description":"","potentialAction":[{"@type":"SearchAction","target":{"@type":"EntryPoint","urlTemplate":"https:\/\/www.globallistings.info\/ar\/?s={search_term_string}"},"query-input":{"@type":"PropertyValueSpecification","valueRequired":true,"valueName":"search_term_string"}}],"inLanguage":"nb-NO"}]}},"_links":{"self":[{"href":"https:\/\/www.globallistings.info\/nb\/wp-json\/wp\/v2\/pages\/17035","targetHints":{"allow":["GET"]}}],"collection":[{"href":"https:\/\/www.globallistings.info\/nb\/wp-json\/wp\/v2\/pages"}],"about":[{"href":"https:\/\/www.globallistings.info\/nb\/wp-json\/wp\/v2\/types\/page"}],"author":[{"embeddable":true,"href":"https:\/\/www.globallistings.info\/nb\/wp-json\/wp\/v2\/users\/1"}],"replies":[{"embeddable":true,"href":"https:\/\/www.globallistings.info\/nb\/wp-json\/wp\/v2\/comments?post=17035"}],"version-history":[{"count":0,"href":"https:\/\/www.globallistings.info\/nb\/wp-json\/wp\/v2\/pages\/17035\/revisions"}],"wp:attachment":[{"href":"https:\/\/www.globallistings.info\/nb\/wp-json\/wp\/v2\/media?parent=17035"}],"curies":[{"name":"wp","href":"https:\/\/api.w.org\/{rel}","templated":true}]}}