{"id":17042,"date":"2017-03-21T15:14:14","date_gmt":"2017-03-21T15:14:14","guid":{"rendered":"http:\/\/www.globallistings.info\/nb\/tjenester\/"},"modified":"2017-04-12T14:42:20","modified_gmt":"2017-04-12T14:42:20","slug":"tjenester","status":"publish","type":"page","link":"https:\/\/www.globallistings.info\/nb\/tjenester\/","title":{"rendered":"Tjenester"},"content":{"rendered":"<div class=\"col-4\">\n<p><img decoding=\"async\" class=\"img-circle img-responsive\" src=\"http:\/\/www.globallistings.info\/app\/uploads\/2016\/12\/services.png\" alt=\"\" \/><\/p>\n<p class=\"content\">Paul Weaver<br \/>\n<mark class=\"sub-content\">Administrerende direkt\u00f8r<\/mark><\/p>\n<p class=\"description\">Paul Weaver er administrerende direkt\u00f8r i Global Listings, med ansvar for den daglige driften og selskapets utvikling. Med lang erfaring fra programoversikter og elektroniske programguider, etter n\u00e6rmere ti \u00e5r i Sky TV og Video Networks (TalkTalk), har Paul opparbeidet seg stor kunnskap etter mer enn 20 \u00e5r i bransjen. Paul er opptatt av at Global Listings skal levere et f\u00f8rsteklasses produkt til alle sine kunder og at de alltid blir forn\u00f8yd med tjenestene de f\u00e5r levert<\/p>\n<\/div>\n<div class=\"col-8\">\n<div class=\"content\">\n<p>Vi leverer oppdatert <strong>EPG-data<\/strong> (til fastsatte sendeskjemaer og VOD) direkte til TV-plattformer og OTT-tjenester<\/p>\n<p>Vi produserer og distribuerer presise <strong>TV-oversikter<\/strong> p\u00e5 engelsk og andre spr\u00e5k samt <strong>programh\u00f8ydepunkter<\/strong>\u00a0p\u00e5 vegne av TV-kanalene<\/p>\n<p>Vi <strong>oversetter<\/strong>\u00a0programtitler, omtaler og metadata fra ethvert spr\u00e5k og til ethvert annet spr\u00e5k gjennom et verdensomspennende nettverk av 17 000 erfarne og dyktige oversettere som forst\u00e5r hvordan innholdet skal lokaliseres i henhold til markedet<\/p>\n<p>Vi jobber med kundenes <strong>sosiale medier<\/strong>\u00a0for \u00e5 overf\u00f8re metadata fra TV-programmene til Twitter, Facebook, Instagram og Snapchat<\/p>\n<p>Vi\u00a0<strong>skaper innhold<\/strong>\u00a0med et stort team av dyktige journalister og redakt\u00f8rer. V\u00e5r spesialitet er spr\u00e5k, og vi vet hvordan man uttrykker seg best<\/p>\n<p>Vi\u00a0<strong>leverer<\/strong>\u00a0programoversikter, h\u00f8ydepunkter, EPG-er, VOD-data og bilder via et avansert distribusjonssystem med m\u00e5lrettede e-postlister i henhold til produkt og spr\u00e5k<\/p>\n<p>Vi kan kartlegge kundenes mediedekning gjennom et omfattende <strong>medieoverv\u00e5kningssystem\u00a0<\/strong>som dekker trykte medier, internett og sosiale medier over hele verden<\/p>\n<\/div>\n<\/div>\n","protected":false},"excerpt":{"rendered":"<p>Paul Weaver Administrerende direkt\u00f8r Paul Weaver er administrerende direkt\u00f8r i Global Listings, med ansvar for den daglige driften og selskapets utvikling. Med lang erfaring fra programoversikter og elektroniske programguider, etter n\u00e6rmere ti \u00e5r i Sky TV og Video Networks (TalkTalk), har Paul opparbeidet seg stor kunnskap etter mer enn 20 \u00e5r i bransjen. Paul er [&hellip;]<\/p>\n","protected":false},"author":1,"featured_media":0,"parent":0,"menu_order":432,"comment_status":"closed","ping_status":"closed","template":"page-services.php","meta":{"_acf_changed":false,"cybocfi_hide_featured_image":"","footnotes":""},"class_list":["post-17042","page","type-page","status-publish","hentry"],"acf":[],"aioseo_notices":[],"yoast_head":"<!-- This site is optimized with the Yoast SEO plugin v27.3 - https:\/\/yoast.com\/product\/yoast-seo-wordpress\/ -->\n<title>Tjenester - Global Listings<\/title>\n<meta name=\"robots\" content=\"index, follow, max-snippet:-1, max-image-preview:large, max-video-preview:-1\" \/>\n<link rel=\"canonical\" href=\"https:\/\/www.globallistings.info\/nb\/tjenester\/\" \/>\n<meta property=\"og:locale\" content=\"nb_NO\" \/>\n<meta property=\"og:type\" content=\"article\" \/>\n<meta property=\"og:title\" content=\"Tjenester - Global Listings\" \/>\n<meta property=\"og:description\" content=\"Paul Weaver Administrerende direkt\u00f8r Paul Weaver er administrerende direkt\u00f8r i Global Listings, med ansvar for den daglige driften og selskapets utvikling. Med lang erfaring fra programoversikter og elektroniske programguider, etter n\u00e6rmere ti \u00e5r i Sky TV og Video Networks (TalkTalk), har Paul opparbeidet seg stor kunnskap etter mer enn 20 \u00e5r i bransjen. Paul er [&hellip;]\" \/>\n<meta property=\"og:url\" content=\"https:\/\/www.globallistings.info\/nb\/tjenester\/\" \/>\n<meta property=\"og:site_name\" content=\"Global Listings\" \/>\n<meta property=\"article:modified_time\" content=\"2017-04-12T14:42:20+00:00\" \/>\n<meta property=\"og:image\" content=\"http:\/\/www.globallistings.info\/app\/uploads\/2016\/12\/services.png\" \/>\n<meta name=\"twitter:card\" content=\"summary_large_image\" \/>\n<meta name=\"twitter:label1\" content=\"Est. reading time\" \/>\n\t<meta name=\"twitter:data1\" content=\"1 minute\" \/>\n<script type=\"application\/ld+json\" class=\"yoast-schema-graph\">{\"@context\":\"https:\\\/\\\/schema.org\",\"@graph\":[{\"@type\":\"WebPage\",\"@id\":\"https:\\\/\\\/www.globallistings.info\\\/nb\\\/tjenester\\\/\",\"url\":\"https:\\\/\\\/www.globallistings.info\\\/nb\\\/tjenester\\\/\",\"name\":\"Tjenester - Global Listings\",\"isPartOf\":{\"@id\":\"https:\\\/\\\/www.globallistings.info\\\/ar\\\/#website\"},\"primaryImageOfPage\":{\"@id\":\"https:\\\/\\\/www.globallistings.info\\\/nb\\\/tjenester\\\/#primaryimage\"},\"image\":{\"@id\":\"https:\\\/\\\/www.globallistings.info\\\/nb\\\/tjenester\\\/#primaryimage\"},\"thumbnailUrl\":\"http:\\\/\\\/www.globallistings.info\\\/app\\\/uploads\\\/2016\\\/12\\\/services.png\",\"datePublished\":\"2017-03-21T15:14:14+00:00\",\"dateModified\":\"2017-04-12T14:42:20+00:00\",\"breadcrumb\":{\"@id\":\"https:\\\/\\\/www.globallistings.info\\\/nb\\\/tjenester\\\/#breadcrumb\"},\"inLanguage\":\"nb-NO\",\"potentialAction\":[{\"@type\":\"ReadAction\",\"target\":[\"https:\\\/\\\/www.globallistings.info\\\/nb\\\/tjenester\\\/\"]}]},{\"@type\":\"ImageObject\",\"inLanguage\":\"nb-NO\",\"@id\":\"https:\\\/\\\/www.globallistings.info\\\/nb\\\/tjenester\\\/#primaryimage\",\"url\":\"http:\\\/\\\/www.globallistings.info\\\/app\\\/uploads\\\/2016\\\/12\\\/services.png\",\"contentUrl\":\"http:\\\/\\\/www.globallistings.info\\\/app\\\/uploads\\\/2016\\\/12\\\/services.png\"},{\"@type\":\"BreadcrumbList\",\"@id\":\"https:\\\/\\\/www.globallistings.info\\\/nb\\\/tjenester\\\/#breadcrumb\",\"itemListElement\":[{\"@type\":\"ListItem\",\"position\":1,\"name\":\"Home\",\"item\":\"https:\\\/\\\/www.globallistings.info\\\/nb\\\/\"},{\"@type\":\"ListItem\",\"position\":2,\"name\":\"Tjenester\"}]},{\"@type\":\"WebSite\",\"@id\":\"https:\\\/\\\/www.globallistings.info\\\/ar\\\/#website\",\"url\":\"https:\\\/\\\/www.globallistings.info\\\/ar\\\/\",\"name\":\"Global Listings\",\"description\":\"\",\"potentialAction\":[{\"@type\":\"SearchAction\",\"target\":{\"@type\":\"EntryPoint\",\"urlTemplate\":\"https:\\\/\\\/www.globallistings.info\\\/ar\\\/?s={search_term_string}\"},\"query-input\":{\"@type\":\"PropertyValueSpecification\",\"valueRequired\":true,\"valueName\":\"search_term_string\"}}],\"inLanguage\":\"nb-NO\"}]}<\/script>\n<!-- \/ Yoast SEO plugin. -->","yoast_head_json":{"title":"Tjenester - Global Listings","robots":{"index":"index","follow":"follow","max-snippet":"max-snippet:-1","max-image-preview":"max-image-preview:large","max-video-preview":"max-video-preview:-1"},"canonical":"https:\/\/www.globallistings.info\/nb\/tjenester\/","og_locale":"nb_NO","og_type":"article","og_title":"Tjenester - Global Listings","og_description":"Paul Weaver Administrerende direkt\u00f8r Paul Weaver er administrerende direkt\u00f8r i Global Listings, med ansvar for den daglige driften og selskapets utvikling. Med lang erfaring fra programoversikter og elektroniske programguider, etter n\u00e6rmere ti \u00e5r i Sky TV og Video Networks (TalkTalk), har Paul opparbeidet seg stor kunnskap etter mer enn 20 \u00e5r i bransjen. Paul er [&hellip;]","og_url":"https:\/\/www.globallistings.info\/nb\/tjenester\/","og_site_name":"Global Listings","article_modified_time":"2017-04-12T14:42:20+00:00","og_image":[{"url":"http:\/\/www.globallistings.info\/app\/uploads\/2016\/12\/services.png","type":"","width":"","height":""}],"twitter_card":"summary_large_image","twitter_misc":{"Est. reading time":"1 minute"},"schema":{"@context":"https:\/\/schema.org","@graph":[{"@type":"WebPage","@id":"https:\/\/www.globallistings.info\/nb\/tjenester\/","url":"https:\/\/www.globallistings.info\/nb\/tjenester\/","name":"Tjenester - Global Listings","isPartOf":{"@id":"https:\/\/www.globallistings.info\/ar\/#website"},"primaryImageOfPage":{"@id":"https:\/\/www.globallistings.info\/nb\/tjenester\/#primaryimage"},"image":{"@id":"https:\/\/www.globallistings.info\/nb\/tjenester\/#primaryimage"},"thumbnailUrl":"http:\/\/www.globallistings.info\/app\/uploads\/2016\/12\/services.png","datePublished":"2017-03-21T15:14:14+00:00","dateModified":"2017-04-12T14:42:20+00:00","breadcrumb":{"@id":"https:\/\/www.globallistings.info\/nb\/tjenester\/#breadcrumb"},"inLanguage":"nb-NO","potentialAction":[{"@type":"ReadAction","target":["https:\/\/www.globallistings.info\/nb\/tjenester\/"]}]},{"@type":"ImageObject","inLanguage":"nb-NO","@id":"https:\/\/www.globallistings.info\/nb\/tjenester\/#primaryimage","url":"http:\/\/www.globallistings.info\/app\/uploads\/2016\/12\/services.png","contentUrl":"http:\/\/www.globallistings.info\/app\/uploads\/2016\/12\/services.png"},{"@type":"BreadcrumbList","@id":"https:\/\/www.globallistings.info\/nb\/tjenester\/#breadcrumb","itemListElement":[{"@type":"ListItem","position":1,"name":"Home","item":"https:\/\/www.globallistings.info\/nb\/"},{"@type":"ListItem","position":2,"name":"Tjenester"}]},{"@type":"WebSite","@id":"https:\/\/www.globallistings.info\/ar\/#website","url":"https:\/\/www.globallistings.info\/ar\/","name":"Global Listings","description":"","potentialAction":[{"@type":"SearchAction","target":{"@type":"EntryPoint","urlTemplate":"https:\/\/www.globallistings.info\/ar\/?s={search_term_string}"},"query-input":{"@type":"PropertyValueSpecification","valueRequired":true,"valueName":"search_term_string"}}],"inLanguage":"nb-NO"}]}},"_links":{"self":[{"href":"https:\/\/www.globallistings.info\/nb\/wp-json\/wp\/v2\/pages\/17042","targetHints":{"allow":["GET"]}}],"collection":[{"href":"https:\/\/www.globallistings.info\/nb\/wp-json\/wp\/v2\/pages"}],"about":[{"href":"https:\/\/www.globallistings.info\/nb\/wp-json\/wp\/v2\/types\/page"}],"author":[{"embeddable":true,"href":"https:\/\/www.globallistings.info\/nb\/wp-json\/wp\/v2\/users\/1"}],"replies":[{"embeddable":true,"href":"https:\/\/www.globallistings.info\/nb\/wp-json\/wp\/v2\/comments?post=17042"}],"version-history":[{"count":0,"href":"https:\/\/www.globallistings.info\/nb\/wp-json\/wp\/v2\/pages\/17042\/revisions"}],"wp:attachment":[{"href":"https:\/\/www.globallistings.info\/nb\/wp-json\/wp\/v2\/media?parent=17042"}],"curies":[{"name":"wp","href":"https:\/\/api.w.org\/{rel}","templated":true}]}}