{"id":10357,"date":"2017-03-13T18:45:41","date_gmt":"2017-03-13T18:45:41","guid":{"rendered":"http:\/\/www.globallistings.info\/pl\/uslugi\/"},"modified":"2017-12-13T17:12:57","modified_gmt":"2017-12-13T17:12:57","slug":"uslugi","status":"publish","type":"page","link":"https:\/\/www.globallistings.info\/pl\/uslugi\/","title":{"rendered":"Us\u0142ugi"},"content":{"rendered":"<div class=\"col-4\">\n<p><img decoding=\"async\" class=\"img-circle img-responsive\" src=\"http:\/\/www.globallistings.info\/app\/uploads\/2016\/12\/services.png\" alt=\"\" \/><\/p>\n<p class=\"content\">Paul Weaver<br \/>\n<mark class=\"sub-content\">Dyrektor zarz\u0105dzaj\u0105cy<br \/>\n<\/mark><\/p>\n<p class=\"description\">Paul Weaver to dyrektor zarz\u0105dzaj\u0105cy firmy Global Listings, kt\u00f3ry zajmuje si\u0119 codziennymi dzia\u0142aniami firmy i nadzoruje jej nowe projekty. Maj\u0105c do\u015bwiadczenie w redagowaniu tre\u015bci telewizyjnych\u00a0i EPG\u00a0oraz pracuj\u0105c prawie dekad\u0119 w firmach Sky TV i Video Networks (obecnie TalkTalk), Paul posiada obszern\u0105 wiedz\u0119 zdobyt\u0105 przez ponad 20 lat pracy w bran\u017cy. Paul jest oddany dostarczaniu us\u0142ug na najwy\u017cszym poziomie\u00a0ka\u017cdemu z klient\u00f3w firmy Global Listings i upewnia si\u0119, \u017ce us\u0142ugi, kt\u00f3re otrzymuj\u0105, nigdy nie zawodz\u0105 ich oczekiwa\u0144.<\/p>\n<\/div>\n<div class=\"col-8\">\n<div class=\"content\">\n<p>Dostarczamy aktualne linearne i nielinearne (wideo na \u017cyczenie) <strong>dane EPG<\/strong> bezpo\u015brednio do platform TV i serwis\u00f3w OTT<\/p>\n<p>Tworzymy i dystrybuujemy dok\u0142adne <strong>programy telewizyjne<\/strong>\u00a0i <strong>przegl\u0105dy programowe<\/strong> w imieniu kana\u0142\u00f3w TV w j\u0119zyku angielskim i przet\u0142umaczone na inne j\u0119zyki.<\/p>\n<p><strong>T\u0142umaczymy <\/strong>tytu\u0142y program\u00f3w, opisy i metadane z dowolnego j\u0119zyka na \u015bwiecie na dowolny j\u0119zyk na \u015bwiecie, korzystaj\u0105c z globalnej sieci 17 000 do\u015bwiadczonych i wykwalifikowanych t\u0142umaczy, kt\u00f3rzy wiedz\u0105, jak przet\u0142umaczy\u0107 materia\u0142 redakcyjny na ka\u017cdym rynku.<\/p>\n<p>Pracujemy ze <strong>strumieniami tre\u015bci w mediach spo\u0142eczno\u015bciowych<\/strong> naszych klient\u00f3w, aby zintegrowa\u0107 metadane ich programu telewizyjnego\u00a0z komunikacj\u0105 przez internet od Twittera i Facebooka po Instagram i Snapchat.<\/p>\n<p><strong>Tworzymy\u00a0 tre\u015bci<\/strong> \u2013 dzi\u0119ki pr\u0119\u017cnemu zespo\u0142owi dziennikarzy i redaktor\u00f3w s\u0142owa s\u0105 nasz\u0105 specjalno\u015bci\u0105 i nigdy nam ich nie brakuje!<\/p>\n<p><strong>Przygotowujemy<\/strong> programy, przegl\u0105dy, EPG, dane VOD i inne materia\u0142y, wykorzystuj\u0105c najnowocze\u015bniejszy system dystrybucji, w tym dostosowane do ka\u017cdego klienta listy mailingowe dla indywidualnych region\u00f3w oraz produkt\u00f3w\/j\u0119zyk\u00f3w.<\/p>\n<p>Mo\u017cemy oceni\u0107 obecno\u015b\u0107 naszych klient\u00f3w w mediach za pomoc\u0105 <strong>us\u0142ugi \u015bledzenia medi\u00f3w<\/strong> w prasie, internecie i mediach spo\u0142eczno\u015bciowych na ca\u0142ym \u015bwiecie.<\/p>\n<\/div>\n<\/div>\n","protected":false},"excerpt":{"rendered":"<p>Paul Weaver Dyrektor zarz\u0105dzaj\u0105cy Paul Weaver to dyrektor zarz\u0105dzaj\u0105cy firmy Global Listings, kt\u00f3ry zajmuje si\u0119 codziennymi dzia\u0142aniami firmy i nadzoruje jej nowe projekty. Maj\u0105c do\u015bwiadczenie w redagowaniu tre\u015bci telewizyjnych\u00a0i EPG\u00a0oraz pracuj\u0105c prawie dekad\u0119 w firmach Sky TV i Video Networks (obecnie TalkTalk), Paul posiada obszern\u0105 wiedz\u0119 zdobyt\u0105 przez ponad 20 lat pracy w bran\u017cy. Paul [&hellip;]<\/p>\n","protected":false},"author":1,"featured_media":0,"parent":0,"menu_order":416,"comment_status":"closed","ping_status":"closed","template":"page-services.php","meta":{"_acf_changed":false,"cybocfi_hide_featured_image":"","footnotes":""},"class_list":["post-10357","page","type-page","status-publish","hentry"],"acf":[],"aioseo_notices":[],"yoast_head":"<!-- This site is optimized with the Yoast SEO plugin v27.3 - https:\/\/yoast.com\/product\/yoast-seo-wordpress\/ -->\n<title>Us\u0142ugi - Global Listings<\/title>\n<meta name=\"robots\" content=\"index, follow, max-snippet:-1, max-image-preview:large, max-video-preview:-1\" \/>\n<link rel=\"canonical\" href=\"https:\/\/www.globallistings.info\/pl\/uslugi\/\" \/>\n<meta property=\"og:locale\" content=\"pl_PL\" \/>\n<meta property=\"og:type\" content=\"article\" \/>\n<meta property=\"og:title\" content=\"Us\u0142ugi - Global Listings\" \/>\n<meta property=\"og:description\" content=\"Paul Weaver Dyrektor zarz\u0105dzaj\u0105cy Paul Weaver to dyrektor zarz\u0105dzaj\u0105cy firmy Global Listings, kt\u00f3ry zajmuje si\u0119 codziennymi dzia\u0142aniami firmy i nadzoruje jej nowe projekty. Maj\u0105c do\u015bwiadczenie w redagowaniu tre\u015bci telewizyjnych\u00a0i EPG\u00a0oraz pracuj\u0105c prawie dekad\u0119 w firmach Sky TV i Video Networks (obecnie TalkTalk), Paul posiada obszern\u0105 wiedz\u0119 zdobyt\u0105 przez ponad 20 lat pracy w bran\u017cy. Paul [&hellip;]\" \/>\n<meta property=\"og:url\" content=\"https:\/\/www.globallistings.info\/pl\/uslugi\/\" \/>\n<meta property=\"og:site_name\" content=\"Global Listings\" \/>\n<meta property=\"article:modified_time\" content=\"2017-12-13T17:12:57+00:00\" \/>\n<meta property=\"og:image\" content=\"http:\/\/www.globallistings.info\/app\/uploads\/2016\/12\/services.png\" \/>\n<meta name=\"twitter:card\" content=\"summary_large_image\" \/>\n<meta name=\"twitter:label1\" content=\"Est. reading time\" \/>\n\t<meta name=\"twitter:data1\" content=\"2 minutes\" \/>\n<script type=\"application\/ld+json\" class=\"yoast-schema-graph\">{\"@context\":\"https:\\\/\\\/schema.org\",\"@graph\":[{\"@type\":\"WebPage\",\"@id\":\"https:\\\/\\\/www.globallistings.info\\\/pl\\\/uslugi\\\/\",\"url\":\"https:\\\/\\\/www.globallistings.info\\\/pl\\\/uslugi\\\/\",\"name\":\"Us\u0142ugi - Global Listings\",\"isPartOf\":{\"@id\":\"https:\\\/\\\/www.globallistings.info\\\/ar\\\/#website\"},\"primaryImageOfPage\":{\"@id\":\"https:\\\/\\\/www.globallistings.info\\\/pl\\\/uslugi\\\/#primaryimage\"},\"image\":{\"@id\":\"https:\\\/\\\/www.globallistings.info\\\/pl\\\/uslugi\\\/#primaryimage\"},\"thumbnailUrl\":\"http:\\\/\\\/www.globallistings.info\\\/app\\\/uploads\\\/2016\\\/12\\\/services.png\",\"datePublished\":\"2017-03-13T18:45:41+00:00\",\"dateModified\":\"2017-12-13T17:12:57+00:00\",\"breadcrumb\":{\"@id\":\"https:\\\/\\\/www.globallistings.info\\\/pl\\\/uslugi\\\/#breadcrumb\"},\"inLanguage\":\"pl-PL\",\"potentialAction\":[{\"@type\":\"ReadAction\",\"target\":[\"https:\\\/\\\/www.globallistings.info\\\/pl\\\/uslugi\\\/\"]}]},{\"@type\":\"ImageObject\",\"inLanguage\":\"pl-PL\",\"@id\":\"https:\\\/\\\/www.globallistings.info\\\/pl\\\/uslugi\\\/#primaryimage\",\"url\":\"http:\\\/\\\/www.globallistings.info\\\/app\\\/uploads\\\/2016\\\/12\\\/services.png\",\"contentUrl\":\"http:\\\/\\\/www.globallistings.info\\\/app\\\/uploads\\\/2016\\\/12\\\/services.png\"},{\"@type\":\"BreadcrumbList\",\"@id\":\"https:\\\/\\\/www.globallistings.info\\\/pl\\\/uslugi\\\/#breadcrumb\",\"itemListElement\":[{\"@type\":\"ListItem\",\"position\":1,\"name\":\"Home\",\"item\":\"https:\\\/\\\/www.globallistings.info\\\/pl\\\/\"},{\"@type\":\"ListItem\",\"position\":2,\"name\":\"Us\u0142ugi\"}]},{\"@type\":\"WebSite\",\"@id\":\"https:\\\/\\\/www.globallistings.info\\\/ar\\\/#website\",\"url\":\"https:\\\/\\\/www.globallistings.info\\\/ar\\\/\",\"name\":\"Global Listings\",\"description\":\"\",\"potentialAction\":[{\"@type\":\"SearchAction\",\"target\":{\"@type\":\"EntryPoint\",\"urlTemplate\":\"https:\\\/\\\/www.globallistings.info\\\/ar\\\/?s={search_term_string}\"},\"query-input\":{\"@type\":\"PropertyValueSpecification\",\"valueRequired\":true,\"valueName\":\"search_term_string\"}}],\"inLanguage\":\"pl-PL\"}]}<\/script>\n<!-- \/ Yoast SEO plugin. -->","yoast_head_json":{"title":"Us\u0142ugi - Global Listings","robots":{"index":"index","follow":"follow","max-snippet":"max-snippet:-1","max-image-preview":"max-image-preview:large","max-video-preview":"max-video-preview:-1"},"canonical":"https:\/\/www.globallistings.info\/pl\/uslugi\/","og_locale":"pl_PL","og_type":"article","og_title":"Us\u0142ugi - Global Listings","og_description":"Paul Weaver Dyrektor zarz\u0105dzaj\u0105cy Paul Weaver to dyrektor zarz\u0105dzaj\u0105cy firmy Global Listings, kt\u00f3ry zajmuje si\u0119 codziennymi dzia\u0142aniami firmy i nadzoruje jej nowe projekty. Maj\u0105c do\u015bwiadczenie w redagowaniu tre\u015bci telewizyjnych\u00a0i EPG\u00a0oraz pracuj\u0105c prawie dekad\u0119 w firmach Sky TV i Video Networks (obecnie TalkTalk), Paul posiada obszern\u0105 wiedz\u0119 zdobyt\u0105 przez ponad 20 lat pracy w bran\u017cy. Paul [&hellip;]","og_url":"https:\/\/www.globallistings.info\/pl\/uslugi\/","og_site_name":"Global Listings","article_modified_time":"2017-12-13T17:12:57+00:00","og_image":[{"url":"http:\/\/www.globallistings.info\/app\/uploads\/2016\/12\/services.png","type":"","width":"","height":""}],"twitter_card":"summary_large_image","twitter_misc":{"Est. reading time":"2 minutes"},"schema":{"@context":"https:\/\/schema.org","@graph":[{"@type":"WebPage","@id":"https:\/\/www.globallistings.info\/pl\/uslugi\/","url":"https:\/\/www.globallistings.info\/pl\/uslugi\/","name":"Us\u0142ugi - Global Listings","isPartOf":{"@id":"https:\/\/www.globallistings.info\/ar\/#website"},"primaryImageOfPage":{"@id":"https:\/\/www.globallistings.info\/pl\/uslugi\/#primaryimage"},"image":{"@id":"https:\/\/www.globallistings.info\/pl\/uslugi\/#primaryimage"},"thumbnailUrl":"http:\/\/www.globallistings.info\/app\/uploads\/2016\/12\/services.png","datePublished":"2017-03-13T18:45:41+00:00","dateModified":"2017-12-13T17:12:57+00:00","breadcrumb":{"@id":"https:\/\/www.globallistings.info\/pl\/uslugi\/#breadcrumb"},"inLanguage":"pl-PL","potentialAction":[{"@type":"ReadAction","target":["https:\/\/www.globallistings.info\/pl\/uslugi\/"]}]},{"@type":"ImageObject","inLanguage":"pl-PL","@id":"https:\/\/www.globallistings.info\/pl\/uslugi\/#primaryimage","url":"http:\/\/www.globallistings.info\/app\/uploads\/2016\/12\/services.png","contentUrl":"http:\/\/www.globallistings.info\/app\/uploads\/2016\/12\/services.png"},{"@type":"BreadcrumbList","@id":"https:\/\/www.globallistings.info\/pl\/uslugi\/#breadcrumb","itemListElement":[{"@type":"ListItem","position":1,"name":"Home","item":"https:\/\/www.globallistings.info\/pl\/"},{"@type":"ListItem","position":2,"name":"Us\u0142ugi"}]},{"@type":"WebSite","@id":"https:\/\/www.globallistings.info\/ar\/#website","url":"https:\/\/www.globallistings.info\/ar\/","name":"Global Listings","description":"","potentialAction":[{"@type":"SearchAction","target":{"@type":"EntryPoint","urlTemplate":"https:\/\/www.globallistings.info\/ar\/?s={search_term_string}"},"query-input":{"@type":"PropertyValueSpecification","valueRequired":true,"valueName":"search_term_string"}}],"inLanguage":"pl-PL"}]}},"_links":{"self":[{"href":"https:\/\/www.globallistings.info\/pl\/wp-json\/wp\/v2\/pages\/10357","targetHints":{"allow":["GET"]}}],"collection":[{"href":"https:\/\/www.globallistings.info\/pl\/wp-json\/wp\/v2\/pages"}],"about":[{"href":"https:\/\/www.globallistings.info\/pl\/wp-json\/wp\/v2\/types\/page"}],"author":[{"embeddable":true,"href":"https:\/\/www.globallistings.info\/pl\/wp-json\/wp\/v2\/users\/1"}],"replies":[{"embeddable":true,"href":"https:\/\/www.globallistings.info\/pl\/wp-json\/wp\/v2\/comments?post=10357"}],"version-history":[{"count":0,"href":"https:\/\/www.globallistings.info\/pl\/wp-json\/wp\/v2\/pages\/10357\/revisions"}],"wp:attachment":[{"href":"https:\/\/www.globallistings.info\/pl\/wp-json\/wp\/v2\/media?parent=10357"}],"curies":[{"name":"wp","href":"https:\/\/api.w.org\/{rel}","templated":true}]}}