{"id":10379,"date":"2017-03-13T19:21:43","date_gmt":"2017-03-13T19:21:43","guid":{"rendered":"http:\/\/www.globallistings.info\/pl\/wzbogacone-metadane\/"},"modified":"2017-12-13T17:14:30","modified_gmt":"2017-12-13T17:14:30","slug":"wzbogacone-metadane","status":"publish","type":"page","link":"https:\/\/www.globallistings.info\/pl\/wzbogacone-metadane\/","title":{"rendered":"Wzbogacone metadane"},"content":{"rendered":"<div class=\"col-4\">\n<p><img decoding=\"async\" class=\"img-circle img-responsive\" src=\"http:\/\/www.globallistings.info\/app\/uploads\/2017\/01\/enhancedcircbig.png\" alt=\"content-photo\" \/><\/p>\n<p class=\"content\">WZBOGACONE METADANE<\/p>\n<\/div>\n<div class=\"col-8\">\n<div class=\"content\">\n<p>Nasza baza danych, dostosowana do pracy w XXI wieku, jest w pe\u0142ni przygotowana, aby sprosta\u0107 wszelkim wyzwaniom \u2013 obecnym i przysz\u0142ym.<\/p>\n<p>Oznacza to, \u017ce mo\u017cemy przechowywa\u0107 nie tylko ilo\u015b\u0107 (dos\u0142ownie miliony danych na temat program\u00f3w, 1 miliard danych na tabel\u0119 i dok\u0142adnie 8000 terabajt\u00f3w na plik danych!), ale r\u00f3wnie\u017c jako\u015b\u0107 \u2013 wi\u0119c dla ka\u017cdego odcinka ka\u017cdego serialu mamy setki powi\u0105zanych p\u00f3l metadanych, kt\u00f3re mog\u0105 zosta\u0107 wype\u0142nione nawet najmniejszymi szczeg\u00f3\u0142ami.<\/p>\n<p>Obejmuje to wszelkie dane, kt\u00f3rych mo\u017cna oczekiwa\u0107: od opis\u00f3w r\u00f3\u017cnej d\u0142ugo\u015bci i napisanych w r\u00f3\u017cnych stylach po podstawy, jak dok\u0142adny czas trwania programu, rok produkcji, informacje o obsadzie i tw\u00f3rcach oraz numery serii i odcinka, a\u017c do bardziej specjalistycznych dziedzin, takich jak hashtagi na Twitterze, lokowanie produktu, informacje o licencji, prawa transakcyjne i szczeg\u00f3\u0142y dotycz\u0105ce cen.<\/p>\n<p>Oczywi\u015bcie wraz z danymi na temat ka\u017cdego programu i serialu mo\u017cemy przechowywa\u0107 wiele obraz\u00f3w w dok\u0142adnie takim formacie, jaki jest wymagany dla ka\u017cdego odbiorcy i przesy\u0142a\u0107 je cyfrowo bezpo\u015brednio z naszych system\u00f3w.<\/p>\n<p>Jedn\u0105 z unikatowych propozycji firmy Global Listings jest to, \u017ce wszelkie metadane tworzone przez nas dla naszych klient\u00f3w nale\u017c\u0105 do naszych klient\u00f3w \u2013 wi\u0119c nigdy nie zostan\u0105 u\u017cyte ponownie przez innego nadawc\u0119, je\u017celi nab\u0119dzie prawa do tego samego programu w przysz\u0142o\u015bci.<\/p>\n<\/div>\n<\/div>\n","protected":false},"excerpt":{"rendered":"<p>WZBOGACONE METADANE Nasza baza danych, dostosowana do pracy w XXI wieku, jest w pe\u0142ni przygotowana, aby sprosta\u0107 wszelkim wyzwaniom \u2013 obecnym i przysz\u0142ym. Oznacza to, \u017ce mo\u017cemy przechowywa\u0107 nie tylko ilo\u015b\u0107 (dos\u0142ownie miliony danych na temat program\u00f3w, 1 miliard danych na tabel\u0119 i dok\u0142adnie 8000 terabajt\u00f3w na plik danych!), ale r\u00f3wnie\u017c jako\u015b\u0107 \u2013 wi\u0119c dla [&hellip;]<\/p>\n","protected":false},"author":1,"featured_media":0,"parent":0,"menu_order":174,"comment_status":"closed","ping_status":"closed","template":"page-enhanced_metadata.php","meta":{"_acf_changed":false,"cybocfi_hide_featured_image":"","footnotes":""},"class_list":["post-10379","page","type-page","status-publish","hentry"],"acf":[],"aioseo_notices":[],"yoast_head":"<!-- This site is optimized with the Yoast SEO plugin v27.4 - https:\/\/yoast.com\/product\/yoast-seo-wordpress\/ -->\n<title>Wzbogacone metadane - Global Listings<\/title>\n<meta name=\"robots\" content=\"index, follow, max-snippet:-1, max-image-preview:large, max-video-preview:-1\" \/>\n<link rel=\"canonical\" href=\"https:\/\/www.globallistings.info\/pl\/wzbogacone-metadane\/\" \/>\n<meta property=\"og:locale\" content=\"pl_PL\" \/>\n<meta property=\"og:type\" content=\"article\" \/>\n<meta property=\"og:title\" content=\"Wzbogacone metadane - Global Listings\" \/>\n<meta property=\"og:description\" content=\"WZBOGACONE METADANE Nasza baza danych, dostosowana do pracy w XXI wieku, jest w pe\u0142ni przygotowana, aby sprosta\u0107 wszelkim wyzwaniom \u2013 obecnym i przysz\u0142ym. Oznacza to, \u017ce mo\u017cemy przechowywa\u0107 nie tylko ilo\u015b\u0107 (dos\u0142ownie miliony danych na temat program\u00f3w, 1 miliard danych na tabel\u0119 i dok\u0142adnie 8000 terabajt\u00f3w na plik danych!), ale r\u00f3wnie\u017c jako\u015b\u0107 \u2013 wi\u0119c dla [&hellip;]\" \/>\n<meta property=\"og:url\" content=\"https:\/\/www.globallistings.info\/pl\/wzbogacone-metadane\/\" \/>\n<meta property=\"og:site_name\" content=\"Global Listings\" \/>\n<meta property=\"article:modified_time\" content=\"2017-12-13T17:14:30+00:00\" \/>\n<meta property=\"og:image\" content=\"http:\/\/www.globallistings.info\/app\/uploads\/2017\/01\/enhancedcircbig.png\" \/>\n<meta name=\"twitter:card\" content=\"summary_large_image\" \/>\n<meta name=\"twitter:label1\" content=\"Est. reading time\" \/>\n\t<meta name=\"twitter:data1\" content=\"1 minute\" \/>\n<script type=\"application\/ld+json\" class=\"yoast-schema-graph\">{\"@context\":\"https:\\\/\\\/schema.org\",\"@graph\":[{\"@type\":\"WebPage\",\"@id\":\"https:\\\/\\\/www.globallistings.info\\\/pl\\\/wzbogacone-metadane\\\/\",\"url\":\"https:\\\/\\\/www.globallistings.info\\\/pl\\\/wzbogacone-metadane\\\/\",\"name\":\"Wzbogacone metadane - Global Listings\",\"isPartOf\":{\"@id\":\"https:\\\/\\\/www.globallistings.info\\\/ar\\\/#website\"},\"primaryImageOfPage\":{\"@id\":\"https:\\\/\\\/www.globallistings.info\\\/pl\\\/wzbogacone-metadane\\\/#primaryimage\"},\"image\":{\"@id\":\"https:\\\/\\\/www.globallistings.info\\\/pl\\\/wzbogacone-metadane\\\/#primaryimage\"},\"thumbnailUrl\":\"http:\\\/\\\/www.globallistings.info\\\/app\\\/uploads\\\/2017\\\/01\\\/enhancedcircbig.png\",\"datePublished\":\"2017-03-13T19:21:43+00:00\",\"dateModified\":\"2017-12-13T17:14:30+00:00\",\"breadcrumb\":{\"@id\":\"https:\\\/\\\/www.globallistings.info\\\/pl\\\/wzbogacone-metadane\\\/#breadcrumb\"},\"inLanguage\":\"pl-PL\",\"potentialAction\":[{\"@type\":\"ReadAction\",\"target\":[\"https:\\\/\\\/www.globallistings.info\\\/pl\\\/wzbogacone-metadane\\\/\"]}]},{\"@type\":\"ImageObject\",\"inLanguage\":\"pl-PL\",\"@id\":\"https:\\\/\\\/www.globallistings.info\\\/pl\\\/wzbogacone-metadane\\\/#primaryimage\",\"url\":\"http:\\\/\\\/www.globallistings.info\\\/app\\\/uploads\\\/2017\\\/01\\\/enhancedcircbig.png\",\"contentUrl\":\"http:\\\/\\\/www.globallistings.info\\\/app\\\/uploads\\\/2017\\\/01\\\/enhancedcircbig.png\"},{\"@type\":\"BreadcrumbList\",\"@id\":\"https:\\\/\\\/www.globallistings.info\\\/pl\\\/wzbogacone-metadane\\\/#breadcrumb\",\"itemListElement\":[{\"@type\":\"ListItem\",\"position\":1,\"name\":\"Home\",\"item\":\"https:\\\/\\\/www.globallistings.info\\\/pl\\\/\"},{\"@type\":\"ListItem\",\"position\":2,\"name\":\"Wzbogacone metadane\"}]},{\"@type\":\"WebSite\",\"@id\":\"https:\\\/\\\/www.globallistings.info\\\/ar\\\/#website\",\"url\":\"https:\\\/\\\/www.globallistings.info\\\/ar\\\/\",\"name\":\"Global Listings\",\"description\":\"\",\"potentialAction\":[{\"@type\":\"SearchAction\",\"target\":{\"@type\":\"EntryPoint\",\"urlTemplate\":\"https:\\\/\\\/www.globallistings.info\\\/ar\\\/?s={search_term_string}\"},\"query-input\":{\"@type\":\"PropertyValueSpecification\",\"valueRequired\":true,\"valueName\":\"search_term_string\"}}],\"inLanguage\":\"pl-PL\"}]}<\/script>\n<!-- \/ Yoast SEO plugin. -->","yoast_head_json":{"title":"Wzbogacone metadane - Global Listings","robots":{"index":"index","follow":"follow","max-snippet":"max-snippet:-1","max-image-preview":"max-image-preview:large","max-video-preview":"max-video-preview:-1"},"canonical":"https:\/\/www.globallistings.info\/pl\/wzbogacone-metadane\/","og_locale":"pl_PL","og_type":"article","og_title":"Wzbogacone metadane - Global Listings","og_description":"WZBOGACONE METADANE Nasza baza danych, dostosowana do pracy w XXI wieku, jest w pe\u0142ni przygotowana, aby sprosta\u0107 wszelkim wyzwaniom \u2013 obecnym i przysz\u0142ym. Oznacza to, \u017ce mo\u017cemy przechowywa\u0107 nie tylko ilo\u015b\u0107 (dos\u0142ownie miliony danych na temat program\u00f3w, 1 miliard danych na tabel\u0119 i dok\u0142adnie 8000 terabajt\u00f3w na plik danych!), ale r\u00f3wnie\u017c jako\u015b\u0107 \u2013 wi\u0119c dla [&hellip;]","og_url":"https:\/\/www.globallistings.info\/pl\/wzbogacone-metadane\/","og_site_name":"Global Listings","article_modified_time":"2017-12-13T17:14:30+00:00","og_image":[{"url":"http:\/\/www.globallistings.info\/app\/uploads\/2017\/01\/enhancedcircbig.png","type":"","width":"","height":""}],"twitter_card":"summary_large_image","twitter_misc":{"Est. reading time":"1 minute"},"schema":{"@context":"https:\/\/schema.org","@graph":[{"@type":"WebPage","@id":"https:\/\/www.globallistings.info\/pl\/wzbogacone-metadane\/","url":"https:\/\/www.globallistings.info\/pl\/wzbogacone-metadane\/","name":"Wzbogacone metadane - Global Listings","isPartOf":{"@id":"https:\/\/www.globallistings.info\/ar\/#website"},"primaryImageOfPage":{"@id":"https:\/\/www.globallistings.info\/pl\/wzbogacone-metadane\/#primaryimage"},"image":{"@id":"https:\/\/www.globallistings.info\/pl\/wzbogacone-metadane\/#primaryimage"},"thumbnailUrl":"http:\/\/www.globallistings.info\/app\/uploads\/2017\/01\/enhancedcircbig.png","datePublished":"2017-03-13T19:21:43+00:00","dateModified":"2017-12-13T17:14:30+00:00","breadcrumb":{"@id":"https:\/\/www.globallistings.info\/pl\/wzbogacone-metadane\/#breadcrumb"},"inLanguage":"pl-PL","potentialAction":[{"@type":"ReadAction","target":["https:\/\/www.globallistings.info\/pl\/wzbogacone-metadane\/"]}]},{"@type":"ImageObject","inLanguage":"pl-PL","@id":"https:\/\/www.globallistings.info\/pl\/wzbogacone-metadane\/#primaryimage","url":"http:\/\/www.globallistings.info\/app\/uploads\/2017\/01\/enhancedcircbig.png","contentUrl":"http:\/\/www.globallistings.info\/app\/uploads\/2017\/01\/enhancedcircbig.png"},{"@type":"BreadcrumbList","@id":"https:\/\/www.globallistings.info\/pl\/wzbogacone-metadane\/#breadcrumb","itemListElement":[{"@type":"ListItem","position":1,"name":"Home","item":"https:\/\/www.globallistings.info\/pl\/"},{"@type":"ListItem","position":2,"name":"Wzbogacone metadane"}]},{"@type":"WebSite","@id":"https:\/\/www.globallistings.info\/ar\/#website","url":"https:\/\/www.globallistings.info\/ar\/","name":"Global Listings","description":"","potentialAction":[{"@type":"SearchAction","target":{"@type":"EntryPoint","urlTemplate":"https:\/\/www.globallistings.info\/ar\/?s={search_term_string}"},"query-input":{"@type":"PropertyValueSpecification","valueRequired":true,"valueName":"search_term_string"}}],"inLanguage":"pl-PL"}]}},"_links":{"self":[{"href":"https:\/\/www.globallistings.info\/pl\/wp-json\/wp\/v2\/pages\/10379","targetHints":{"allow":["GET"]}}],"collection":[{"href":"https:\/\/www.globallistings.info\/pl\/wp-json\/wp\/v2\/pages"}],"about":[{"href":"https:\/\/www.globallistings.info\/pl\/wp-json\/wp\/v2\/types\/page"}],"author":[{"embeddable":true,"href":"https:\/\/www.globallistings.info\/pl\/wp-json\/wp\/v2\/users\/1"}],"replies":[{"embeddable":true,"href":"https:\/\/www.globallistings.info\/pl\/wp-json\/wp\/v2\/comments?post=10379"}],"version-history":[{"count":0,"href":"https:\/\/www.globallistings.info\/pl\/wp-json\/wp\/v2\/pages\/10379\/revisions"}],"wp:attachment":[{"href":"https:\/\/www.globallistings.info\/pl\/wp-json\/wp\/v2\/media?parent=10379"}],"curies":[{"name":"wp","href":"https:\/\/api.w.org\/{rel}","templated":true}]}}