{"id":12468,"date":"2017-03-15T10:58:59","date_gmt":"2017-03-15T10:58:59","guid":{"rendered":"http:\/\/www.globallistings.info\/pt-pt\/servicos\/"},"modified":"2017-12-18T16:52:49","modified_gmt":"2017-12-18T16:52:49","slug":"servicos","status":"publish","type":"page","link":"https:\/\/www.globallistings.info\/pt-pt\/servicos\/","title":{"rendered":"Servi\u00e7os"},"content":{"rendered":"<div class=\"col-4\">\n<p><img decoding=\"async\" class=\"img-circle img-responsive\" src=\"http:\/\/www.globallistings.info\/app\/uploads\/2016\/12\/services.png\" alt=\"\" \/><\/p>\n<p class=\"content\">Paul Weaver<br \/>\n<mark class=\"sub-content\">Diretor-Geral<\/mark><\/p>\n<p class=\"description\">Paul Weaver \u00e9 o Diretor-Geral da Global Listings, respons\u00e1vel pelo funcionamento di\u00e1rio da empresa e pela supervis\u00e3o do lan\u00e7amento de novos neg\u00f3cios. Paul acumulou uma vasta experi\u00eancia ao longo de mais de 20 anos dedicados \u00e0 \u00e1rea editorial de TV e de Guias Eletr\u00f3nicos de Programa\u00e7\u00e3o, tendo trabalhado cerca de uma d\u00e9cada na Sky TV e na Video Networks (agora TalkTalk). Tem como prioridade prestar um servi\u00e7o de excel\u00eancia a cada um dos clientes da Global Listings e garantir que o servi\u00e7o\u00a0fornecido supera sempre as suas expetativas.<\/p>\n<\/div>\n<div class=\"col-8\">\n<div class=\"content\">\n<p>Facultamos <strong>dados de Guias Eletr\u00f3nicos de Programa\u00e7\u00e3o<\/strong> (v\u00eddeo on demand) lineares e n\u00e3o lineares, atualizados, diretamente \u00e0s plataformas de TV e aos servi\u00e7os de OTT.<\/p>\n<p>Criamos e distribu\u00edmos <strong>grelhas de programa\u00e7\u00e3o televisiva<\/strong> precisas em ingl\u00eas, bem como localizadas, e <strong>destaques de programas<\/strong> apelativos, em nome dos canais de TV.<\/p>\n<p><strong>Traduzimos<\/strong> t\u00edtulos,\u00a0sinopses e metadados de programas de qualquer l\u00edngua de partida para qualquer l\u00edngua de chegada, recorrendo \u00e0 nossa rede global de 17.000 tradutores experientes e qualificados, que dominam a localiza\u00e7\u00e3o de material editorial de cada mercado.<\/p>\n<p>Trabalhamos com os <strong><em>streams<\/em> das redes sociais<\/strong> dos nossos clientes, para integrar os seus metadados de programas de TV nas suas comunica\u00e7\u00f5es online, desde o Twitter e Facebook ao Instagram e ao Snapchat.<\/p>\n<p><strong>Criamos conte\u00fado<\/strong> com uma equipa extremamente motivada de jornalistas e editores&#8230; a escrita \u00e9 a nossa especialidade e temos as palavras certas para cada circunst\u00e2ncia!<\/p>\n<p><strong>Proporcionamos<\/strong> programa\u00e7\u00f5es, destaques, Guias Eletr\u00f3nicos de Programa\u00e7\u00e3o, dados VOD e imagens usando um sistema de distribui\u00e7\u00e3o\u00a0moderno e\u00a0personalizado, bem como listas de correio direcionadas \u00e0 regi\u00e3o espec\u00edfica de cada cliente emissor, e a cada produto\/idioma.<\/p>\n<p>E temos capacidade para avaliar a cobertura\u00a0dos nossos clientes nos m\u00e9dia, com um <strong>servi\u00e7o de monitoramento dos m\u00e9dia<\/strong> completo, que abrange imprensa escrita, online e redes sociais em todo o mundo.<\/p>\n<\/div>\n<\/div>\n","protected":false},"excerpt":{"rendered":"<p>Paul Weaver Diretor-Geral Paul Weaver \u00e9 o Diretor-Geral da Global Listings, respons\u00e1vel pelo funcionamento di\u00e1rio da empresa e pela supervis\u00e3o do lan\u00e7amento de novos neg\u00f3cios. Paul acumulou uma vasta experi\u00eancia ao longo de mais de 20 anos dedicados \u00e0 \u00e1rea editorial de TV e de Guias Eletr\u00f3nicos de Programa\u00e7\u00e3o, tendo trabalhado cerca de uma d\u00e9cada [&hellip;]<\/p>\n","protected":false},"author":1,"featured_media":0,"parent":0,"menu_order":420,"comment_status":"closed","ping_status":"closed","template":"page-services.php","meta":{"_acf_changed":false,"cybocfi_hide_featured_image":"","footnotes":""},"class_list":["post-12468","page","type-page","status-publish","hentry"],"acf":[],"aioseo_notices":[],"yoast_head":"<!-- This site is optimized with the Yoast SEO plugin v27.3 - https:\/\/yoast.com\/product\/yoast-seo-wordpress\/ -->\n<title>Servi\u00e7os - Global Listings<\/title>\n<meta name=\"robots\" content=\"index, follow, max-snippet:-1, max-image-preview:large, max-video-preview:-1\" \/>\n<link rel=\"canonical\" href=\"https:\/\/www.globallistings.info\/pt-pt\/servicos\/\" \/>\n<meta property=\"og:locale\" content=\"pt_PT\" \/>\n<meta property=\"og:type\" content=\"article\" \/>\n<meta property=\"og:title\" content=\"Servi\u00e7os - Global Listings\" \/>\n<meta property=\"og:description\" content=\"Paul Weaver Diretor-Geral Paul Weaver \u00e9 o Diretor-Geral da Global Listings, respons\u00e1vel pelo funcionamento di\u00e1rio da empresa e pela supervis\u00e3o do lan\u00e7amento de novos neg\u00f3cios. Paul acumulou uma vasta experi\u00eancia ao longo de mais de 20 anos dedicados \u00e0 \u00e1rea editorial de TV e de Guias Eletr\u00f3nicos de Programa\u00e7\u00e3o, tendo trabalhado cerca de uma d\u00e9cada [&hellip;]\" \/>\n<meta property=\"og:url\" content=\"https:\/\/www.globallistings.info\/pt-pt\/servicos\/\" \/>\n<meta property=\"og:site_name\" content=\"Global Listings\" \/>\n<meta property=\"article:modified_time\" content=\"2017-12-18T16:52:49+00:00\" \/>\n<meta property=\"og:image\" content=\"http:\/\/www.globallistings.info\/app\/uploads\/2016\/12\/services.png\" \/>\n<meta name=\"twitter:card\" content=\"summary_large_image\" \/>\n<meta name=\"twitter:label1\" content=\"Est. reading time\" \/>\n\t<meta name=\"twitter:data1\" content=\"2 minutes\" \/>\n<script type=\"application\/ld+json\" class=\"yoast-schema-graph\">{\"@context\":\"https:\\\/\\\/schema.org\",\"@graph\":[{\"@type\":\"WebPage\",\"@id\":\"https:\\\/\\\/www.globallistings.info\\\/pt-pt\\\/servicos\\\/\",\"url\":\"https:\\\/\\\/www.globallistings.info\\\/pt-pt\\\/servicos\\\/\",\"name\":\"Servi\u00e7os - Global Listings\",\"isPartOf\":{\"@id\":\"https:\\\/\\\/www.globallistings.info\\\/ar\\\/#website\"},\"primaryImageOfPage\":{\"@id\":\"https:\\\/\\\/www.globallistings.info\\\/pt-pt\\\/servicos\\\/#primaryimage\"},\"image\":{\"@id\":\"https:\\\/\\\/www.globallistings.info\\\/pt-pt\\\/servicos\\\/#primaryimage\"},\"thumbnailUrl\":\"http:\\\/\\\/www.globallistings.info\\\/app\\\/uploads\\\/2016\\\/12\\\/services.png\",\"datePublished\":\"2017-03-15T10:58:59+00:00\",\"dateModified\":\"2017-12-18T16:52:49+00:00\",\"breadcrumb\":{\"@id\":\"https:\\\/\\\/www.globallistings.info\\\/pt-pt\\\/servicos\\\/#breadcrumb\"},\"inLanguage\":\"pt-PT\",\"potentialAction\":[{\"@type\":\"ReadAction\",\"target\":[\"https:\\\/\\\/www.globallistings.info\\\/pt-pt\\\/servicos\\\/\"]}]},{\"@type\":\"ImageObject\",\"inLanguage\":\"pt-PT\",\"@id\":\"https:\\\/\\\/www.globallistings.info\\\/pt-pt\\\/servicos\\\/#primaryimage\",\"url\":\"http:\\\/\\\/www.globallistings.info\\\/app\\\/uploads\\\/2016\\\/12\\\/services.png\",\"contentUrl\":\"http:\\\/\\\/www.globallistings.info\\\/app\\\/uploads\\\/2016\\\/12\\\/services.png\"},{\"@type\":\"BreadcrumbList\",\"@id\":\"https:\\\/\\\/www.globallistings.info\\\/pt-pt\\\/servicos\\\/#breadcrumb\",\"itemListElement\":[{\"@type\":\"ListItem\",\"position\":1,\"name\":\"Home\",\"item\":\"https:\\\/\\\/www.globallistings.info\\\/pt-pt\\\/\"},{\"@type\":\"ListItem\",\"position\":2,\"name\":\"Servi\u00e7os\"}]},{\"@type\":\"WebSite\",\"@id\":\"https:\\\/\\\/www.globallistings.info\\\/ar\\\/#website\",\"url\":\"https:\\\/\\\/www.globallistings.info\\\/ar\\\/\",\"name\":\"Global Listings\",\"description\":\"\",\"potentialAction\":[{\"@type\":\"SearchAction\",\"target\":{\"@type\":\"EntryPoint\",\"urlTemplate\":\"https:\\\/\\\/www.globallistings.info\\\/ar\\\/?s={search_term_string}\"},\"query-input\":{\"@type\":\"PropertyValueSpecification\",\"valueRequired\":true,\"valueName\":\"search_term_string\"}}],\"inLanguage\":\"pt-PT\"}]}<\/script>\n<!-- \/ Yoast SEO plugin. -->","yoast_head_json":{"title":"Servi\u00e7os - Global Listings","robots":{"index":"index","follow":"follow","max-snippet":"max-snippet:-1","max-image-preview":"max-image-preview:large","max-video-preview":"max-video-preview:-1"},"canonical":"https:\/\/www.globallistings.info\/pt-pt\/servicos\/","og_locale":"pt_PT","og_type":"article","og_title":"Servi\u00e7os - Global Listings","og_description":"Paul Weaver Diretor-Geral Paul Weaver \u00e9 o Diretor-Geral da Global Listings, respons\u00e1vel pelo funcionamento di\u00e1rio da empresa e pela supervis\u00e3o do lan\u00e7amento de novos neg\u00f3cios. Paul acumulou uma vasta experi\u00eancia ao longo de mais de 20 anos dedicados \u00e0 \u00e1rea editorial de TV e de Guias Eletr\u00f3nicos de Programa\u00e7\u00e3o, tendo trabalhado cerca de uma d\u00e9cada [&hellip;]","og_url":"https:\/\/www.globallistings.info\/pt-pt\/servicos\/","og_site_name":"Global Listings","article_modified_time":"2017-12-18T16:52:49+00:00","og_image":[{"url":"http:\/\/www.globallistings.info\/app\/uploads\/2016\/12\/services.png","type":"","width":"","height":""}],"twitter_card":"summary_large_image","twitter_misc":{"Est. reading time":"2 minutes"},"schema":{"@context":"https:\/\/schema.org","@graph":[{"@type":"WebPage","@id":"https:\/\/www.globallistings.info\/pt-pt\/servicos\/","url":"https:\/\/www.globallistings.info\/pt-pt\/servicos\/","name":"Servi\u00e7os - Global Listings","isPartOf":{"@id":"https:\/\/www.globallistings.info\/ar\/#website"},"primaryImageOfPage":{"@id":"https:\/\/www.globallistings.info\/pt-pt\/servicos\/#primaryimage"},"image":{"@id":"https:\/\/www.globallistings.info\/pt-pt\/servicos\/#primaryimage"},"thumbnailUrl":"http:\/\/www.globallistings.info\/app\/uploads\/2016\/12\/services.png","datePublished":"2017-03-15T10:58:59+00:00","dateModified":"2017-12-18T16:52:49+00:00","breadcrumb":{"@id":"https:\/\/www.globallistings.info\/pt-pt\/servicos\/#breadcrumb"},"inLanguage":"pt-PT","potentialAction":[{"@type":"ReadAction","target":["https:\/\/www.globallistings.info\/pt-pt\/servicos\/"]}]},{"@type":"ImageObject","inLanguage":"pt-PT","@id":"https:\/\/www.globallistings.info\/pt-pt\/servicos\/#primaryimage","url":"http:\/\/www.globallistings.info\/app\/uploads\/2016\/12\/services.png","contentUrl":"http:\/\/www.globallistings.info\/app\/uploads\/2016\/12\/services.png"},{"@type":"BreadcrumbList","@id":"https:\/\/www.globallistings.info\/pt-pt\/servicos\/#breadcrumb","itemListElement":[{"@type":"ListItem","position":1,"name":"Home","item":"https:\/\/www.globallistings.info\/pt-pt\/"},{"@type":"ListItem","position":2,"name":"Servi\u00e7os"}]},{"@type":"WebSite","@id":"https:\/\/www.globallistings.info\/ar\/#website","url":"https:\/\/www.globallistings.info\/ar\/","name":"Global Listings","description":"","potentialAction":[{"@type":"SearchAction","target":{"@type":"EntryPoint","urlTemplate":"https:\/\/www.globallistings.info\/ar\/?s={search_term_string}"},"query-input":{"@type":"PropertyValueSpecification","valueRequired":true,"valueName":"search_term_string"}}],"inLanguage":"pt-PT"}]}},"_links":{"self":[{"href":"https:\/\/www.globallistings.info\/pt-pt\/wp-json\/wp\/v2\/pages\/12468","targetHints":{"allow":["GET"]}}],"collection":[{"href":"https:\/\/www.globallistings.info\/pt-pt\/wp-json\/wp\/v2\/pages"}],"about":[{"href":"https:\/\/www.globallistings.info\/pt-pt\/wp-json\/wp\/v2\/types\/page"}],"author":[{"embeddable":true,"href":"https:\/\/www.globallistings.info\/pt-pt\/wp-json\/wp\/v2\/users\/1"}],"replies":[{"embeddable":true,"href":"https:\/\/www.globallistings.info\/pt-pt\/wp-json\/wp\/v2\/comments?post=12468"}],"version-history":[{"count":0,"href":"https:\/\/www.globallistings.info\/pt-pt\/wp-json\/wp\/v2\/pages\/12468\/revisions"}],"wp:attachment":[{"href":"https:\/\/www.globallistings.info\/pt-pt\/wp-json\/wp\/v2\/media?parent=12468"}],"curies":[{"name":"wp","href":"https:\/\/api.w.org\/{rel}","templated":true}]}}