{"id":14656,"date":"2017-03-17T02:10:55","date_gmt":"2017-03-17T02:10:55","guid":{"rendered":"http:\/\/www.globallistings.info\/pt-pt\/distribuicao-global\/"},"modified":"2017-12-18T16:13:30","modified_gmt":"2017-12-18T16:13:30","slug":"distribuicao-global","status":"publish","type":"page","link":"https:\/\/www.globallistings.info\/pt-pt\/distribuicao-global\/","title":{"rendered":"Distribui\u00e7\u00e3o Global"},"content":{"rendered":"<div class=\"col-4\">\n<p><img decoding=\"async\" class=\"img-circle img-responsive\" src=\"http:\/\/www.globallistings.info\/app\/uploads\/2017\/02\/hand.png\" alt=\"content-photo\" \/><\/p>\n<p class=\"content\">DISTRIBUI\u00c7\u00c3O GLOBAL<\/p>\n<\/div>\n<div class=\"col-8\">\n<div class=\"content\">\n<p>A Global Listings sabe que o cliente pode ter o melhor conte\u00fado do mundo, mas, se este n\u00e3o for comunicado \u00e0s pessoas certas, na altura certa, os m\u00e9dia n\u00e3o dar\u00e3o \u00e0 sua programa\u00e7\u00e3o a cobertura que ela merece.<\/p>\n<p>Temos capacidade para criar rapidamente listas de distribui\u00e7\u00e3o direcionadas, em tempo real, por pa\u00eds, para distribuir o seu conte\u00fado de programa\u00e7\u00e3o aos contactos certos, a tempo, sem falhas.<\/p>\n<p>A nossa experi\u00eancia nesta \u00e1rea, juntamente com o acesso \u00e0 base de dados dos principais contactos dos m\u00e9dia, significa que podemos facultar aos nossos clientes um servi\u00e7o \u00edmpar de distribui\u00e7\u00e3o de e-mails.<\/p>\n<p>Recorrendo \u00e0 nossa base de dados central e ao nosso conhecimento dos prazos globais praticados pelos m\u00e9dia para confer\u00eancias de imprensa, destaques de programas e outros materiais, disponibilizamos o conte\u00fado dos canais com um\u00a0toque de bot\u00e3o, ao destinat\u00e1rio certo, na devida altura.<\/p>\n<p>N\u00e3o s\u00f3 podemos criar de raiz uma lista de distribui\u00e7\u00e3o de e-mails totalmente direcionada para qualquer territ\u00f3rio do mundo, como tamb\u00e9m podemos disponibilizar um servi\u00e7o completo de verifica\u00e7\u00e3o das listas de e-mails j\u00e1 existentes dos nossos clientes, para nos certificarmos de que incluem todos os contactos e influenciadores dos m\u00e9dia importantes, nesse pa\u00eds ou regi\u00e3o espec\u00edfica.<\/p>\n<p>E, naturalmente, ap\u00f3s a conclus\u00e3o da lista, garantimos a sua atualiza\u00e7\u00e3o com verifica\u00e7\u00f5es regulares, acrescentando tamb\u00e9m os contactos necess\u00e1rios.<\/p>\n<\/div>\n<\/div>\n","protected":false},"excerpt":{"rendered":"<p>DISTRIBUI\u00c7\u00c3O GLOBAL A Global Listings sabe que o cliente pode ter o melhor conte\u00fado do mundo, mas, se este n\u00e3o for comunicado \u00e0s pessoas certas, na altura certa, os m\u00e9dia n\u00e3o dar\u00e3o \u00e0 sua programa\u00e7\u00e3o a cobertura que ela merece. Temos capacidade para criar rapidamente listas de distribui\u00e7\u00e3o direcionadas, em tempo real, por pa\u00eds, para [&hellip;]<\/p>\n","protected":false},"author":1,"featured_media":0,"parent":0,"menu_order":239,"comment_status":"closed","ping_status":"closed","template":"page-globaldistribution.php","meta":{"_acf_changed":false,"cybocfi_hide_featured_image":"","footnotes":""},"class_list":["post-14656","page","type-page","status-publish","hentry"],"acf":[],"aioseo_notices":[],"yoast_head":"<!-- This site is optimized with the Yoast SEO plugin v27.3 - https:\/\/yoast.com\/product\/yoast-seo-wordpress\/ -->\n<title>Distribui\u00e7\u00e3o Global - Global Listings<\/title>\n<meta name=\"robots\" content=\"index, follow, max-snippet:-1, max-image-preview:large, max-video-preview:-1\" \/>\n<link rel=\"canonical\" href=\"https:\/\/www.globallistings.info\/pt-pt\/distribuicao-global\/\" \/>\n<meta property=\"og:locale\" content=\"pt_PT\" \/>\n<meta property=\"og:type\" content=\"article\" \/>\n<meta property=\"og:title\" content=\"Distribui\u00e7\u00e3o Global - Global Listings\" \/>\n<meta property=\"og:description\" content=\"DISTRIBUI\u00c7\u00c3O GLOBAL A Global Listings sabe que o cliente pode ter o melhor conte\u00fado do mundo, mas, se este n\u00e3o for comunicado \u00e0s pessoas certas, na altura certa, os m\u00e9dia n\u00e3o dar\u00e3o \u00e0 sua programa\u00e7\u00e3o a cobertura que ela merece. Temos capacidade para criar rapidamente listas de distribui\u00e7\u00e3o direcionadas, em tempo real, por pa\u00eds, para [&hellip;]\" \/>\n<meta property=\"og:url\" content=\"https:\/\/www.globallistings.info\/pt-pt\/distribuicao-global\/\" \/>\n<meta property=\"og:site_name\" content=\"Global Listings\" \/>\n<meta property=\"article:modified_time\" content=\"2017-12-18T16:13:30+00:00\" \/>\n<meta property=\"og:image\" content=\"http:\/\/www.globallistings.info\/app\/uploads\/2017\/02\/hand.png\" \/>\n<meta name=\"twitter:card\" content=\"summary_large_image\" \/>\n<meta name=\"twitter:label1\" content=\"Est. reading time\" \/>\n\t<meta name=\"twitter:data1\" content=\"1 minute\" \/>\n<script type=\"application\/ld+json\" class=\"yoast-schema-graph\">{\"@context\":\"https:\\\/\\\/schema.org\",\"@graph\":[{\"@type\":\"WebPage\",\"@id\":\"https:\\\/\\\/www.globallistings.info\\\/pt-pt\\\/distribuicao-global\\\/\",\"url\":\"https:\\\/\\\/www.globallistings.info\\\/pt-pt\\\/distribuicao-global\\\/\",\"name\":\"Distribui\u00e7\u00e3o Global - Global Listings\",\"isPartOf\":{\"@id\":\"https:\\\/\\\/www.globallistings.info\\\/ar\\\/#website\"},\"primaryImageOfPage\":{\"@id\":\"https:\\\/\\\/www.globallistings.info\\\/pt-pt\\\/distribuicao-global\\\/#primaryimage\"},\"image\":{\"@id\":\"https:\\\/\\\/www.globallistings.info\\\/pt-pt\\\/distribuicao-global\\\/#primaryimage\"},\"thumbnailUrl\":\"http:\\\/\\\/www.globallistings.info\\\/app\\\/uploads\\\/2017\\\/02\\\/hand.png\",\"datePublished\":\"2017-03-17T02:10:55+00:00\",\"dateModified\":\"2017-12-18T16:13:30+00:00\",\"breadcrumb\":{\"@id\":\"https:\\\/\\\/www.globallistings.info\\\/pt-pt\\\/distribuicao-global\\\/#breadcrumb\"},\"inLanguage\":\"pt-PT\",\"potentialAction\":[{\"@type\":\"ReadAction\",\"target\":[\"https:\\\/\\\/www.globallistings.info\\\/pt-pt\\\/distribuicao-global\\\/\"]}]},{\"@type\":\"ImageObject\",\"inLanguage\":\"pt-PT\",\"@id\":\"https:\\\/\\\/www.globallistings.info\\\/pt-pt\\\/distribuicao-global\\\/#primaryimage\",\"url\":\"http:\\\/\\\/www.globallistings.info\\\/app\\\/uploads\\\/2017\\\/02\\\/hand.png\",\"contentUrl\":\"http:\\\/\\\/www.globallistings.info\\\/app\\\/uploads\\\/2017\\\/02\\\/hand.png\"},{\"@type\":\"BreadcrumbList\",\"@id\":\"https:\\\/\\\/www.globallistings.info\\\/pt-pt\\\/distribuicao-global\\\/#breadcrumb\",\"itemListElement\":[{\"@type\":\"ListItem\",\"position\":1,\"name\":\"Home\",\"item\":\"https:\\\/\\\/www.globallistings.info\\\/pt-pt\\\/\"},{\"@type\":\"ListItem\",\"position\":2,\"name\":\"Distribui\u00e7\u00e3o Global\"}]},{\"@type\":\"WebSite\",\"@id\":\"https:\\\/\\\/www.globallistings.info\\\/ar\\\/#website\",\"url\":\"https:\\\/\\\/www.globallistings.info\\\/ar\\\/\",\"name\":\"Global Listings\",\"description\":\"\",\"potentialAction\":[{\"@type\":\"SearchAction\",\"target\":{\"@type\":\"EntryPoint\",\"urlTemplate\":\"https:\\\/\\\/www.globallistings.info\\\/ar\\\/?s={search_term_string}\"},\"query-input\":{\"@type\":\"PropertyValueSpecification\",\"valueRequired\":true,\"valueName\":\"search_term_string\"}}],\"inLanguage\":\"pt-PT\"}]}<\/script>\n<!-- \/ Yoast SEO plugin. -->","yoast_head_json":{"title":"Distribui\u00e7\u00e3o Global - Global Listings","robots":{"index":"index","follow":"follow","max-snippet":"max-snippet:-1","max-image-preview":"max-image-preview:large","max-video-preview":"max-video-preview:-1"},"canonical":"https:\/\/www.globallistings.info\/pt-pt\/distribuicao-global\/","og_locale":"pt_PT","og_type":"article","og_title":"Distribui\u00e7\u00e3o Global - Global Listings","og_description":"DISTRIBUI\u00c7\u00c3O GLOBAL A Global Listings sabe que o cliente pode ter o melhor conte\u00fado do mundo, mas, se este n\u00e3o for comunicado \u00e0s pessoas certas, na altura certa, os m\u00e9dia n\u00e3o dar\u00e3o \u00e0 sua programa\u00e7\u00e3o a cobertura que ela merece. Temos capacidade para criar rapidamente listas de distribui\u00e7\u00e3o direcionadas, em tempo real, por pa\u00eds, para [&hellip;]","og_url":"https:\/\/www.globallistings.info\/pt-pt\/distribuicao-global\/","og_site_name":"Global Listings","article_modified_time":"2017-12-18T16:13:30+00:00","og_image":[{"url":"http:\/\/www.globallistings.info\/app\/uploads\/2017\/02\/hand.png","type":"","width":"","height":""}],"twitter_card":"summary_large_image","twitter_misc":{"Est. reading time":"1 minute"},"schema":{"@context":"https:\/\/schema.org","@graph":[{"@type":"WebPage","@id":"https:\/\/www.globallistings.info\/pt-pt\/distribuicao-global\/","url":"https:\/\/www.globallistings.info\/pt-pt\/distribuicao-global\/","name":"Distribui\u00e7\u00e3o Global - Global Listings","isPartOf":{"@id":"https:\/\/www.globallistings.info\/ar\/#website"},"primaryImageOfPage":{"@id":"https:\/\/www.globallistings.info\/pt-pt\/distribuicao-global\/#primaryimage"},"image":{"@id":"https:\/\/www.globallistings.info\/pt-pt\/distribuicao-global\/#primaryimage"},"thumbnailUrl":"http:\/\/www.globallistings.info\/app\/uploads\/2017\/02\/hand.png","datePublished":"2017-03-17T02:10:55+00:00","dateModified":"2017-12-18T16:13:30+00:00","breadcrumb":{"@id":"https:\/\/www.globallistings.info\/pt-pt\/distribuicao-global\/#breadcrumb"},"inLanguage":"pt-PT","potentialAction":[{"@type":"ReadAction","target":["https:\/\/www.globallistings.info\/pt-pt\/distribuicao-global\/"]}]},{"@type":"ImageObject","inLanguage":"pt-PT","@id":"https:\/\/www.globallistings.info\/pt-pt\/distribuicao-global\/#primaryimage","url":"http:\/\/www.globallistings.info\/app\/uploads\/2017\/02\/hand.png","contentUrl":"http:\/\/www.globallistings.info\/app\/uploads\/2017\/02\/hand.png"},{"@type":"BreadcrumbList","@id":"https:\/\/www.globallistings.info\/pt-pt\/distribuicao-global\/#breadcrumb","itemListElement":[{"@type":"ListItem","position":1,"name":"Home","item":"https:\/\/www.globallistings.info\/pt-pt\/"},{"@type":"ListItem","position":2,"name":"Distribui\u00e7\u00e3o Global"}]},{"@type":"WebSite","@id":"https:\/\/www.globallistings.info\/ar\/#website","url":"https:\/\/www.globallistings.info\/ar\/","name":"Global Listings","description":"","potentialAction":[{"@type":"SearchAction","target":{"@type":"EntryPoint","urlTemplate":"https:\/\/www.globallistings.info\/ar\/?s={search_term_string}"},"query-input":{"@type":"PropertyValueSpecification","valueRequired":true,"valueName":"search_term_string"}}],"inLanguage":"pt-PT"}]}},"_links":{"self":[{"href":"https:\/\/www.globallistings.info\/pt-pt\/wp-json\/wp\/v2\/pages\/14656","targetHints":{"allow":["GET"]}}],"collection":[{"href":"https:\/\/www.globallistings.info\/pt-pt\/wp-json\/wp\/v2\/pages"}],"about":[{"href":"https:\/\/www.globallistings.info\/pt-pt\/wp-json\/wp\/v2\/types\/page"}],"author":[{"embeddable":true,"href":"https:\/\/www.globallistings.info\/pt-pt\/wp-json\/wp\/v2\/users\/1"}],"replies":[{"embeddable":true,"href":"https:\/\/www.globallistings.info\/pt-pt\/wp-json\/wp\/v2\/comments?post=14656"}],"version-history":[{"count":0,"href":"https:\/\/www.globallistings.info\/pt-pt\/wp-json\/wp\/v2\/pages\/14656\/revisions"}],"wp:attachment":[{"href":"https:\/\/www.globallistings.info\/pt-pt\/wp-json\/wp\/v2\/media?parent=14656"}],"curies":[{"name":"wp","href":"https:\/\/api.w.org\/{rel}","templated":true}]}}