{"id":14658,"date":"2017-03-17T02:47:11","date_gmt":"2017-03-17T02:47:11","guid":{"rendered":"http:\/\/www.globallistings.info\/pt-pt\/metadados-melhorados\/"},"modified":"2017-12-18T16:43:59","modified_gmt":"2017-12-18T16:43:59","slug":"metadados-melhorados","status":"publish","type":"page","link":"https:\/\/www.globallistings.info\/pt-pt\/metadados-melhorados\/","title":{"rendered":"Metadados Melhorados"},"content":{"rendered":"<div class=\"col-4\">\n<p><img decoding=\"async\" class=\"img-circle img-responsive\" src=\"http:\/\/www.globallistings.info\/app\/uploads\/2017\/01\/enhancedcircbig.png\" alt=\"content-photo\" \/><\/p>\n<p class=\"content\">METADADOS MELHORADOS<\/p>\n<\/div>\n<div class=\"col-8\">\n<div class=\"content\">\n<p>A nossa base de dados moderna est\u00e1 totalmente apetrechada para lidar com todos os desafios, agora e no futuro.<\/p>\n<p>Esta tem capacidade para um armazenamento em quantidade (literalmente milh\u00f5es de registos de programas; 1 bili\u00e3o de registos por tabela e 8000 terabytes por cada ficheiro de dados), mas tamb\u00e9m de qualidade. Por cada epis\u00f3dio de uma dada s\u00e9rie, temos centenas de campos de metadados associados que podem ser preenchidos, at\u00e9 ao mais pequeno detalhe.<\/p>\n<p>Isto inclui todos os detalhes evidentes, desde v\u00e1rias descri\u00e7\u00f5es com tamanhos e estilos diferentes, a dados b\u00e1sicos, como a dura\u00e7\u00e3o exata de um programa, o ano de produ\u00e7\u00e3o, informa\u00e7\u00e3o sobre o elenco e a equipa, e os n\u00fameros da s\u00e9rie e dos epis\u00f3dios, at\u00e9 campos mais espec\u00edficos, como <em>hashtags<\/em> do Twitter, refer\u00eancias de <em>product placement<\/em>, informa\u00e7\u00e3o de licenciamento, direitos transacionais e detalhes de pre\u00e7os.<\/p>\n<p>Tamb\u00e9m temos capacidade para armazenar v\u00e1rias imagens associadas a cada registo de programa e s\u00e9rie, no formato exato exigido por cada destinat\u00e1rio, disponibilizando-as diretamente, por meio digital, a partir dos nossos sistemas.<\/p>\n<p>Uma das propostas \u00fanicas de valor da Global Listings \u00e9 que todos os metadados criados por n\u00f3s, para os nossos clientes, pertencem aos nossos clientes, n\u00e3o podendo ser usados por outros emissores, caso venham a adquirir o mesmo programa no futuro.<\/p>\n<\/div>\n<\/div>\n","protected":false},"excerpt":{"rendered":"<p>METADADOS MELHORADOS A nossa base de dados moderna est\u00e1 totalmente apetrechada para lidar com todos os desafios, agora e no futuro. Esta tem capacidade para um armazenamento em quantidade (literalmente milh\u00f5es de registos de programas; 1 bili\u00e3o de registos por tabela e 8000 terabytes por cada ficheiro de dados), mas tamb\u00e9m de qualidade. Por cada [&hellip;]<\/p>\n","protected":false},"author":1,"featured_media":0,"parent":0,"menu_order":181,"comment_status":"closed","ping_status":"closed","template":"page-enhanced_metadata.php","meta":{"_acf_changed":false,"cybocfi_hide_featured_image":"","footnotes":""},"class_list":["post-14658","page","type-page","status-publish","hentry"],"acf":[],"aioseo_notices":[],"yoast_head":"<!-- This site is optimized with the Yoast SEO plugin v27.3 - https:\/\/yoast.com\/product\/yoast-seo-wordpress\/ -->\n<title>Metadados Melhorados - Global Listings<\/title>\n<meta name=\"robots\" content=\"index, follow, max-snippet:-1, max-image-preview:large, max-video-preview:-1\" \/>\n<link rel=\"canonical\" href=\"https:\/\/www.globallistings.info\/pt-pt\/metadados-melhorados\/\" \/>\n<meta property=\"og:locale\" content=\"pt_PT\" \/>\n<meta property=\"og:type\" content=\"article\" \/>\n<meta property=\"og:title\" content=\"Metadados Melhorados - Global Listings\" \/>\n<meta property=\"og:description\" content=\"METADADOS MELHORADOS A nossa base de dados moderna est\u00e1 totalmente apetrechada para lidar com todos os desafios, agora e no futuro. Esta tem capacidade para um armazenamento em quantidade (literalmente milh\u00f5es de registos de programas; 1 bili\u00e3o de registos por tabela e 8000 terabytes por cada ficheiro de dados), mas tamb\u00e9m de qualidade. Por cada [&hellip;]\" \/>\n<meta property=\"og:url\" content=\"https:\/\/www.globallistings.info\/pt-pt\/metadados-melhorados\/\" \/>\n<meta property=\"og:site_name\" content=\"Global Listings\" \/>\n<meta property=\"article:modified_time\" content=\"2017-12-18T16:43:59+00:00\" \/>\n<meta property=\"og:image\" content=\"http:\/\/www.globallistings.info\/app\/uploads\/2017\/01\/enhancedcircbig.png\" \/>\n<meta name=\"twitter:card\" content=\"summary_large_image\" \/>\n<meta name=\"twitter:label1\" content=\"Est. reading time\" \/>\n\t<meta name=\"twitter:data1\" content=\"1 minute\" \/>\n<script type=\"application\/ld+json\" class=\"yoast-schema-graph\">{\"@context\":\"https:\\\/\\\/schema.org\",\"@graph\":[{\"@type\":\"WebPage\",\"@id\":\"https:\\\/\\\/www.globallistings.info\\\/pt-pt\\\/metadados-melhorados\\\/\",\"url\":\"https:\\\/\\\/www.globallistings.info\\\/pt-pt\\\/metadados-melhorados\\\/\",\"name\":\"Metadados Melhorados - Global Listings\",\"isPartOf\":{\"@id\":\"https:\\\/\\\/www.globallistings.info\\\/ar\\\/#website\"},\"primaryImageOfPage\":{\"@id\":\"https:\\\/\\\/www.globallistings.info\\\/pt-pt\\\/metadados-melhorados\\\/#primaryimage\"},\"image\":{\"@id\":\"https:\\\/\\\/www.globallistings.info\\\/pt-pt\\\/metadados-melhorados\\\/#primaryimage\"},\"thumbnailUrl\":\"http:\\\/\\\/www.globallistings.info\\\/app\\\/uploads\\\/2017\\\/01\\\/enhancedcircbig.png\",\"datePublished\":\"2017-03-17T02:47:11+00:00\",\"dateModified\":\"2017-12-18T16:43:59+00:00\",\"breadcrumb\":{\"@id\":\"https:\\\/\\\/www.globallistings.info\\\/pt-pt\\\/metadados-melhorados\\\/#breadcrumb\"},\"inLanguage\":\"pt-PT\",\"potentialAction\":[{\"@type\":\"ReadAction\",\"target\":[\"https:\\\/\\\/www.globallistings.info\\\/pt-pt\\\/metadados-melhorados\\\/\"]}]},{\"@type\":\"ImageObject\",\"inLanguage\":\"pt-PT\",\"@id\":\"https:\\\/\\\/www.globallistings.info\\\/pt-pt\\\/metadados-melhorados\\\/#primaryimage\",\"url\":\"http:\\\/\\\/www.globallistings.info\\\/app\\\/uploads\\\/2017\\\/01\\\/enhancedcircbig.png\",\"contentUrl\":\"http:\\\/\\\/www.globallistings.info\\\/app\\\/uploads\\\/2017\\\/01\\\/enhancedcircbig.png\"},{\"@type\":\"BreadcrumbList\",\"@id\":\"https:\\\/\\\/www.globallistings.info\\\/pt-pt\\\/metadados-melhorados\\\/#breadcrumb\",\"itemListElement\":[{\"@type\":\"ListItem\",\"position\":1,\"name\":\"Home\",\"item\":\"https:\\\/\\\/www.globallistings.info\\\/pt-pt\\\/\"},{\"@type\":\"ListItem\",\"position\":2,\"name\":\"Metadados Melhorados\"}]},{\"@type\":\"WebSite\",\"@id\":\"https:\\\/\\\/www.globallistings.info\\\/ar\\\/#website\",\"url\":\"https:\\\/\\\/www.globallistings.info\\\/ar\\\/\",\"name\":\"Global Listings\",\"description\":\"\",\"potentialAction\":[{\"@type\":\"SearchAction\",\"target\":{\"@type\":\"EntryPoint\",\"urlTemplate\":\"https:\\\/\\\/www.globallistings.info\\\/ar\\\/?s={search_term_string}\"},\"query-input\":{\"@type\":\"PropertyValueSpecification\",\"valueRequired\":true,\"valueName\":\"search_term_string\"}}],\"inLanguage\":\"pt-PT\"}]}<\/script>\n<!-- \/ Yoast SEO plugin. -->","yoast_head_json":{"title":"Metadados Melhorados - Global Listings","robots":{"index":"index","follow":"follow","max-snippet":"max-snippet:-1","max-image-preview":"max-image-preview:large","max-video-preview":"max-video-preview:-1"},"canonical":"https:\/\/www.globallistings.info\/pt-pt\/metadados-melhorados\/","og_locale":"pt_PT","og_type":"article","og_title":"Metadados Melhorados - Global Listings","og_description":"METADADOS MELHORADOS A nossa base de dados moderna est\u00e1 totalmente apetrechada para lidar com todos os desafios, agora e no futuro. Esta tem capacidade para um armazenamento em quantidade (literalmente milh\u00f5es de registos de programas; 1 bili\u00e3o de registos por tabela e 8000 terabytes por cada ficheiro de dados), mas tamb\u00e9m de qualidade. Por cada [&hellip;]","og_url":"https:\/\/www.globallistings.info\/pt-pt\/metadados-melhorados\/","og_site_name":"Global Listings","article_modified_time":"2017-12-18T16:43:59+00:00","og_image":[{"url":"http:\/\/www.globallistings.info\/app\/uploads\/2017\/01\/enhancedcircbig.png","type":"","width":"","height":""}],"twitter_card":"summary_large_image","twitter_misc":{"Est. reading time":"1 minute"},"schema":{"@context":"https:\/\/schema.org","@graph":[{"@type":"WebPage","@id":"https:\/\/www.globallistings.info\/pt-pt\/metadados-melhorados\/","url":"https:\/\/www.globallistings.info\/pt-pt\/metadados-melhorados\/","name":"Metadados Melhorados - Global Listings","isPartOf":{"@id":"https:\/\/www.globallistings.info\/ar\/#website"},"primaryImageOfPage":{"@id":"https:\/\/www.globallistings.info\/pt-pt\/metadados-melhorados\/#primaryimage"},"image":{"@id":"https:\/\/www.globallistings.info\/pt-pt\/metadados-melhorados\/#primaryimage"},"thumbnailUrl":"http:\/\/www.globallistings.info\/app\/uploads\/2017\/01\/enhancedcircbig.png","datePublished":"2017-03-17T02:47:11+00:00","dateModified":"2017-12-18T16:43:59+00:00","breadcrumb":{"@id":"https:\/\/www.globallistings.info\/pt-pt\/metadados-melhorados\/#breadcrumb"},"inLanguage":"pt-PT","potentialAction":[{"@type":"ReadAction","target":["https:\/\/www.globallistings.info\/pt-pt\/metadados-melhorados\/"]}]},{"@type":"ImageObject","inLanguage":"pt-PT","@id":"https:\/\/www.globallistings.info\/pt-pt\/metadados-melhorados\/#primaryimage","url":"http:\/\/www.globallistings.info\/app\/uploads\/2017\/01\/enhancedcircbig.png","contentUrl":"http:\/\/www.globallistings.info\/app\/uploads\/2017\/01\/enhancedcircbig.png"},{"@type":"BreadcrumbList","@id":"https:\/\/www.globallistings.info\/pt-pt\/metadados-melhorados\/#breadcrumb","itemListElement":[{"@type":"ListItem","position":1,"name":"Home","item":"https:\/\/www.globallistings.info\/pt-pt\/"},{"@type":"ListItem","position":2,"name":"Metadados Melhorados"}]},{"@type":"WebSite","@id":"https:\/\/www.globallistings.info\/ar\/#website","url":"https:\/\/www.globallistings.info\/ar\/","name":"Global Listings","description":"","potentialAction":[{"@type":"SearchAction","target":{"@type":"EntryPoint","urlTemplate":"https:\/\/www.globallistings.info\/ar\/?s={search_term_string}"},"query-input":{"@type":"PropertyValueSpecification","valueRequired":true,"valueName":"search_term_string"}}],"inLanguage":"pt-PT"}]}},"_links":{"self":[{"href":"https:\/\/www.globallistings.info\/pt-pt\/wp-json\/wp\/v2\/pages\/14658","targetHints":{"allow":["GET"]}}],"collection":[{"href":"https:\/\/www.globallistings.info\/pt-pt\/wp-json\/wp\/v2\/pages"}],"about":[{"href":"https:\/\/www.globallistings.info\/pt-pt\/wp-json\/wp\/v2\/types\/page"}],"author":[{"embeddable":true,"href":"https:\/\/www.globallistings.info\/pt-pt\/wp-json\/wp\/v2\/users\/1"}],"replies":[{"embeddable":true,"href":"https:\/\/www.globallistings.info\/pt-pt\/wp-json\/wp\/v2\/comments?post=14658"}],"version-history":[{"count":0,"href":"https:\/\/www.globallistings.info\/pt-pt\/wp-json\/wp\/v2\/pages\/14658\/revisions"}],"wp:attachment":[{"href":"https:\/\/www.globallistings.info\/pt-pt\/wp-json\/wp\/v2\/media?parent=14658"}],"curies":[{"name":"wp","href":"https:\/\/api.w.org\/{rel}","templated":true}]}}