{"id":14660,"date":"2017-03-17T02:59:36","date_gmt":"2017-03-17T02:59:36","guid":{"rendered":"http:\/\/www.globallistings.info\/pt-pt\/atualizacoes-de-guias-eletronicos-de-programacao-24-horas-por-dia-7-dias-por-semana\/"},"modified":"2017-12-18T16:50:15","modified_gmt":"2017-12-18T16:50:15","slug":"atualizacoes-de-guias-eletronicos-de-programacao-24-horas-por-dia-7-dias-por-semana","status":"publish","type":"page","link":"https:\/\/www.globallistings.info\/pt-pt\/atualizacoes-de-guias-eletronicos-de-programacao-24-horas-por-dia-7-dias-por-semana\/","title":{"rendered":"Atualiza\u00e7\u00f5es de Guias Eletr\u00f3nicos de Programa\u00e7\u00e3o (EPGs), 24 horas por dia, 7 dias por semana"},"content":{"rendered":"<div class=\"col-4\">\n<p><img decoding=\"async\" class=\"img-circle img-responsive\" src=\"http:\/\/www.globallistings.info\/app\/uploads\/2017\/01\/274-copy.png\" alt=\"\" \/><\/p>\n<p class=\"content\">ATUALIZA\u00c7\u00d5ES DE GUIAS ELETR\u00d3NICOS DE PROGRAMA\u00c7\u00c3O (EPGs), 24 HORAS POR DIA, 7 DIAS POR SEMANA<\/p>\n<\/div>\n<div class=\"col-8\">\n<div class=\"content\">\n<p>O servi\u00e7o de EPG da Global Listings permite atualizar EPGs 24 horas por dia, 7 dias por semana.<\/p>\n<p>Atrav\u00e9s da <strong>AGiLE*<\/strong>, a nossa interface da Web personalizada, os emissores podem ver instantaneamente as grelhas atuais dos seus canais de TV, efetuar altera\u00e7\u00f5es urgentes \u00e0s mesmas e enviar novos dados de EPG para v\u00e1rias plataformas televisivas com um simples toque num bot\u00e3o.<\/p>\n<p>Pode faz\u00ea-lo num tablet ou num smartphone usando a aplica\u00e7\u00e3o da Global Listings, ou num PC ou Mac, em qualquer local que tenha uma liga\u00e7\u00e3o \u00e0 Internet.<\/p>\n<p>Este servi\u00e7o tamb\u00e9m permite \u00e0 Global Listings proporcionar um servi\u00e7o completo de monitoramento em direto dos EPGs para desportos e outros eventos em direto, em qualquer local e altura em que estejam a decorrer, garantindo que a informa\u00e7\u00e3o fornecida pelos EPGs dos canais aos telespectadores \u00e9 sempre 100% exata.<\/p>\n<div style=\"padding-bottom: 15px\"><\/div>\n<p>*(Access Global Listings Everywhere)<\/p>\n<\/div>\n<\/div>\n","protected":false},"excerpt":{"rendered":"<p>ATUALIZA\u00c7\u00d5ES DE GUIAS ELETR\u00d3NICOS DE PROGRAMA\u00c7\u00c3O (EPGs), 24 HORAS POR DIA, 7 DIAS POR SEMANA O servi\u00e7o de EPG da Global Listings permite atualizar EPGs 24 horas por dia, 7 dias por semana. Atrav\u00e9s da AGiLE*, a nossa interface da Web personalizada, os emissores podem ver instantaneamente as grelhas atuais dos seus canais de TV, [&hellip;]<\/p>\n","protected":false},"author":1,"featured_media":0,"parent":0,"menu_order":34,"comment_status":"closed","ping_status":"closed","template":"page-247updates.php","meta":{"_acf_changed":false,"cybocfi_hide_featured_image":"","footnotes":""},"class_list":["post-14660","page","type-page","status-publish","hentry"],"acf":[],"aioseo_notices":[],"yoast_head":"<!-- This site is optimized with the Yoast SEO plugin v27.4 - https:\/\/yoast.com\/product\/yoast-seo-wordpress\/ -->\n<title>Atualiza\u00e7\u00f5es de Guias Eletr\u00f3nicos de Programa\u00e7\u00e3o (EPGs), 24 horas por dia, 7 dias por semana - Global Listings<\/title>\n<meta name=\"robots\" content=\"index, follow, max-snippet:-1, max-image-preview:large, max-video-preview:-1\" \/>\n<link rel=\"canonical\" href=\"https:\/\/www.globallistings.info\/pt-pt\/atualizacoes-de-guias-eletronicos-de-programacao-24-horas-por-dia-7-dias-por-semana\/\" \/>\n<meta property=\"og:locale\" content=\"pt_PT\" \/>\n<meta property=\"og:type\" content=\"article\" \/>\n<meta property=\"og:title\" content=\"Atualiza\u00e7\u00f5es de Guias Eletr\u00f3nicos de Programa\u00e7\u00e3o (EPGs), 24 horas por dia, 7 dias por semana - Global Listings\" \/>\n<meta property=\"og:description\" content=\"ATUALIZA\u00c7\u00d5ES DE GUIAS ELETR\u00d3NICOS DE PROGRAMA\u00c7\u00c3O (EPGs), 24 HORAS POR DIA, 7 DIAS POR SEMANA O servi\u00e7o de EPG da Global Listings permite atualizar EPGs 24 horas por dia, 7 dias por semana. Atrav\u00e9s da AGiLE*, a nossa interface da Web personalizada, os emissores podem ver instantaneamente as grelhas atuais dos seus canais de TV, [&hellip;]\" \/>\n<meta property=\"og:url\" content=\"https:\/\/www.globallistings.info\/pt-pt\/atualizacoes-de-guias-eletronicos-de-programacao-24-horas-por-dia-7-dias-por-semana\/\" \/>\n<meta property=\"og:site_name\" content=\"Global Listings\" \/>\n<meta property=\"article:modified_time\" content=\"2017-12-18T16:50:15+00:00\" \/>\n<meta property=\"og:image\" content=\"http:\/\/www.globallistings.info\/app\/uploads\/2017\/01\/274-copy.png\" \/>\n<meta name=\"twitter:card\" content=\"summary_large_image\" \/>\n<meta name=\"twitter:label1\" content=\"Est. reading time\" \/>\n\t<meta name=\"twitter:data1\" content=\"1 minute\" \/>\n<script type=\"application\/ld+json\" class=\"yoast-schema-graph\">{\"@context\":\"https:\\\/\\\/schema.org\",\"@graph\":[{\"@type\":\"WebPage\",\"@id\":\"https:\\\/\\\/www.globallistings.info\\\/pt-pt\\\/atualizacoes-de-guias-eletronicos-de-programacao-24-horas-por-dia-7-dias-por-semana\\\/\",\"url\":\"https:\\\/\\\/www.globallistings.info\\\/pt-pt\\\/atualizacoes-de-guias-eletronicos-de-programacao-24-horas-por-dia-7-dias-por-semana\\\/\",\"name\":\"Atualiza\u00e7\u00f5es de Guias Eletr\u00f3nicos de Programa\u00e7\u00e3o (EPGs), 24 horas por dia, 7 dias por semana - Global Listings\",\"isPartOf\":{\"@id\":\"https:\\\/\\\/www.globallistings.info\\\/ar\\\/#website\"},\"primaryImageOfPage\":{\"@id\":\"https:\\\/\\\/www.globallistings.info\\\/pt-pt\\\/atualizacoes-de-guias-eletronicos-de-programacao-24-horas-por-dia-7-dias-por-semana\\\/#primaryimage\"},\"image\":{\"@id\":\"https:\\\/\\\/www.globallistings.info\\\/pt-pt\\\/atualizacoes-de-guias-eletronicos-de-programacao-24-horas-por-dia-7-dias-por-semana\\\/#primaryimage\"},\"thumbnailUrl\":\"http:\\\/\\\/www.globallistings.info\\\/app\\\/uploads\\\/2017\\\/01\\\/274-copy.png\",\"datePublished\":\"2017-03-17T02:59:36+00:00\",\"dateModified\":\"2017-12-18T16:50:15+00:00\",\"breadcrumb\":{\"@id\":\"https:\\\/\\\/www.globallistings.info\\\/pt-pt\\\/atualizacoes-de-guias-eletronicos-de-programacao-24-horas-por-dia-7-dias-por-semana\\\/#breadcrumb\"},\"inLanguage\":\"pt-PT\",\"potentialAction\":[{\"@type\":\"ReadAction\",\"target\":[\"https:\\\/\\\/www.globallistings.info\\\/pt-pt\\\/atualizacoes-de-guias-eletronicos-de-programacao-24-horas-por-dia-7-dias-por-semana\\\/\"]}]},{\"@type\":\"ImageObject\",\"inLanguage\":\"pt-PT\",\"@id\":\"https:\\\/\\\/www.globallistings.info\\\/pt-pt\\\/atualizacoes-de-guias-eletronicos-de-programacao-24-horas-por-dia-7-dias-por-semana\\\/#primaryimage\",\"url\":\"http:\\\/\\\/www.globallistings.info\\\/app\\\/uploads\\\/2017\\\/01\\\/274-copy.png\",\"contentUrl\":\"http:\\\/\\\/www.globallistings.info\\\/app\\\/uploads\\\/2017\\\/01\\\/274-copy.png\"},{\"@type\":\"BreadcrumbList\",\"@id\":\"https:\\\/\\\/www.globallistings.info\\\/pt-pt\\\/atualizacoes-de-guias-eletronicos-de-programacao-24-horas-por-dia-7-dias-por-semana\\\/#breadcrumb\",\"itemListElement\":[{\"@type\":\"ListItem\",\"position\":1,\"name\":\"Home\",\"item\":\"https:\\\/\\\/www.globallistings.info\\\/pt-pt\\\/\"},{\"@type\":\"ListItem\",\"position\":2,\"name\":\"Atualiza\u00e7\u00f5es de Guias Eletr\u00f3nicos de Programa\u00e7\u00e3o (EPGs), 24 horas por dia, 7 dias por semana\"}]},{\"@type\":\"WebSite\",\"@id\":\"https:\\\/\\\/www.globallistings.info\\\/ar\\\/#website\",\"url\":\"https:\\\/\\\/www.globallistings.info\\\/ar\\\/\",\"name\":\"Global Listings\",\"description\":\"\",\"potentialAction\":[{\"@type\":\"SearchAction\",\"target\":{\"@type\":\"EntryPoint\",\"urlTemplate\":\"https:\\\/\\\/www.globallistings.info\\\/ar\\\/?s={search_term_string}\"},\"query-input\":{\"@type\":\"PropertyValueSpecification\",\"valueRequired\":true,\"valueName\":\"search_term_string\"}}],\"inLanguage\":\"pt-PT\"}]}<\/script>\n<!-- \/ Yoast SEO plugin. -->","yoast_head_json":{"title":"Atualiza\u00e7\u00f5es de Guias Eletr\u00f3nicos de Programa\u00e7\u00e3o (EPGs), 24 horas por dia, 7 dias por semana - Global Listings","robots":{"index":"index","follow":"follow","max-snippet":"max-snippet:-1","max-image-preview":"max-image-preview:large","max-video-preview":"max-video-preview:-1"},"canonical":"https:\/\/www.globallistings.info\/pt-pt\/atualizacoes-de-guias-eletronicos-de-programacao-24-horas-por-dia-7-dias-por-semana\/","og_locale":"pt_PT","og_type":"article","og_title":"Atualiza\u00e7\u00f5es de Guias Eletr\u00f3nicos de Programa\u00e7\u00e3o (EPGs), 24 horas por dia, 7 dias por semana - Global Listings","og_description":"ATUALIZA\u00c7\u00d5ES DE GUIAS ELETR\u00d3NICOS DE PROGRAMA\u00c7\u00c3O (EPGs), 24 HORAS POR DIA, 7 DIAS POR SEMANA O servi\u00e7o de EPG da Global Listings permite atualizar EPGs 24 horas por dia, 7 dias por semana. Atrav\u00e9s da AGiLE*, a nossa interface da Web personalizada, os emissores podem ver instantaneamente as grelhas atuais dos seus canais de TV, [&hellip;]","og_url":"https:\/\/www.globallistings.info\/pt-pt\/atualizacoes-de-guias-eletronicos-de-programacao-24-horas-por-dia-7-dias-por-semana\/","og_site_name":"Global Listings","article_modified_time":"2017-12-18T16:50:15+00:00","og_image":[{"url":"http:\/\/www.globallistings.info\/app\/uploads\/2017\/01\/274-copy.png","type":"","width":"","height":""}],"twitter_card":"summary_large_image","twitter_misc":{"Est. reading time":"1 minute"},"schema":{"@context":"https:\/\/schema.org","@graph":[{"@type":"WebPage","@id":"https:\/\/www.globallistings.info\/pt-pt\/atualizacoes-de-guias-eletronicos-de-programacao-24-horas-por-dia-7-dias-por-semana\/","url":"https:\/\/www.globallistings.info\/pt-pt\/atualizacoes-de-guias-eletronicos-de-programacao-24-horas-por-dia-7-dias-por-semana\/","name":"Atualiza\u00e7\u00f5es de Guias Eletr\u00f3nicos de Programa\u00e7\u00e3o (EPGs), 24 horas por dia, 7 dias por semana - Global Listings","isPartOf":{"@id":"https:\/\/www.globallistings.info\/ar\/#website"},"primaryImageOfPage":{"@id":"https:\/\/www.globallistings.info\/pt-pt\/atualizacoes-de-guias-eletronicos-de-programacao-24-horas-por-dia-7-dias-por-semana\/#primaryimage"},"image":{"@id":"https:\/\/www.globallistings.info\/pt-pt\/atualizacoes-de-guias-eletronicos-de-programacao-24-horas-por-dia-7-dias-por-semana\/#primaryimage"},"thumbnailUrl":"http:\/\/www.globallistings.info\/app\/uploads\/2017\/01\/274-copy.png","datePublished":"2017-03-17T02:59:36+00:00","dateModified":"2017-12-18T16:50:15+00:00","breadcrumb":{"@id":"https:\/\/www.globallistings.info\/pt-pt\/atualizacoes-de-guias-eletronicos-de-programacao-24-horas-por-dia-7-dias-por-semana\/#breadcrumb"},"inLanguage":"pt-PT","potentialAction":[{"@type":"ReadAction","target":["https:\/\/www.globallistings.info\/pt-pt\/atualizacoes-de-guias-eletronicos-de-programacao-24-horas-por-dia-7-dias-por-semana\/"]}]},{"@type":"ImageObject","inLanguage":"pt-PT","@id":"https:\/\/www.globallistings.info\/pt-pt\/atualizacoes-de-guias-eletronicos-de-programacao-24-horas-por-dia-7-dias-por-semana\/#primaryimage","url":"http:\/\/www.globallistings.info\/app\/uploads\/2017\/01\/274-copy.png","contentUrl":"http:\/\/www.globallistings.info\/app\/uploads\/2017\/01\/274-copy.png"},{"@type":"BreadcrumbList","@id":"https:\/\/www.globallistings.info\/pt-pt\/atualizacoes-de-guias-eletronicos-de-programacao-24-horas-por-dia-7-dias-por-semana\/#breadcrumb","itemListElement":[{"@type":"ListItem","position":1,"name":"Home","item":"https:\/\/www.globallistings.info\/pt-pt\/"},{"@type":"ListItem","position":2,"name":"Atualiza\u00e7\u00f5es de Guias Eletr\u00f3nicos de Programa\u00e7\u00e3o (EPGs), 24 horas por dia, 7 dias por semana"}]},{"@type":"WebSite","@id":"https:\/\/www.globallistings.info\/ar\/#website","url":"https:\/\/www.globallistings.info\/ar\/","name":"Global Listings","description":"","potentialAction":[{"@type":"SearchAction","target":{"@type":"EntryPoint","urlTemplate":"https:\/\/www.globallistings.info\/ar\/?s={search_term_string}"},"query-input":{"@type":"PropertyValueSpecification","valueRequired":true,"valueName":"search_term_string"}}],"inLanguage":"pt-PT"}]}},"_links":{"self":[{"href":"https:\/\/www.globallistings.info\/pt-pt\/wp-json\/wp\/v2\/pages\/14660","targetHints":{"allow":["GET"]}}],"collection":[{"href":"https:\/\/www.globallistings.info\/pt-pt\/wp-json\/wp\/v2\/pages"}],"about":[{"href":"https:\/\/www.globallistings.info\/pt-pt\/wp-json\/wp\/v2\/types\/page"}],"author":[{"embeddable":true,"href":"https:\/\/www.globallistings.info\/pt-pt\/wp-json\/wp\/v2\/users\/1"}],"replies":[{"embeddable":true,"href":"https:\/\/www.globallistings.info\/pt-pt\/wp-json\/wp\/v2\/comments?post=14660"}],"version-history":[{"count":0,"href":"https:\/\/www.globallistings.info\/pt-pt\/wp-json\/wp\/v2\/pages\/14660\/revisions"}],"wp:attachment":[{"href":"https:\/\/www.globallistings.info\/pt-pt\/wp-json\/wp\/v2\/media?parent=14660"}],"curies":[{"name":"wp","href":"https:\/\/api.w.org\/{rel}","templated":true}]}}