{"id":14673,"date":"2017-03-17T08:06:29","date_gmt":"2017-03-17T08:06:29","guid":{"rendered":"http:\/\/www.globallistings.info\/pt-pt\/guias-eletronicos-de-programacao-epgs\/"},"modified":"2017-04-21T14:03:31","modified_gmt":"2017-04-21T14:03:31","slug":"guias-eletronicos-de-programacao-epgs","status":"publish","type":"page","link":"https:\/\/www.globallistings.info\/pt-pt\/guias-eletronicos-de-programacao-epgs\/","title":{"rendered":"GUIAS ELETR\u00d3NICOS DE PROGRAMA\u00c7\u00c3O (EPGs)"},"content":{"rendered":"<div class=\"col-4\">\n<p><img decoding=\"async\" class=\"img-circle img-responsive\" src=\"http:\/\/www.globallistings.info\/app\/uploads\/2017\/01\/epgscircbig.png\" alt=\"content_photo\" \/><\/p>\n<p class=\"content\">EPGS<\/p>\n<\/div>\n<div class=\"col-8\">\n<div class=\"content\">\n<p>A Global Listings trabalha com mais de 100 plataformas televisivas a n\u00edvel mundial, disponibilizando dados de EPG ao segundo, em v\u00e1rias l\u00ednguas, para servi\u00e7os lineares e n\u00e3o lineares.<\/p>\n<p>Trabalhamos com servi\u00e7os de assinatura e em sinal aberto, com operadores de IPTV e OTT, o que nos mant\u00e9m na vanguarda das mudan\u00e7as e avan\u00e7os tecnol\u00f3gicos.<\/p>\n<p>Somos especialistas em disponibilizar ficheiros de EPG, garantindo metadados completamente melhorados, incluindo fun\u00e7\u00f5es como acesso a servi\u00e7os, liga\u00e7\u00e3o de s\u00e9ries, informa\u00e7\u00e3o para orienta\u00e7\u00e3o parental, transfer\u00eancia para dispositivos e c\u00f3digos de conte\u00fado.<\/p>\n<p>As nossas equipas de editores profissionais de EPG redigem e editam os dados, para que correspondam \u00e0s especifica\u00e7\u00f5es editoriais, de idioma e de limite de caracteres exigidas, que podem variar muito de uma plataforma para outra.<\/p>\n<p>Os nossos sistemas modernos tamb\u00e9m armazenam um reposit\u00f3rio de imagens de programas com v\u00e1rios n\u00edveis \u2013 Programa, S\u00e9rie e Epis\u00f3dio \u2013 que s\u00e3o exportadas para as plataformas televisivas (e, quando necess\u00e1rio, para os sites da Internet dos nossos clientes e de terceiros.)<\/p>\n<p><a href=\"http:\/\/www.globalepgs.info\/pt-pt\/\" target=\"_blank\">Visite a nossa empresa afiliada, a Global EPGs, para obter mais detalhes.<\/a><\/p>\n<\/div>\n<\/div>\n","protected":false},"excerpt":{"rendered":"<p>EPGS A Global Listings trabalha com mais de 100 plataformas televisivas a n\u00edvel mundial, disponibilizando dados de EPG ao segundo, em v\u00e1rias l\u00ednguas, para servi\u00e7os lineares e n\u00e3o lineares. Trabalhamos com servi\u00e7os de assinatura e em sinal aberto, com operadores de IPTV e OTT, o que nos mant\u00e9m na vanguarda das mudan\u00e7as e avan\u00e7os tecnol\u00f3gicos. [&hellip;]<\/p>\n","protected":false},"author":1,"featured_media":0,"parent":0,"menu_order":217,"comment_status":"closed","ping_status":"closed","template":"page-epgs.php","meta":{"_acf_changed":false,"cybocfi_hide_featured_image":"","footnotes":""},"class_list":["post-14673","page","type-page","status-publish","hentry"],"acf":[],"aioseo_notices":[],"yoast_head":"<!-- This site is optimized with the Yoast SEO plugin v27.3 - https:\/\/yoast.com\/product\/yoast-seo-wordpress\/ -->\n<title>GUIAS ELETR\u00d3NICOS DE PROGRAMA\u00c7\u00c3O (EPGs) - Global Listings<\/title>\n<meta name=\"robots\" content=\"index, follow, max-snippet:-1, max-image-preview:large, max-video-preview:-1\" \/>\n<link rel=\"canonical\" href=\"https:\/\/www.globallistings.info\/pt-pt\/guias-eletronicos-de-programacao-epgs\/\" \/>\n<meta property=\"og:locale\" content=\"pt_PT\" \/>\n<meta property=\"og:type\" content=\"article\" \/>\n<meta property=\"og:title\" content=\"GUIAS ELETR\u00d3NICOS DE PROGRAMA\u00c7\u00c3O (EPGs) - Global Listings\" \/>\n<meta property=\"og:description\" content=\"EPGS A Global Listings trabalha com mais de 100 plataformas televisivas a n\u00edvel mundial, disponibilizando dados de EPG ao segundo, em v\u00e1rias l\u00ednguas, para servi\u00e7os lineares e n\u00e3o lineares. Trabalhamos com servi\u00e7os de assinatura e em sinal aberto, com operadores de IPTV e OTT, o que nos mant\u00e9m na vanguarda das mudan\u00e7as e avan\u00e7os tecnol\u00f3gicos. [&hellip;]\" \/>\n<meta property=\"og:url\" content=\"https:\/\/www.globallistings.info\/pt-pt\/guias-eletronicos-de-programacao-epgs\/\" \/>\n<meta property=\"og:site_name\" content=\"Global Listings\" \/>\n<meta property=\"article:modified_time\" content=\"2017-04-21T14:03:31+00:00\" \/>\n<meta property=\"og:image\" content=\"http:\/\/www.globallistings.info\/app\/uploads\/2017\/01\/epgscircbig.png\" \/>\n<meta name=\"twitter:card\" content=\"summary_large_image\" \/>\n<meta name=\"twitter:label1\" content=\"Est. reading time\" \/>\n\t<meta name=\"twitter:data1\" content=\"1 minute\" \/>\n<script type=\"application\/ld+json\" class=\"yoast-schema-graph\">{\"@context\":\"https:\\\/\\\/schema.org\",\"@graph\":[{\"@type\":\"WebPage\",\"@id\":\"https:\\\/\\\/www.globallistings.info\\\/pt-pt\\\/guias-eletronicos-de-programacao-epgs\\\/\",\"url\":\"https:\\\/\\\/www.globallistings.info\\\/pt-pt\\\/guias-eletronicos-de-programacao-epgs\\\/\",\"name\":\"GUIAS ELETR\u00d3NICOS DE PROGRAMA\u00c7\u00c3O (EPGs) - Global Listings\",\"isPartOf\":{\"@id\":\"https:\\\/\\\/www.globallistings.info\\\/ar\\\/#website\"},\"primaryImageOfPage\":{\"@id\":\"https:\\\/\\\/www.globallistings.info\\\/pt-pt\\\/guias-eletronicos-de-programacao-epgs\\\/#primaryimage\"},\"image\":{\"@id\":\"https:\\\/\\\/www.globallistings.info\\\/pt-pt\\\/guias-eletronicos-de-programacao-epgs\\\/#primaryimage\"},\"thumbnailUrl\":\"http:\\\/\\\/www.globallistings.info\\\/app\\\/uploads\\\/2017\\\/01\\\/epgscircbig.png\",\"datePublished\":\"2017-03-17T08:06:29+00:00\",\"dateModified\":\"2017-04-21T14:03:31+00:00\",\"breadcrumb\":{\"@id\":\"https:\\\/\\\/www.globallistings.info\\\/pt-pt\\\/guias-eletronicos-de-programacao-epgs\\\/#breadcrumb\"},\"inLanguage\":\"pt-PT\",\"potentialAction\":[{\"@type\":\"ReadAction\",\"target\":[\"https:\\\/\\\/www.globallistings.info\\\/pt-pt\\\/guias-eletronicos-de-programacao-epgs\\\/\"]}]},{\"@type\":\"ImageObject\",\"inLanguage\":\"pt-PT\",\"@id\":\"https:\\\/\\\/www.globallistings.info\\\/pt-pt\\\/guias-eletronicos-de-programacao-epgs\\\/#primaryimage\",\"url\":\"http:\\\/\\\/www.globallistings.info\\\/app\\\/uploads\\\/2017\\\/01\\\/epgscircbig.png\",\"contentUrl\":\"http:\\\/\\\/www.globallistings.info\\\/app\\\/uploads\\\/2017\\\/01\\\/epgscircbig.png\"},{\"@type\":\"BreadcrumbList\",\"@id\":\"https:\\\/\\\/www.globallistings.info\\\/pt-pt\\\/guias-eletronicos-de-programacao-epgs\\\/#breadcrumb\",\"itemListElement\":[{\"@type\":\"ListItem\",\"position\":1,\"name\":\"Home\",\"item\":\"https:\\\/\\\/www.globallistings.info\\\/pt-pt\\\/\"},{\"@type\":\"ListItem\",\"position\":2,\"name\":\"GUIAS ELETR\u00d3NICOS DE PROGRAMA\u00c7\u00c3O (EPGs)\"}]},{\"@type\":\"WebSite\",\"@id\":\"https:\\\/\\\/www.globallistings.info\\\/ar\\\/#website\",\"url\":\"https:\\\/\\\/www.globallistings.info\\\/ar\\\/\",\"name\":\"Global Listings\",\"description\":\"\",\"potentialAction\":[{\"@type\":\"SearchAction\",\"target\":{\"@type\":\"EntryPoint\",\"urlTemplate\":\"https:\\\/\\\/www.globallistings.info\\\/ar\\\/?s={search_term_string}\"},\"query-input\":{\"@type\":\"PropertyValueSpecification\",\"valueRequired\":true,\"valueName\":\"search_term_string\"}}],\"inLanguage\":\"pt-PT\"}]}<\/script>\n<!-- \/ Yoast SEO plugin. -->","yoast_head_json":{"title":"GUIAS ELETR\u00d3NICOS DE PROGRAMA\u00c7\u00c3O (EPGs) - Global Listings","robots":{"index":"index","follow":"follow","max-snippet":"max-snippet:-1","max-image-preview":"max-image-preview:large","max-video-preview":"max-video-preview:-1"},"canonical":"https:\/\/www.globallistings.info\/pt-pt\/guias-eletronicos-de-programacao-epgs\/","og_locale":"pt_PT","og_type":"article","og_title":"GUIAS ELETR\u00d3NICOS DE PROGRAMA\u00c7\u00c3O (EPGs) - Global Listings","og_description":"EPGS A Global Listings trabalha com mais de 100 plataformas televisivas a n\u00edvel mundial, disponibilizando dados de EPG ao segundo, em v\u00e1rias l\u00ednguas, para servi\u00e7os lineares e n\u00e3o lineares. Trabalhamos com servi\u00e7os de assinatura e em sinal aberto, com operadores de IPTV e OTT, o que nos mant\u00e9m na vanguarda das mudan\u00e7as e avan\u00e7os tecnol\u00f3gicos. [&hellip;]","og_url":"https:\/\/www.globallistings.info\/pt-pt\/guias-eletronicos-de-programacao-epgs\/","og_site_name":"Global Listings","article_modified_time":"2017-04-21T14:03:31+00:00","og_image":[{"url":"http:\/\/www.globallistings.info\/app\/uploads\/2017\/01\/epgscircbig.png","type":"","width":"","height":""}],"twitter_card":"summary_large_image","twitter_misc":{"Est. reading time":"1 minute"},"schema":{"@context":"https:\/\/schema.org","@graph":[{"@type":"WebPage","@id":"https:\/\/www.globallistings.info\/pt-pt\/guias-eletronicos-de-programacao-epgs\/","url":"https:\/\/www.globallistings.info\/pt-pt\/guias-eletronicos-de-programacao-epgs\/","name":"GUIAS ELETR\u00d3NICOS DE PROGRAMA\u00c7\u00c3O (EPGs) - Global Listings","isPartOf":{"@id":"https:\/\/www.globallistings.info\/ar\/#website"},"primaryImageOfPage":{"@id":"https:\/\/www.globallistings.info\/pt-pt\/guias-eletronicos-de-programacao-epgs\/#primaryimage"},"image":{"@id":"https:\/\/www.globallistings.info\/pt-pt\/guias-eletronicos-de-programacao-epgs\/#primaryimage"},"thumbnailUrl":"http:\/\/www.globallistings.info\/app\/uploads\/2017\/01\/epgscircbig.png","datePublished":"2017-03-17T08:06:29+00:00","dateModified":"2017-04-21T14:03:31+00:00","breadcrumb":{"@id":"https:\/\/www.globallistings.info\/pt-pt\/guias-eletronicos-de-programacao-epgs\/#breadcrumb"},"inLanguage":"pt-PT","potentialAction":[{"@type":"ReadAction","target":["https:\/\/www.globallistings.info\/pt-pt\/guias-eletronicos-de-programacao-epgs\/"]}]},{"@type":"ImageObject","inLanguage":"pt-PT","@id":"https:\/\/www.globallistings.info\/pt-pt\/guias-eletronicos-de-programacao-epgs\/#primaryimage","url":"http:\/\/www.globallistings.info\/app\/uploads\/2017\/01\/epgscircbig.png","contentUrl":"http:\/\/www.globallistings.info\/app\/uploads\/2017\/01\/epgscircbig.png"},{"@type":"BreadcrumbList","@id":"https:\/\/www.globallistings.info\/pt-pt\/guias-eletronicos-de-programacao-epgs\/#breadcrumb","itemListElement":[{"@type":"ListItem","position":1,"name":"Home","item":"https:\/\/www.globallistings.info\/pt-pt\/"},{"@type":"ListItem","position":2,"name":"GUIAS ELETR\u00d3NICOS DE PROGRAMA\u00c7\u00c3O (EPGs)"}]},{"@type":"WebSite","@id":"https:\/\/www.globallistings.info\/ar\/#website","url":"https:\/\/www.globallistings.info\/ar\/","name":"Global Listings","description":"","potentialAction":[{"@type":"SearchAction","target":{"@type":"EntryPoint","urlTemplate":"https:\/\/www.globallistings.info\/ar\/?s={search_term_string}"},"query-input":{"@type":"PropertyValueSpecification","valueRequired":true,"valueName":"search_term_string"}}],"inLanguage":"pt-PT"}]}},"_links":{"self":[{"href":"https:\/\/www.globallistings.info\/pt-pt\/wp-json\/wp\/v2\/pages\/14673","targetHints":{"allow":["GET"]}}],"collection":[{"href":"https:\/\/www.globallistings.info\/pt-pt\/wp-json\/wp\/v2\/pages"}],"about":[{"href":"https:\/\/www.globallistings.info\/pt-pt\/wp-json\/wp\/v2\/types\/page"}],"author":[{"embeddable":true,"href":"https:\/\/www.globallistings.info\/pt-pt\/wp-json\/wp\/v2\/users\/1"}],"replies":[{"embeddable":true,"href":"https:\/\/www.globallistings.info\/pt-pt\/wp-json\/wp\/v2\/comments?post=14673"}],"version-history":[{"count":0,"href":"https:\/\/www.globallistings.info\/pt-pt\/wp-json\/wp\/v2\/pages\/14673\/revisions"}],"wp:attachment":[{"href":"https:\/\/www.globallistings.info\/pt-pt\/wp-json\/wp\/v2\/media?parent=14673"}],"curies":[{"name":"wp","href":"https:\/\/api.w.org\/{rel}","templated":true}]}}