{"id":10203,"date":"2017-03-13T10:47:52","date_gmt":"2017-03-13T10:47:52","guid":{"rendered":"http:\/\/www.globallistings.info\/ro\/actualizari-permanente-ale-programelor-tv-online\/"},"modified":"2017-04-21T14:29:06","modified_gmt":"2017-04-21T14:29:06","slug":"actualizari-permanente-ale-programelor-tv-online","status":"publish","type":"page","link":"https:\/\/www.globallistings.info\/ro\/actualizari-permanente-ale-programelor-tv-online\/","title":{"rendered":"Actualiz\u0103ri permanente ale programelor TV online"},"content":{"rendered":"<div class=\"col-4\">\n<p><img decoding=\"async\" class=\"img-circle img-responsive\" src=\"http:\/\/globallistings.info\/app\/uploads\/2017\/01\/274-copy.png\" alt=\"\" \/><\/p>\n<p class=\"content\">Actualiz\u0103ri permanente ale programelor TV online<\/p>\n<\/div>\n<div class=\"col-8\">\n<div class=\"content\">\n<p>Serviciul de redactare a programelor TV online oferit de Global Listings EPG service permite actualizarea acestora 24 de ore pe zi, \u015fapte zile pe s\u0103pt\u0103m\u00e2n\u0103.<\/p>\n<p>Prin intermediul acestei adaptate <strong>AGiLE*<\/strong> interfe\u0163e web, difuzorii de programe pot vedea instantaneu programele live ale canalelor lor de televiziune, pot face schimb\u0103ri urgente \u015fi pot trimite noi date despre emisiunile TV c\u0103tre mai multe platforme de televiziune, print-o simpl\u0103 ap\u0103sare de buton. <\/p>\n<p>Aceast\u0103 opera\u0163iune poate fi efectuat\u0103 pe o tablet\u0103 sau pe un smartohone, folosind aplica\u0163ia unic\u0103 Global Listings, sau de pe un PC sau MAc din orice loca\u0163ie, dac\u0103 dispune de conexiune la internet.<\/p>\n<p>De asemenea, acest serviciu permite Global Listings s\u0103 ofere servicii live complete de monitorizare a programelor TV online, pentru sporturi \u015fi alte evenimente transmise live \u015fi pentru orice se \u00eent\u00e2mpl\u0103 \u00een lume, garant\u00e2nd faptul c\u0103 programul TV disponibi online al oric\u0103rui canal le ofer\u0103 telespectatorilor informa\u0163ii corecte, \u00een orice moment.<\/p>\n<div style=\"padding-bottom: 15px\"><\/div>\n<p>*(Accesa\u0163i Global Listings de oriunde)<\/p>\n<\/div>\n<\/div>\n","protected":false},"excerpt":{"rendered":"<p>Actualiz\u0103ri permanente ale programelor TV online Serviciul de redactare a programelor TV online oferit de Global Listings EPG service permite actualizarea acestora 24 de ore pe zi, \u015fapte zile pe s\u0103pt\u0103m\u00e2n\u0103. Prin intermediul acestei adaptate AGiLE* interfe\u0163e web, difuzorii de programe pot vedea instantaneu programele live ale canalelor lor de televiziune, pot face schimb\u0103ri urgente [&hellip;]<\/p>\n","protected":false},"author":1,"featured_media":0,"parent":0,"menu_order":20,"comment_status":"closed","ping_status":"closed","template":"page-247updates.php","meta":{"_acf_changed":false,"cybocfi_hide_featured_image":"","footnotes":""},"class_list":["post-10203","page","type-page","status-publish","hentry"],"acf":[],"aioseo_notices":[],"yoast_head":"<!-- This site is optimized with the Yoast SEO plugin v27.3 - https:\/\/yoast.com\/product\/yoast-seo-wordpress\/ -->\n<title>Actualiz\u0103ri permanente ale programelor TV online - Global Listings<\/title>\n<meta name=\"robots\" content=\"index, follow, max-snippet:-1, max-image-preview:large, max-video-preview:-1\" \/>\n<link rel=\"canonical\" href=\"https:\/\/www.globallistings.info\/ro\/actualizari-permanente-ale-programelor-tv-online\/\" \/>\n<meta property=\"og:locale\" content=\"ro_RO\" \/>\n<meta property=\"og:type\" content=\"article\" \/>\n<meta property=\"og:title\" content=\"Actualiz\u0103ri permanente ale programelor TV online - Global Listings\" \/>\n<meta property=\"og:description\" content=\"Actualiz\u0103ri permanente ale programelor TV online Serviciul de redactare a programelor TV online oferit de Global Listings EPG service permite actualizarea acestora 24 de ore pe zi, \u015fapte zile pe s\u0103pt\u0103m\u00e2n\u0103. Prin intermediul acestei adaptate AGiLE* interfe\u0163e web, difuzorii de programe pot vedea instantaneu programele live ale canalelor lor de televiziune, pot face schimb\u0103ri urgente [&hellip;]\" \/>\n<meta property=\"og:url\" content=\"https:\/\/www.globallistings.info\/ro\/actualizari-permanente-ale-programelor-tv-online\/\" \/>\n<meta property=\"og:site_name\" content=\"Global Listings\" \/>\n<meta property=\"article:modified_time\" content=\"2017-04-21T14:29:06+00:00\" \/>\n<meta property=\"og:image\" content=\"http:\/\/globallistings.info\/app\/uploads\/2017\/01\/274-copy.png\" \/>\n<meta name=\"twitter:card\" content=\"summary_large_image\" \/>\n<meta name=\"twitter:label1\" content=\"Est. reading time\" \/>\n\t<meta name=\"twitter:data1\" content=\"1 minute\" \/>\n<script type=\"application\/ld+json\" class=\"yoast-schema-graph\">{\"@context\":\"https:\\\/\\\/schema.org\",\"@graph\":[{\"@type\":\"WebPage\",\"@id\":\"https:\\\/\\\/www.globallistings.info\\\/ro\\\/actualizari-permanente-ale-programelor-tv-online\\\/\",\"url\":\"https:\\\/\\\/www.globallistings.info\\\/ro\\\/actualizari-permanente-ale-programelor-tv-online\\\/\",\"name\":\"Actualiz\u0103ri permanente ale programelor TV online - Global Listings\",\"isPartOf\":{\"@id\":\"https:\\\/\\\/www.globallistings.info\\\/ar\\\/#website\"},\"primaryImageOfPage\":{\"@id\":\"https:\\\/\\\/www.globallistings.info\\\/ro\\\/actualizari-permanente-ale-programelor-tv-online\\\/#primaryimage\"},\"image\":{\"@id\":\"https:\\\/\\\/www.globallistings.info\\\/ro\\\/actualizari-permanente-ale-programelor-tv-online\\\/#primaryimage\"},\"thumbnailUrl\":\"http:\\\/\\\/globallistings.info\\\/app\\\/uploads\\\/2017\\\/01\\\/274-copy.png\",\"datePublished\":\"2017-03-13T10:47:52+00:00\",\"dateModified\":\"2017-04-21T14:29:06+00:00\",\"breadcrumb\":{\"@id\":\"https:\\\/\\\/www.globallistings.info\\\/ro\\\/actualizari-permanente-ale-programelor-tv-online\\\/#breadcrumb\"},\"inLanguage\":\"ro-RO\",\"potentialAction\":[{\"@type\":\"ReadAction\",\"target\":[\"https:\\\/\\\/www.globallistings.info\\\/ro\\\/actualizari-permanente-ale-programelor-tv-online\\\/\"]}]},{\"@type\":\"ImageObject\",\"inLanguage\":\"ro-RO\",\"@id\":\"https:\\\/\\\/www.globallistings.info\\\/ro\\\/actualizari-permanente-ale-programelor-tv-online\\\/#primaryimage\",\"url\":\"http:\\\/\\\/globallistings.info\\\/app\\\/uploads\\\/2017\\\/01\\\/274-copy.png\",\"contentUrl\":\"http:\\\/\\\/globallistings.info\\\/app\\\/uploads\\\/2017\\\/01\\\/274-copy.png\"},{\"@type\":\"BreadcrumbList\",\"@id\":\"https:\\\/\\\/www.globallistings.info\\\/ro\\\/actualizari-permanente-ale-programelor-tv-online\\\/#breadcrumb\",\"itemListElement\":[{\"@type\":\"ListItem\",\"position\":1,\"name\":\"Home\",\"item\":\"https:\\\/\\\/www.globallistings.info\\\/ro\\\/\"},{\"@type\":\"ListItem\",\"position\":2,\"name\":\"Actualiz\u0103ri permanente ale programelor TV online\"}]},{\"@type\":\"WebSite\",\"@id\":\"https:\\\/\\\/www.globallistings.info\\\/ar\\\/#website\",\"url\":\"https:\\\/\\\/www.globallistings.info\\\/ar\\\/\",\"name\":\"Global Listings\",\"description\":\"\",\"potentialAction\":[{\"@type\":\"SearchAction\",\"target\":{\"@type\":\"EntryPoint\",\"urlTemplate\":\"https:\\\/\\\/www.globallistings.info\\\/ar\\\/?s={search_term_string}\"},\"query-input\":{\"@type\":\"PropertyValueSpecification\",\"valueRequired\":true,\"valueName\":\"search_term_string\"}}],\"inLanguage\":\"ro-RO\"}]}<\/script>\n<!-- \/ Yoast SEO plugin. -->","yoast_head_json":{"title":"Actualiz\u0103ri permanente ale programelor TV online - Global Listings","robots":{"index":"index","follow":"follow","max-snippet":"max-snippet:-1","max-image-preview":"max-image-preview:large","max-video-preview":"max-video-preview:-1"},"canonical":"https:\/\/www.globallistings.info\/ro\/actualizari-permanente-ale-programelor-tv-online\/","og_locale":"ro_RO","og_type":"article","og_title":"Actualiz\u0103ri permanente ale programelor TV online - Global Listings","og_description":"Actualiz\u0103ri permanente ale programelor TV online Serviciul de redactare a programelor TV online oferit de Global Listings EPG service permite actualizarea acestora 24 de ore pe zi, \u015fapte zile pe s\u0103pt\u0103m\u00e2n\u0103. Prin intermediul acestei adaptate AGiLE* interfe\u0163e web, difuzorii de programe pot vedea instantaneu programele live ale canalelor lor de televiziune, pot face schimb\u0103ri urgente [&hellip;]","og_url":"https:\/\/www.globallistings.info\/ro\/actualizari-permanente-ale-programelor-tv-online\/","og_site_name":"Global Listings","article_modified_time":"2017-04-21T14:29:06+00:00","og_image":[{"url":"http:\/\/globallistings.info\/app\/uploads\/2017\/01\/274-copy.png","type":"","width":"","height":""}],"twitter_card":"summary_large_image","twitter_misc":{"Est. reading time":"1 minute"},"schema":{"@context":"https:\/\/schema.org","@graph":[{"@type":"WebPage","@id":"https:\/\/www.globallistings.info\/ro\/actualizari-permanente-ale-programelor-tv-online\/","url":"https:\/\/www.globallistings.info\/ro\/actualizari-permanente-ale-programelor-tv-online\/","name":"Actualiz\u0103ri permanente ale programelor TV online - Global Listings","isPartOf":{"@id":"https:\/\/www.globallistings.info\/ar\/#website"},"primaryImageOfPage":{"@id":"https:\/\/www.globallistings.info\/ro\/actualizari-permanente-ale-programelor-tv-online\/#primaryimage"},"image":{"@id":"https:\/\/www.globallistings.info\/ro\/actualizari-permanente-ale-programelor-tv-online\/#primaryimage"},"thumbnailUrl":"http:\/\/globallistings.info\/app\/uploads\/2017\/01\/274-copy.png","datePublished":"2017-03-13T10:47:52+00:00","dateModified":"2017-04-21T14:29:06+00:00","breadcrumb":{"@id":"https:\/\/www.globallistings.info\/ro\/actualizari-permanente-ale-programelor-tv-online\/#breadcrumb"},"inLanguage":"ro-RO","potentialAction":[{"@type":"ReadAction","target":["https:\/\/www.globallistings.info\/ro\/actualizari-permanente-ale-programelor-tv-online\/"]}]},{"@type":"ImageObject","inLanguage":"ro-RO","@id":"https:\/\/www.globallistings.info\/ro\/actualizari-permanente-ale-programelor-tv-online\/#primaryimage","url":"http:\/\/globallistings.info\/app\/uploads\/2017\/01\/274-copy.png","contentUrl":"http:\/\/globallistings.info\/app\/uploads\/2017\/01\/274-copy.png"},{"@type":"BreadcrumbList","@id":"https:\/\/www.globallistings.info\/ro\/actualizari-permanente-ale-programelor-tv-online\/#breadcrumb","itemListElement":[{"@type":"ListItem","position":1,"name":"Home","item":"https:\/\/www.globallistings.info\/ro\/"},{"@type":"ListItem","position":2,"name":"Actualiz\u0103ri permanente ale programelor TV online"}]},{"@type":"WebSite","@id":"https:\/\/www.globallistings.info\/ar\/#website","url":"https:\/\/www.globallistings.info\/ar\/","name":"Global Listings","description":"","potentialAction":[{"@type":"SearchAction","target":{"@type":"EntryPoint","urlTemplate":"https:\/\/www.globallistings.info\/ar\/?s={search_term_string}"},"query-input":{"@type":"PropertyValueSpecification","valueRequired":true,"valueName":"search_term_string"}}],"inLanguage":"ro-RO"}]}},"_links":{"self":[{"href":"https:\/\/www.globallistings.info\/ro\/wp-json\/wp\/v2\/pages\/10203","targetHints":{"allow":["GET"]}}],"collection":[{"href":"https:\/\/www.globallistings.info\/ro\/wp-json\/wp\/v2\/pages"}],"about":[{"href":"https:\/\/www.globallistings.info\/ro\/wp-json\/wp\/v2\/types\/page"}],"author":[{"embeddable":true,"href":"https:\/\/www.globallistings.info\/ro\/wp-json\/wp\/v2\/users\/1"}],"replies":[{"embeddable":true,"href":"https:\/\/www.globallistings.info\/ro\/wp-json\/wp\/v2\/comments?post=10203"}],"version-history":[{"count":0,"href":"https:\/\/www.globallistings.info\/ro\/wp-json\/wp\/v2\/pages\/10203\/revisions"}],"wp:attachment":[{"href":"https:\/\/www.globallistings.info\/ro\/wp-json\/wp\/v2\/media?parent=10203"}],"curies":[{"name":"wp","href":"https:\/\/api.w.org\/{rel}","templated":true}]}}