{"id":10508,"date":"2017-03-14T07:26:19","date_gmt":"2017-03-14T07:26:19","guid":{"rendered":"http:\/\/www.globallistings.info\/ro\/social-media\/"},"modified":"2017-12-15T15:18:17","modified_gmt":"2017-12-15T15:18:17","slug":"social-media","status":"publish","type":"page","link":"https:\/\/www.globallistings.info\/ro\/social-media\/","title":{"rendered":"Social Media\u00a0"},"content":{"rendered":"<div class=\"col-4\">\n<p><img decoding=\"async\" class=\"img-circle img-responsive\" src=\"http:\/\/www.globallistings.info\/app\/uploads\/2017\/01\/sm.png\" alt=\"\" \/><\/p>\n<p class=\"content\">SOCIAL MEDIA<\/p>\n<\/div>\n<div class=\"col-8\">\n<div class=\"content\">\n<p>Echipele noastre talentate &#8211; din Marea Britanie \u015fi interna\u0163ionale &#8211; sunt experte \u00een crearea datelor despre programe de televiziune, livrate publicurilor din \u00eentreaga lume.<\/p>\n<p>Sistemul nostru COPE (Creeaz\u0103 o dat\u0103, public\u0103 peste tot) le permite clien\u0163ilor no\u015ftri s\u0103 ob\u0163in\u0103 o eficien\u0163\u0103 maxim\u0103 ca urmare a folosirii datelor suplimentare despre programe \u015fi a imaginilor pe care le cre\u0103m \u015fi le monitoriz\u0103m, \u00een numele lor.<\/p>\n<p>Gra\u0163ie programului COPE, Global Listings poate refolosi datele \u015fi imaginile de pe platforme multiple \u015fi de la utilizatorii finali, de la site-uri web la platforme Video on Demand, men\u0163in\u00e2nd un nivel f\u0103r\u0103 egal al consecven\u0163ei \u015fi calit\u0103\u0163ii.<\/p>\n<p>Aceasta \u00eenseamn\u0103 c\u0103 putem m\u0103ri valoarea con\u0163inuturilor din social media ale clien\u0163ilor no\u015ftri, de la Facebook la Twitter, Instagram \u015fi Snapchat, oferind mesaje \u015fi imagini relevante pentru brand, incluz\u00e2nd cele mai recente detalii ale programelor TV, pentru ca difuzorii no\u015ftri s\u0103 ob\u0163in\u0103 beneficii maxime de pe urma datelor pe care le-am generat deja pentru ei.<\/p>\n<\/div>\n<\/div>\n","protected":false},"excerpt":{"rendered":"<p>SOCIAL MEDIA Echipele noastre talentate &#8211; din Marea Britanie \u015fi interna\u0163ionale &#8211; sunt experte \u00een crearea datelor despre programe de televiziune, livrate publicurilor din \u00eentreaga lume. Sistemul nostru COPE (Creeaz\u0103 o dat\u0103, public\u0103 peste tot) le permite clien\u0163ilor no\u015ftri s\u0103 ob\u0163in\u0103 o eficien\u0163\u0103 maxim\u0103 ca urmare a folosirii datelor suplimentare despre programe \u015fi a imaginilor [&hellip;]<\/p>\n","protected":false},"author":1,"featured_media":0,"parent":0,"menu_order":446,"comment_status":"closed","ping_status":"closed","template":"page-epgs.php","meta":{"_acf_changed":false,"cybocfi_hide_featured_image":"","footnotes":""},"class_list":["post-10508","page","type-page","status-publish","hentry"],"acf":[],"aioseo_notices":[],"yoast_head":"<!-- This site is optimized with the Yoast SEO plugin v27.5 - https:\/\/yoast.com\/product\/yoast-seo-wordpress\/ -->\n<title>Social Media\u00a0 - Global Listings<\/title>\n<meta name=\"robots\" content=\"index, follow, max-snippet:-1, max-image-preview:large, max-video-preview:-1\" \/>\n<link rel=\"canonical\" href=\"https:\/\/www.globallistings.info\/ro\/social-media\/\" \/>\n<meta property=\"og:locale\" content=\"ro_RO\" \/>\n<meta property=\"og:type\" content=\"article\" \/>\n<meta property=\"og:title\" content=\"Social Media\u00a0 - Global Listings\" \/>\n<meta property=\"og:description\" content=\"SOCIAL MEDIA Echipele noastre talentate &#8211; din Marea Britanie \u015fi interna\u0163ionale &#8211; sunt experte \u00een crearea datelor despre programe de televiziune, livrate publicurilor din \u00eentreaga lume. Sistemul nostru COPE (Creeaz\u0103 o dat\u0103, public\u0103 peste tot) le permite clien\u0163ilor no\u015ftri s\u0103 ob\u0163in\u0103 o eficien\u0163\u0103 maxim\u0103 ca urmare a folosirii datelor suplimentare despre programe \u015fi a imaginilor [&hellip;]\" \/>\n<meta property=\"og:url\" content=\"https:\/\/www.globallistings.info\/ro\/social-media\/\" \/>\n<meta property=\"og:site_name\" content=\"Global Listings\" \/>\n<meta property=\"article:modified_time\" content=\"2017-12-15T15:18:17+00:00\" \/>\n<meta property=\"og:image\" content=\"http:\/\/www.globallistings.info\/app\/uploads\/2017\/01\/sm.png\" \/>\n<meta name=\"twitter:card\" content=\"summary_large_image\" \/>\n<meta name=\"twitter:label1\" content=\"Est. reading time\" \/>\n\t<meta name=\"twitter:data1\" content=\"1 minute\" \/>\n<script type=\"application\/ld+json\" class=\"yoast-schema-graph\">{\"@context\":\"https:\\\/\\\/schema.org\",\"@graph\":[{\"@type\":\"WebPage\",\"@id\":\"https:\\\/\\\/www.globallistings.info\\\/ro\\\/social-media\\\/\",\"url\":\"https:\\\/\\\/www.globallistings.info\\\/ro\\\/social-media\\\/\",\"name\":\"Social Media\u00a0 - Global Listings\",\"isPartOf\":{\"@id\":\"https:\\\/\\\/www.globallistings.info\\\/ar\\\/#website\"},\"primaryImageOfPage\":{\"@id\":\"https:\\\/\\\/www.globallistings.info\\\/ro\\\/social-media\\\/#primaryimage\"},\"image\":{\"@id\":\"https:\\\/\\\/www.globallistings.info\\\/ro\\\/social-media\\\/#primaryimage\"},\"thumbnailUrl\":\"http:\\\/\\\/www.globallistings.info\\\/app\\\/uploads\\\/2017\\\/01\\\/sm.png\",\"datePublished\":\"2017-03-14T07:26:19+00:00\",\"dateModified\":\"2017-12-15T15:18:17+00:00\",\"breadcrumb\":{\"@id\":\"https:\\\/\\\/www.globallistings.info\\\/ro\\\/social-media\\\/#breadcrumb\"},\"inLanguage\":\"ro-RO\",\"potentialAction\":[{\"@type\":\"ReadAction\",\"target\":[\"https:\\\/\\\/www.globallistings.info\\\/ro\\\/social-media\\\/\"]}]},{\"@type\":\"ImageObject\",\"inLanguage\":\"ro-RO\",\"@id\":\"https:\\\/\\\/www.globallistings.info\\\/ro\\\/social-media\\\/#primaryimage\",\"url\":\"http:\\\/\\\/www.globallistings.info\\\/app\\\/uploads\\\/2017\\\/01\\\/sm.png\",\"contentUrl\":\"http:\\\/\\\/www.globallistings.info\\\/app\\\/uploads\\\/2017\\\/01\\\/sm.png\"},{\"@type\":\"BreadcrumbList\",\"@id\":\"https:\\\/\\\/www.globallistings.info\\\/ro\\\/social-media\\\/#breadcrumb\",\"itemListElement\":[{\"@type\":\"ListItem\",\"position\":1,\"name\":\"Home\",\"item\":\"https:\\\/\\\/www.globallistings.info\\\/ro\\\/\"},{\"@type\":\"ListItem\",\"position\":2,\"name\":\"Social Media\u00a0\"}]},{\"@type\":\"WebSite\",\"@id\":\"https:\\\/\\\/www.globallistings.info\\\/ar\\\/#website\",\"url\":\"https:\\\/\\\/www.globallistings.info\\\/ar\\\/\",\"name\":\"Global Listings\",\"description\":\"\",\"potentialAction\":[{\"@type\":\"SearchAction\",\"target\":{\"@type\":\"EntryPoint\",\"urlTemplate\":\"https:\\\/\\\/www.globallistings.info\\\/ar\\\/?s={search_term_string}\"},\"query-input\":{\"@type\":\"PropertyValueSpecification\",\"valueRequired\":true,\"valueName\":\"search_term_string\"}}],\"inLanguage\":\"ro-RO\"}]}<\/script>\n<!-- \/ Yoast SEO plugin. -->","yoast_head_json":{"title":"Social Media\u00a0 - Global Listings","robots":{"index":"index","follow":"follow","max-snippet":"max-snippet:-1","max-image-preview":"max-image-preview:large","max-video-preview":"max-video-preview:-1"},"canonical":"https:\/\/www.globallistings.info\/ro\/social-media\/","og_locale":"ro_RO","og_type":"article","og_title":"Social Media\u00a0 - Global Listings","og_description":"SOCIAL MEDIA Echipele noastre talentate &#8211; din Marea Britanie \u015fi interna\u0163ionale &#8211; sunt experte \u00een crearea datelor despre programe de televiziune, livrate publicurilor din \u00eentreaga lume. Sistemul nostru COPE (Creeaz\u0103 o dat\u0103, public\u0103 peste tot) le permite clien\u0163ilor no\u015ftri s\u0103 ob\u0163in\u0103 o eficien\u0163\u0103 maxim\u0103 ca urmare a folosirii datelor suplimentare despre programe \u015fi a imaginilor [&hellip;]","og_url":"https:\/\/www.globallistings.info\/ro\/social-media\/","og_site_name":"Global Listings","article_modified_time":"2017-12-15T15:18:17+00:00","og_image":[{"url":"http:\/\/www.globallistings.info\/app\/uploads\/2017\/01\/sm.png","type":"","width":"","height":""}],"twitter_card":"summary_large_image","twitter_misc":{"Est. reading time":"1 minute"},"schema":{"@context":"https:\/\/schema.org","@graph":[{"@type":"WebPage","@id":"https:\/\/www.globallistings.info\/ro\/social-media\/","url":"https:\/\/www.globallistings.info\/ro\/social-media\/","name":"Social Media\u00a0 - Global Listings","isPartOf":{"@id":"https:\/\/www.globallistings.info\/ar\/#website"},"primaryImageOfPage":{"@id":"https:\/\/www.globallistings.info\/ro\/social-media\/#primaryimage"},"image":{"@id":"https:\/\/www.globallistings.info\/ro\/social-media\/#primaryimage"},"thumbnailUrl":"http:\/\/www.globallistings.info\/app\/uploads\/2017\/01\/sm.png","datePublished":"2017-03-14T07:26:19+00:00","dateModified":"2017-12-15T15:18:17+00:00","breadcrumb":{"@id":"https:\/\/www.globallistings.info\/ro\/social-media\/#breadcrumb"},"inLanguage":"ro-RO","potentialAction":[{"@type":"ReadAction","target":["https:\/\/www.globallistings.info\/ro\/social-media\/"]}]},{"@type":"ImageObject","inLanguage":"ro-RO","@id":"https:\/\/www.globallistings.info\/ro\/social-media\/#primaryimage","url":"http:\/\/www.globallistings.info\/app\/uploads\/2017\/01\/sm.png","contentUrl":"http:\/\/www.globallistings.info\/app\/uploads\/2017\/01\/sm.png"},{"@type":"BreadcrumbList","@id":"https:\/\/www.globallistings.info\/ro\/social-media\/#breadcrumb","itemListElement":[{"@type":"ListItem","position":1,"name":"Home","item":"https:\/\/www.globallistings.info\/ro\/"},{"@type":"ListItem","position":2,"name":"Social Media\u00a0"}]},{"@type":"WebSite","@id":"https:\/\/www.globallistings.info\/ar\/#website","url":"https:\/\/www.globallistings.info\/ar\/","name":"Global Listings","description":"","potentialAction":[{"@type":"SearchAction","target":{"@type":"EntryPoint","urlTemplate":"https:\/\/www.globallistings.info\/ar\/?s={search_term_string}"},"query-input":{"@type":"PropertyValueSpecification","valueRequired":true,"valueName":"search_term_string"}}],"inLanguage":"ro-RO"}]}},"_links":{"self":[{"href":"https:\/\/www.globallistings.info\/ro\/wp-json\/wp\/v2\/pages\/10508","targetHints":{"allow":["GET"]}}],"collection":[{"href":"https:\/\/www.globallistings.info\/ro\/wp-json\/wp\/v2\/pages"}],"about":[{"href":"https:\/\/www.globallistings.info\/ro\/wp-json\/wp\/v2\/types\/page"}],"author":[{"embeddable":true,"href":"https:\/\/www.globallistings.info\/ro\/wp-json\/wp\/v2\/users\/1"}],"replies":[{"embeddable":true,"href":"https:\/\/www.globallistings.info\/ro\/wp-json\/wp\/v2\/comments?post=10508"}],"version-history":[{"count":0,"href":"https:\/\/www.globallistings.info\/ro\/wp-json\/wp\/v2\/pages\/10508\/revisions"}],"wp:attachment":[{"href":"https:\/\/www.globallistings.info\/ro\/wp-json\/wp\/v2\/media?parent=10508"}],"curies":[{"name":"wp","href":"https:\/\/api.w.org\/{rel}","templated":true}]}}