{"id":10516,"date":"2017-03-14T09:54:49","date_gmt":"2017-03-14T09:54:49","guid":{"rendered":"http:\/\/www.globallistings.info\/ro\/despre-noi\/"},"modified":"2017-12-13T07:46:07","modified_gmt":"2017-12-13T07:46:07","slug":"despre-noi","status":"publish","type":"page","link":"https:\/\/www.globallistings.info\/ro\/despre-noi\/","title":{"rendered":"Despre noi"},"content":{"rendered":"<div class=\"col-4\">\n<p><img decoding=\"async\" class=\"img-circle img-responsive\" src=\"http:\/\/globallistings.info\/app\/uploads\/2017\/01\/T.jpg\" alt=\"\" \/><\/p>\n<p class=\"content\">Thalia Droussioti<br \/>\n<mark class=\"sub-content\">CEO<\/mark><\/p>\n<p class=\"description\">Thalia Droussioti este distins\u0103 cu un premiu interna\u0163ional pentru Femei \u00een Afaceri, fondatoare \u015fi CEO al Global Listings. Fost\u0103 ziarist\u0103 \u015fi editor de televiziune \u015fi pres\u0103 scris\u0103, Thalia a creat Global Listings folosindu-\u015fi ampla experien\u0163\u0103 acumulat\u0103 pe parcursul celor peste 25 de ani \u00een domeniu. Global Listings este coordonat\u0103 \u015fi condus\u0103 cu pasiune pentru excelen\u0163\u0103 editorial\u0103 \u015fi cu o dragoste real\u0103 pentru televiziune, precum \u015fi \u00een\u0163eleg\u00e2nd \u00een profunzime ceea ce solicit\u0103 industria de la difuzori \u015fi ce anume trebuie s\u0103 transmit\u0103 difuzorul c\u0103tre telespectatori.<br \/>\n<a href=\"https:\/\/www.linkedin.com\/feed\/update\/urn:li:activity:6338337579074748416\"><u>Distins\u0103 cu premiul STEVIE\u00ae AWARD pentru Femei \u00een Afaceri<\/u><\/a><\/p>\n<p><a href=\"https:\/\/stevieawards.com\/women\"><img loading=\"lazy\" decoding=\"async\" class=\"alignnone size-full wp-image-29156\" src=\"http:\/\/www.globallistings.info\/wp-content\/uploads\/2016\/12\/sawib17_silver_winner-21.jpg\" alt=\"\" width=\"400\" height=\"212\" srcset=\"https:\/\/www.globallistings.info\/wp-content\/uploads\/2016\/12\/sawib17_silver_winner-21.jpg 400w, https:\/\/www.globallistings.info\/wp-content\/uploads\/2016\/12\/sawib17_silver_winner-21-300x159.jpg 300w\" sizes=\"auto, (max-width: 400px) 100vw, 400px\" \/><\/a><\/p>\n<\/div>\n<div class=\"col-8\">\n<div class=\"content\">\n<p>Global Listings este lider mondial \u00een oferirea solu\u0163iilor complete pentru necesit\u0103\u0163ile difuzorilor viz\u00e2nd con\u0163inutul.<\/p>\n<p>Prin intermediul sistemelor noastre la cele mai \u00eenalte standarde \u015fi al excelen\u0163ei editoriale \u015fi lingvistice, cre\u0103m, gestion\u0103m \u015fi livr\u0103m date editoriale complexe, precum \u015fi imagini, \u00een numele canalelor TV, la nivel mondial.<\/p>\n<p>Oper\u0103m zi de zi \u00een 145 de \u0163\u0103ri \u015fi \u00een 36 de limbi, av\u00e2nd o audien\u0163\u0103 global\u0103 de peste 6,6 miliarde de consumatori de programe TV.<\/p>\n<p>Oferim solu\u0163ii adecvate, lucr\u00e2nd \u00een colaborare cu clien\u0163ii no\u015ftri, pentru a le satisface cerin\u0163ele precise.<\/p>\n<p>Suntem pionieri \u00een acest domeniu, av\u00e2nd un portofoliu de servicii garantate pe viitor, care ne ajut\u0103 s\u0103 ne men\u0163inem mereu \u00een avans fa\u0163\u0103 de competitori<\/p>\n<p>Nu precupe\u0163im niciun efort pentru a ne asigura c\u0103 dep\u0103\u015fim a\u015ftept\u0103rile clien\u0163ilor \u00een tot ceea ce facem<\/p>\n<p>Echipele noastre dedicate sunt experte &#8211; la nivel editorial, lingvistic \u015fi tehnic &#8211; \u015fi sunt capabile s\u0103 satisfac\u0103 solicit\u0103rile clientului, furniz\u00e2nd con\u0163inuturi excelente, corecte \u015fi adaptate oric\u0103ror specifica\u0163ii particulare.<\/p>\n<p>Suntem cu adev\u0103rat pasiona\u0163i de televiziune, de\u0163inem cuno\u015ftin\u0163e ample \u015fi un interes pentru genuri multiple \u015fi colabor\u0103m \u00een virtutea unui parteneriat real cu difuzorii din \u00eentreaga lume, \u00een vederea furniz\u0103rii la termen a materialelor \u00een orice limb\u0103.<\/p>\n<\/div>\n<\/div>\n","protected":false},"excerpt":{"rendered":"<p>Thalia Droussioti CEO Thalia Droussioti este distins\u0103 cu un premiu interna\u0163ional pentru Femei \u00een Afaceri, fondatoare \u015fi CEO al Global Listings. Fost\u0103 ziarist\u0103 \u015fi editor de televiziune \u015fi pres\u0103 scris\u0103, Thalia a creat Global Listings folosindu-\u015fi ampla experien\u0163\u0103 acumulat\u0103 pe parcursul celor peste 25 de ani \u00een domeniu. Global Listings este coordonat\u0103 \u015fi condus\u0103 cu [&hellip;]<\/p>\n","protected":false},"author":1,"featured_media":0,"parent":0,"menu_order":88,"comment_status":"closed","ping_status":"closed","template":"page-aboutus.php","meta":{"_acf_changed":false,"cybocfi_hide_featured_image":"","footnotes":""},"class_list":["post-10516","page","type-page","status-publish","hentry"],"acf":[],"aioseo_notices":[],"yoast_head":"<!-- This site is optimized with the Yoast SEO plugin v27.4 - https:\/\/yoast.com\/product\/yoast-seo-wordpress\/ -->\n<title>Despre noi - Global Listings<\/title>\n<meta name=\"robots\" content=\"index, follow, max-snippet:-1, max-image-preview:large, max-video-preview:-1\" \/>\n<link rel=\"canonical\" href=\"https:\/\/www.globallistings.info\/ro\/despre-noi\/\" \/>\n<meta property=\"og:locale\" content=\"ro_RO\" \/>\n<meta property=\"og:type\" content=\"article\" \/>\n<meta property=\"og:title\" content=\"Despre noi - Global Listings\" \/>\n<meta property=\"og:description\" content=\"Thalia Droussioti CEO Thalia Droussioti este distins\u0103 cu un premiu interna\u0163ional pentru Femei \u00een Afaceri, fondatoare \u015fi CEO al Global Listings. Fost\u0103 ziarist\u0103 \u015fi editor de televiziune \u015fi pres\u0103 scris\u0103, Thalia a creat Global Listings folosindu-\u015fi ampla experien\u0163\u0103 acumulat\u0103 pe parcursul celor peste 25 de ani \u00een domeniu. Global Listings este coordonat\u0103 \u015fi condus\u0103 cu [&hellip;]\" \/>\n<meta property=\"og:url\" content=\"https:\/\/www.globallistings.info\/ro\/despre-noi\/\" \/>\n<meta property=\"og:site_name\" content=\"Global Listings\" \/>\n<meta property=\"article:modified_time\" content=\"2017-12-13T07:46:07+00:00\" \/>\n<meta property=\"og:image\" content=\"http:\/\/globallistings.info\/app\/uploads\/2017\/01\/T.jpg\" \/>\n<meta name=\"twitter:card\" content=\"summary_large_image\" \/>\n<meta name=\"twitter:label1\" content=\"Est. reading time\" \/>\n\t<meta name=\"twitter:data1\" content=\"2 minutes\" \/>\n<script type=\"application\/ld+json\" class=\"yoast-schema-graph\">{\"@context\":\"https:\\\/\\\/schema.org\",\"@graph\":[{\"@type\":\"WebPage\",\"@id\":\"https:\\\/\\\/www.globallistings.info\\\/ro\\\/despre-noi\\\/\",\"url\":\"https:\\\/\\\/www.globallistings.info\\\/ro\\\/despre-noi\\\/\",\"name\":\"Despre noi - Global Listings\",\"isPartOf\":{\"@id\":\"https:\\\/\\\/www.globallistings.info\\\/ar\\\/#website\"},\"primaryImageOfPage\":{\"@id\":\"https:\\\/\\\/www.globallistings.info\\\/ro\\\/despre-noi\\\/#primaryimage\"},\"image\":{\"@id\":\"https:\\\/\\\/www.globallistings.info\\\/ro\\\/despre-noi\\\/#primaryimage\"},\"thumbnailUrl\":\"http:\\\/\\\/globallistings.info\\\/app\\\/uploads\\\/2017\\\/01\\\/T.jpg\",\"datePublished\":\"2017-03-14T09:54:49+00:00\",\"dateModified\":\"2017-12-13T07:46:07+00:00\",\"breadcrumb\":{\"@id\":\"https:\\\/\\\/www.globallistings.info\\\/ro\\\/despre-noi\\\/#breadcrumb\"},\"inLanguage\":\"ro-RO\",\"potentialAction\":[{\"@type\":\"ReadAction\",\"target\":[\"https:\\\/\\\/www.globallistings.info\\\/ro\\\/despre-noi\\\/\"]}]},{\"@type\":\"ImageObject\",\"inLanguage\":\"ro-RO\",\"@id\":\"https:\\\/\\\/www.globallistings.info\\\/ro\\\/despre-noi\\\/#primaryimage\",\"url\":\"http:\\\/\\\/globallistings.info\\\/app\\\/uploads\\\/2017\\\/01\\\/T.jpg\",\"contentUrl\":\"http:\\\/\\\/globallistings.info\\\/app\\\/uploads\\\/2017\\\/01\\\/T.jpg\"},{\"@type\":\"BreadcrumbList\",\"@id\":\"https:\\\/\\\/www.globallistings.info\\\/ro\\\/despre-noi\\\/#breadcrumb\",\"itemListElement\":[{\"@type\":\"ListItem\",\"position\":1,\"name\":\"Home\",\"item\":\"https:\\\/\\\/www.globallistings.info\\\/ro\\\/\"},{\"@type\":\"ListItem\",\"position\":2,\"name\":\"Despre noi\"}]},{\"@type\":\"WebSite\",\"@id\":\"https:\\\/\\\/www.globallistings.info\\\/ar\\\/#website\",\"url\":\"https:\\\/\\\/www.globallistings.info\\\/ar\\\/\",\"name\":\"Global Listings\",\"description\":\"\",\"potentialAction\":[{\"@type\":\"SearchAction\",\"target\":{\"@type\":\"EntryPoint\",\"urlTemplate\":\"https:\\\/\\\/www.globallistings.info\\\/ar\\\/?s={search_term_string}\"},\"query-input\":{\"@type\":\"PropertyValueSpecification\",\"valueRequired\":true,\"valueName\":\"search_term_string\"}}],\"inLanguage\":\"ro-RO\"}]}<\/script>\n<!-- \/ Yoast SEO plugin. -->","yoast_head_json":{"title":"Despre noi - Global Listings","robots":{"index":"index","follow":"follow","max-snippet":"max-snippet:-1","max-image-preview":"max-image-preview:large","max-video-preview":"max-video-preview:-1"},"canonical":"https:\/\/www.globallistings.info\/ro\/despre-noi\/","og_locale":"ro_RO","og_type":"article","og_title":"Despre noi - Global Listings","og_description":"Thalia Droussioti CEO Thalia Droussioti este distins\u0103 cu un premiu interna\u0163ional pentru Femei \u00een Afaceri, fondatoare \u015fi CEO al Global Listings. Fost\u0103 ziarist\u0103 \u015fi editor de televiziune \u015fi pres\u0103 scris\u0103, Thalia a creat Global Listings folosindu-\u015fi ampla experien\u0163\u0103 acumulat\u0103 pe parcursul celor peste 25 de ani \u00een domeniu. Global Listings este coordonat\u0103 \u015fi condus\u0103 cu [&hellip;]","og_url":"https:\/\/www.globallistings.info\/ro\/despre-noi\/","og_site_name":"Global Listings","article_modified_time":"2017-12-13T07:46:07+00:00","og_image":[{"url":"http:\/\/globallistings.info\/app\/uploads\/2017\/01\/T.jpg","type":"","width":"","height":""}],"twitter_card":"summary_large_image","twitter_misc":{"Est. reading time":"2 minutes"},"schema":{"@context":"https:\/\/schema.org","@graph":[{"@type":"WebPage","@id":"https:\/\/www.globallistings.info\/ro\/despre-noi\/","url":"https:\/\/www.globallistings.info\/ro\/despre-noi\/","name":"Despre noi - Global Listings","isPartOf":{"@id":"https:\/\/www.globallistings.info\/ar\/#website"},"primaryImageOfPage":{"@id":"https:\/\/www.globallistings.info\/ro\/despre-noi\/#primaryimage"},"image":{"@id":"https:\/\/www.globallistings.info\/ro\/despre-noi\/#primaryimage"},"thumbnailUrl":"http:\/\/globallistings.info\/app\/uploads\/2017\/01\/T.jpg","datePublished":"2017-03-14T09:54:49+00:00","dateModified":"2017-12-13T07:46:07+00:00","breadcrumb":{"@id":"https:\/\/www.globallistings.info\/ro\/despre-noi\/#breadcrumb"},"inLanguage":"ro-RO","potentialAction":[{"@type":"ReadAction","target":["https:\/\/www.globallistings.info\/ro\/despre-noi\/"]}]},{"@type":"ImageObject","inLanguage":"ro-RO","@id":"https:\/\/www.globallistings.info\/ro\/despre-noi\/#primaryimage","url":"http:\/\/globallistings.info\/app\/uploads\/2017\/01\/T.jpg","contentUrl":"http:\/\/globallistings.info\/app\/uploads\/2017\/01\/T.jpg"},{"@type":"BreadcrumbList","@id":"https:\/\/www.globallistings.info\/ro\/despre-noi\/#breadcrumb","itemListElement":[{"@type":"ListItem","position":1,"name":"Home","item":"https:\/\/www.globallistings.info\/ro\/"},{"@type":"ListItem","position":2,"name":"Despre noi"}]},{"@type":"WebSite","@id":"https:\/\/www.globallistings.info\/ar\/#website","url":"https:\/\/www.globallistings.info\/ar\/","name":"Global Listings","description":"","potentialAction":[{"@type":"SearchAction","target":{"@type":"EntryPoint","urlTemplate":"https:\/\/www.globallistings.info\/ar\/?s={search_term_string}"},"query-input":{"@type":"PropertyValueSpecification","valueRequired":true,"valueName":"search_term_string"}}],"inLanguage":"ro-RO"}]}},"_links":{"self":[{"href":"https:\/\/www.globallistings.info\/ro\/wp-json\/wp\/v2\/pages\/10516","targetHints":{"allow":["GET"]}}],"collection":[{"href":"https:\/\/www.globallistings.info\/ro\/wp-json\/wp\/v2\/pages"}],"about":[{"href":"https:\/\/www.globallistings.info\/ro\/wp-json\/wp\/v2\/types\/page"}],"author":[{"embeddable":true,"href":"https:\/\/www.globallistings.info\/ro\/wp-json\/wp\/v2\/users\/1"}],"replies":[{"embeddable":true,"href":"https:\/\/www.globallistings.info\/ro\/wp-json\/wp\/v2\/comments?post=10516"}],"version-history":[{"count":0,"href":"https:\/\/www.globallistings.info\/ro\/wp-json\/wp\/v2\/pages\/10516\/revisions"}],"wp:attachment":[{"href":"https:\/\/www.globallistings.info\/ro\/wp-json\/wp\/v2\/media?parent=10516"}],"curies":[{"name":"wp","href":"https:\/\/api.w.org\/{rel}","templated":true}]}}