{"id":11160,"date":"2017-03-14T15:11:46","date_gmt":"2017-03-14T15:11:46","guid":{"rendered":"http:\/\/www.globallistings.info\/sk\/globalna-distribucia\/"},"modified":"2017-12-28T15:27:24","modified_gmt":"2017-12-28T15:27:24","slug":"globalna-distribucia","status":"publish","type":"page","link":"https:\/\/www.globallistings.info\/sk\/globalna-distribucia\/","title":{"rendered":"Glob\u00e1lna distrib\u00facia"},"content":{"rendered":"<div class=\"col-4\">\n<p><img decoding=\"async\" class=\"img-circle img-responsive\" src=\"http:\/\/www.globallistings.info\/app\/uploads\/2017\/02\/hand.png\" alt=\"content-photo\" \/><\/p>\n<p class=\"content\">GLOB\u00c1LNA DISTRIB\u00daCIA<\/p>\n<\/div>\n<div class=\"col-8\">\n<div class=\"content\">\n<p>Spolo\u010dnos\u0165 Global Listings vie, \u017ee ak napriek najlep\u0161iemu obsahu na svete o \u0148om neviete v spr\u00e1vnom \u010dase informova\u0165 spr\u00e1vnych \u013eud\u00ed, program si nez\u00edska medi\u00e1lnu pozornos\u0165, ktor\u00fa si zasl\u00fa\u017ei.<\/p>\n<p>Dok\u00e1\u017eeme r\u00fdchlo vytvori\u0165 konkr\u00e9tne a aktu\u00e1lne zoznamy distribu\u010dn\u00fdch spolo\u010dnost\u00ed pod\u013ea krajiny, aby sme poslali v\u00e1\u0161 program spr\u00e1vnym kontaktom v\u017edy v\u010das.<\/p>\n<p>Na\u0161e sk\u00fasenosti v tejto oblasti spolu s pr\u00edstupom k datab\u00e1ze kontaktov z popredn\u00fdch m\u00e9di\u00ed zna\u010dia, \u017ee z\u00e1kazn\u00edkom pon\u00fakame bezkonkuren\u010dn\u00fa slu\u017ebu e-mailovej distrib\u00facie.<\/p>\n<p>Pomocou centr\u00e1lnej datab\u00e1zy a znalosti term\u00ednov odovzdania tla\u010dov\u00fdch podkladov, upozornen\u00ed na zauj\u00edmav\u00e9 programy a \u010fal\u0161\u00edch materi\u00e1lov glob\u00e1lnych m\u00e9di\u00ed dod\u00e1vame obsah vysielac\u00edch stan\u00edc stla\u010den\u00edm tla\u010didla presne tam, kam treba, a presne vtedy, ke\u010f treba.<\/p>\n<p>Okrem tvorby \u00faplne nov\u00fdch a presne zacielen\u00fdch zoznamov na distrib\u00faciu e-mailov pre ak\u00fako\u013evek oblas\u0165 na svete pon\u00fakame z\u00e1kazn\u00edkom aj slu\u017ebu komplexnej kontroly existuj\u00facich zoznamov e-mailov, aby si boli ist\u00ed, \u017ee pokr\u00fdvaj\u00fa v\u0161etky d\u00f4le\u017eit\u00e9 kontakty a vplyvn\u00e9 osoby v m\u00e9di\u00e1ch v konkr\u00e9tnej krajine \u010di oblasti.<\/p>\n<p>A, samozrejme, po vytvoren\u00ed zoznamu sa pravideln\u00fdmi kontrolami star\u00e1me aj o to, aby bol neust\u00e1le aktu\u00e1lny.<\/p>\n<\/div>\n<\/div>\n","protected":false},"excerpt":{"rendered":"<p>GLOB\u00c1LNA DISTRIB\u00daCIA Spolo\u010dnos\u0165 Global Listings vie, \u017ee ak napriek najlep\u0161iemu obsahu na svete o \u0148om neviete v spr\u00e1vnom \u010dase informova\u0165 spr\u00e1vnych \u013eud\u00ed, program si nez\u00edska medi\u00e1lnu pozornos\u0165, ktor\u00fa si zasl\u00fa\u017ei. Dok\u00e1\u017eeme r\u00fdchlo vytvori\u0165 konkr\u00e9tne a aktu\u00e1lne zoznamy distribu\u010dn\u00fdch spolo\u010dnost\u00ed pod\u013ea krajiny, aby sme poslali v\u00e1\u0161 program spr\u00e1vnym kontaktom v\u017edy v\u010das. Na\u0161e sk\u00fasenosti v tejto oblasti [&hellip;]<\/p>\n","protected":false},"author":1,"featured_media":0,"parent":0,"menu_order":235,"comment_status":"closed","ping_status":"closed","template":"page-globaldistribution.php","meta":{"_acf_changed":false,"cybocfi_hide_featured_image":"","footnotes":""},"class_list":["post-11160","page","type-page","status-publish","hentry"],"acf":[],"aioseo_notices":[],"yoast_head":"<!-- This site is optimized with the Yoast SEO plugin v27.4 - https:\/\/yoast.com\/product\/yoast-seo-wordpress\/ -->\n<title>Glob\u00e1lna distrib\u00facia - Global Listings<\/title>\n<meta name=\"robots\" content=\"index, follow, max-snippet:-1, max-image-preview:large, max-video-preview:-1\" \/>\n<link rel=\"canonical\" href=\"https:\/\/www.globallistings.info\/sk\/globalna-distribucia\/\" \/>\n<meta property=\"og:locale\" content=\"sk_SK\" \/>\n<meta property=\"og:type\" content=\"article\" \/>\n<meta property=\"og:title\" content=\"Glob\u00e1lna distrib\u00facia - Global Listings\" \/>\n<meta property=\"og:description\" content=\"GLOB\u00c1LNA DISTRIB\u00daCIA Spolo\u010dnos\u0165 Global Listings vie, \u017ee ak napriek najlep\u0161iemu obsahu na svete o \u0148om neviete v spr\u00e1vnom \u010dase informova\u0165 spr\u00e1vnych \u013eud\u00ed, program si nez\u00edska medi\u00e1lnu pozornos\u0165, ktor\u00fa si zasl\u00fa\u017ei. Dok\u00e1\u017eeme r\u00fdchlo vytvori\u0165 konkr\u00e9tne a aktu\u00e1lne zoznamy distribu\u010dn\u00fdch spolo\u010dnost\u00ed pod\u013ea krajiny, aby sme poslali v\u00e1\u0161 program spr\u00e1vnym kontaktom v\u017edy v\u010das. Na\u0161e sk\u00fasenosti v tejto oblasti [&hellip;]\" \/>\n<meta property=\"og:url\" content=\"https:\/\/www.globallistings.info\/sk\/globalna-distribucia\/\" \/>\n<meta property=\"og:site_name\" content=\"Global Listings\" \/>\n<meta property=\"article:modified_time\" content=\"2017-12-28T15:27:24+00:00\" \/>\n<meta property=\"og:image\" content=\"http:\/\/www.globallistings.info\/app\/uploads\/2017\/02\/hand.png\" \/>\n<meta name=\"twitter:card\" content=\"summary_large_image\" \/>\n<meta name=\"twitter:label1\" content=\"Est. reading time\" \/>\n\t<meta name=\"twitter:data1\" content=\"1 minute\" \/>\n<script type=\"application\/ld+json\" class=\"yoast-schema-graph\">{\"@context\":\"https:\\\/\\\/schema.org\",\"@graph\":[{\"@type\":\"WebPage\",\"@id\":\"https:\\\/\\\/www.globallistings.info\\\/sk\\\/globalna-distribucia\\\/\",\"url\":\"https:\\\/\\\/www.globallistings.info\\\/sk\\\/globalna-distribucia\\\/\",\"name\":\"Glob\u00e1lna distrib\u00facia - Global Listings\",\"isPartOf\":{\"@id\":\"https:\\\/\\\/www.globallistings.info\\\/ar\\\/#website\"},\"primaryImageOfPage\":{\"@id\":\"https:\\\/\\\/www.globallistings.info\\\/sk\\\/globalna-distribucia\\\/#primaryimage\"},\"image\":{\"@id\":\"https:\\\/\\\/www.globallistings.info\\\/sk\\\/globalna-distribucia\\\/#primaryimage\"},\"thumbnailUrl\":\"http:\\\/\\\/www.globallistings.info\\\/app\\\/uploads\\\/2017\\\/02\\\/hand.png\",\"datePublished\":\"2017-03-14T15:11:46+00:00\",\"dateModified\":\"2017-12-28T15:27:24+00:00\",\"breadcrumb\":{\"@id\":\"https:\\\/\\\/www.globallistings.info\\\/sk\\\/globalna-distribucia\\\/#breadcrumb\"},\"inLanguage\":\"sk-SK\",\"potentialAction\":[{\"@type\":\"ReadAction\",\"target\":[\"https:\\\/\\\/www.globallistings.info\\\/sk\\\/globalna-distribucia\\\/\"]}]},{\"@type\":\"ImageObject\",\"inLanguage\":\"sk-SK\",\"@id\":\"https:\\\/\\\/www.globallistings.info\\\/sk\\\/globalna-distribucia\\\/#primaryimage\",\"url\":\"http:\\\/\\\/www.globallistings.info\\\/app\\\/uploads\\\/2017\\\/02\\\/hand.png\",\"contentUrl\":\"http:\\\/\\\/www.globallistings.info\\\/app\\\/uploads\\\/2017\\\/02\\\/hand.png\"},{\"@type\":\"BreadcrumbList\",\"@id\":\"https:\\\/\\\/www.globallistings.info\\\/sk\\\/globalna-distribucia\\\/#breadcrumb\",\"itemListElement\":[{\"@type\":\"ListItem\",\"position\":1,\"name\":\"Home\",\"item\":\"https:\\\/\\\/www.globallistings.info\\\/sk\\\/\"},{\"@type\":\"ListItem\",\"position\":2,\"name\":\"Glob\u00e1lna distrib\u00facia\"}]},{\"@type\":\"WebSite\",\"@id\":\"https:\\\/\\\/www.globallistings.info\\\/ar\\\/#website\",\"url\":\"https:\\\/\\\/www.globallistings.info\\\/ar\\\/\",\"name\":\"Global Listings\",\"description\":\"\",\"potentialAction\":[{\"@type\":\"SearchAction\",\"target\":{\"@type\":\"EntryPoint\",\"urlTemplate\":\"https:\\\/\\\/www.globallistings.info\\\/ar\\\/?s={search_term_string}\"},\"query-input\":{\"@type\":\"PropertyValueSpecification\",\"valueRequired\":true,\"valueName\":\"search_term_string\"}}],\"inLanguage\":\"sk-SK\"}]}<\/script>\n<!-- \/ Yoast SEO plugin. -->","yoast_head_json":{"title":"Glob\u00e1lna distrib\u00facia - Global Listings","robots":{"index":"index","follow":"follow","max-snippet":"max-snippet:-1","max-image-preview":"max-image-preview:large","max-video-preview":"max-video-preview:-1"},"canonical":"https:\/\/www.globallistings.info\/sk\/globalna-distribucia\/","og_locale":"sk_SK","og_type":"article","og_title":"Glob\u00e1lna distrib\u00facia - Global Listings","og_description":"GLOB\u00c1LNA DISTRIB\u00daCIA Spolo\u010dnos\u0165 Global Listings vie, \u017ee ak napriek najlep\u0161iemu obsahu na svete o \u0148om neviete v spr\u00e1vnom \u010dase informova\u0165 spr\u00e1vnych \u013eud\u00ed, program si nez\u00edska medi\u00e1lnu pozornos\u0165, ktor\u00fa si zasl\u00fa\u017ei. Dok\u00e1\u017eeme r\u00fdchlo vytvori\u0165 konkr\u00e9tne a aktu\u00e1lne zoznamy distribu\u010dn\u00fdch spolo\u010dnost\u00ed pod\u013ea krajiny, aby sme poslali v\u00e1\u0161 program spr\u00e1vnym kontaktom v\u017edy v\u010das. Na\u0161e sk\u00fasenosti v tejto oblasti [&hellip;]","og_url":"https:\/\/www.globallistings.info\/sk\/globalna-distribucia\/","og_site_name":"Global Listings","article_modified_time":"2017-12-28T15:27:24+00:00","og_image":[{"url":"http:\/\/www.globallistings.info\/app\/uploads\/2017\/02\/hand.png","type":"","width":"","height":""}],"twitter_card":"summary_large_image","twitter_misc":{"Est. reading time":"1 minute"},"schema":{"@context":"https:\/\/schema.org","@graph":[{"@type":"WebPage","@id":"https:\/\/www.globallistings.info\/sk\/globalna-distribucia\/","url":"https:\/\/www.globallistings.info\/sk\/globalna-distribucia\/","name":"Glob\u00e1lna distrib\u00facia - Global Listings","isPartOf":{"@id":"https:\/\/www.globallistings.info\/ar\/#website"},"primaryImageOfPage":{"@id":"https:\/\/www.globallistings.info\/sk\/globalna-distribucia\/#primaryimage"},"image":{"@id":"https:\/\/www.globallistings.info\/sk\/globalna-distribucia\/#primaryimage"},"thumbnailUrl":"http:\/\/www.globallistings.info\/app\/uploads\/2017\/02\/hand.png","datePublished":"2017-03-14T15:11:46+00:00","dateModified":"2017-12-28T15:27:24+00:00","breadcrumb":{"@id":"https:\/\/www.globallistings.info\/sk\/globalna-distribucia\/#breadcrumb"},"inLanguage":"sk-SK","potentialAction":[{"@type":"ReadAction","target":["https:\/\/www.globallistings.info\/sk\/globalna-distribucia\/"]}]},{"@type":"ImageObject","inLanguage":"sk-SK","@id":"https:\/\/www.globallistings.info\/sk\/globalna-distribucia\/#primaryimage","url":"http:\/\/www.globallistings.info\/app\/uploads\/2017\/02\/hand.png","contentUrl":"http:\/\/www.globallistings.info\/app\/uploads\/2017\/02\/hand.png"},{"@type":"BreadcrumbList","@id":"https:\/\/www.globallistings.info\/sk\/globalna-distribucia\/#breadcrumb","itemListElement":[{"@type":"ListItem","position":1,"name":"Home","item":"https:\/\/www.globallistings.info\/sk\/"},{"@type":"ListItem","position":2,"name":"Glob\u00e1lna distrib\u00facia"}]},{"@type":"WebSite","@id":"https:\/\/www.globallistings.info\/ar\/#website","url":"https:\/\/www.globallistings.info\/ar\/","name":"Global Listings","description":"","potentialAction":[{"@type":"SearchAction","target":{"@type":"EntryPoint","urlTemplate":"https:\/\/www.globallistings.info\/ar\/?s={search_term_string}"},"query-input":{"@type":"PropertyValueSpecification","valueRequired":true,"valueName":"search_term_string"}}],"inLanguage":"sk-SK"}]}},"_links":{"self":[{"href":"https:\/\/www.globallistings.info\/sk\/wp-json\/wp\/v2\/pages\/11160","targetHints":{"allow":["GET"]}}],"collection":[{"href":"https:\/\/www.globallistings.info\/sk\/wp-json\/wp\/v2\/pages"}],"about":[{"href":"https:\/\/www.globallistings.info\/sk\/wp-json\/wp\/v2\/types\/page"}],"author":[{"embeddable":true,"href":"https:\/\/www.globallistings.info\/sk\/wp-json\/wp\/v2\/users\/1"}],"replies":[{"embeddable":true,"href":"https:\/\/www.globallistings.info\/sk\/wp-json\/wp\/v2\/comments?post=11160"}],"version-history":[{"count":0,"href":"https:\/\/www.globallistings.info\/sk\/wp-json\/wp\/v2\/pages\/11160\/revisions"}],"wp:attachment":[{"href":"https:\/\/www.globallistings.info\/sk\/wp-json\/wp\/v2\/media?parent=11160"}],"curies":[{"name":"wp","href":"https:\/\/api.w.org\/{rel}","templated":true}]}}