{"id":12352,"date":"2017-03-15T06:25:18","date_gmt":"2017-03-15T06:25:18","guid":{"rendered":"http:\/\/www.globallistings.info\/sk\/socialne-siete\/"},"modified":"2017-12-28T15:24:42","modified_gmt":"2017-12-28T15:24:42","slug":"socialne-siete","status":"publish","type":"page","link":"https:\/\/www.globallistings.info\/sk\/socialne-siete\/","title":{"rendered":"Soci\u00e1lne siete"},"content":{"rendered":"<div class=\"col-4\">\n<p><img decoding=\"async\" class=\"img-circle img-responsive\" src=\"http:\/\/www.globallistings.info\/app\/uploads\/2017\/01\/sm.png\" alt=\"\" \/><\/p>\n<p class=\"content\">SOCI\u00c1LNE SIETE<\/p>\n<\/div>\n<div class=\"col-8\">\n<div class=\"content\">\n<p>Na\u0161e talentovan\u00e9 britsk\u00e9 a medzin\u00e1rodn\u00e9 t\u00edmy tvoria odborn\u00edci na tvorbu metad\u00e1t o \u0161oubiznize, ktor\u00e9 pon\u00fakame telev\u00edznym div\u00e1kom na celom svete.<\/p>\n<p>N\u00e1\u0161 syst\u00e9m COPE (Create Once, Publish Everywhere &#8211; raz vytvori\u0165 a zverejni\u0165 v\u0161ade) umo\u017e\u0148uje staniciam vy\u0165a\u017ei\u0165 maximum z metad\u00e1t a zna\u010dkou, a z\u00e1rove\u0148sn\u00edmok, ktor\u00e9 tvor\u00edme a spravujeme v ich mene.<\/p>\n<p>V\u010faka COPE m\u00f4\u017ee spolo\u010dnos\u0165 Global Listings meni\u0165 \u00fa\u010del \u00fadajov a sn\u00edmok na rozli\u010dn\u00fdch platform\u00e1ch a u koncov\u00fdch pou\u017e\u00edvate\u013eov, a to od webov\u00fdch str\u00e1nok po platformy VOD, a pritom zachova\u0165 bezkonkuren\u010dn\u00fa \u00farove\u0148 konzistentnosti a kvality.<\/p>\n<p>To zna\u010d\u00ed, \u017ee kan\u00e1ly z\u00e1kazn\u00edkov na soci\u00e1lnych sie\u0165ach vieme roz\u0161\u00edri\u0165 o pridan\u00fa hodnotu, \u010di u\u017e ide o Facebook, Twitter, Instagram \u010di Snapchat, tvori\u0165 spr\u00e1vy a sn\u00edmky, ktor\u00e9 priamo s\u00favisia so zna\u010dkou a z\u00e1rove\u0148 v nich uvies\u0165 naj\u010derstvej\u0161\u00ed preh\u013ead programov, v\u010faka \u010domu maj\u00fa stanice maxim\u00e1lny osoh z \u00fadajov, ktor\u00e9 sme u\u017e pre ne vygenerovali.<\/p>\n<\/div>\n<\/div>\n","protected":false},"excerpt":{"rendered":"<p>SOCI\u00c1LNE SIETE Na\u0161e talentovan\u00e9 britsk\u00e9 a medzin\u00e1rodn\u00e9 t\u00edmy tvoria odborn\u00edci na tvorbu metad\u00e1t o \u0161oubiznize, ktor\u00e9 pon\u00fakame telev\u00edznym div\u00e1kom na celom svete. N\u00e1\u0161 syst\u00e9m COPE (Create Once, Publish Everywhere &#8211; raz vytvori\u0165 a zverejni\u0165 v\u0161ade) umo\u017e\u0148uje staniciam vy\u0165a\u017ei\u0165 maximum z metad\u00e1t a zna\u010dkou, a z\u00e1rove\u0148sn\u00edmok, ktor\u00e9 tvor\u00edme a spravujeme v ich mene. V\u010faka COPE m\u00f4\u017ee [&hellip;]<\/p>\n","protected":false},"author":1,"featured_media":0,"parent":0,"menu_order":448,"comment_status":"closed","ping_status":"closed","template":"page-epgs.php","meta":{"_acf_changed":false,"cybocfi_hide_featured_image":"","footnotes":""},"class_list":["post-12352","page","type-page","status-publish","hentry"],"acf":[],"aioseo_notices":[],"yoast_head":"<!-- This site is optimized with the Yoast SEO plugin v27.4 - https:\/\/yoast.com\/product\/yoast-seo-wordpress\/ -->\n<title>Soci\u00e1lne siete - Global Listings<\/title>\n<meta name=\"robots\" content=\"index, follow, max-snippet:-1, max-image-preview:large, max-video-preview:-1\" \/>\n<link rel=\"canonical\" href=\"https:\/\/www.globallistings.info\/sk\/socialne-siete\/\" \/>\n<meta property=\"og:locale\" content=\"sk_SK\" \/>\n<meta property=\"og:type\" content=\"article\" \/>\n<meta property=\"og:title\" content=\"Soci\u00e1lne siete - Global Listings\" \/>\n<meta property=\"og:description\" content=\"SOCI\u00c1LNE SIETE Na\u0161e talentovan\u00e9 britsk\u00e9 a medzin\u00e1rodn\u00e9 t\u00edmy tvoria odborn\u00edci na tvorbu metad\u00e1t o \u0161oubiznize, ktor\u00e9 pon\u00fakame telev\u00edznym div\u00e1kom na celom svete. N\u00e1\u0161 syst\u00e9m COPE (Create Once, Publish Everywhere &#8211; raz vytvori\u0165 a zverejni\u0165 v\u0161ade) umo\u017e\u0148uje staniciam vy\u0165a\u017ei\u0165 maximum z metad\u00e1t a zna\u010dkou, a z\u00e1rove\u0148sn\u00edmok, ktor\u00e9 tvor\u00edme a spravujeme v ich mene. V\u010faka COPE m\u00f4\u017ee [&hellip;]\" \/>\n<meta property=\"og:url\" content=\"https:\/\/www.globallistings.info\/sk\/socialne-siete\/\" \/>\n<meta property=\"og:site_name\" content=\"Global Listings\" \/>\n<meta property=\"article:modified_time\" content=\"2017-12-28T15:24:42+00:00\" \/>\n<meta property=\"og:image\" content=\"http:\/\/www.globallistings.info\/app\/uploads\/2017\/01\/sm.png\" \/>\n<meta name=\"twitter:card\" content=\"summary_large_image\" \/>\n<meta name=\"twitter:label1\" content=\"Est. reading time\" \/>\n\t<meta name=\"twitter:data1\" content=\"1 minute\" \/>\n<script type=\"application\/ld+json\" class=\"yoast-schema-graph\">{\"@context\":\"https:\\\/\\\/schema.org\",\"@graph\":[{\"@type\":\"WebPage\",\"@id\":\"https:\\\/\\\/www.globallistings.info\\\/sk\\\/socialne-siete\\\/\",\"url\":\"https:\\\/\\\/www.globallistings.info\\\/sk\\\/socialne-siete\\\/\",\"name\":\"Soci\u00e1lne siete - Global Listings\",\"isPartOf\":{\"@id\":\"https:\\\/\\\/www.globallistings.info\\\/ar\\\/#website\"},\"primaryImageOfPage\":{\"@id\":\"https:\\\/\\\/www.globallistings.info\\\/sk\\\/socialne-siete\\\/#primaryimage\"},\"image\":{\"@id\":\"https:\\\/\\\/www.globallistings.info\\\/sk\\\/socialne-siete\\\/#primaryimage\"},\"thumbnailUrl\":\"http:\\\/\\\/www.globallistings.info\\\/app\\\/uploads\\\/2017\\\/01\\\/sm.png\",\"datePublished\":\"2017-03-15T06:25:18+00:00\",\"dateModified\":\"2017-12-28T15:24:42+00:00\",\"breadcrumb\":{\"@id\":\"https:\\\/\\\/www.globallistings.info\\\/sk\\\/socialne-siete\\\/#breadcrumb\"},\"inLanguage\":\"sk-SK\",\"potentialAction\":[{\"@type\":\"ReadAction\",\"target\":[\"https:\\\/\\\/www.globallistings.info\\\/sk\\\/socialne-siete\\\/\"]}]},{\"@type\":\"ImageObject\",\"inLanguage\":\"sk-SK\",\"@id\":\"https:\\\/\\\/www.globallistings.info\\\/sk\\\/socialne-siete\\\/#primaryimage\",\"url\":\"http:\\\/\\\/www.globallistings.info\\\/app\\\/uploads\\\/2017\\\/01\\\/sm.png\",\"contentUrl\":\"http:\\\/\\\/www.globallistings.info\\\/app\\\/uploads\\\/2017\\\/01\\\/sm.png\"},{\"@type\":\"BreadcrumbList\",\"@id\":\"https:\\\/\\\/www.globallistings.info\\\/sk\\\/socialne-siete\\\/#breadcrumb\",\"itemListElement\":[{\"@type\":\"ListItem\",\"position\":1,\"name\":\"Home\",\"item\":\"https:\\\/\\\/www.globallistings.info\\\/sk\\\/\"},{\"@type\":\"ListItem\",\"position\":2,\"name\":\"Soci\u00e1lne siete\"}]},{\"@type\":\"WebSite\",\"@id\":\"https:\\\/\\\/www.globallistings.info\\\/ar\\\/#website\",\"url\":\"https:\\\/\\\/www.globallistings.info\\\/ar\\\/\",\"name\":\"Global Listings\",\"description\":\"\",\"potentialAction\":[{\"@type\":\"SearchAction\",\"target\":{\"@type\":\"EntryPoint\",\"urlTemplate\":\"https:\\\/\\\/www.globallistings.info\\\/ar\\\/?s={search_term_string}\"},\"query-input\":{\"@type\":\"PropertyValueSpecification\",\"valueRequired\":true,\"valueName\":\"search_term_string\"}}],\"inLanguage\":\"sk-SK\"}]}<\/script>\n<!-- \/ Yoast SEO plugin. -->","yoast_head_json":{"title":"Soci\u00e1lne siete - Global Listings","robots":{"index":"index","follow":"follow","max-snippet":"max-snippet:-1","max-image-preview":"max-image-preview:large","max-video-preview":"max-video-preview:-1"},"canonical":"https:\/\/www.globallistings.info\/sk\/socialne-siete\/","og_locale":"sk_SK","og_type":"article","og_title":"Soci\u00e1lne siete - Global Listings","og_description":"SOCI\u00c1LNE SIETE Na\u0161e talentovan\u00e9 britsk\u00e9 a medzin\u00e1rodn\u00e9 t\u00edmy tvoria odborn\u00edci na tvorbu metad\u00e1t o \u0161oubiznize, ktor\u00e9 pon\u00fakame telev\u00edznym div\u00e1kom na celom svete. N\u00e1\u0161 syst\u00e9m COPE (Create Once, Publish Everywhere &#8211; raz vytvori\u0165 a zverejni\u0165 v\u0161ade) umo\u017e\u0148uje staniciam vy\u0165a\u017ei\u0165 maximum z metad\u00e1t a zna\u010dkou, a z\u00e1rove\u0148sn\u00edmok, ktor\u00e9 tvor\u00edme a spravujeme v ich mene. V\u010faka COPE m\u00f4\u017ee [&hellip;]","og_url":"https:\/\/www.globallistings.info\/sk\/socialne-siete\/","og_site_name":"Global Listings","article_modified_time":"2017-12-28T15:24:42+00:00","og_image":[{"url":"http:\/\/www.globallistings.info\/app\/uploads\/2017\/01\/sm.png","type":"","width":"","height":""}],"twitter_card":"summary_large_image","twitter_misc":{"Est. reading time":"1 minute"},"schema":{"@context":"https:\/\/schema.org","@graph":[{"@type":"WebPage","@id":"https:\/\/www.globallistings.info\/sk\/socialne-siete\/","url":"https:\/\/www.globallistings.info\/sk\/socialne-siete\/","name":"Soci\u00e1lne siete - Global Listings","isPartOf":{"@id":"https:\/\/www.globallistings.info\/ar\/#website"},"primaryImageOfPage":{"@id":"https:\/\/www.globallistings.info\/sk\/socialne-siete\/#primaryimage"},"image":{"@id":"https:\/\/www.globallistings.info\/sk\/socialne-siete\/#primaryimage"},"thumbnailUrl":"http:\/\/www.globallistings.info\/app\/uploads\/2017\/01\/sm.png","datePublished":"2017-03-15T06:25:18+00:00","dateModified":"2017-12-28T15:24:42+00:00","breadcrumb":{"@id":"https:\/\/www.globallistings.info\/sk\/socialne-siete\/#breadcrumb"},"inLanguage":"sk-SK","potentialAction":[{"@type":"ReadAction","target":["https:\/\/www.globallistings.info\/sk\/socialne-siete\/"]}]},{"@type":"ImageObject","inLanguage":"sk-SK","@id":"https:\/\/www.globallistings.info\/sk\/socialne-siete\/#primaryimage","url":"http:\/\/www.globallistings.info\/app\/uploads\/2017\/01\/sm.png","contentUrl":"http:\/\/www.globallistings.info\/app\/uploads\/2017\/01\/sm.png"},{"@type":"BreadcrumbList","@id":"https:\/\/www.globallistings.info\/sk\/socialne-siete\/#breadcrumb","itemListElement":[{"@type":"ListItem","position":1,"name":"Home","item":"https:\/\/www.globallistings.info\/sk\/"},{"@type":"ListItem","position":2,"name":"Soci\u00e1lne siete"}]},{"@type":"WebSite","@id":"https:\/\/www.globallistings.info\/ar\/#website","url":"https:\/\/www.globallistings.info\/ar\/","name":"Global Listings","description":"","potentialAction":[{"@type":"SearchAction","target":{"@type":"EntryPoint","urlTemplate":"https:\/\/www.globallistings.info\/ar\/?s={search_term_string}"},"query-input":{"@type":"PropertyValueSpecification","valueRequired":true,"valueName":"search_term_string"}}],"inLanguage":"sk-SK"}]}},"_links":{"self":[{"href":"https:\/\/www.globallistings.info\/sk\/wp-json\/wp\/v2\/pages\/12352","targetHints":{"allow":["GET"]}}],"collection":[{"href":"https:\/\/www.globallistings.info\/sk\/wp-json\/wp\/v2\/pages"}],"about":[{"href":"https:\/\/www.globallistings.info\/sk\/wp-json\/wp\/v2\/types\/page"}],"author":[{"embeddable":true,"href":"https:\/\/www.globallistings.info\/sk\/wp-json\/wp\/v2\/users\/1"}],"replies":[{"embeddable":true,"href":"https:\/\/www.globallistings.info\/sk\/wp-json\/wp\/v2\/comments?post=12352"}],"version-history":[{"count":0,"href":"https:\/\/www.globallistings.info\/sk\/wp-json\/wp\/v2\/pages\/12352\/revisions"}],"wp:attachment":[{"href":"https:\/\/www.globallistings.info\/sk\/wp-json\/wp\/v2\/media?parent=12352"}],"curies":[{"name":"wp","href":"https:\/\/api.w.org\/{rel}","templated":true}]}}