{"id":14899,"date":"2017-03-17T12:12:06","date_gmt":"2017-03-17T12:12:06","guid":{"rendered":"http:\/\/www.globallistings.info\/sk\/nonstop-aktualizacie-elektronickych-sprievodcov-programom\/"},"modified":"2017-04-12T16:44:25","modified_gmt":"2017-04-12T16:44:25","slug":"nonstop-aktualizacie-elektronickych-sprievodcov-programom","status":"publish","type":"page","link":"https:\/\/www.globallistings.info\/sk\/nonstop-aktualizacie-elektronickych-sprievodcov-programom\/","title":{"rendered":"Nonstop aktualiz\u00e1cie elektronick\u00fdch sprievodcov programom"},"content":{"rendered":"<div class=\"col-4\">\n<p><img decoding=\"async\" class=\"img-circle img-responsive\" src=\"http:\/\/globallistings.info\/app\/uploads\/2017\/01\/274-copy.png\" alt=\"\" \/><\/p>\n<p class=\"content\">NONSTOP AKTUALIZ\u00c1CIE ELEKTRONICK\u00ddCH SPRIEVODCOV PROGRAMOM<\/p>\n<\/div>\n<div class=\"col-8\">\n<div class=\"content\">\n<p>Slu\u017eba elektronick\u00fdch sprievodcov programom spolo\u010dnosti Global Listings umo\u017e\u0148uje aktualizova\u0165 sprievodcov 24 hod\u00edn denne, 7 dn\u00ed v t\u00fd\u017edni.<\/p>\n<p>Cez na\u0161e na mieru vytvoren\u00e9 webov\u00e9 rozhranie <strong>AGiLE*<\/strong> si stanice m\u00f4\u017eu ihne\u010f pozrie\u0165 aktu\u00e1lny program vysielania, vykona\u0165 naliehav\u00e9 zmeny a posla\u0165 nov\u00fdch\u00a0elektronick\u00fdch sprievodcov programom rozli\u010dn\u00fdm telev\u00edznym platform\u00e1m jednoduch\u00fdm kliknut\u00edm na tla\u010didlo.<\/p>\n<p>D\u00e1 sa to urobi\u0165 cez tablet alebo smartf\u00f3n pomocou jedine\u010dnej aplik\u00e1cie spolo\u010dnosti Global Listings, alebo na osobnom po\u010d\u00edta\u010di v\u0161ade, kde m\u00e1te internetov\u00e9 pripojenie.<\/p>\n<p>T\u00e1to slu\u017eba spolo\u010dnosti z\u00e1rove\u0148 umo\u017e\u0148uje pon\u00faka\u0165 \u00fapln\u00e9 monitorovacie slu\u017eby elektronick\u00fdch sprievodcov programom na\u017eivo pri \u0161portov\u00fdch a in\u00fdch podujatiach, ktor\u00e9 sa vysielaj\u00fa na\u017eivo, v\u010faka \u010domu elektronick\u00fd sprievodca programom ktorejko\u013evek stanice div\u00e1kom v\u017edy pon\u00fakne 100 % presn\u00e9 inform\u00e1cie.<\/p>\n<div style=\"padding-bottom: 15px\"><\/div>\n<p>*(Pr\u00edstup ku Global Listings kdeko\u013evek)<\/p>\n<\/div>\n<\/div>\n","protected":false},"excerpt":{"rendered":"<p>NONSTOP AKTUALIZ\u00c1CIE ELEKTRONICK\u00ddCH SPRIEVODCOV PROGRAMOM Slu\u017eba elektronick\u00fdch sprievodcov programom spolo\u010dnosti Global Listings umo\u017e\u0148uje aktualizova\u0165 sprievodcov 24 hod\u00edn denne, 7 dn\u00ed v t\u00fd\u017edni. Cez na\u0161e na mieru vytvoren\u00e9 webov\u00e9 rozhranie AGiLE* si stanice m\u00f4\u017eu ihne\u010f pozrie\u0165 aktu\u00e1lny program vysielania, vykona\u0165 naliehav\u00e9 zmeny a posla\u0165 nov\u00fdch\u00a0elektronick\u00fdch sprievodcov programom rozli\u010dn\u00fdm telev\u00edznym platform\u00e1m jednoduch\u00fdm kliknut\u00edm na tla\u010didlo. D\u00e1 sa [&hellip;]<\/p>\n","protected":false},"author":1,"featured_media":0,"parent":0,"menu_order":15,"comment_status":"closed","ping_status":"closed","template":"page-247updates.php","meta":{"_acf_changed":false,"cybocfi_hide_featured_image":"","footnotes":""},"class_list":["post-14899","page","type-page","status-publish","hentry"],"acf":[],"aioseo_notices":[],"yoast_head":"<!-- This site is optimized with the Yoast SEO plugin v27.3 - https:\/\/yoast.com\/product\/yoast-seo-wordpress\/ -->\n<title>Nonstop aktualiz\u00e1cie elektronick\u00fdch sprievodcov programom - Global Listings<\/title>\n<meta name=\"robots\" content=\"index, follow, max-snippet:-1, max-image-preview:large, max-video-preview:-1\" \/>\n<link rel=\"canonical\" href=\"https:\/\/www.globallistings.info\/sk\/nonstop-aktualizacie-elektronickych-sprievodcov-programom\/\" \/>\n<meta property=\"og:locale\" content=\"sk_SK\" \/>\n<meta property=\"og:type\" content=\"article\" \/>\n<meta property=\"og:title\" content=\"Nonstop aktualiz\u00e1cie elektronick\u00fdch sprievodcov programom - Global Listings\" \/>\n<meta property=\"og:description\" content=\"NONSTOP AKTUALIZ\u00c1CIE ELEKTRONICK\u00ddCH SPRIEVODCOV PROGRAMOM Slu\u017eba elektronick\u00fdch sprievodcov programom spolo\u010dnosti Global Listings umo\u017e\u0148uje aktualizova\u0165 sprievodcov 24 hod\u00edn denne, 7 dn\u00ed v t\u00fd\u017edni. Cez na\u0161e na mieru vytvoren\u00e9 webov\u00e9 rozhranie AGiLE* si stanice m\u00f4\u017eu ihne\u010f pozrie\u0165 aktu\u00e1lny program vysielania, vykona\u0165 naliehav\u00e9 zmeny a posla\u0165 nov\u00fdch\u00a0elektronick\u00fdch sprievodcov programom rozli\u010dn\u00fdm telev\u00edznym platform\u00e1m jednoduch\u00fdm kliknut\u00edm na tla\u010didlo. D\u00e1 sa [&hellip;]\" \/>\n<meta property=\"og:url\" content=\"https:\/\/www.globallistings.info\/sk\/nonstop-aktualizacie-elektronickych-sprievodcov-programom\/\" \/>\n<meta property=\"og:site_name\" content=\"Global Listings\" \/>\n<meta property=\"article:modified_time\" content=\"2017-04-12T16:44:25+00:00\" \/>\n<meta property=\"og:image\" content=\"http:\/\/globallistings.info\/app\/uploads\/2017\/01\/274-copy.png\" \/>\n<meta name=\"twitter:card\" content=\"summary_large_image\" \/>\n<meta name=\"twitter:label1\" content=\"Est. reading time\" \/>\n\t<meta name=\"twitter:data1\" content=\"1 minute\" \/>\n<script type=\"application\/ld+json\" class=\"yoast-schema-graph\">{\"@context\":\"https:\\\/\\\/schema.org\",\"@graph\":[{\"@type\":\"WebPage\",\"@id\":\"https:\\\/\\\/www.globallistings.info\\\/sk\\\/nonstop-aktualizacie-elektronickych-sprievodcov-programom\\\/\",\"url\":\"https:\\\/\\\/www.globallistings.info\\\/sk\\\/nonstop-aktualizacie-elektronickych-sprievodcov-programom\\\/\",\"name\":\"Nonstop aktualiz\u00e1cie elektronick\u00fdch sprievodcov programom - Global Listings\",\"isPartOf\":{\"@id\":\"https:\\\/\\\/www.globallistings.info\\\/ar\\\/#website\"},\"primaryImageOfPage\":{\"@id\":\"https:\\\/\\\/www.globallistings.info\\\/sk\\\/nonstop-aktualizacie-elektronickych-sprievodcov-programom\\\/#primaryimage\"},\"image\":{\"@id\":\"https:\\\/\\\/www.globallistings.info\\\/sk\\\/nonstop-aktualizacie-elektronickych-sprievodcov-programom\\\/#primaryimage\"},\"thumbnailUrl\":\"http:\\\/\\\/globallistings.info\\\/app\\\/uploads\\\/2017\\\/01\\\/274-copy.png\",\"datePublished\":\"2017-03-17T12:12:06+00:00\",\"dateModified\":\"2017-04-12T16:44:25+00:00\",\"breadcrumb\":{\"@id\":\"https:\\\/\\\/www.globallistings.info\\\/sk\\\/nonstop-aktualizacie-elektronickych-sprievodcov-programom\\\/#breadcrumb\"},\"inLanguage\":\"sk-SK\",\"potentialAction\":[{\"@type\":\"ReadAction\",\"target\":[\"https:\\\/\\\/www.globallistings.info\\\/sk\\\/nonstop-aktualizacie-elektronickych-sprievodcov-programom\\\/\"]}]},{\"@type\":\"ImageObject\",\"inLanguage\":\"sk-SK\",\"@id\":\"https:\\\/\\\/www.globallistings.info\\\/sk\\\/nonstop-aktualizacie-elektronickych-sprievodcov-programom\\\/#primaryimage\",\"url\":\"http:\\\/\\\/globallistings.info\\\/app\\\/uploads\\\/2017\\\/01\\\/274-copy.png\",\"contentUrl\":\"http:\\\/\\\/globallistings.info\\\/app\\\/uploads\\\/2017\\\/01\\\/274-copy.png\"},{\"@type\":\"BreadcrumbList\",\"@id\":\"https:\\\/\\\/www.globallistings.info\\\/sk\\\/nonstop-aktualizacie-elektronickych-sprievodcov-programom\\\/#breadcrumb\",\"itemListElement\":[{\"@type\":\"ListItem\",\"position\":1,\"name\":\"Home\",\"item\":\"https:\\\/\\\/www.globallistings.info\\\/sk\\\/\"},{\"@type\":\"ListItem\",\"position\":2,\"name\":\"Nonstop aktualiz\u00e1cie elektronick\u00fdch sprievodcov programom\"}]},{\"@type\":\"WebSite\",\"@id\":\"https:\\\/\\\/www.globallistings.info\\\/ar\\\/#website\",\"url\":\"https:\\\/\\\/www.globallistings.info\\\/ar\\\/\",\"name\":\"Global Listings\",\"description\":\"\",\"potentialAction\":[{\"@type\":\"SearchAction\",\"target\":{\"@type\":\"EntryPoint\",\"urlTemplate\":\"https:\\\/\\\/www.globallistings.info\\\/ar\\\/?s={search_term_string}\"},\"query-input\":{\"@type\":\"PropertyValueSpecification\",\"valueRequired\":true,\"valueName\":\"search_term_string\"}}],\"inLanguage\":\"sk-SK\"}]}<\/script>\n<!-- \/ Yoast SEO plugin. -->","yoast_head_json":{"title":"Nonstop aktualiz\u00e1cie elektronick\u00fdch sprievodcov programom - Global Listings","robots":{"index":"index","follow":"follow","max-snippet":"max-snippet:-1","max-image-preview":"max-image-preview:large","max-video-preview":"max-video-preview:-1"},"canonical":"https:\/\/www.globallistings.info\/sk\/nonstop-aktualizacie-elektronickych-sprievodcov-programom\/","og_locale":"sk_SK","og_type":"article","og_title":"Nonstop aktualiz\u00e1cie elektronick\u00fdch sprievodcov programom - Global Listings","og_description":"NONSTOP AKTUALIZ\u00c1CIE ELEKTRONICK\u00ddCH SPRIEVODCOV PROGRAMOM Slu\u017eba elektronick\u00fdch sprievodcov programom spolo\u010dnosti Global Listings umo\u017e\u0148uje aktualizova\u0165 sprievodcov 24 hod\u00edn denne, 7 dn\u00ed v t\u00fd\u017edni. Cez na\u0161e na mieru vytvoren\u00e9 webov\u00e9 rozhranie AGiLE* si stanice m\u00f4\u017eu ihne\u010f pozrie\u0165 aktu\u00e1lny program vysielania, vykona\u0165 naliehav\u00e9 zmeny a posla\u0165 nov\u00fdch\u00a0elektronick\u00fdch sprievodcov programom rozli\u010dn\u00fdm telev\u00edznym platform\u00e1m jednoduch\u00fdm kliknut\u00edm na tla\u010didlo. D\u00e1 sa [&hellip;]","og_url":"https:\/\/www.globallistings.info\/sk\/nonstop-aktualizacie-elektronickych-sprievodcov-programom\/","og_site_name":"Global Listings","article_modified_time":"2017-04-12T16:44:25+00:00","og_image":[{"url":"http:\/\/globallistings.info\/app\/uploads\/2017\/01\/274-copy.png","type":"","width":"","height":""}],"twitter_card":"summary_large_image","twitter_misc":{"Est. reading time":"1 minute"},"schema":{"@context":"https:\/\/schema.org","@graph":[{"@type":"WebPage","@id":"https:\/\/www.globallistings.info\/sk\/nonstop-aktualizacie-elektronickych-sprievodcov-programom\/","url":"https:\/\/www.globallistings.info\/sk\/nonstop-aktualizacie-elektronickych-sprievodcov-programom\/","name":"Nonstop aktualiz\u00e1cie elektronick\u00fdch sprievodcov programom - Global Listings","isPartOf":{"@id":"https:\/\/www.globallistings.info\/ar\/#website"},"primaryImageOfPage":{"@id":"https:\/\/www.globallistings.info\/sk\/nonstop-aktualizacie-elektronickych-sprievodcov-programom\/#primaryimage"},"image":{"@id":"https:\/\/www.globallistings.info\/sk\/nonstop-aktualizacie-elektronickych-sprievodcov-programom\/#primaryimage"},"thumbnailUrl":"http:\/\/globallistings.info\/app\/uploads\/2017\/01\/274-copy.png","datePublished":"2017-03-17T12:12:06+00:00","dateModified":"2017-04-12T16:44:25+00:00","breadcrumb":{"@id":"https:\/\/www.globallistings.info\/sk\/nonstop-aktualizacie-elektronickych-sprievodcov-programom\/#breadcrumb"},"inLanguage":"sk-SK","potentialAction":[{"@type":"ReadAction","target":["https:\/\/www.globallistings.info\/sk\/nonstop-aktualizacie-elektronickych-sprievodcov-programom\/"]}]},{"@type":"ImageObject","inLanguage":"sk-SK","@id":"https:\/\/www.globallistings.info\/sk\/nonstop-aktualizacie-elektronickych-sprievodcov-programom\/#primaryimage","url":"http:\/\/globallistings.info\/app\/uploads\/2017\/01\/274-copy.png","contentUrl":"http:\/\/globallistings.info\/app\/uploads\/2017\/01\/274-copy.png"},{"@type":"BreadcrumbList","@id":"https:\/\/www.globallistings.info\/sk\/nonstop-aktualizacie-elektronickych-sprievodcov-programom\/#breadcrumb","itemListElement":[{"@type":"ListItem","position":1,"name":"Home","item":"https:\/\/www.globallistings.info\/sk\/"},{"@type":"ListItem","position":2,"name":"Nonstop aktualiz\u00e1cie elektronick\u00fdch sprievodcov programom"}]},{"@type":"WebSite","@id":"https:\/\/www.globallistings.info\/ar\/#website","url":"https:\/\/www.globallistings.info\/ar\/","name":"Global Listings","description":"","potentialAction":[{"@type":"SearchAction","target":{"@type":"EntryPoint","urlTemplate":"https:\/\/www.globallistings.info\/ar\/?s={search_term_string}"},"query-input":{"@type":"PropertyValueSpecification","valueRequired":true,"valueName":"search_term_string"}}],"inLanguage":"sk-SK"}]}},"_links":{"self":[{"href":"https:\/\/www.globallistings.info\/sk\/wp-json\/wp\/v2\/pages\/14899","targetHints":{"allow":["GET"]}}],"collection":[{"href":"https:\/\/www.globallistings.info\/sk\/wp-json\/wp\/v2\/pages"}],"about":[{"href":"https:\/\/www.globallistings.info\/sk\/wp-json\/wp\/v2\/types\/page"}],"author":[{"embeddable":true,"href":"https:\/\/www.globallistings.info\/sk\/wp-json\/wp\/v2\/users\/1"}],"replies":[{"embeddable":true,"href":"https:\/\/www.globallistings.info\/sk\/wp-json\/wp\/v2\/comments?post=14899"}],"version-history":[{"count":0,"href":"https:\/\/www.globallistings.info\/sk\/wp-json\/wp\/v2\/pages\/14899\/revisions"}],"wp:attachment":[{"href":"https:\/\/www.globallistings.info\/sk\/wp-json\/wp\/v2\/media?parent=14899"}],"curies":[{"name":"wp","href":"https:\/\/api.w.org\/{rel}","templated":true}]}}